{"id":219,"date":"2025-09-03T03:18:22","date_gmt":"2025-09-03T03:18:22","guid":{"rendered":"https:\/\/ninhson.web.biz.vn\/?page_id=219"},"modified":"2025-12-04T01:58:32","modified_gmt":"2025-12-04T01:58:32","slug":"ve-chung-toi","status":"publish","type":"page","link":"https:\/\/ninhson-vn.com\/?page_id=219","title":{"rendered":"V\u1ec1 ch\u00fang t\u00f4i"},"content":{"rendered":"\n\t<section class=\"section\" id=\"section_526137240\">\n\t\t<div class=\"section-bg fill\" >\n\t\t\t\t\t\t\t\t\t\n\t\t\t\n\n\t\t<\/div>\n\n\t\t\n\n\t\t<div class=\"section-content relative\">\n\t\t\t\n\t<div id=\"text-560907745\" class=\"text\">\n\t\t\n<h1 class=\"elementor-heading-title\">Gi\u1edbi thi\u1ec7u<\/h1>\n\t\t\n<style>\n#text-560907745 {\n  text-align: center;\n}\n<\/style>\n\t<\/div>\n\t\n\t\t<\/div>\n\n\t\t\n<style>\n#section_526137240 {\n  padding-top: 30px;\n  padding-bottom: 30px;\n  background-color: rgb(247, 247, 247);\n}\n<\/style>\n\t<\/section>\n\t\n<div class=\"row\"  id=\"row-1091381742\">\n\n\t<div id=\"col-612779259\" class=\"col small-12 large-12\"  >\n\t\t\t\t<div class=\"col-inner\"  >\n\t\t\t\n\t\t\t\n\n\t\t<div class=\"tabbed-content tab_sps\">\n\t\t\t\n\t\t\t<ul class=\"nav nav-outline nav-uppercase nav-size-normal nav-center\" role=\"tablist\"><li id=\"tab-t\u1ed5ng-quan\" class=\"tab active has-icon\" role=\"presentation\"><a href=\"#tab_t\u1ed5ng-quan\" role=\"tab\" aria-selected=\"true\" aria-controls=\"tab_t\u1ed5ng-quan\"><span>T\u1ed5ng Quan<\/span><\/a><\/li>\n<li id=\"tab-l\u1ecbch-s\u1eed-h\u00ecnh-th\u00e0nh\" class=\"tab has-icon\" role=\"presentation\"><a href=\"#tab_l\u1ecbch-s\u1eed-h\u00ecnh-th\u00e0nh\" tabindex=\"-1\" role=\"tab\" aria-selected=\"false\" aria-controls=\"tab_l\u1ecbch-s\u1eed-h\u00ecnh-th\u00e0nh\"><span>L\u1ecbch S\u1eed H\u00ecnh Th\u00e0nh<\/span><\/a><\/li>\n<li id=\"tab-t\u1ea7m-nh\u00ecn---s\u1ee9-m\u1ec7nh--gi\u00e1-tr\u1ecb-c\u1ed1t-l\u00f5i-\" class=\"tab has-icon\" role=\"presentation\"><a href=\"#tab_t\u1ea7m-nh\u00ecn---s\u1ee9-m\u1ec7nh--gi\u00e1-tr\u1ecb-c\u1ed1t-l\u00f5i-\" tabindex=\"-1\" role=\"tab\" aria-selected=\"false\" aria-controls=\"tab_t\u1ea7m-nh\u00ecn---s\u1ee9-m\u1ec7nh--gi\u00e1-tr\u1ecb-c\u1ed1t-l\u00f5i-\"><span>T\u1ea7m Nh\u00ecn - S\u1ee9 M\u1ec7nh- Gi\u00e1 Tr\u1ecb C\u1ed1t L\u00f5i <\/span><\/a><\/li>\n<li id=\"tab-b\u1eb1ng-c\u1ea5p---ch\u1ee9ng-nh\u1eadn\" class=\"tab has-icon\" role=\"presentation\"><a href=\"#tab_b\u1eb1ng-c\u1ea5p---ch\u1ee9ng-nh\u1eadn\" tabindex=\"-1\" role=\"tab\" aria-selected=\"false\" aria-controls=\"tab_b\u1eb1ng-c\u1ea5p---ch\u1ee9ng-nh\u1eadn\"><span>B\u1eb1ng C\u1ea5p - Ch\u1ee9ng Nh\u1eadn<\/span><\/a><\/li>\n<li id=\"tab-tri\u1ebft-l\u00fd-kinh-doanh\" class=\"tab has-icon\" role=\"presentation\"><a href=\"#tab_tri\u1ebft-l\u00fd-kinh-doanh\" tabindex=\"-1\" role=\"tab\" aria-selected=\"false\" aria-controls=\"tab_tri\u1ebft-l\u00fd-kinh-doanh\"><span>Tri\u1ebft L\u00fd Kinh Doanh<\/span><\/a><\/li><\/ul><div class=\"tab-panels\"><div id=\"tab_t\u1ed5ng-quan\" class=\"panel active entry-content\" role=\"tabpanel\" aria-labelledby=\"tab-t\u1ed5ng-quan\">\n<div class=\"row align-middle\"  id=\"row-127193986\">\n\n\t<div id=\"col-1492467525\" class=\"col medium-6 small-12 large-6\"  >\n\t\t\t\t<div class=\"col-inner\"  >\n\t\t\t\n\t\t\t\n\t<div class=\"img has-hover x md-x lg-x y md-y lg-y\" id=\"image_2099480191\">\n\t\t\t\t\t\t\t\t<div class=\"img-inner dark\" >\n\t\t\t<img loading=\"lazy\" decoding=\"async\" width=\"2001\" height=\"941\" src=\"https:\/\/ninhson-vn.com\/wp-content\/uploads\/Anh-cover-website-Ninh-Son.webp\" class=\"attachment-large size-large\" alt=\"\" srcset=\"https:\/\/ninhson-vn.com\/wp-content\/uploads\/Anh-cover-website-Ninh-Son.webp 2001w, https:\/\/ninhson-vn.com\/wp-content\/uploads\/Anh-cover-website-Ninh-Son-300x141.webp 300w, https:\/\/ninhson-vn.com\/wp-content\/uploads\/Anh-cover-website-Ninh-Son-600x282.webp 600w\" sizes=\"auto, (max-width: 2001px) 100vw, 2001px\" \/>\t\t\t\t\t\t\n\t\t\t\t\t<\/div>\n\t\t\t\t\t\t\t\t\n<style>\n#image_2099480191 {\n  width: 100%;\n}\n<\/style>\n\t<\/div>\n\t\n\t\t<\/div>\n\t\t\t\t\t<\/div>\n\n\t\n\n\t<div id=\"col-617584128\" class=\"col medium-6 small-12 large-6\"  >\n\t\t\t\t<div class=\"col-inner\"  >\n\t\t\t\n\t\t\t\n\t<div id=\"text-554603226\" class=\"text\">\n\t\t\n<p style=\"text-align: justify\"><strong>C\u00f4ng ty TNHH Th\u01b0\u01a1ng M\u1ea1i D\u1ecbch V\u1ee5 v\u00e0 S\u1ea3n Xu\u1ea5t Ninh S\u01a1n<\/strong>\u00a0t\u1ef1 h\u00e0o l\u00e0 \u0111\u01a1n v\u1ecb cung c\u1ea5p c\u00e1c s\u1ea3n ph\u1ea9m v\u00e0 d\u1ecbch v\u1ee5 chuy\u00ean nghi\u1ec7p trong l\u0129nh v\u1ef1c xilanh tr\u1ee5c v\u00edt, thi\u1ebft b\u1ecb \u0111o l\u01b0\u1eddng, m\u00e1y m\u00f3c v\u00e0 v\u1eadt t\u01b0 ph\u1ee5 tr\u1ee3 cho ng\u00e0nh nh\u1ef1a c\u0169ng nh\u01b0 t\u1ef1 \u0111\u1ed9ng h\u00f3a. V\u1edbi uy t\u00edn v\u00e0 kinh nghi\u1ec7m l\u00e2u n\u0103m, Ninh S\u01a1n kh\u00f4ng ch\u1ec9 mang \u0111\u1ebfn gi\u1ea3i ph\u00e1p c\u00f4ng ngh\u1ec7 hi\u1ec7n \u0111\u1ea1i m\u00e0 c\u00f2n cam k\u1ebft ch\u1ea5t l\u01b0\u1ee3ng v\u01b0\u1ee3t tr\u1ed9i, gi\u00fap kh\u00e1ch h\u00e0ng n\u00e2ng cao hi\u1ec7u su\u1ea5t s\u1ea3n xu\u1ea5t v\u00e0 c\u1ea1nh tranh tr\u00ean th\u1ecb tr\u01b0\u1eddng. \u0110\u1eb7c bi\u1ec7t, ch\u00fang t\u00f4i r\u1ea5t vinh d\u1ef1 \u0111\u01b0\u1ee3c h\u1ee3p t\u00e1c v\u00e0 l\u00e0m \u0111\u1ea1i l\u00fd ch\u00ednh th\u1ee9c cho c\u00e1c th\u01b0\u01a1ng hi\u1ec7u danh ti\u1ebfng c\u00f3 b\u1ec1 d\u00e0y l\u1ecbch s\u1eed ph\u00e1t tri\u1ec3n nh\u01b0: Xilanh, tr\u1ee5c v\u00edt Tanstar (\u0110\u00e0i Loan), Thi\u1ebft b\u1ecb \u0111o l\u01b0\u1eddng Sensormate (\u0110\u00e0i Loan), M\u00e1y ph\u1ee5 tr\u1ee3 Conair (M\u1ef9) v\u00e0 M\u00e2m rung (Bolw feeder) Ikyo (Vi\u1ec7t Nam). S\u1ef1 t\u00edn nhi\u1ec7m t\u1eeb c\u00e1c \u0111\u1ed1i t\u00e1c qu\u1ed1c t\u1ebf c\u00f9ng ni\u1ec1m tin c\u1ee7a kh\u00e1ch h\u00e0ng \u0111\u00e3 v\u00e0 \u0111ang l\u00e0 \u0111\u1ed9ng l\u1ef1c \u0111\u1ec3 Ninh S\u01a1n kh\u00f4ng ng\u1eebng s\u00e1ng t\u1ea1o, \u0111\u1ed5i m\u1edbi v\u00e0 kh\u1eb3ng \u0111\u1ecbnh v\u1ecb th\u1ebf tr\u00ean th\u1ecb tr\u01b0\u1eddng.<\/p>\n\t\t\n<style>\n#text-554603226 {\n  font-size: 0.95rem;\n  line-height: 1.55;\n}\n<\/style>\n\t<\/div>\n\t\n\t\t<\/div>\n\t\t\t\t\t<\/div>\n\n\t\n<\/div>\n<\/div>\n<div id=\"tab_l\u1ecbch-s\u1eed-h\u00ecnh-th\u00e0nh\" class=\"panel entry-content\" role=\"tabpanel\" aria-labelledby=\"tab-l\u1ecbch-s\u1eed-h\u00ecnh-th\u00e0nh\">\n<p><span style=\"font-size: 120%\"><strong>2024<\/strong><\/span>\u00a0 \u00a0-.Th\u00e0nh l\u1eadp C\u00f4ng ty ng\u00e0y 20-03-2024<\/p>\n<p>\u00a0 \u00a0 \u00a0 \u00a0 \u00a0 \u00a0 \u00a0&#8211; M\u1edf chi nh\u00e1nh t\u1ea1i H\u00e0 N\u1ed9i 6-2024<\/p>\n<p>\u00a0 \u00a0 \u00a0 \u00a0 \u00a0 \u00a0 \u00a0&#8211; K\u00fd ch\u1ee9ng nh\u1eadn \u0111\u1ea1i l\u00fd thi\u1ebft b\u1ecb ph\u1ee5 tr\u1ee3 ng\u00e0nh nh\u1ef1a c\u1ee7a maker Conair -USA 12-2024<\/p>\n<p><span style=\"font-size: 120%\"><strong>2025<\/strong><\/span>\u00a0 \u00a0 &#8211; K\u00fd ch\u1ee9ng nh\u1eadn \u0111\u1ea1i l\u00fd Xilanh, tr\u1ee5c v\u00edt c\u1ee7a maker Tanstar -Taiwan 3-2025<\/p>\n<p>\u00a0 \u00a0 \u00a0 \u00a0 \u00a0 \u00a0 \u00a0&#8211; K\u00fd ch\u1ee9ng nh\u1eadn \u0111\u1ea1i l\u00fd thi\u1ebft b\u1ecb \u0111o l\u01b0\u1eddng c\u1ee7a maker Sensormate -Taiwan 4-2025<\/p>\n<p>\u00a0 \u00a0 \u00a0 \u00a0 \u00a0 \u00a0 \u00a0&#8211; H\u1ee3p t\u00e1c ph\u00e2n ph\u1ed1i s\u1ea3n ph\u1ea9m v\u00f2ng nhi\u1ec7t, c\u1ea3m bi\u1ebfn nhi\u1ec7t, thi\u1ebft b\u1ecb t\u1ea1o kh\u00ed n\u00f3ng c\u1ee7a maker Hakko &#8211; Nh\u1eadt B\u1ea3n 10-2025\u00a0<\/p>\n<\/div>\n<div id=\"tab_t\u1ea7m-nh\u00ecn---s\u1ee9-m\u1ec7nh--gi\u00e1-tr\u1ecb-c\u1ed1t-l\u00f5i-\" class=\"panel entry-content\" role=\"tabpanel\" aria-labelledby=\"tab-t\u1ea7m-nh\u00ecn---s\u1ee9-m\u1ec7nh--gi\u00e1-tr\u1ecb-c\u1ed1t-l\u00f5i-\">\n<ol>\n<li>T\u1ea7m Nh\u00ecn:\n<p>&#8211; Tr\u1edf th\u00e0nh \u0111\u01a1n v\u1ecb tin c\u1eady, uy t\u00edn v\u1edbi kh\u00e1ch h\u00e0ng, \u0111\u1ed1i t\u00e1c.<\/p>\n<p>&#8211; Lu\u00f4n gi\u1eef m\u1ed1i quan h\u1ec7 h\u1ee3p t\u00e1c Win-Win.<\/p>\n<p>&#8211; Lu\u00f4n h\u1ecdc h\u1ecfi, s\u00e1ng t\u1ea1o, v\u00e0 \u00e1p d\u1ee5ng nh\u1eefng c\u00f4ng ngh\u1ec7 m\u1edbi, ti\u00ean ti\u1ebfn nh\u1ea5t \u0111\u1ec3 g\u1eedi t\u1edbi qu\u00fd kh\u00e1ch h\u00e0ng.<\/p>\n<p>&#8211; Tr\u1edf th\u00e0nh 1 doanh nghi\u1ec7p h\u00e0ng \u0111\u1ea7u cung \u1ee9ng c\u00e1c thi\u1ebft b\u1ecb ph\u1ee5 tr\u1ee3, c\u00e1c gi\u1ea3i ph\u00e1p ti\u1ebfn ti\u1ebfn, ph\u00f9 h\u1ee3p v\u1edbi gi\u00e1 th\u00e0nh h\u1ee3p l\u00fd nh\u1ea5t t\u1edbi kh\u00e1ch h\u00e0ng.<\/p>\n<\/li>\n<li>S\u1ee9 M\u1ec7nh:\n<p>H\u00e3y mang gi\u00e1 tr\u1ecb \u0111\u1ebfn kh\u00e1ch h\u00e0ng, \u0111\u1eebng l\u00e0 n\u1ed7i lo (slogan) Bring value to customers,don&#8217;t be a worry<\/p>\n<p>&#8211; Ninh S\u01a1n cam k\u1ebft mang \u0111\u1ebfn gi\u00e1 tr\u1ecb th\u1eadt s\u1ef1 cho kh\u00e1ch h\u00e0ng, kh\u00f4ng ch\u1ec9 l\u00e0 nh\u1eefng s\u1ea3n ph\u1ea9m m\u00e0 c\u00f2n l\u00e0 s\u1ef1 an t\u00e2m v\u00e0 h\u00e0i l\u00f2ng trong m\u1ed7i quy\u1ebft \u0111\u1ecbnh l\u1ef1a ch\u1ecdn. M\u1ee5c ti\u00eau c\u1ee7a ch\u00fang t\u00f4i l\u00e0 x\u00e2y d\u1ef1ng m\u1ed1i quan h\u1ec7 b\u1ec1n v\u1eefng v\u00e0 tin c\u1eady, n\u01a1i kh\u00e1ch h\u00e0ng lu\u00f4n c\u1ea3m th\u1ea5y an to\u00e0n v\u00e0 y\u00ean t\u00e2m khi h\u1ee3p t\u00e1c. Ch\u00fang t\u00f4i lu\u00f4n \u0111\u1eb7t ch\u1ea5t l\u01b0\u1ee3ng s\u1ea3n ph\u1ea9m l\u00ean h\u00e0ng \u0111\u1ea7u, cam k\u1ebft cung c\u1ea5p nh\u1eefng s\u1ea3n ph\u1ea9m \u0111\u1ea1t chu\u1ea9n, \u0111\u00fang v\u1edbi y\u00eau c\u1ea7u v\u00e0 gi\u00e1 tr\u1ecb m\u00e0 kh\u00e1ch h\u00e0ng x\u1ee9ng \u0111\u00e1ng nh\u1eadn \u0111\u01b0\u1ee3c v\u1edbi kinh ph\u00ed v\u00e0 ni\u1ec1m tin \u0111\u00e3 b\u1ecf ra.<\/p>\n<\/li>\n<li>Gi\u00e1 Tr\u1ecb C\u1ed1t L\u00f5i:\n<p>&#8211; Ch\u1ea5t l\u01b0\u1ee3ng: \u0110\u00e2y l\u00e0 y\u1ebfu t\u1ed1 quan tr\u1ecdng nh\u1ea5t trong vi\u1ec7c \u0111\u1ea3m b\u1ea3o s\u1ea3n ph\u1ea9m, d\u1ecbch v\u1ee5 m\u00e0 Ninh S\u01a1n cung c\u1ea5p lu\u00f4n \u0111\u1ea1t chu\u1ea9n v\u00e0 \u0111\u00e1p \u1ee9ng \u0111\u01b0\u1ee3c s\u1ef1 mong \u0111\u1ee3i c\u1ee7a qu\u00fd kh\u00e1ch h\u00e0ng. &#8220;Ch\u1ea5t l\u01b0\u1ee3ng t\u1ea1o l\u00ean uy t\u00edn, ni\u1ec1m tin t\u1eeb kh\u00e1ch h\u00e0ng v\u00e0 \u0111\u1ed1i t\u00e1c v\u1edbi ch\u00fang ta&#8221;.<\/p>\n<p>&#8211; Tr\u00e1ch nhi\u1ec7m: Ninh S\u01a1n h\u1ebft m\u00ecnh th\u1ef1c hi\u1ec7n c\u00f4ng vi\u1ec7c \u0111\u00fang ch\u1ea5t l\u01b0\u1ee3ng, ti\u1ebfn \u0111\u1ed9 \u0111\u00e3 cam k\u1ebft v\u00e0 l\u00e0 th\u00e1i \u0111\u1ed9 chuy\u00ean nghi\u1ec7p, s\u1eb5n s\u00e0ng ch\u1ecbu tr\u00e1ch nhi\u1ec7m v\u1edbi k\u1ebft qu\u1ea3 c\u00f4ng vi\u1ec7c, \u0111\u1ed1i m\u1eb7t v\u1edbi c\u00e1c v\u1ea5n \u0111\u1ec1 kh\u00f3 kh\u0103n c\u00f3 th\u1ec3 ph\u00e1t sinh trong qu\u00e1 tr\u00ecnh h\u1ee3p t\u00e1c, tri\u1ec3n khai c\u00f4ng vi\u1ec7c. Lu\u00f4n l\u1ed7 l\u1ef1c \u0111\u1ec3 ho\u00e0n th\u00e0nh m\u1ecdi d\u1ef1 \u00e1n c \u0111\u01b0\u1ee3c h\u1ee3p t\u00e1c. &#8221; \u0110i \u0111\u1ebfn c\u00f9ng, l\u00e0m h\u1ebft s\u1ee9c&#8221;<\/p>\n<p>&#8211; S\u00e1ng t\u1ea1o:Ninh S\u01a1n kh\u00f4ng ng\u1eebng \u0111\u1ed5i m\u1edbi, \u00e1p d\u1ee5ng nh\u1eefng c\u00f4ng ngh\u1ec7, c\u1ea3i ti\u1ebfn m\u1edbi nh\u1ea5t \u0111\u1ec3 t\u01b0 v\u1ea5n , \u00e1p d\u1ee5ng v\u1edbi \u0111i\u1ec1u ki\u1ec7n s\u1ea3n xu\u1ea5t c\u1ee7a t\u1ea5t c\u1ea3 c\u00e1c kh\u00e1ch h\u00e0ng. &#8221; Kh\u00f4ng ng\u1eebng s\u00e1ng t\u1ea1o, ki\u1ebfn t\u1ea1o t\u01b0\u01a1ng lai&#8221;<\/p>\n<p>&#8211; \u0110\u1ed3ng h\u00e0nh: C\u00f9ng ph\u00e1t tri\u1ec3n v\u1edbi \u0111\u1ed1i t\u00e1c, kh\u00e1ch h\u00e0ng v\u00e0 nh\u00e2n vi\u00ean, t\u1ea1o d\u1ef1ng m\u1ed1i quan h\u1ec7 g\u1eafn k\u1ebft b\u1ec1n v\u1eefng. \u0110\u1ed3ng h\u00e0nh c\u0169ng th\u1ec3 hi\u1ec7n s\u1ef1 quan t\u00e2m, chia s\u1ebb v\u00e0 h\u1ed7 tr\u1ee3 l\u1eabn nhau trong m\u1ecdi t\u00ecnh hu\u1ed1ng. &#8221; H\u1ee3p t\u00e1c c\u00f9ng th\u00e0nh c\u00f4ng&#8221;<\/p>\n<\/li>\n<\/ol>\n<\/div>\n<div id=\"tab_b\u1eb1ng-c\u1ea5p---ch\u1ee9ng-nh\u1eadn\" class=\"panel entry-content\" role=\"tabpanel\" aria-labelledby=\"tab-b\u1eb1ng-c\u1ea5p---ch\u1ee9ng-nh\u1eadn\">\n<p><a href=\"https:\/\/ninhson-vn.com\/wp-content\/uploads\/CertificateofAgency_NIN-Tanstar-scaled.jpg\"><img loading=\"lazy\" decoding=\"async\" class=\"alignnone size-full wp-image-400\" src=\"https:\/\/ninhson-vn.com\/wp-content\/uploads\/CertificateofAgency_NIN-Tanstar-scaled.jpg\" alt=\"\" width=\"2560\" height=\"1811\" srcset=\"https:\/\/ninhson-vn.com\/wp-content\/uploads\/CertificateofAgency_NIN-Tanstar-scaled.jpg 2560w, https:\/\/ninhson-vn.com\/wp-content\/uploads\/CertificateofAgency_NIN-Tanstar-768x543.jpg 768w, https:\/\/ninhson-vn.com\/wp-content\/uploads\/CertificateofAgency_NIN-Tanstar-1536x1086.jpg 1536w, https:\/\/ninhson-vn.com\/wp-content\/uploads\/CertificateofAgency_NIN-Tanstar-2048x1448.jpg 2048w, https:\/\/ninhson-vn.com\/wp-content\/uploads\/CertificateofAgency_NIN-Tanstar-300x212.jpg 300w, https:\/\/ninhson-vn.com\/wp-content\/uploads\/CertificateofAgency_NIN-Tanstar-600x424.jpg 600w\" sizes=\"auto, (max-width: 2560px) 100vw, 2560px\" \/><\/a><\/p>\n<p><a href=\"https:\/\/ninhson-vn.com\/wp-content\/uploads\/Sensormate.jpg\"><img loading=\"lazy\" decoding=\"async\" class=\"alignnone wp-image-300 size-full\" src=\"https:\/\/ninhson-vn.com\/wp-content\/uploads\/Sensormate.jpg\" alt=\"\" width=\"2000\" height=\"1414\" srcset=\"https:\/\/ninhson-vn.com\/wp-content\/uploads\/Sensormate.jpg 2000w, https:\/\/ninhson-vn.com\/wp-content\/uploads\/Sensormate-768x543.jpg 768w, https:\/\/ninhson-vn.com\/wp-content\/uploads\/Sensormate-1536x1086.jpg 1536w, https:\/\/ninhson-vn.com\/wp-content\/uploads\/Sensormate-300x212.jpg 300w, https:\/\/ninhson-vn.com\/wp-content\/uploads\/Sensormate-600x424.jpg 600w\" sizes=\"auto, (max-width: 2000px) 100vw, 2000px\" \/><\/a><a href=\"https:\/\/ninhson-vn.com\/wp-content\/uploads\/CERTIFICATE-OF-NINH-SON-scaled.jpg\"><img loading=\"lazy\" decoding=\"async\" class=\"alignnone wp-image-399 size-full\" src=\"https:\/\/ninhson-vn.com\/wp-content\/uploads\/CERTIFICATE-OF-NINH-SON-scaled.jpg\" alt=\"\" width=\"2560\" height=\"1810\" srcset=\"https:\/\/ninhson-vn.com\/wp-content\/uploads\/CERTIFICATE-OF-NINH-SON-scaled.jpg 2560w, https:\/\/ninhson-vn.com\/wp-content\/uploads\/CERTIFICATE-OF-NINH-SON-768x543.jpg 768w, https:\/\/ninhson-vn.com\/wp-content\/uploads\/CERTIFICATE-OF-NINH-SON-1536x1086.jpg 1536w, https:\/\/ninhson-vn.com\/wp-content\/uploads\/CERTIFICATE-OF-NINH-SON-2048x1448.jpg 2048w, https:\/\/ninhson-vn.com\/wp-content\/uploads\/CERTIFICATE-OF-NINH-SON-300x212.jpg 300w, https:\/\/ninhson-vn.com\/wp-content\/uploads\/CERTIFICATE-OF-NINH-SON-600x424.jpg 600w\" sizes=\"auto, (max-width: 2560px) 100vw, 2560px\" \/><\/a><\/p>\n<\/div>\n<div id=\"tab_tri\u1ebft-l\u00fd-kinh-doanh\" class=\"panel entry-content\" role=\"tabpanel\" aria-labelledby=\"tab-tri\u1ebft-l\u00fd-kinh-doanh\">\n<p><strong>Mang l\u1ea1i gi\u00e1 tr\u1ecb cho kh\u00e1ch h\u00e0ng, kh\u00f4ng ph\u1ea3i l\u00e0 n\u1ed7i lo.<\/strong><\/p>\n<\/div><\/div><\/div>\n\t\t<\/div>\n\t\t\t\t\t<\/div>\n\n\t\n<\/div>\n","protected":false},"excerpt":{"rendered":"<p>\u00a0<\/p>\n","protected":false},"author":1,"featured_media":22,"parent":0,"menu_order":0,"comment_status":"closed","ping_status":"closed","template":"page-blank.php","meta":{"footnotes":""},"class_list":["post-219","page","type-page","status-publish","has-post-thumbnail","hentry"],"yoast_head":"<!-- This site is optimized with the Yoast SEO Premium plugin v23.2 (Yoast SEO v25.8) - https:\/\/yoast.com\/wordpress\/plugins\/seo\/ -->\n<title>V\u1ec1 ch\u00fang t\u00f4i - C\u00d4NG TY TNHH TH\u01af\u01a0NG M\u1ea0I D\u1ecaCH V\u1ee4 V\u00c0 S\u1ea2N PH\u1ea8M NINH S\u01a0N<\/title>\n<meta name=\"description\" content=\"Ninh S\u01a1n cung c\u1ea5p c\u00e1c linh ki\u1ec7n, s\u1ea3n ph\u1ea9m, d\u1ecbch v\u1ee5, gi\u1ea3i ph\u00e1p cho ng\u00e0nh \u00e9p nh\u1ef1a. v\u1edbi c\u00e1c th\u01b0\u01a1ng hi\u1ec7u l\u1edbn nh\u01b0 Tanstar, Sensormate, Conair\" \/>\n<meta name=\"robots\" content=\"noindex, follow, max-snippet:-1, max-image-preview:large, max-video-preview:-1\" \/>\n<meta property=\"og:locale\" content=\"vi_VN\" \/>\n<meta property=\"og:type\" content=\"article\" \/>\n<meta property=\"og:title\" content=\"V\u1ec1 ch\u00fang t\u00f4i\" \/>\n<meta property=\"og:description\" content=\"Ninh S\u01a1n cung c\u1ea5p c\u00e1c linh ki\u1ec7n, s\u1ea3n ph\u1ea9m, d\u1ecbch v\u1ee5, gi\u1ea3i ph\u00e1p cho ng\u00e0nh \u00e9p nh\u1ef1a. v\u1edbi c\u00e1c th\u01b0\u01a1ng hi\u1ec7u l\u1edbn nh\u01b0 Tanstar, Sensormate, Conair\" \/>\n<meta property=\"og:url\" content=\"https:\/\/ninhson-vn.com\/?page_id=219\" \/>\n<meta property=\"og:site_name\" content=\"C\u00d4NG TY TNHH TH\u01af\u01a0NG M\u1ea0I D\u1ecaCH V\u1ee4 V\u00c0 S\u1ea2N PH\u1ea8M NINH S\u01a0N\" \/>\n<meta property=\"article:modified_time\" content=\"2025-12-04T01:58:32+00:00\" \/>\n<meta property=\"og:image\" content=\"https:\/\/ninhson-vn.com\/wp-content\/uploads\/logo-Ninh-Son-dai-1400x787-1.webp\" \/>\n\t<meta property=\"og:image:width\" content=\"1400\" \/>\n\t<meta property=\"og:image:height\" content=\"787\" \/>\n\t<meta property=\"og:image:type\" content=\"image\/webp\" \/>\n<meta name=\"twitter:card\" content=\"summary_large_image\" \/>\n<meta name=\"twitter:label1\" content=\"\u01af\u1edbc t\u00ednh th\u1eddi gian \u0111\u1ecdc\" \/>\n\t<meta name=\"twitter:data1\" content=\"5 ph\u00fat\" \/>\n<script type=\"application\/ld+json\" class=\"yoast-schema-graph\">{\"@context\":\"https:\/\/schema.org\",\"@graph\":[{\"@type\":\"WebPage\",\"@id\":\"https:\/\/ninhson-vn.com\/?page_id=219\",\"url\":\"https:\/\/ninhson-vn.com\/?page_id=219\",\"name\":\"V\u1ec1 ch\u00fang t\u00f4i - C\u00d4NG TY TNHH TH\u01af\u01a0NG M\u1ea0I D\u1ecaCH V\u1ee4 V\u00c0 S\u1ea2N PH\u1ea8M NINH S\u01a0N\",\"isPartOf\":{\"@id\":\"https:\/\/ninhson-vn.com\/#website\"},\"primaryImageOfPage\":{\"@id\":\"https:\/\/ninhson-vn.com\/?page_id=219#primaryimage\"},\"image\":{\"@id\":\"https:\/\/ninhson-vn.com\/?page_id=219#primaryimage\"},\"thumbnailUrl\":\"https:\/\/ninhson-vn.com\/wp-content\/uploads\/logo-Ninh-Son-dai-1400x787-1.webp\",\"datePublished\":\"2025-09-03T03:18:22+00:00\",\"dateModified\":\"2025-12-04T01:58:32+00:00\",\"description\":\"Ninh S\u01a1n cung c\u1ea5p c\u00e1c linh ki\u1ec7n, s\u1ea3n ph\u1ea9m, d\u1ecbch v\u1ee5, gi\u1ea3i ph\u00e1p cho ng\u00e0nh \u00e9p nh\u1ef1a. v\u1edbi c\u00e1c th\u01b0\u01a1ng hi\u1ec7u l\u1edbn nh\u01b0 Tanstar, Sensormate, Conair\",\"breadcrumb\":{\"@id\":\"https:\/\/ninhson-vn.com\/?page_id=219#breadcrumb\"},\"inLanguage\":\"vi\",\"potentialAction\":[{\"@type\":\"ReadAction\",\"target\":[\"https:\/\/ninhson-vn.com\/?page_id=219\"]}]},{\"@type\":\"ImageObject\",\"inLanguage\":\"vi\",\"@id\":\"https:\/\/ninhson-vn.com\/?page_id=219#primaryimage\",\"url\":\"https:\/\/ninhson-vn.com\/wp-content\/uploads\/logo-Ninh-Son-dai-1400x787-1.webp\",\"contentUrl\":\"https:\/\/ninhson-vn.com\/wp-content\/uploads\/logo-Ninh-Son-dai-1400x787-1.webp\",\"width\":1400,\"height\":787},{\"@type\":\"BreadcrumbList\",\"@id\":\"https:\/\/ninhson-vn.com\/?page_id=219#breadcrumb\",\"itemListElement\":[{\"@type\":\"ListItem\",\"position\":1,\"name\":\"Trang ch\u1ee7\",\"item\":\"https:\/\/ninhson-vn.com\/\"},{\"@type\":\"ListItem\",\"position\":2,\"name\":\"V\u1ec1 ch\u00fang t\u00f4i\"}]},{\"@type\":\"WebSite\",\"@id\":\"https:\/\/ninhson-vn.com\/#website\",\"url\":\"https:\/\/ninhson-vn.com\/\",\"name\":\"C\u00d4NG TY TNHH TH\u01af\u01a0NG M\u1ea0I D\u1ecaCH V\u1ee4 V\u00c0 S\u1ea2N PH\u1ea8M NINH S\u01a0N\",\"description\":\"\",\"potentialAction\":[{\"@type\":\"SearchAction\",\"target\":{\"@type\":\"EntryPoint\",\"urlTemplate\":\"https:\/\/ninhson-vn.com\/?s={search_term_string}\"},\"query-input\":{\"@type\":\"PropertyValueSpecification\",\"valueRequired\":true,\"valueName\":\"search_term_string\"}}],\"inLanguage\":\"vi\"}]}<\/script>\n<!-- \/ Yoast SEO Premium plugin. -->","yoast_head_json":{"title":"V\u1ec1 ch\u00fang t\u00f4i - C\u00d4NG TY TNHH TH\u01af\u01a0NG M\u1ea0I D\u1ecaCH V\u1ee4 V\u00c0 S\u1ea2N PH\u1ea8M NINH S\u01a0N","description":"Ninh S\u01a1n cung c\u1ea5p c\u00e1c linh ki\u1ec7n, s\u1ea3n ph\u1ea9m, d\u1ecbch v\u1ee5, gi\u1ea3i ph\u00e1p cho ng\u00e0nh \u00e9p nh\u1ef1a. v\u1edbi c\u00e1c th\u01b0\u01a1ng hi\u1ec7u l\u1edbn nh\u01b0 Tanstar, Sensormate, Conair","robots":{"index":"noindex","follow":"follow","max-snippet":"max-snippet:-1","max-image-preview":"max-image-preview:large","max-video-preview":"max-video-preview:-1"},"og_locale":"vi_VN","og_type":"article","og_title":"V\u1ec1 ch\u00fang t\u00f4i","og_description":"Ninh S\u01a1n cung c\u1ea5p c\u00e1c linh ki\u1ec7n, s\u1ea3n ph\u1ea9m, d\u1ecbch v\u1ee5, gi\u1ea3i ph\u00e1p cho ng\u00e0nh \u00e9p nh\u1ef1a. v\u1edbi c\u00e1c th\u01b0\u01a1ng hi\u1ec7u l\u1edbn nh\u01b0 Tanstar, Sensormate, Conair","og_url":"https:\/\/ninhson-vn.com\/?page_id=219","og_site_name":"C\u00d4NG TY TNHH TH\u01af\u01a0NG M\u1ea0I D\u1ecaCH V\u1ee4 V\u00c0 S\u1ea2N PH\u1ea8M NINH S\u01a0N","article_modified_time":"2025-12-04T01:58:32+00:00","og_image":[{"width":1400,"height":787,"url":"https:\/\/ninhson-vn.com\/wp-content\/uploads\/logo-Ninh-Son-dai-1400x787-1.webp","type":"image\/webp"}],"twitter_card":"summary_large_image","twitter_misc":{"\u01af\u1edbc t\u00ednh th\u1eddi gian \u0111\u1ecdc":"5 ph\u00fat"},"schema":{"@context":"https:\/\/schema.org","@graph":[{"@type":"WebPage","@id":"https:\/\/ninhson-vn.com\/?page_id=219","url":"https:\/\/ninhson-vn.com\/?page_id=219","name":"V\u1ec1 ch\u00fang t\u00f4i - C\u00d4NG TY TNHH TH\u01af\u01a0NG M\u1ea0I D\u1ecaCH V\u1ee4 V\u00c0 S\u1ea2N PH\u1ea8M NINH S\u01a0N","isPartOf":{"@id":"https:\/\/ninhson-vn.com\/#website"},"primaryImageOfPage":{"@id":"https:\/\/ninhson-vn.com\/?page_id=219#primaryimage"},"image":{"@id":"https:\/\/ninhson-vn.com\/?page_id=219#primaryimage"},"thumbnailUrl":"https:\/\/ninhson-vn.com\/wp-content\/uploads\/logo-Ninh-Son-dai-1400x787-1.webp","datePublished":"2025-09-03T03:18:22+00:00","dateModified":"2025-12-04T01:58:32+00:00","description":"Ninh S\u01a1n cung c\u1ea5p c\u00e1c linh ki\u1ec7n, s\u1ea3n ph\u1ea9m, d\u1ecbch v\u1ee5, gi\u1ea3i ph\u00e1p cho ng\u00e0nh \u00e9p nh\u1ef1a. v\u1edbi c\u00e1c th\u01b0\u01a1ng hi\u1ec7u l\u1edbn nh\u01b0 Tanstar, Sensormate, Conair","breadcrumb":{"@id":"https:\/\/ninhson-vn.com\/?page_id=219#breadcrumb"},"inLanguage":"vi","potentialAction":[{"@type":"ReadAction","target":["https:\/\/ninhson-vn.com\/?page_id=219"]}]},{"@type":"ImageObject","inLanguage":"vi","@id":"https:\/\/ninhson-vn.com\/?page_id=219#primaryimage","url":"https:\/\/ninhson-vn.com\/wp-content\/uploads\/logo-Ninh-Son-dai-1400x787-1.webp","contentUrl":"https:\/\/ninhson-vn.com\/wp-content\/uploads\/logo-Ninh-Son-dai-1400x787-1.webp","width":1400,"height":787},{"@type":"BreadcrumbList","@id":"https:\/\/ninhson-vn.com\/?page_id=219#breadcrumb","itemListElement":[{"@type":"ListItem","position":1,"name":"Trang ch\u1ee7","item":"https:\/\/ninhson-vn.com\/"},{"@type":"ListItem","position":2,"name":"V\u1ec1 ch\u00fang t\u00f4i"}]},{"@type":"WebSite","@id":"https:\/\/ninhson-vn.com\/#website","url":"https:\/\/ninhson-vn.com\/","name":"C\u00d4NG TY TNHH TH\u01af\u01a0NG M\u1ea0I D\u1ecaCH V\u1ee4 V\u00c0 S\u1ea2N PH\u1ea8M NINH S\u01a0N","description":"","potentialAction":[{"@type":"SearchAction","target":{"@type":"EntryPoint","urlTemplate":"https:\/\/ninhson-vn.com\/?s={search_term_string}"},"query-input":{"@type":"PropertyValueSpecification","valueRequired":true,"valueName":"search_term_string"}}],"inLanguage":"vi"}]}},"_links":{"self":[{"href":"https:\/\/ninhson-vn.com\/index.php?rest_route=\/wp\/v2\/pages\/219","targetHints":{"allow":["GET"]}}],"collection":[{"href":"https:\/\/ninhson-vn.com\/index.php?rest_route=\/wp\/v2\/pages"}],"about":[{"href":"https:\/\/ninhson-vn.com\/index.php?rest_route=\/wp\/v2\/types\/page"}],"author":[{"embeddable":true,"href":"https:\/\/ninhson-vn.com\/index.php?rest_route=\/wp\/v2\/users\/1"}],"replies":[{"embeddable":true,"href":"https:\/\/ninhson-vn.com\/index.php?rest_route=%2Fwp%2Fv2%2Fcomments&post=219"}],"version-history":[{"count":14,"href":"https:\/\/ninhson-vn.com\/index.php?rest_route=\/wp\/v2\/pages\/219\/revisions"}],"predecessor-version":[{"id":573,"href":"https:\/\/ninhson-vn.com\/index.php?rest_route=\/wp\/v2\/pages\/219\/revisions\/573"}],"wp:featuredmedia":[{"embeddable":true,"href":"https:\/\/ninhson-vn.com\/index.php?rest_route=\/wp\/v2\/media\/22"}],"wp:attachment":[{"href":"https:\/\/ninhson-vn.com\/index.php?rest_route=%2Fwp%2Fv2%2Fmedia&parent=219"}],"curies":[{"name":"wp","href":"https:\/\/api.w.org\/{rel}","templated":true}]}}