{"id":427,"date":"2025-09-05T06:56:49","date_gmt":"2025-09-05T06:56:49","guid":{"rendered":"https:\/\/ninhson-vn.com\/?post_type=product&#038;p=427"},"modified":"2025-12-04T16:58:42","modified_gmt":"2025-12-04T16:58:42","slug":"adapter-va-dau-nozzle","status":"publish","type":"product","link":"https:\/\/ninhson-vn.com\/?product=adapter-va-dau-nozzle","title":{"rendered":"Adapter &#8211; Nozzle m\u00e1y \u00e9p nh\u1ef1a"},"content":{"rendered":"<h3 data-start=\"158\" data-end=\"201\">Adapter v\u00e0 \u0111\u1ea7u Nozzle cho m\u00e1y \u00e9p nh\u1ef1a<\/h3>\n<p data-start=\"203\" data-end=\"337\">Trong qu\u00e1 tr\u00ecnh \u00e9p nh\u1ef1a, <strong data-start=\"228\" data-end=\"239\">adapter<\/strong> v\u00e0 <strong data-start=\"243\" data-end=\"257\">\u0111\u1ea7u nozzle<\/strong> \u0111\u00f3ng vai tr\u00f2 quan tr\u1ecdng trong vi\u1ec7c d\u1eabn nh\u1ef1a t\u1eeb xilanh \u0111\u1ebfn khu\u00f4n \u00e9p nh\u1ef1a.<\/p>\n<ul data-start=\"339\" data-end=\"925\">\n<li data-start=\"339\" data-end=\"587\">\n<p data-start=\"341\" data-end=\"587\"><strong data-start=\"341\" data-end=\"352\">Adapter<\/strong>: l\u00e0 b\u1ed9 ph\u1eadn trung gian, k\u1ebft n\u1ed1i gi\u1eefa xilanh (barrel) v\u00e0 \u0111\u1ea7u nozzle. Adapter \u0111\u01b0\u1ee3c thi\u1ebft k\u1ebf ch\u1ecbu nhi\u1ec7t, ch\u1ecbu \u00e1p su\u1ea5t cao, \u0111\u1ea3m b\u1ea3o d\u00f2ng nh\u1ef1a ch\u1ea3y \u1ed5n \u0111\u1ecbnh, h\u1ea1n ch\u1ebf r\u00f2 r\u1ec9 v\u00e0 gi\u00fap th\u00e1o l\u1eafp, thay \u0111\u1ed5i nozzle linh ho\u1ea1t theo nhu c\u1ea7u s\u1ea3n xu\u1ea5t.<\/p>\n<\/li>\n<li data-start=\"589\" data-end=\"925\">\n<p data-start=\"591\" data-end=\"925\"><strong data-start=\"591\" data-end=\"605\">\u0110\u1ea7u Nozzle<\/strong>: l\u00e0 b\u1ed9 ph\u1eadn ti\u1ebfp x\u00fac tr\u1ef1c ti\u1ebfp v\u1edbi mi\u1ec7ng khu\u00f4n. Nozzle c\u00f3 nhi\u1ec1u lo\u1ea1i (nozzle th\u1eb3ng, nozzle c\u00f3 van \u0111\u00f3ng m\u1edf(Shutoff nozzle), nozzle tr\u1ed9n nh\u1ef1a (Mixing nozzle)\u2026) ph\u00f9 h\u1ee3p v\u1edbi t\u1eebng lo\u1ea1i nh\u1ef1a v\u00e0 \u1ee9ng d\u1ee5ng kh\u00e1c nhau. Ch\u1ee9c n\u0103ng ch\u00ednh c\u1ee7a nozzle l\u00e0 <strong data-start=\"814\" data-end=\"901\">d\u1eabn nh\u1ef1a n\u00f3ng ch\u1ea3y ch\u00ednh x\u00e1c, \u1ed5n \u0111\u1ecbnh, tr\u00e1nh r\u00f2 r\u1ec9 v\u00e0 h\u1ea1n ch\u1ebf hi\u1ec7n t\u01b0\u1ee3ng \u201cdrooling\u201d<\/strong> (nh\u1ef1a ch\u1ea3y nh\u1ecf gi\u1ecdt).<\/p>\n<\/li>\n<\/ul>\n<p data-start=\"927\" data-end=\"1073\">Vi\u1ec7c l\u1ef1a ch\u1ecdn \u0111\u00fang lo\u1ea1i adapter v\u00e0 nozzle gi\u00fap <strong data-start=\"974\" data-end=\"1070\">t\u0103ng \u0111\u1ed9 \u1ed5n \u0111\u1ecbnh qu\u00e1 tr\u00ecnh \u00e9p, k\u00e9o d\u00e0i tu\u1ed5i th\u1ecd thi\u1ebft b\u1ecb v\u00e0 n\u00e2ng cao ch\u1ea5t l\u01b0\u1ee3ng s\u1ea3n ph\u1ea9m nh\u1ef1a<\/strong>.<\/p>\n<p data-start=\"173\" data-end=\"404\">Adapter v\u00e0 nozzle l\u00e0m vi\u1ec7c trong m\u00f4i tr\u01b0\u1eddng <strong data-start=\"217\" data-end=\"245\">nhi\u1ec7t \u0111\u1ed9 cao (200\u2013400\u00b0C)<\/strong> v\u00e0 <strong data-start=\"249\" data-end=\"264\">\u00e1p su\u1ea5t l\u1edbn<\/strong>, l\u1ea1i th\u01b0\u1eddng xuy\u00ean ti\u1ebfp x\u00fac v\u1edbi nh\u1ef1a c\u00f3 ch\u1ee9a ph\u1ee5 gia m\u00e0i m\u00f2n. V\u00ec v\u1eady v\u1eadt li\u1ec7u ph\u1ea3i c\u00f3 <strong data-start=\"350\" data-end=\"401\">\u0111\u1ed9 b\u1ec1n c\u01a1 h\u1ecdc, ch\u1ecbu m\u00e0i m\u00f2n v\u00e0 ch\u1ed1ng \u0103n m\u00f2n t\u1ed1t<\/strong>.<\/p>\n<p data-start=\"406\" data-end=\"433\">M\u1ed9t s\u1ed1 v\u1eadt li\u1ec7u ph\u1ed5 bi\u1ebfn:<\/p>\n<ul data-start=\"434\" data-end=\"980\">\n<li data-start=\"434\" data-end=\"557\">\n<p data-start=\"436\" data-end=\"557\"><strong data-start=\"436\" data-end=\"487\">Th\u00e9p h\u1ee3p kim ch\u1ecbu nhi\u1ec7t (H13, SKD61, 38CrMoAlA)<\/strong>: \u0111\u01b0\u1ee3c s\u1eed d\u1ee5ng r\u1ed9ng r\u00e3i nh\u1edd kh\u1ea3 n\u0103ng ch\u1ecbu nhi\u1ec7t, ch\u1ed1ng n\u1ee9t do nhi\u1ec7t.<\/p>\n<\/li>\n<li data-start=\"558\" data-end=\"693\">\n<p data-start=\"560\" data-end=\"693\"><strong data-start=\"560\" data-end=\"609\">Th\u00e9p kh\u00f4ng g\u1ec9 (Stainless steel 304, 316, 420)<\/strong>: ch\u1ed1ng \u0103n m\u00f2n h\u00f3a ch\u1ea5t, th\u00edch h\u1ee3p cho nh\u1ef1a c\u00f3 t\u00ednh \u0103n m\u00f2n nh\u01b0 PVC, fluoropolymer.<\/p>\n<\/li>\n<li data-start=\"694\" data-end=\"819\">\n<p data-start=\"696\" data-end=\"819\"><strong data-start=\"696\" data-end=\"762\">Th\u00e9p b\u1ed9t (Powder metallurgy steel \u2013 PM, VD: ASP23, CPM series)<\/strong>: \u0111\u1ed9 c\u1ee9ng cao, ch\u1ed1ng m\u00e0i m\u00f2n t\u1ed1t h\u01a1n th\u00e9p truy\u1ec1n th\u1ed1ng.<\/p>\n<\/li>\n<li data-start=\"820\" data-end=\"980\">\n<p data-start=\"822\" data-end=\"980\"><strong data-start=\"822\" data-end=\"910\">H\u1ee3p kim c\u1ee9ng ho\u1eb7c ph\u1ee7 b\u1ec1 m\u1eb7t (Carbide, Tungsten carbide, Nitriding, PVD\/CVD coating)<\/strong>: d\u00f9ng cho c\u00e1c \u1ee9ng d\u1ee5ng \u0111\u00f2i h\u1ecfi tu\u1ed5i th\u1ecd cao, h\u1ea1n ch\u1ebf b\u00e1m d\u00ednh nh\u1ef1a.<\/p>\n<\/li>\n<\/ul>\n<p><a href=\"https:\/\/drive.google.com\/file\/d\/1CcyrJDucwEoWwMuBwZ7Ds7SXTOx9P5Zd\/view?usp=drive_link\">Click \u0111\u1ec3 t\u1ea3i catalog<\/a><\/p>\n","protected":false},"excerpt":{"rendered":"<p>Minimum ID : D12mm<\/p>\n<p>Maximum ID : D270<\/p>\n<p>Maximum OD: D400mm<\/p>\n<p>Maximum Length: 7500mm<\/p>\n<p data-start=\"927\" data-end=\"1073\">Maker Tanstar: <a href=\"https:\/\/www.tan-star.com\/en-US\/\">https:\/\/www.tan-star.com\/en-US\/<\/a><\/p>\n","protected":false},"featured_media":336,"comment_status":"open","ping_status":"closed","template":"","meta":[],"product_brand":[],"product_cat":[15,41],"product_tag":[],"class_list":{"0":"post-427","1":"product","2":"type-product","3":"status-publish","4":"has-post-thumbnail","6":"product_cat-xi-lanh-truc-vit-may-ep-nhua","7":"product_cat-adapter-dau-phun-dau-noi","9":"first","10":"instock","11":"shipping-taxable","12":"product-type-simple"},"yoast_head":"<!-- This site is optimized with the Yoast SEO Premium plugin v23.2 (Yoast SEO v25.8) - https:\/\/yoast.com\/wordpress\/plugins\/seo\/ -->\n<title>Adapter - Nozzle m\u00e1y \u00e9p nh\u1ef1a - C\u00d4NG TY TNHH TH\u01af\u01a0NG M\u1ea0I D\u1ecaCH V\u1ee4 V\u00c0 S\u1ea2N PH\u1ea8M NINH S\u01a0N<\/title>\n<meta name=\"description\" content=\"Trong qu\u00e1 tr\u00ecnh \u00e9p nh\u1ef1a, adapter v\u00e0 \u0111\u1ea7u nozzle l\u00e0 nh\u1eefng linh ki\u1ec7n \u0111\u00f3ng vai tr\u00f2 quan tr\u1ecdng trong vi\u1ec7c d\u1eabn nh\u1ef1a t\u1eeb xilanh \u0111\u1ebfn khu\u00f4n \u00e9p.\" \/>\n<meta name=\"robots\" content=\"noindex, follow, max-snippet:-1, max-image-preview:large, max-video-preview:-1\" \/>\n<meta property=\"og:locale\" content=\"vi_VN\" \/>\n<meta property=\"og:type\" content=\"article\" \/>\n<meta property=\"og:title\" content=\"Adapter - Nozzle m\u00e1y \u00e9p nh\u1ef1a\" \/>\n<meta property=\"og:description\" content=\"Trong qu\u00e1 tr\u00ecnh \u00e9p nh\u1ef1a, adapter v\u00e0 \u0111\u1ea7u nozzle l\u00e0 nh\u1eefng linh ki\u1ec7n \u0111\u00f3ng vai tr\u00f2 quan tr\u1ecdng trong vi\u1ec7c d\u1eabn nh\u1ef1a t\u1eeb xilanh \u0111\u1ebfn khu\u00f4n \u00e9p.\" \/>\n<meta property=\"og:url\" content=\"https:\/\/ninhson-vn.com\/?product=adapter-va-dau-nozzle\" \/>\n<meta property=\"og:site_name\" content=\"C\u00d4NG TY TNHH TH\u01af\u01a0NG M\u1ea0I D\u1ecaCH V\u1ee4 V\u00c0 S\u1ea2N PH\u1ea8M NINH S\u01a0N\" \/>\n<meta property=\"article:modified_time\" content=\"2025-12-04T16:58:42+00:00\" \/>\n<meta property=\"og:image\" content=\"https:\/\/ninhson-vn.com\/wp-content\/uploads\/z6435202437147_2c1aab487d973f0da42803d50fc94007.jpg\" \/>\n\t<meta property=\"og:image:width\" content=\"400\" \/>\n\t<meta property=\"og:image:height\" content=\"270\" \/>\n\t<meta property=\"og:image:type\" content=\"image\/jpeg\" \/>\n<meta name=\"twitter:card\" content=\"summary_large_image\" \/>\n<meta name=\"twitter:label1\" content=\"\u01af\u1edbc t\u00ednh th\u1eddi gian \u0111\u1ecdc\" \/>\n\t<meta name=\"twitter:data1\" content=\"3 ph\u00fat\" \/>\n<script type=\"application\/ld+json\" class=\"yoast-schema-graph\">{\"@context\":\"https:\/\/schema.org\",\"@graph\":[{\"@type\":\"WebPage\",\"@id\":\"https:\/\/ninhson-vn.com\/?product=adapter-va-dau-nozzle\",\"url\":\"https:\/\/ninhson-vn.com\/?product=adapter-va-dau-nozzle\",\"name\":\"Adapter - Nozzle m\u00e1y \u00e9p nh\u1ef1a - C\u00d4NG TY TNHH TH\u01af\u01a0NG M\u1ea0I D\u1ecaCH V\u1ee4 V\u00c0 S\u1ea2N PH\u1ea8M NINH S\u01a0N\",\"isPartOf\":{\"@id\":\"https:\/\/ninhson-vn.com\/#website\"},\"primaryImageOfPage\":{\"@id\":\"https:\/\/ninhson-vn.com\/?product=adapter-va-dau-nozzle#primaryimage\"},\"image\":{\"@id\":\"https:\/\/ninhson-vn.com\/?product=adapter-va-dau-nozzle#primaryimage\"},\"thumbnailUrl\":\"https:\/\/ninhson-vn.com\/wp-content\/uploads\/z6435202437147_2c1aab487d973f0da42803d50fc94007.jpg\",\"datePublished\":\"2025-09-05T06:56:49+00:00\",\"dateModified\":\"2025-12-04T16:58:42+00:00\",\"description\":\"Trong qu\u00e1 tr\u00ecnh \u00e9p nh\u1ef1a, adapter v\u00e0 \u0111\u1ea7u nozzle l\u00e0 nh\u1eefng linh ki\u1ec7n \u0111\u00f3ng vai tr\u00f2 quan tr\u1ecdng trong vi\u1ec7c d\u1eabn nh\u1ef1a t\u1eeb xilanh \u0111\u1ebfn khu\u00f4n \u00e9p.\",\"breadcrumb\":{\"@id\":\"https:\/\/ninhson-vn.com\/?product=adapter-va-dau-nozzle#breadcrumb\"},\"inLanguage\":\"vi\",\"potentialAction\":[{\"@type\":\"ReadAction\",\"target\":[\"https:\/\/ninhson-vn.com\/?product=adapter-va-dau-nozzle\"]}]},{\"@type\":\"ImageObject\",\"inLanguage\":\"vi\",\"@id\":\"https:\/\/ninhson-vn.com\/?product=adapter-va-dau-nozzle#primaryimage\",\"url\":\"https:\/\/ninhson-vn.com\/wp-content\/uploads\/z6435202437147_2c1aab487d973f0da42803d50fc94007.jpg\",\"contentUrl\":\"https:\/\/ninhson-vn.com\/wp-content\/uploads\/z6435202437147_2c1aab487d973f0da42803d50fc94007.jpg\",\"width\":400,\"height\":270},{\"@type\":\"BreadcrumbList\",\"@id\":\"https:\/\/ninhson-vn.com\/?product=adapter-va-dau-nozzle#breadcrumb\",\"itemListElement\":[{\"@type\":\"ListItem\",\"position\":1,\"name\":\"Trang ch\u1ee7\",\"item\":\"https:\/\/ninhson-vn.com\/\"},{\"@type\":\"ListItem\",\"position\":2,\"name\":\"C\u1eeda h\u00e0ng\",\"item\":\"https:\/\/ninhson-vn.com\/?page_id=12\"},{\"@type\":\"ListItem\",\"position\":3,\"name\":\"Adapter &#8211; Nozzle m\u00e1y \u00e9p nh\u1ef1a\"}]},{\"@type\":\"WebSite\",\"@id\":\"https:\/\/ninhson-vn.com\/#website\",\"url\":\"https:\/\/ninhson-vn.com\/\",\"name\":\"C\u00d4NG TY TNHH TH\u01af\u01a0NG M\u1ea0I D\u1ecaCH V\u1ee4 V\u00c0 S\u1ea2N PH\u1ea8M NINH S\u01a0N\",\"description\":\"\",\"potentialAction\":[{\"@type\":\"SearchAction\",\"target\":{\"@type\":\"EntryPoint\",\"urlTemplate\":\"https:\/\/ninhson-vn.com\/?s={search_term_string}\"},\"query-input\":{\"@type\":\"PropertyValueSpecification\",\"valueRequired\":true,\"valueName\":\"search_term_string\"}}],\"inLanguage\":\"vi\"}]}<\/script>\n<!-- \/ Yoast SEO Premium plugin. -->","yoast_head_json":{"title":"Adapter - Nozzle m\u00e1y \u00e9p nh\u1ef1a - C\u00d4NG TY TNHH TH\u01af\u01a0NG M\u1ea0I D\u1ecaCH V\u1ee4 V\u00c0 S\u1ea2N PH\u1ea8M NINH S\u01a0N","description":"Trong qu\u00e1 tr\u00ecnh \u00e9p nh\u1ef1a, adapter v\u00e0 \u0111\u1ea7u nozzle l\u00e0 nh\u1eefng linh ki\u1ec7n \u0111\u00f3ng vai tr\u00f2 quan tr\u1ecdng trong vi\u1ec7c d\u1eabn nh\u1ef1a t\u1eeb xilanh \u0111\u1ebfn khu\u00f4n \u00e9p.","robots":{"index":"noindex","follow":"follow","max-snippet":"max-snippet:-1","max-image-preview":"max-image-preview:large","max-video-preview":"max-video-preview:-1"},"og_locale":"vi_VN","og_type":"article","og_title":"Adapter - Nozzle m\u00e1y \u00e9p nh\u1ef1a","og_description":"Trong qu\u00e1 tr\u00ecnh \u00e9p nh\u1ef1a, adapter v\u00e0 \u0111\u1ea7u nozzle l\u00e0 nh\u1eefng linh ki\u1ec7n \u0111\u00f3ng vai tr\u00f2 quan tr\u1ecdng trong vi\u1ec7c d\u1eabn nh\u1ef1a t\u1eeb xilanh \u0111\u1ebfn khu\u00f4n \u00e9p.","og_url":"https:\/\/ninhson-vn.com\/?product=adapter-va-dau-nozzle","og_site_name":"C\u00d4NG TY TNHH TH\u01af\u01a0NG M\u1ea0I D\u1ecaCH V\u1ee4 V\u00c0 S\u1ea2N PH\u1ea8M NINH S\u01a0N","article_modified_time":"2025-12-04T16:58:42+00:00","og_image":[{"width":400,"height":270,"url":"https:\/\/ninhson-vn.com\/wp-content\/uploads\/z6435202437147_2c1aab487d973f0da42803d50fc94007.jpg","type":"image\/jpeg"}],"twitter_card":"summary_large_image","twitter_misc":{"\u01af\u1edbc t\u00ednh th\u1eddi gian \u0111\u1ecdc":"3 ph\u00fat"},"schema":{"@context":"https:\/\/schema.org","@graph":[{"@type":"WebPage","@id":"https:\/\/ninhson-vn.com\/?product=adapter-va-dau-nozzle","url":"https:\/\/ninhson-vn.com\/?product=adapter-va-dau-nozzle","name":"Adapter - Nozzle m\u00e1y \u00e9p nh\u1ef1a - C\u00d4NG TY TNHH TH\u01af\u01a0NG M\u1ea0I D\u1ecaCH V\u1ee4 V\u00c0 S\u1ea2N PH\u1ea8M NINH S\u01a0N","isPartOf":{"@id":"https:\/\/ninhson-vn.com\/#website"},"primaryImageOfPage":{"@id":"https:\/\/ninhson-vn.com\/?product=adapter-va-dau-nozzle#primaryimage"},"image":{"@id":"https:\/\/ninhson-vn.com\/?product=adapter-va-dau-nozzle#primaryimage"},"thumbnailUrl":"https:\/\/ninhson-vn.com\/wp-content\/uploads\/z6435202437147_2c1aab487d973f0da42803d50fc94007.jpg","datePublished":"2025-09-05T06:56:49+00:00","dateModified":"2025-12-04T16:58:42+00:00","description":"Trong qu\u00e1 tr\u00ecnh \u00e9p nh\u1ef1a, adapter v\u00e0 \u0111\u1ea7u nozzle l\u00e0 nh\u1eefng linh ki\u1ec7n \u0111\u00f3ng vai tr\u00f2 quan tr\u1ecdng trong vi\u1ec7c d\u1eabn nh\u1ef1a t\u1eeb xilanh \u0111\u1ebfn khu\u00f4n \u00e9p.","breadcrumb":{"@id":"https:\/\/ninhson-vn.com\/?product=adapter-va-dau-nozzle#breadcrumb"},"inLanguage":"vi","potentialAction":[{"@type":"ReadAction","target":["https:\/\/ninhson-vn.com\/?product=adapter-va-dau-nozzle"]}]},{"@type":"ImageObject","inLanguage":"vi","@id":"https:\/\/ninhson-vn.com\/?product=adapter-va-dau-nozzle#primaryimage","url":"https:\/\/ninhson-vn.com\/wp-content\/uploads\/z6435202437147_2c1aab487d973f0da42803d50fc94007.jpg","contentUrl":"https:\/\/ninhson-vn.com\/wp-content\/uploads\/z6435202437147_2c1aab487d973f0da42803d50fc94007.jpg","width":400,"height":270},{"@type":"BreadcrumbList","@id":"https:\/\/ninhson-vn.com\/?product=adapter-va-dau-nozzle#breadcrumb","itemListElement":[{"@type":"ListItem","position":1,"name":"Trang ch\u1ee7","item":"https:\/\/ninhson-vn.com\/"},{"@type":"ListItem","position":2,"name":"C\u1eeda h\u00e0ng","item":"https:\/\/ninhson-vn.com\/?page_id=12"},{"@type":"ListItem","position":3,"name":"Adapter &#8211; Nozzle m\u00e1y \u00e9p nh\u1ef1a"}]},{"@type":"WebSite","@id":"https:\/\/ninhson-vn.com\/#website","url":"https:\/\/ninhson-vn.com\/","name":"C\u00d4NG TY TNHH TH\u01af\u01a0NG M\u1ea0I D\u1ecaCH V\u1ee4 V\u00c0 S\u1ea2N PH\u1ea8M NINH S\u01a0N","description":"","potentialAction":[{"@type":"SearchAction","target":{"@type":"EntryPoint","urlTemplate":"https:\/\/ninhson-vn.com\/?s={search_term_string}"},"query-input":{"@type":"PropertyValueSpecification","valueRequired":true,"valueName":"search_term_string"}}],"inLanguage":"vi"}]}},"_links":{"self":[{"href":"https:\/\/ninhson-vn.com\/index.php?rest_route=\/wp\/v2\/product\/427","targetHints":{"allow":["GET"]}}],"collection":[{"href":"https:\/\/ninhson-vn.com\/index.php?rest_route=\/wp\/v2\/product"}],"about":[{"href":"https:\/\/ninhson-vn.com\/index.php?rest_route=\/wp\/v2\/types\/product"}],"replies":[{"embeddable":true,"href":"https:\/\/ninhson-vn.com\/index.php?rest_route=%2Fwp%2Fv2%2Fcomments&post=427"}],"wp:featuredmedia":[{"embeddable":true,"href":"https:\/\/ninhson-vn.com\/index.php?rest_route=\/wp\/v2\/media\/336"}],"wp:attachment":[{"href":"https:\/\/ninhson-vn.com\/index.php?rest_route=%2Fwp%2Fv2%2Fmedia&parent=427"}],"wp:term":[{"taxonomy":"product_brand","embeddable":true,"href":"https:\/\/ninhson-vn.com\/index.php?rest_route=%2Fwp%2Fv2%2Fproduct_brand&post=427"},{"taxonomy":"product_cat","embeddable":true,"href":"https:\/\/ninhson-vn.com\/index.php?rest_route=%2Fwp%2Fv2%2Fproduct_cat&post=427"},{"taxonomy":"product_tag","embeddable":true,"href":"https:\/\/ninhson-vn.com\/index.php?rest_route=%2Fwp%2Fv2%2Fproduct_tag&post=427"}],"curies":[{"name":"wp","href":"https:\/\/api.w.org\/{rel}","templated":true}]}}