{"id":449,"date":"2025-09-05T18:02:03","date_gmt":"2025-09-05T18:02:03","guid":{"rendered":"https:\/\/ninhson-vn.com\/?post_type=product&#038;p=449"},"modified":"2025-12-04T17:18:49","modified_gmt":"2025-12-04T17:18:49","slug":"phu-kien-robot","status":"publish","type":"product","link":"https:\/\/ninhson-vn.com\/?product=phu-kien-robot","title":{"rendered":"Ph\u1ee5 ki\u1ec7n Robot"},"content":{"rendered":"<h2 data-start=\"234\" data-end=\"277\">1. N\u00fam h\u00fat cao su (Vacuum Suction Cup)<\/h2>\n<ul data-start=\"278\" data-end=\"637\">\n<li data-start=\"278\" data-end=\"356\">\n<p data-start=\"280\" data-end=\"356\"><strong data-start=\"280\" data-end=\"293\">C\u00f4ng d\u1ee5ng<\/strong>: D\u00f9ng \u0111\u1ec3 h\u00fat v\u00e0 g\u1eafp s\u1ea3n ph\u1ea9m nh\u1ef1a ho\u1eb7c runner ra kh\u1ecfi khu\u00f4n.<\/p>\n<\/li>\n<li data-start=\"357\" data-end=\"469\">\n<p data-start=\"359\" data-end=\"469\"><strong data-start=\"359\" data-end=\"372\">Ch\u1ee9c n\u0103ng<\/strong>: T\u1ea1o l\u1ef1c h\u00fat nh\u1edd ch\u00e2n kh\u00f4ng, gi\u00fap robot b\u00e1m ch\u1eb7t v\u00e0o b\u1ec1 m\u1eb7t s\u1ea3n ph\u1ea9m m\u00e0 kh\u00f4ng l\u00e0m h\u1ecfng b\u1ec1 m\u1eb7t.<\/p>\n<\/li>\n<li data-start=\"470\" data-end=\"637\">\n<p data-start=\"472\" data-end=\"637\"><strong data-start=\"472\" data-end=\"495\">Nguy\u00ean l\u00fd ho\u1ea1t \u0111\u1ed9ng<\/strong>: Khi kh\u00ed n\u00e9n \u0111i qua van h\u00fat, \u00e1p su\u1ea5t \u00e2m \u0111\u01b0\u1ee3c t\u1ea1o ra trong n\u00fam h\u00fat \u2192 ch\u00eanh l\u1ec7ch \u00e1p su\u1ea5t gi\u1eef ch\u1eb7t s\u1ea3n ph\u1ea9m. Khi x\u1ea3 kh\u00ed, s\u1ea3n ph\u1ea9m \u0111\u01b0\u1ee3c th\u1ea3 ra.<\/p>\n<\/li>\n<\/ul>\n<hr data-start=\"639\" data-end=\"642\" \/>\n<h2 data-start=\"644\" data-end=\"692\">2. Ch\u00e2n h\u00fat (Vacuum Ejector \/ Suction Base)<\/h2>\n<ul data-start=\"693\" data-end=\"1004\">\n<li data-start=\"693\" data-end=\"764\">\n<p data-start=\"695\" data-end=\"764\"><strong data-start=\"695\" data-end=\"708\">C\u00f4ng d\u1ee5ng<\/strong>: L\u00e0 b\u1ed9 ph\u1eadn k\u1ebft n\u1ed1i gi\u1eefa n\u00fam h\u00fat v\u00e0 h\u1ec7 th\u1ed1ng kh\u00ed n\u00e9n.<\/p>\n<\/li>\n<li data-start=\"765\" data-end=\"892\">\n<p data-start=\"767\" data-end=\"892\"><strong data-start=\"767\" data-end=\"780\">Ch\u1ee9c n\u0103ng<\/strong>: Truy\u1ec1n l\u1ef1c h\u00fat t\u1eeb ngu\u1ed3n kh\u00ed n\u00e9n \u0111\u1ebfn n\u00fam h\u00fat; \u0111\u1ed3ng th\u1eddi \u0111i\u1ec1u ch\u1ec9nh v\u1ecb tr\u00ed h\u00fat nh\u1edd kh\u1edbp xoay ho\u1eb7c thanh tr\u01b0\u1ee3t.<\/p>\n<\/li>\n<li data-start=\"893\" data-end=\"1004\">\n<p data-start=\"895\" data-end=\"1004\"><strong data-start=\"895\" data-end=\"918\">Nguy\u00ean l\u00fd ho\u1ea1t \u0111\u1ed9ng<\/strong>: Kh\u00ed n\u00e9n \u0111i qua ejector t\u1ea1o ra ch\u00e2n kh\u00f4ng t\u1ea1i \u0111\u1ea7u n\u1ed1i \u2192 truy\u1ec1n l\u1ef1c h\u00fat \u0111\u1ebfn n\u00fam h\u00fat.<\/p>\n<\/li>\n<\/ul>\n<hr data-start=\"1006\" data-end=\"1009\" \/>\n<h2 data-start=\"1011\" data-end=\"1036\">3. Tay k\u1eb9p (Gripper)<\/h2>\n<ul data-start=\"1037\" data-end=\"1408\">\n<li data-start=\"1037\" data-end=\"1151\">\n<p data-start=\"1039\" data-end=\"1151\"><strong data-start=\"1039\" data-end=\"1052\">C\u00f4ng d\u1ee5ng<\/strong>: D\u00f9ng \u0111\u1ec3 k\u1eb9p gi\u1eef s\u1ea3n ph\u1ea9m nh\u1ef1a ho\u1eb7c runner thay cho n\u00fam h\u00fat trong tr\u01b0\u1eddng h\u1ee3p b\u1ec1 m\u1eb7t h\u00fat kh\u00f3 b\u00e1m.<\/p>\n<\/li>\n<li data-start=\"1152\" data-end=\"1240\">\n<p data-start=\"1154\" data-end=\"1240\"><strong data-start=\"1154\" data-end=\"1167\">Ch\u1ee9c n\u0103ng<\/strong>: T\u1ea1o l\u1ef1c k\u1eb9p c\u01a1 kh\u00ed ch\u1eafc ch\u1eafn, gi\u1eef s\u1ea3n ph\u1ea9m trong qu\u00e1 tr\u00ecnh di chuy\u1ec3n.<\/p>\n<\/li>\n<li data-start=\"1241\" data-end=\"1408\">\n<p data-start=\"1243\" data-end=\"1408\"><strong data-start=\"1243\" data-end=\"1266\">Nguy\u00ean l\u00fd ho\u1ea1t \u0111\u1ed9ng<\/strong>: S\u1eed d\u1ee5ng xi lanh kh\u00ed n\u00e9n ho\u1eb7c c\u01a1 c\u1ea5u l\u00f2 xo \u0111\u1ec3 \u0111\u00f3ng\/m\u1edf ng\u00e0m k\u1eb9p. Khi kh\u00ed n\u00e9n \u0111i v\u00e0o, ng\u00e0m k\u1eb9p \u0111\u00f3ng l\u1ea1i gi\u1eef s\u1ea3n ph\u1ea9m; khi x\u1ea3 kh\u00ed, ng\u00e0m m\u1edf ra.<\/p>\n<\/li>\n<\/ul>\n<hr data-start=\"1410\" data-end=\"1413\" \/>\n<h2 data-start=\"1415\" data-end=\"1449\">4. K\u00ecm c\u1eaft gate (Gate Cutter)<\/h2>\n<ul data-start=\"1450\" data-end=\"1769\">\n<li data-start=\"1450\" data-end=\"1552\">\n<p data-start=\"1452\" data-end=\"1552\"><strong data-start=\"1452\" data-end=\"1465\">C\u00f4ng d\u1ee5ng<\/strong>: C\u1eaft b\u1ecf ph\u1ea7n cu\u1ed1ng nh\u1ef1a (gate, runner) kh\u1ecfi s\u1ea3n ph\u1ea9m ngay sau khi l\u1ea5y ra kh\u1ecfi khu\u00f4n.<\/p>\n<\/li>\n<li data-start=\"1553\" data-end=\"1649\">\n<p data-start=\"1555\" data-end=\"1649\"><strong data-start=\"1555\" data-end=\"1568\">Ch\u1ee9c n\u0103ng<\/strong>: Gi\u00fap ti\u1ebft ki\u1ec7m c\u00f4ng \u0111o\u1ea1n th\u1ee7 c\u00f4ng, t\u0103ng t\u00ednh t\u1ef1 \u0111\u1ed9ng h\u00f3a, n\u00e2ng cao n\u0103ng su\u1ea5t.<\/p>\n<\/li>\n<li data-start=\"1650\" data-end=\"1769\">\n<p data-start=\"1652\" data-end=\"1769\"><strong data-start=\"1652\" data-end=\"1675\">Nguy\u00ean l\u00fd ho\u1ea1t \u0111\u1ed9ng<\/strong>: Xi lanh kh\u00ed n\u00e9n ho\u1eb7c \u0111\u1ed9ng c\u01a1 \u0111i\u1ec7n t\u00e1c \u0111\u1ed9ng v\u00e0o l\u01b0\u1ee1i c\u1eaft \u2192 l\u01b0\u1ee1i \u00e9p xu\u1ed1ng v\u00e0 c\u1eaft cu\u1ed1ng nh\u1ef1a.<\/p>\n<\/li>\n<\/ul>\n<hr data-start=\"1771\" data-end=\"1774\" \/>\n<h2 data-start=\"1776\" data-end=\"1816\">5. Xi lanh kh\u00ed (Pneumatic Cylinder)<\/h2>\n<ul data-start=\"1817\" data-end=\"2143\">\n<li data-start=\"1817\" data-end=\"1914\">\n<p data-start=\"1819\" data-end=\"1914\"><strong data-start=\"1819\" data-end=\"1832\">C\u00f4ng d\u1ee5ng<\/strong>: Cung c\u1ea5p l\u1ef1c v\u00e0 h\u00e0nh tr\u00ecnh cho c\u00e1c b\u1ed9 ph\u1eadn nh\u01b0 tay k\u1eb9p, k\u00ecm c\u1eaft, c\u01a1 c\u1ea5u tr\u01b0\u1ee3t.<\/p>\n<\/li>\n<li data-start=\"1915\" data-end=\"1998\">\n<p data-start=\"1917\" data-end=\"1998\"><strong data-start=\"1917\" data-end=\"1930\">Ch\u1ee9c n\u0103ng<\/strong>: Chuy\u1ec3n \u0111\u1ed5i n\u0103ng l\u01b0\u1ee3ng kh\u00ed n\u00e9n th\u00e0nh chuy\u1ec3n \u0111\u1ed9ng th\u1eb3ng ho\u1eb7c quay.<\/p>\n<\/li>\n<li data-start=\"1999\" data-end=\"2143\">\n<p data-start=\"2001\" data-end=\"2143\"><strong data-start=\"2001\" data-end=\"2024\">Nguy\u00ean l\u00fd ho\u1ea1t \u0111\u1ed9ng<\/strong>: Kh\u00ed n\u00e9n \u0111i v\u00e0o bu\u1ed3ng xi lanh \u2192 t\u1ea1o \u00e1p su\u1ea5t \u0111\u1ea9y piston di chuy\u1ec3n. Khi \u0111\u1ea3o chi\u1ec1u c\u1ea5p kh\u00ed, piston di chuy\u1ec3n ng\u01b0\u1ee3c l\u1ea1i.<\/p>\n<\/li>\n<\/ul>\n<p><a href=\"https:\/\/drive.google.com\/file\/d\/1KN0Q5NyxBxDMiBEz9uRuc2bx7_r26XJQ\/view?usp=drive_link\">Click \u0111\u1ec3 t\u1ea3i Catalog s\u1ea3n ph\u1ea9m<\/a><\/p>\n","protected":false},"excerpt":{"rendered":"<p>V\u1eadt li\u1ec7u:<\/p>\n<p>Cao su, silicol, nh\u00f4m, th\u00e9p, inox, &#8230;<\/p>\n<p><a href=\"https:\/\/drive.google.com\/file\/d\/1KN0Q5NyxBxDMiBEz9uRuc2bx7_r26XJQ\/view?usp=drive_link\">Click \u0111\u1ec3 t\u1ea3i catalog s\u1ea3n ph\u1ea9m<\/a><\/p>\n","protected":false},"featured_media":450,"comment_status":"open","ping_status":"closed","template":"","meta":[],"product_brand":[],"product_cat":[50,53],"product_tag":[60],"class_list":{"0":"post-449","1":"product","2":"type-product","3":"status-publish","4":"has-post-thumbnail","6":"product_cat-phu-kien-may-ep-nhua","7":"product_cat-phu-kien-robot","8":"product_tag-thiet-bi-do","10":"first","11":"instock","12":"downloadable","13":"shipping-taxable","14":"product-type-simple"},"yoast_head":"<!-- This site is optimized with the Yoast SEO Premium plugin v23.2 (Yoast SEO v25.8) - https:\/\/yoast.com\/wordpress\/plugins\/seo\/ -->\n<title>Ph\u1ee5 ki\u1ec7n Robot - C\u00d4NG TY TNHH TH\u01af\u01a0NG M\u1ea0I D\u1ecaCH V\u1ee4 V\u00c0 S\u1ea2N PH\u1ea8M NINH S\u01a0N<\/title>\n<meta name=\"description\" content=\"C\u00e1c linh ki\u1ec7n n\u00fam h\u00fat, ch\u00e2n h\u00fat, tay k\u1eb9p, xilanh kh\u00ed, d\u00e2y kh\u00ed, k\u00ecm c\u1eaft gate l\u00e0 nh\u1eefng chi ti\u1ebft kh\u00f4ng th\u1ec3 thi\u1ebfu trong ho\u1ea1t \u0111\u1ed9ng s\u1ea3n xu\u1ea5t v\u00e0 v\u1eadn h\u00e0nh c\u1ee7a robot\" \/>\n<meta name=\"robots\" content=\"noindex, follow, max-snippet:-1, max-image-preview:large, max-video-preview:-1\" \/>\n<meta property=\"og:locale\" content=\"vi_VN\" \/>\n<meta property=\"og:type\" content=\"article\" \/>\n<meta property=\"og:title\" content=\"Ph\u1ee5 ki\u1ec7n Robot\" \/>\n<meta property=\"og:description\" content=\"C\u00e1c linh ki\u1ec7n n\u00fam h\u00fat, ch\u00e2n h\u00fat, tay k\u1eb9p, xilanh kh\u00ed, d\u00e2y kh\u00ed, k\u00ecm c\u1eaft gate l\u00e0 nh\u1eefng chi ti\u1ebft kh\u00f4ng th\u1ec3 thi\u1ebfu trong ho\u1ea1t \u0111\u1ed9ng s\u1ea3n xu\u1ea5t v\u00e0 v\u1eadn h\u00e0nh c\u1ee7a robot\" \/>\n<meta property=\"og:url\" content=\"https:\/\/ninhson-vn.com\/?product=phu-kien-robot\" \/>\n<meta property=\"og:site_name\" content=\"C\u00d4NG TY TNHH TH\u01af\u01a0NG M\u1ea0I D\u1ecaCH V\u1ee4 V\u00c0 S\u1ea2N PH\u1ea8M NINH S\u01a0N\" \/>\n<meta property=\"article:modified_time\" content=\"2025-12-04T17:18:49+00:00\" \/>\n<meta property=\"og:image\" content=\"https:\/\/ninhson-vn.com\/wp-content\/uploads\/z6398762037375_2a7cb870358d4430830c961a2f7ba6e2.jpg\" \/>\n\t<meta property=\"og:image:width\" content=\"491\" \/>\n\t<meta property=\"og:image:height\" content=\"627\" \/>\n\t<meta property=\"og:image:type\" content=\"image\/jpeg\" \/>\n<meta name=\"twitter:card\" content=\"summary_large_image\" \/>\n<meta name=\"twitter:label1\" content=\"\u01af\u1edbc t\u00ednh th\u1eddi gian \u0111\u1ecdc\" \/>\n\t<meta name=\"twitter:data1\" content=\"3 ph\u00fat\" \/>\n<script type=\"application\/ld+json\" class=\"yoast-schema-graph\">{\"@context\":\"https:\/\/schema.org\",\"@graph\":[{\"@type\":\"WebPage\",\"@id\":\"https:\/\/ninhson-vn.com\/?product=phu-kien-robot\",\"url\":\"https:\/\/ninhson-vn.com\/?product=phu-kien-robot\",\"name\":\"Ph\u1ee5 ki\u1ec7n Robot - C\u00d4NG TY TNHH TH\u01af\u01a0NG M\u1ea0I D\u1ecaCH V\u1ee4 V\u00c0 S\u1ea2N PH\u1ea8M NINH S\u01a0N\",\"isPartOf\":{\"@id\":\"https:\/\/ninhson-vn.com\/#website\"},\"primaryImageOfPage\":{\"@id\":\"https:\/\/ninhson-vn.com\/?product=phu-kien-robot#primaryimage\"},\"image\":{\"@id\":\"https:\/\/ninhson-vn.com\/?product=phu-kien-robot#primaryimage\"},\"thumbnailUrl\":\"https:\/\/ninhson-vn.com\/wp-content\/uploads\/z6398762037375_2a7cb870358d4430830c961a2f7ba6e2.jpg\",\"datePublished\":\"2025-09-05T18:02:03+00:00\",\"dateModified\":\"2025-12-04T17:18:49+00:00\",\"description\":\"C\u00e1c linh ki\u1ec7n n\u00fam h\u00fat, ch\u00e2n h\u00fat, tay k\u1eb9p, xilanh kh\u00ed, d\u00e2y kh\u00ed, k\u00ecm c\u1eaft gate l\u00e0 nh\u1eefng chi ti\u1ebft kh\u00f4ng th\u1ec3 thi\u1ebfu trong ho\u1ea1t \u0111\u1ed9ng s\u1ea3n xu\u1ea5t v\u00e0 v\u1eadn h\u00e0nh c\u1ee7a robot\",\"breadcrumb\":{\"@id\":\"https:\/\/ninhson-vn.com\/?product=phu-kien-robot#breadcrumb\"},\"inLanguage\":\"vi\",\"potentialAction\":[{\"@type\":\"ReadAction\",\"target\":[\"https:\/\/ninhson-vn.com\/?product=phu-kien-robot\"]}]},{\"@type\":\"ImageObject\",\"inLanguage\":\"vi\",\"@id\":\"https:\/\/ninhson-vn.com\/?product=phu-kien-robot#primaryimage\",\"url\":\"https:\/\/ninhson-vn.com\/wp-content\/uploads\/z6398762037375_2a7cb870358d4430830c961a2f7ba6e2.jpg\",\"contentUrl\":\"https:\/\/ninhson-vn.com\/wp-content\/uploads\/z6398762037375_2a7cb870358d4430830c961a2f7ba6e2.jpg\",\"width\":491,\"height\":627},{\"@type\":\"BreadcrumbList\",\"@id\":\"https:\/\/ninhson-vn.com\/?product=phu-kien-robot#breadcrumb\",\"itemListElement\":[{\"@type\":\"ListItem\",\"position\":1,\"name\":\"Trang ch\u1ee7\",\"item\":\"https:\/\/ninhson-vn.com\/\"},{\"@type\":\"ListItem\",\"position\":2,\"name\":\"C\u1eeda h\u00e0ng\",\"item\":\"https:\/\/ninhson-vn.com\/?page_id=12\"},{\"@type\":\"ListItem\",\"position\":3,\"name\":\"Ph\u1ee5 ki\u1ec7n Robot\"}]},{\"@type\":\"WebSite\",\"@id\":\"https:\/\/ninhson-vn.com\/#website\",\"url\":\"https:\/\/ninhson-vn.com\/\",\"name\":\"C\u00d4NG TY TNHH TH\u01af\u01a0NG M\u1ea0I D\u1ecaCH V\u1ee4 V\u00c0 S\u1ea2N PH\u1ea8M NINH S\u01a0N\",\"description\":\"\",\"potentialAction\":[{\"@type\":\"SearchAction\",\"target\":{\"@type\":\"EntryPoint\",\"urlTemplate\":\"https:\/\/ninhson-vn.com\/?s={search_term_string}\"},\"query-input\":{\"@type\":\"PropertyValueSpecification\",\"valueRequired\":true,\"valueName\":\"search_term_string\"}}],\"inLanguage\":\"vi\"}]}<\/script>\n<!-- \/ Yoast SEO Premium plugin. -->","yoast_head_json":{"title":"Ph\u1ee5 ki\u1ec7n Robot - C\u00d4NG TY TNHH TH\u01af\u01a0NG M\u1ea0I D\u1ecaCH V\u1ee4 V\u00c0 S\u1ea2N PH\u1ea8M NINH S\u01a0N","description":"C\u00e1c linh ki\u1ec7n n\u00fam h\u00fat, ch\u00e2n h\u00fat, tay k\u1eb9p, xilanh kh\u00ed, d\u00e2y kh\u00ed, k\u00ecm c\u1eaft gate l\u00e0 nh\u1eefng chi ti\u1ebft kh\u00f4ng th\u1ec3 thi\u1ebfu trong ho\u1ea1t \u0111\u1ed9ng s\u1ea3n xu\u1ea5t v\u00e0 v\u1eadn h\u00e0nh c\u1ee7a robot","robots":{"index":"noindex","follow":"follow","max-snippet":"max-snippet:-1","max-image-preview":"max-image-preview:large","max-video-preview":"max-video-preview:-1"},"og_locale":"vi_VN","og_type":"article","og_title":"Ph\u1ee5 ki\u1ec7n Robot","og_description":"C\u00e1c linh ki\u1ec7n n\u00fam h\u00fat, ch\u00e2n h\u00fat, tay k\u1eb9p, xilanh kh\u00ed, d\u00e2y kh\u00ed, k\u00ecm c\u1eaft gate l\u00e0 nh\u1eefng chi ti\u1ebft kh\u00f4ng th\u1ec3 thi\u1ebfu trong ho\u1ea1t \u0111\u1ed9ng s\u1ea3n xu\u1ea5t v\u00e0 v\u1eadn h\u00e0nh c\u1ee7a robot","og_url":"https:\/\/ninhson-vn.com\/?product=phu-kien-robot","og_site_name":"C\u00d4NG TY TNHH TH\u01af\u01a0NG M\u1ea0I D\u1ecaCH V\u1ee4 V\u00c0 S\u1ea2N PH\u1ea8M NINH S\u01a0N","article_modified_time":"2025-12-04T17:18:49+00:00","og_image":[{"width":491,"height":627,"url":"https:\/\/ninhson-vn.com\/wp-content\/uploads\/z6398762037375_2a7cb870358d4430830c961a2f7ba6e2.jpg","type":"image\/jpeg"}],"twitter_card":"summary_large_image","twitter_misc":{"\u01af\u1edbc t\u00ednh th\u1eddi gian \u0111\u1ecdc":"3 ph\u00fat"},"schema":{"@context":"https:\/\/schema.org","@graph":[{"@type":"WebPage","@id":"https:\/\/ninhson-vn.com\/?product=phu-kien-robot","url":"https:\/\/ninhson-vn.com\/?product=phu-kien-robot","name":"Ph\u1ee5 ki\u1ec7n Robot - C\u00d4NG TY TNHH TH\u01af\u01a0NG M\u1ea0I D\u1ecaCH V\u1ee4 V\u00c0 S\u1ea2N PH\u1ea8M NINH S\u01a0N","isPartOf":{"@id":"https:\/\/ninhson-vn.com\/#website"},"primaryImageOfPage":{"@id":"https:\/\/ninhson-vn.com\/?product=phu-kien-robot#primaryimage"},"image":{"@id":"https:\/\/ninhson-vn.com\/?product=phu-kien-robot#primaryimage"},"thumbnailUrl":"https:\/\/ninhson-vn.com\/wp-content\/uploads\/z6398762037375_2a7cb870358d4430830c961a2f7ba6e2.jpg","datePublished":"2025-09-05T18:02:03+00:00","dateModified":"2025-12-04T17:18:49+00:00","description":"C\u00e1c linh ki\u1ec7n n\u00fam h\u00fat, ch\u00e2n h\u00fat, tay k\u1eb9p, xilanh kh\u00ed, d\u00e2y kh\u00ed, k\u00ecm c\u1eaft gate l\u00e0 nh\u1eefng chi ti\u1ebft kh\u00f4ng th\u1ec3 thi\u1ebfu trong ho\u1ea1t \u0111\u1ed9ng s\u1ea3n xu\u1ea5t v\u00e0 v\u1eadn h\u00e0nh c\u1ee7a robot","breadcrumb":{"@id":"https:\/\/ninhson-vn.com\/?product=phu-kien-robot#breadcrumb"},"inLanguage":"vi","potentialAction":[{"@type":"ReadAction","target":["https:\/\/ninhson-vn.com\/?product=phu-kien-robot"]}]},{"@type":"ImageObject","inLanguage":"vi","@id":"https:\/\/ninhson-vn.com\/?product=phu-kien-robot#primaryimage","url":"https:\/\/ninhson-vn.com\/wp-content\/uploads\/z6398762037375_2a7cb870358d4430830c961a2f7ba6e2.jpg","contentUrl":"https:\/\/ninhson-vn.com\/wp-content\/uploads\/z6398762037375_2a7cb870358d4430830c961a2f7ba6e2.jpg","width":491,"height":627},{"@type":"BreadcrumbList","@id":"https:\/\/ninhson-vn.com\/?product=phu-kien-robot#breadcrumb","itemListElement":[{"@type":"ListItem","position":1,"name":"Trang ch\u1ee7","item":"https:\/\/ninhson-vn.com\/"},{"@type":"ListItem","position":2,"name":"C\u1eeda h\u00e0ng","item":"https:\/\/ninhson-vn.com\/?page_id=12"},{"@type":"ListItem","position":3,"name":"Ph\u1ee5 ki\u1ec7n Robot"}]},{"@type":"WebSite","@id":"https:\/\/ninhson-vn.com\/#website","url":"https:\/\/ninhson-vn.com\/","name":"C\u00d4NG TY TNHH TH\u01af\u01a0NG M\u1ea0I D\u1ecaCH V\u1ee4 V\u00c0 S\u1ea2N PH\u1ea8M NINH S\u01a0N","description":"","potentialAction":[{"@type":"SearchAction","target":{"@type":"EntryPoint","urlTemplate":"https:\/\/ninhson-vn.com\/?s={search_term_string}"},"query-input":{"@type":"PropertyValueSpecification","valueRequired":true,"valueName":"search_term_string"}}],"inLanguage":"vi"}]}},"_links":{"self":[{"href":"https:\/\/ninhson-vn.com\/index.php?rest_route=\/wp\/v2\/product\/449","targetHints":{"allow":["GET"]}}],"collection":[{"href":"https:\/\/ninhson-vn.com\/index.php?rest_route=\/wp\/v2\/product"}],"about":[{"href":"https:\/\/ninhson-vn.com\/index.php?rest_route=\/wp\/v2\/types\/product"}],"replies":[{"embeddable":true,"href":"https:\/\/ninhson-vn.com\/index.php?rest_route=%2Fwp%2Fv2%2Fcomments&post=449"}],"wp:featuredmedia":[{"embeddable":true,"href":"https:\/\/ninhson-vn.com\/index.php?rest_route=\/wp\/v2\/media\/450"}],"wp:attachment":[{"href":"https:\/\/ninhson-vn.com\/index.php?rest_route=%2Fwp%2Fv2%2Fmedia&parent=449"}],"wp:term":[{"taxonomy":"product_brand","embeddable":true,"href":"https:\/\/ninhson-vn.com\/index.php?rest_route=%2Fwp%2Fv2%2Fproduct_brand&post=449"},{"taxonomy":"product_cat","embeddable":true,"href":"https:\/\/ninhson-vn.com\/index.php?rest_route=%2Fwp%2Fv2%2Fproduct_cat&post=449"},{"taxonomy":"product_tag","embeddable":true,"href":"https:\/\/ninhson-vn.com\/index.php?rest_route=%2Fwp%2Fv2%2Fproduct_tag&post=449"}],"curies":[{"name":"wp","href":"https:\/\/api.w.org\/{rel}","templated":true}]}}