{"id":470,"date":"2025-09-09T16:57:23","date_gmt":"2025-09-09T16:57:23","guid":{"rendered":"https:\/\/ninhson-vn.com\/?post_type=product&#038;p=470"},"modified":"2026-01-25T04:00:44","modified_gmt":"2026-01-25T04:00:44","slug":"thiet-bi-do-luc-kep-khuon-sensormate","status":"publish","type":"product","link":"https:\/\/ninhson-vn.com\/?product=thiet-bi-do-luc-kep-khuon-sensormate","title":{"rendered":"Thi\u1ebft b\u1ecb \u0111o l\u1ef1c k\u1eb9p khu\u00f4n Sensormate SML-ME\/8."},"content":{"rendered":"<h2 data-start=\"242\" data-end=\"289\">Gi\u1edbi thi\u1ec7u thi\u1ebft b\u1ecb SML-ME\/8 c\u1ee7a Sensormate<\/h2>\n<p data-start=\"291\" data-end=\"639\"><strong data-start=\"291\" data-end=\"303\">SML-ME\/8<\/strong> l\u00e0 b\u1ed9 c\u1ea3m bi\u1ebfn l\u1ef1c k\u1eb9p khu\u00f4n (<strong data-start=\"334\" data-end=\"374\">Magnet Clamping Force Control Sensor<\/strong>) \u0111\u01b0\u1ee3c thi\u1ebft k\u1ebf \u0111\u1ec3 h\u1ed7 tr\u1ee3 qu\u00e1 tr\u00ecnh <strong data-start=\"410\" data-end=\"447\">c\u00e0i \u0111\u1eb7t v\u00e0 hi\u1ec7u chu\u1ea9n m\u00e1y \u00e9p nh\u1ef1a<\/strong>. Thi\u1ebft b\u1ecb gi\u00fap <strong data-start=\"463\" data-end=\"509\">ng\u0103n ng\u1eeba hi\u1ec7n t\u01b0\u1ee3ng g\u00e3y c\u1ed9t gi\u1eef (tie-bar)<\/strong> v\u00e0 \u0111\u1ea3m b\u1ea3o khu\u00f4n, m\u00e1y lu\u00f4n kh\u1edbp \u0111\u00fang v\u1ecb tr\u00ed, t\u1eeb \u0111\u00f3 t\u0103ng tu\u1ed5i th\u1ecd khu\u00f4n v\u00e0 h\u1ec7 th\u1ed1ng m\u00e1y m\u00f3c.<\/p>\n<hr data-start=\"641\" data-end=\"644\" \/>\n<h2 data-start=\"646\" data-end=\"667\">T\u00ednh n\u0103ng n\u1ed5i b\u1eadt<\/h2>\n<ul data-start=\"669\" data-end=\"1560\">\n<li data-start=\"669\" data-end=\"816\">\n<p data-start=\"671\" data-end=\"816\"><strong data-start=\"671\" data-end=\"695\">G\u1eafn nhanh v\u00e0 d\u1ec5 d\u00e0ng<\/strong> nh\u1edd s\u1eed d\u1ee5ng <strong data-start=\"708\" data-end=\"727\">2 nam ch\u00e2m m\u1ea1nh<\/strong> \u0111\u1ec3 c\u1ed1 \u0111\u1ecbnh c\u1ea3m bi\u1ebfn tr\u00ean tie-bar ho\u1eb7c b\u1ec1 m\u1eb7t tr\u00f2n,<\/p>\n<\/li>\n<li data-start=\"817\" data-end=\"972\">\n<p data-start=\"819\" data-end=\"972\"><strong data-start=\"819\" data-end=\"839\">B\u00f9 bi\u1ebfn d\u1ea1ng u\u1ed1n<\/strong>: S\u1eed d\u1ee5ng <strong data-start=\"849\" data-end=\"863\">2 c\u1ea3m bi\u1ebfn<\/strong> \u0111\u1ec3 \u0111o \u0111\u1ed9 d\u00e0i c\u1ed9t m\u1ed9t c\u00e1ch ch\u00ednh x\u00e1c, k\u1ec3 c\u1ea3 khi c\u00f3 hi\u1ec7n t\u01b0\u1ee3ng u\u1ed1n l\u1ec7ch,<\/p>\n<\/li>\n<li data-start=\"973\" data-end=\"1086\">\n<p data-start=\"975\" data-end=\"1086\"><strong data-start=\"975\" data-end=\"1013\">Ph\u00f9 h\u1ee3p v\u1edbi m\u1ecdi \u0111\u01b0\u1eddng k\u00ednh tie-bar<\/strong>, thi\u1ebft k\u1ebf linh ho\u1ea1t v\u00e0 d\u1ec5 s\u1eed d\u1ee5ng,\u00a0<\/p>\n<\/li>\n<li data-start=\"1087\" data-end=\"1254\">\n<p data-start=\"1089\" data-end=\"1254\"><strong data-start=\"1089\" data-end=\"1109\">\u0110\u1ed9 ch\u00ednh x\u00e1c cao<\/strong>: Sai s\u1ed1 t\u1ed5ng c\u1ed9ng \u00b1 1% to\u00e0n thang \u0111o; kh\u1ea3 n\u0103ng ph\u00e2n gi\u1ea3i cao, \u0111\u1ed9 l\u1eb7p l\u1ea1i 0.1% v\u00e0 \u0111\u1ed9 tr\u1ec5 (hysteresis) 0.1%,<\/p>\n<\/li>\n<li data-start=\"1255\" data-end=\"1428\">\n<p data-start=\"1257\" data-end=\"1428\"><strong data-start=\"1257\" data-end=\"1305\">\u0110\u1ecdc gi\u00e1 tr\u1ecb ngay t\u1ee9c th\u00ec kh\u00f4ng c\u1ea7n t\u00ednh to\u00e1n<\/strong>: M\u00e0n h\u00ecnh DM4DB hi\u1ec3n th\u1ecb tr\u1ef1c ti\u1ebfp k\u1ebft qu\u1ea3 d\u01b0\u1edbi c\u00e1c \u0111\u01a1n v\u1ecb nh\u01b0 \u03bc\u03b5 (\u03bc\u03b5), kN ho\u1eb7c t\u1ea5n,\u00a0<\/p>\n<\/li>\n<li data-start=\"1429\" data-end=\"1560\">\n<p data-start=\"1431\" data-end=\"1560\"><strong data-start=\"1431\" data-end=\"1463\">L\u00e0 thi\u1ebft b\u1ecb t\u00e1i s\u1eed d\u1ee5ng \u0111\u01b0\u1ee3c<\/strong>, cho ph\u00e9p thi\u1ebft l\u1eadp l\u1ea1i d\u1ec5 d\u00e0ng gi\u1eefa c\u00e1c l\u1ea7n v\u1eadn h\u00e0nh m\u00e1y,\u00a0<\/p>\n<\/li>\n<\/ul>\n<hr data-start=\"1562\" data-end=\"1565\" \/>\n<h2 data-start=\"1567\" data-end=\"1587\">\u01afu v\u00e0 nh\u01b0\u1ee3c \u0111i\u1ec3m<\/h2>\n<div class=\"_tableContainer_1rjym_1\">\n<div class=\"_tableWrapper_1rjym_13 group flex w-fit flex-col-reverse\">\n<table class=\"w-fit min-w-(--thread-content-width)\" data-start=\"1589\" data-end=\"2051\">\n<thead data-start=\"1589\" data-end=\"1608\">\n<tr data-start=\"1589\" data-end=\"1608\">\n<th data-start=\"1589\" data-end=\"1599\" data-col-size=\"sm\">\u01afu \u0111i\u1ec3m<\/th>\n<th data-start=\"1599\" data-end=\"1608\" data-col-size=\"md\">M\u00f4 t\u1ea3<\/th>\n<\/tr>\n<\/thead>\n<tbody data-start=\"1629\" data-end=\"2051\">\n<tr data-start=\"1629\" data-end=\"1704\">\n<td data-start=\"1629\" data-end=\"1658\" data-col-size=\"sm\"><strong data-start=\"1631\" data-end=\"1657\">Ng\u0103n ng\u1eeba h\u1ecfng h\u00f3c m\u00e1y<\/strong><\/td>\n<td data-start=\"1658\" data-end=\"1704\" data-col-size=\"md\">Gi\u1ea3m nguy c\u01a1 g\u00e3y tie-bar v\u00e0 hao m\u00f2n khu\u00f4n.<\/td>\n<\/tr>\n<tr data-start=\"1705\" data-end=\"1779\">\n<td data-start=\"1705\" data-end=\"1737\" data-col-size=\"sm\"><strong data-start=\"1707\" data-end=\"1736\">L\u1eafp \u0111\u1eb7t nhanh, d\u1ec5 s\u1eed d\u1ee5ng<\/strong><\/td>\n<td data-start=\"1737\" data-end=\"1779\" data-col-size=\"md\">M\u1ea1nh t\u1eeb nhanh g\u1eafn, d\u1ec5 thay \u0111\u1ed5i v\u1ecb tr\u00ed.<\/td>\n<\/tr>\n<tr data-start=\"1780\" data-end=\"1859\">\n<td data-start=\"1780\" data-end=\"1813\" data-col-size=\"sm\"><strong data-start=\"1782\" data-end=\"1812\">\u0110o ch\u00ednh x\u00e1c, hi\u1ec7u qu\u1ea3 cao<\/strong><\/td>\n<td data-start=\"1813\" data-end=\"1859\" data-col-size=\"md\">\u0110\u1ed9 ch\u00ednh x\u00e1c \u00b1 1%, k\u1ebft qu\u1ea3 hi\u1ec3n th\u1ecb nhanh.<\/td>\n<\/tr>\n<tr data-start=\"1860\" data-end=\"1966\">\n<td data-start=\"1860\" data-end=\"1892\" data-col-size=\"sm\"><strong data-start=\"1862\" data-end=\"1891\">T\u1ed1i \u01b0u hi\u1ec7u su\u1ea5t s\u1ea3n xu\u1ea5t<\/strong><\/td>\n<td data-col-size=\"md\" data-start=\"1892\" data-end=\"1966\">H\u1ed7 tr\u1ee3 hi\u1ec7u chu\u1ea9n m\u00e1y, \u0111\u1ea3m b\u1ea3o khu\u00f4n v\u00e0 m\u00e1y th\u0103ng b\u1eb1ng, gi\u1ea3m ph\u1ebf ph\u1ea9m.<\/td>\n<\/tr>\n<tr data-start=\"1967\" data-end=\"2051\">\n<td data-start=\"1967\" data-end=\"2004\" data-col-size=\"sm\"><strong data-start=\"1969\" data-end=\"2003\">Chi ph\u00ed th\u1ea5p, b\u1ea3o tr\u00ec \u0111\u01a1n gi\u1ea3n<\/strong><\/td>\n<td data-start=\"2004\" data-end=\"2051\" data-col-size=\"md\">T\u00e1i s\u1eed d\u1ee5ng \u0111\u01b0\u1ee3c, h\u1ea1n ch\u1ebf chi ph\u00ed thay th\u1ebf.<\/td>\n<\/tr>\n<\/tbody>\n<\/table>\n<\/div>\n<\/div>\n<div class=\"_tableContainer_1rjym_1\">\n<div class=\"_tableWrapper_1rjym_13 group flex w-fit flex-col-reverse\">\n<table class=\"w-fit min-w-(--thread-content-width)\" data-start=\"2053\" data-end=\"2361\">\n<thead data-start=\"2053\" data-end=\"2077\">\n<tr data-start=\"2053\" data-end=\"2077\">\n<th data-start=\"2053\" data-end=\"2066\" data-col-size=\"sm\">Nh\u01b0\u1ee3c \u0111i\u1ec3m<\/th>\n<th data-start=\"2066\" data-end=\"2077\" data-col-size=\"md\">H\u1ea1n ch\u1ebf<\/th>\n<\/tr>\n<\/thead>\n<tbody data-start=\"2103\" data-end=\"2361\">\n<tr data-start=\"2103\" data-end=\"2224\">\n<td data-start=\"2103\" data-end=\"2135\" data-col-size=\"sm\"><strong data-start=\"2105\" data-end=\"2134\">Ph\u1ee5 thu\u1ed9c m\u00e0n h\u00ecnh c\u00f3 d\u00e2y<\/strong><\/td>\n<td data-start=\"2135\" data-end=\"2224\" data-col-size=\"md\">C\u1ea7n s\u1eed d\u1ee5ng m\u00e0n h\u00ecnh DM4DB k\u1ebft n\u1ed1i c\u00e1p, h\u1ea1n ch\u1ebf linh ho\u1ea1t so v\u1edbi phi\u00ean b\u1ea3n kh\u00f4ng d\u00e2y.<\/td>\n<\/tr>\n<tr data-start=\"2225\" data-end=\"2361\">\n<td data-start=\"2225\" data-end=\"2272\" data-col-size=\"sm\"><strong data-start=\"2227\" data-end=\"2271\">Kh\u00f4ng thu\u1eadn ti\u1ec7n cho m\u00f4i tr\u01b0\u1eddng ph\u1ee9c t\u1ea1p<\/strong><\/td>\n<td data-start=\"2272\" data-end=\"2361\" data-col-size=\"md\">V\u1edbi c\u00e1c c\u1ea5u h\u00ecnh m\u00e1y l\u1edbn ho\u1eb7c kh\u00f4ng gian h\u1ea1n ch\u1ebf, vi\u1ec7c di chuy\u1ec3n d\u00e2y c\u00f3 th\u1ec3 b\u1ea5t ti\u1ec7n.<\/td>\n<\/tr>\n<\/tbody>\n<\/table>\n<\/div>\n<\/div>\n<hr data-start=\"2363\" data-end=\"2366\" \/>\n<h2 data-start=\"2368\" data-end=\"2380\">T\u1ed5ng k\u1ebft<\/h2>\n<p data-start=\"2382\" data-end=\"2693\">Thi\u1ebft b\u1ecb <strong data-start=\"2391\" data-end=\"2403\">SML-ME\/8<\/strong> c\u1ee7a Sensormate l\u00e0 m\u1ed9t gi\u1ea3i ph\u00e1p hi\u1ec7u qu\u1ea3, tin c\u1eady \u0111\u1ec3 \u0111o v\u00e0 ki\u1ec3m so\u00e1t l\u1ef1c k\u1eb9p trong qu\u00e1 tr\u00ecnh v\u1eadn h\u00e0nh m\u00e1y \u00e9p nh\u1ef1a. Nh\u1edd thi\u1ebft k\u1ebf t\u1eeb t\u00ednh d\u1ec5 g\u1eafn, \u0111\u1ed9 ch\u00ednh x\u00e1c cao v\u00e0 kh\u1ea3 n\u0103ng t\u00e1i s\u1eed d\u1ee5ng t\u1ed1t, thi\u1ebft b\u1ecb n\u00e0y kh\u00f4ng ch\u1ec9 b\u1ea3o v\u1ec7 m\u00e1y m\u00f3c m\u00e0 c\u00f2n g\u00f3p ph\u1ea7n n\u00e2ng cao hi\u1ec7u qu\u1ea3 s\u1ea3n xu\u1ea5t v\u00e0 tu\u1ed5i th\u1ecd khu\u00f4n.<\/p>\n<p data-start=\"2382\" data-end=\"2693\">\n<blockquote class=\"wp-embedded-content\" data-secret=\"toow4kUtRC\"><p><a href=\"https:\/\/sensormate.com\/\">Top \u9996\u9801<\/a><\/p><\/blockquote>\n<p><iframe loading=\"lazy\" class=\"wp-embedded-content\" sandbox=\"allow-scripts\" security=\"restricted\" style=\"position: absolute; visibility: hidden;\" title=\"Top \u9996\u9801 &#8212; \u661f\u793e\u79d1\u6280\u6709\u9650\u516c\u53f8\" src=\"https:\/\/sensormate.com\/embed\/#?secret=GAEX1Ka6kM#?secret=toow4kUtRC\" data-secret=\"toow4kUtRC\" width=\"600\" height=\"338\" frameborder=\"0\" marginwidth=\"0\" marginheight=\"0\" scrolling=\"no\"><\/iframe><\/p>\n","protected":false},"excerpt":{"rendered":"<p>Technical Data: &#8211; Model: SML-ME\/8<br \/>\n&#8211; Strain gauge: 350 \u03a9<br \/>\n&#8211; Measuring range: \u00b1 800 \u03bc\u03b5<br \/>\n&#8211; Sensitivity of sensor (1\/2 bridge<br \/>\ncompensated): 1.0 mV\/V @ F.S. &#8211; Linearity: &lt; 0.5 %<br \/>\n&#8211; Over all accuracy: \u00b1 0.5 % F.S. &#8211; Repeatability: 0.1% F.S. &#8211; Hysteresis: 0.1% F.S. &#8211; Operating temperature range: +0\u2026+60\u2103<br \/>\n&#8211; Sensor dimension: 88 x 31 x 30<br \/>\n&#8211; Power supply 110\u2026220 VAC \/ 50-60Hz Maker: Sensormate &#8211; Taiwan<\/p>\n","protected":false},"featured_media":374,"comment_status":"open","ping_status":"closed","template":"","meta":[],"product_brand":[],"product_cat":[42,47],"product_tag":[],"class_list":{"0":"post-470","1":"product","2":"type-product","3":"status-publish","4":"has-post-thumbnail","6":"product_cat-thiet-bi-do-luc-kep-khuon-sensormate","7":"product_cat-thiet-bi-do-luong-sensormate","9":"first","10":"instock","11":"shipping-taxable","12":"product-type-simple"},"yoast_head":"<!-- This site is optimized with the Yoast SEO Premium plugin v23.2 (Yoast SEO v25.8) - https:\/\/yoast.com\/wordpress\/plugins\/seo\/ -->\n<title>Thi\u1ebft b\u1ecb \u0111o l\u1ef1c k\u1eb9p khu\u00f4n Sensormate SML-ME\/8. - C\u00d4NG TY TNHH TH\u01af\u01a0NG M\u1ea0I D\u1ecaCH V\u1ee4 V\u00c0 S\u1ea2N PH\u1ea8M NINH S\u01a0N<\/title>\n<meta name=\"description\" content=\"SML-ME\/8 l\u00e0 b\u1ed9 c\u1ea3m bi\u1ebfn l\u1ef1c k\u1eb9p khu\u00f4n (Magnet Clamping Force Control Sensor) \u0111\u01b0\u1ee3c thi\u1ebft k\u1ebf \u0111\u1ec3 h\u1ed7 tr\u1ee3 qu\u00e1 tr\u00ecnh \u0111o ki\u1ec3m, c\u00e0i \u0111\u1eb7t v\u00e0 hi\u1ec7u chu\u1ea9n m\u00e1y \u00e9p nh\u1ef1a\" \/>\n<meta name=\"robots\" content=\"noindex, follow, max-snippet:-1, max-image-preview:large, max-video-preview:-1\" \/>\n<meta property=\"og:locale\" content=\"vi_VN\" \/>\n<meta property=\"og:type\" content=\"article\" \/>\n<meta property=\"og:title\" content=\"Thi\u1ebft b\u1ecb \u0111o l\u1ef1c k\u1eb9p khu\u00f4n Sensormate SML-ME\/8.\" \/>\n<meta property=\"og:description\" content=\"SML-ME\/8 l\u00e0 b\u1ed9 c\u1ea3m bi\u1ebfn l\u1ef1c k\u1eb9p khu\u00f4n (Magnet Clamping Force Control Sensor) \u0111\u01b0\u1ee3c thi\u1ebft k\u1ebf \u0111\u1ec3 h\u1ed7 tr\u1ee3 qu\u00e1 tr\u00ecnh \u0111o ki\u1ec3m, c\u00e0i \u0111\u1eb7t v\u00e0 hi\u1ec7u chu\u1ea9n m\u00e1y \u00e9p nh\u1ef1a\" \/>\n<meta property=\"og:url\" content=\"https:\/\/ninhson-vn.com\/?product=thiet-bi-do-luc-kep-khuon-sensormate\" \/>\n<meta property=\"og:site_name\" content=\"C\u00d4NG TY TNHH TH\u01af\u01a0NG M\u1ea0I D\u1ecaCH V\u1ee4 V\u00c0 S\u1ea2N PH\u1ea8M NINH S\u01a0N\" \/>\n<meta property=\"article:modified_time\" content=\"2026-01-25T04:00:44+00:00\" \/>\n<meta property=\"og:image\" content=\"https:\/\/ninhson-vn.com\/wp-content\/uploads\/z6230310759890_df9c64ea83d22ae5732735a0a0f7d94d-e1757438499439.jpg\" \/>\n\t<meta property=\"og:image:width\" content=\"338\" \/>\n\t<meta property=\"og:image:height\" content=\"600\" \/>\n\t<meta property=\"og:image:type\" content=\"image\/jpeg\" \/>\n<meta name=\"twitter:card\" content=\"summary_large_image\" \/>\n<meta name=\"twitter:label1\" content=\"\u01af\u1edbc t\u00ednh th\u1eddi gian \u0111\u1ecdc\" \/>\n\t<meta name=\"twitter:data1\" content=\"3 ph\u00fat\" \/>\n<script type=\"application\/ld+json\" class=\"yoast-schema-graph\">{\"@context\":\"https:\/\/schema.org\",\"@graph\":[{\"@type\":\"WebPage\",\"@id\":\"https:\/\/ninhson-vn.com\/?product=thiet-bi-do-luc-kep-khuon-sensormate\",\"url\":\"https:\/\/ninhson-vn.com\/?product=thiet-bi-do-luc-kep-khuon-sensormate\",\"name\":\"Thi\u1ebft b\u1ecb \u0111o l\u1ef1c k\u1eb9p khu\u00f4n Sensormate SML-ME\/8. - C\u00d4NG TY TNHH TH\u01af\u01a0NG M\u1ea0I D\u1ecaCH V\u1ee4 V\u00c0 S\u1ea2N PH\u1ea8M NINH S\u01a0N\",\"isPartOf\":{\"@id\":\"https:\/\/ninhson-vn.com\/#website\"},\"primaryImageOfPage\":{\"@id\":\"https:\/\/ninhson-vn.com\/?product=thiet-bi-do-luc-kep-khuon-sensormate#primaryimage\"},\"image\":{\"@id\":\"https:\/\/ninhson-vn.com\/?product=thiet-bi-do-luc-kep-khuon-sensormate#primaryimage\"},\"thumbnailUrl\":\"https:\/\/ninhson-vn.com\/wp-content\/uploads\/z6230310759890_df9c64ea83d22ae5732735a0a0f7d94d-e1757438499439.jpg\",\"datePublished\":\"2025-09-09T16:57:23+00:00\",\"dateModified\":\"2026-01-25T04:00:44+00:00\",\"description\":\"SML-ME\/8 l\u00e0 b\u1ed9 c\u1ea3m bi\u1ebfn l\u1ef1c k\u1eb9p khu\u00f4n (Magnet Clamping Force Control Sensor) \u0111\u01b0\u1ee3c thi\u1ebft k\u1ebf \u0111\u1ec3 h\u1ed7 tr\u1ee3 qu\u00e1 tr\u00ecnh \u0111o ki\u1ec3m, c\u00e0i \u0111\u1eb7t v\u00e0 hi\u1ec7u chu\u1ea9n m\u00e1y \u00e9p nh\u1ef1a\",\"breadcrumb\":{\"@id\":\"https:\/\/ninhson-vn.com\/?product=thiet-bi-do-luc-kep-khuon-sensormate#breadcrumb\"},\"inLanguage\":\"vi\",\"potentialAction\":[{\"@type\":\"ReadAction\",\"target\":[\"https:\/\/ninhson-vn.com\/?product=thiet-bi-do-luc-kep-khuon-sensormate\"]}]},{\"@type\":\"ImageObject\",\"inLanguage\":\"vi\",\"@id\":\"https:\/\/ninhson-vn.com\/?product=thiet-bi-do-luc-kep-khuon-sensormate#primaryimage\",\"url\":\"https:\/\/ninhson-vn.com\/wp-content\/uploads\/z6230310759890_df9c64ea83d22ae5732735a0a0f7d94d-e1757438499439.jpg\",\"contentUrl\":\"https:\/\/ninhson-vn.com\/wp-content\/uploads\/z6230310759890_df9c64ea83d22ae5732735a0a0f7d94d-e1757438499439.jpg\",\"width\":338,\"height\":600},{\"@type\":\"BreadcrumbList\",\"@id\":\"https:\/\/ninhson-vn.com\/?product=thiet-bi-do-luc-kep-khuon-sensormate#breadcrumb\",\"itemListElement\":[{\"@type\":\"ListItem\",\"position\":1,\"name\":\"Trang ch\u1ee7\",\"item\":\"https:\/\/ninhson-vn.com\/\"},{\"@type\":\"ListItem\",\"position\":2,\"name\":\"C\u1eeda h\u00e0ng\",\"item\":\"https:\/\/ninhson-vn.com\/?page_id=12\"},{\"@type\":\"ListItem\",\"position\":3,\"name\":\"Thi\u1ebft b\u1ecb \u0111o l\u1ef1c k\u1eb9p khu\u00f4n Sensormate SML-ME\/8.\"}]},{\"@type\":\"WebSite\",\"@id\":\"https:\/\/ninhson-vn.com\/#website\",\"url\":\"https:\/\/ninhson-vn.com\/\",\"name\":\"C\u00d4NG TY TNHH TH\u01af\u01a0NG M\u1ea0I D\u1ecaCH V\u1ee4 V\u00c0 S\u1ea2N PH\u1ea8M NINH S\u01a0N\",\"description\":\"\",\"potentialAction\":[{\"@type\":\"SearchAction\",\"target\":{\"@type\":\"EntryPoint\",\"urlTemplate\":\"https:\/\/ninhson-vn.com\/?s={search_term_string}\"},\"query-input\":{\"@type\":\"PropertyValueSpecification\",\"valueRequired\":true,\"valueName\":\"search_term_string\"}}],\"inLanguage\":\"vi\"}]}<\/script>\n<!-- \/ Yoast SEO Premium plugin. -->","yoast_head_json":{"title":"Thi\u1ebft b\u1ecb \u0111o l\u1ef1c k\u1eb9p khu\u00f4n Sensormate SML-ME\/8. - C\u00d4NG TY TNHH TH\u01af\u01a0NG M\u1ea0I D\u1ecaCH V\u1ee4 V\u00c0 S\u1ea2N PH\u1ea8M NINH S\u01a0N","description":"SML-ME\/8 l\u00e0 b\u1ed9 c\u1ea3m bi\u1ebfn l\u1ef1c k\u1eb9p khu\u00f4n (Magnet Clamping Force Control Sensor) \u0111\u01b0\u1ee3c thi\u1ebft k\u1ebf \u0111\u1ec3 h\u1ed7 tr\u1ee3 qu\u00e1 tr\u00ecnh \u0111o ki\u1ec3m, c\u00e0i \u0111\u1eb7t v\u00e0 hi\u1ec7u chu\u1ea9n m\u00e1y \u00e9p nh\u1ef1a","robots":{"index":"noindex","follow":"follow","max-snippet":"max-snippet:-1","max-image-preview":"max-image-preview:large","max-video-preview":"max-video-preview:-1"},"og_locale":"vi_VN","og_type":"article","og_title":"Thi\u1ebft b\u1ecb \u0111o l\u1ef1c k\u1eb9p khu\u00f4n Sensormate SML-ME\/8.","og_description":"SML-ME\/8 l\u00e0 b\u1ed9 c\u1ea3m bi\u1ebfn l\u1ef1c k\u1eb9p khu\u00f4n (Magnet Clamping Force Control Sensor) \u0111\u01b0\u1ee3c thi\u1ebft k\u1ebf \u0111\u1ec3 h\u1ed7 tr\u1ee3 qu\u00e1 tr\u00ecnh \u0111o ki\u1ec3m, c\u00e0i \u0111\u1eb7t v\u00e0 hi\u1ec7u chu\u1ea9n m\u00e1y \u00e9p nh\u1ef1a","og_url":"https:\/\/ninhson-vn.com\/?product=thiet-bi-do-luc-kep-khuon-sensormate","og_site_name":"C\u00d4NG TY TNHH TH\u01af\u01a0NG M\u1ea0I D\u1ecaCH V\u1ee4 V\u00c0 S\u1ea2N PH\u1ea8M NINH S\u01a0N","article_modified_time":"2026-01-25T04:00:44+00:00","og_image":[{"width":338,"height":600,"url":"https:\/\/ninhson-vn.com\/wp-content\/uploads\/z6230310759890_df9c64ea83d22ae5732735a0a0f7d94d-e1757438499439.jpg","type":"image\/jpeg"}],"twitter_card":"summary_large_image","twitter_misc":{"\u01af\u1edbc t\u00ednh th\u1eddi gian \u0111\u1ecdc":"3 ph\u00fat"},"schema":{"@context":"https:\/\/schema.org","@graph":[{"@type":"WebPage","@id":"https:\/\/ninhson-vn.com\/?product=thiet-bi-do-luc-kep-khuon-sensormate","url":"https:\/\/ninhson-vn.com\/?product=thiet-bi-do-luc-kep-khuon-sensormate","name":"Thi\u1ebft b\u1ecb \u0111o l\u1ef1c k\u1eb9p khu\u00f4n Sensormate SML-ME\/8. - C\u00d4NG TY TNHH TH\u01af\u01a0NG M\u1ea0I D\u1ecaCH V\u1ee4 V\u00c0 S\u1ea2N PH\u1ea8M NINH S\u01a0N","isPartOf":{"@id":"https:\/\/ninhson-vn.com\/#website"},"primaryImageOfPage":{"@id":"https:\/\/ninhson-vn.com\/?product=thiet-bi-do-luc-kep-khuon-sensormate#primaryimage"},"image":{"@id":"https:\/\/ninhson-vn.com\/?product=thiet-bi-do-luc-kep-khuon-sensormate#primaryimage"},"thumbnailUrl":"https:\/\/ninhson-vn.com\/wp-content\/uploads\/z6230310759890_df9c64ea83d22ae5732735a0a0f7d94d-e1757438499439.jpg","datePublished":"2025-09-09T16:57:23+00:00","dateModified":"2026-01-25T04:00:44+00:00","description":"SML-ME\/8 l\u00e0 b\u1ed9 c\u1ea3m bi\u1ebfn l\u1ef1c k\u1eb9p khu\u00f4n (Magnet Clamping Force Control Sensor) \u0111\u01b0\u1ee3c thi\u1ebft k\u1ebf \u0111\u1ec3 h\u1ed7 tr\u1ee3 qu\u00e1 tr\u00ecnh \u0111o ki\u1ec3m, c\u00e0i \u0111\u1eb7t v\u00e0 hi\u1ec7u chu\u1ea9n m\u00e1y \u00e9p nh\u1ef1a","breadcrumb":{"@id":"https:\/\/ninhson-vn.com\/?product=thiet-bi-do-luc-kep-khuon-sensormate#breadcrumb"},"inLanguage":"vi","potentialAction":[{"@type":"ReadAction","target":["https:\/\/ninhson-vn.com\/?product=thiet-bi-do-luc-kep-khuon-sensormate"]}]},{"@type":"ImageObject","inLanguage":"vi","@id":"https:\/\/ninhson-vn.com\/?product=thiet-bi-do-luc-kep-khuon-sensormate#primaryimage","url":"https:\/\/ninhson-vn.com\/wp-content\/uploads\/z6230310759890_df9c64ea83d22ae5732735a0a0f7d94d-e1757438499439.jpg","contentUrl":"https:\/\/ninhson-vn.com\/wp-content\/uploads\/z6230310759890_df9c64ea83d22ae5732735a0a0f7d94d-e1757438499439.jpg","width":338,"height":600},{"@type":"BreadcrumbList","@id":"https:\/\/ninhson-vn.com\/?product=thiet-bi-do-luc-kep-khuon-sensormate#breadcrumb","itemListElement":[{"@type":"ListItem","position":1,"name":"Trang ch\u1ee7","item":"https:\/\/ninhson-vn.com\/"},{"@type":"ListItem","position":2,"name":"C\u1eeda h\u00e0ng","item":"https:\/\/ninhson-vn.com\/?page_id=12"},{"@type":"ListItem","position":3,"name":"Thi\u1ebft b\u1ecb \u0111o l\u1ef1c k\u1eb9p khu\u00f4n Sensormate SML-ME\/8."}]},{"@type":"WebSite","@id":"https:\/\/ninhson-vn.com\/#website","url":"https:\/\/ninhson-vn.com\/","name":"C\u00d4NG TY TNHH TH\u01af\u01a0NG M\u1ea0I D\u1ecaCH V\u1ee4 V\u00c0 S\u1ea2N PH\u1ea8M NINH S\u01a0N","description":"","potentialAction":[{"@type":"SearchAction","target":{"@type":"EntryPoint","urlTemplate":"https:\/\/ninhson-vn.com\/?s={search_term_string}"},"query-input":{"@type":"PropertyValueSpecification","valueRequired":true,"valueName":"search_term_string"}}],"inLanguage":"vi"}]}},"_links":{"self":[{"href":"https:\/\/ninhson-vn.com\/index.php?rest_route=\/wp\/v2\/product\/470","targetHints":{"allow":["GET"]}}],"collection":[{"href":"https:\/\/ninhson-vn.com\/index.php?rest_route=\/wp\/v2\/product"}],"about":[{"href":"https:\/\/ninhson-vn.com\/index.php?rest_route=\/wp\/v2\/types\/product"}],"replies":[{"embeddable":true,"href":"https:\/\/ninhson-vn.com\/index.php?rest_route=%2Fwp%2Fv2%2Fcomments&post=470"}],"wp:featuredmedia":[{"embeddable":true,"href":"https:\/\/ninhson-vn.com\/index.php?rest_route=\/wp\/v2\/media\/374"}],"wp:attachment":[{"href":"https:\/\/ninhson-vn.com\/index.php?rest_route=%2Fwp%2Fv2%2Fmedia&parent=470"}],"wp:term":[{"taxonomy":"product_brand","embeddable":true,"href":"https:\/\/ninhson-vn.com\/index.php?rest_route=%2Fwp%2Fv2%2Fproduct_brand&post=470"},{"taxonomy":"product_cat","embeddable":true,"href":"https:\/\/ninhson-vn.com\/index.php?rest_route=%2Fwp%2Fv2%2Fproduct_cat&post=470"},{"taxonomy":"product_tag","embeddable":true,"href":"https:\/\/ninhson-vn.com\/index.php?rest_route=%2Fwp%2Fv2%2Fproduct_tag&post=470"}],"curies":[{"name":"wp","href":"https:\/\/api.w.org\/{rel}","templated":true}]}}