{"id":472,"date":"2025-09-09T17:12:44","date_gmt":"2025-09-09T17:12:44","guid":{"rendered":"https:\/\/ninhson-vn.com\/?post_type=product&#038;p=472"},"modified":"2026-01-25T04:00:28","modified_gmt":"2026-01-25T04:00:28","slug":"thiet-bi-do-luc-kep-khuon-sensormate-3","status":"publish","type":"product","link":"https:\/\/ninhson-vn.com\/?product=thiet-bi-do-luc-kep-khuon-sensormate-3","title":{"rendered":"Thi\u1ebft b\u1ecb \u0111o l\u1ef1c k\u1eb9p khu\u00f4n Sensormate SML-WME\/8"},"content":{"rendered":"<h2 data-start=\"224\" data-end=\"272\">Gi\u1edbi thi\u1ec7u thi\u1ebft b\u1ecb SML-WME\/8 c\u1ee7a Sensormate<\/h2>\n<p data-start=\"274\" data-end=\"781\"><strong data-start=\"274\" data-end=\"287\">SML-WME\/8<\/strong> l\u00e0 h\u1ec7 th\u1ed1ng <strong data-start=\"300\" data-end=\"339\">c\u1ea3m bi\u1ebfn l\u1ef1c k\u1eb9p nam ch\u00e2m kh\u00f4ng d\u00e2y<\/strong> (Wireless Magnet Clamping Force Control Sensor) do Sensormate (\u0110\u00e0i Loan) s\u1ea3n xu\u1ea5t, chuy\u00ean d\u00f9ng \u0111\u1ec3 \u0111o v\u00e0 ki\u1ec3m so\u00e1t l\u1ef1c k\u1eb9p tr\u00ean c\u00e1c m\u00e1y \u00e9p nh\u1ef1a, \u00e9p nh\u00f4m.<\/p>\n<p data-start=\"274\" data-end=\"781\">Thi\u1ebft b\u1ecb gi\u00fap \u0111\u1ea3m b\u1ea3o l\u1ef1c k\u1eb9p \u0111\u1ed3ng \u0111\u1ec1u m\u00e0 kh\u00f4ng l\u00e0m qu\u00e1 t\u1ea3i thanh tie-bar ho\u1eb7c toggle bar. Thi\u1ebft b\u1ecb truy\u1ec1n d\u1eef li\u1ec7u kh\u00f4ng d\u00e2y, t\u01b0\u01a1ng th\u00edch v\u1edbi thi\u1ebft b\u1ecb hi\u1ec3n th\u1ecb nh\u01b0 m\u00e0n h\u00ecnh c\u1ea7m tay ho\u1eb7c m\u00e1y t\u00ednh b\u1ea3ng Android ch\u1ea1y h\u1ec7 \u0111i\u1ec1u h\u00e0nh Android 11 tr\u1edf l\u00ean\u00a0<\/p>\n<hr data-start=\"783\" data-end=\"786\" \/>\n<h2 data-start=\"788\" data-end=\"813\">C\u00e1c ch\u1ee9c n\u0103ng n\u1ed5i b\u1eadt<\/h2>\n<ul data-start=\"815\" data-end=\"1540\">\n<li data-start=\"815\" data-end=\"961\">\n<p data-start=\"817\" data-end=\"961\"><strong data-start=\"817\" data-end=\"857\">L\u1eafp \u0111\u1eb7t nhanh, kh\u00f4ng c\u1ea7n d\u00e2y k\u1ebft n\u1ed1i<\/strong>: G\u1eafn b\u1eb1ng nam ch\u00e2m m\u1ea1nh, d\u1ec5 thao t\u00e1c tr\u00ean tie-bar ho\u1eb7c m\u1eb7t ph\u1eb3ng\u00a0<\/p>\n<\/li>\n<li data-start=\"962\" data-end=\"1162\">\n<p data-start=\"964\" data-end=\"1162\"><strong data-start=\"964\" data-end=\"995\">\u0110o l\u1ef1c k\u1eb9p \u0111\u1ed3ng \u0111\u1ec1u, t\u1ed1i \u01b0u<\/strong>: V\u1edbi 8 c\u1ea3m bi\u1ebfn, h\u1ec7 th\u1ed1ng t\u1ef1 \u0111\u1ed9ng \u0111o v\u00e0 b\u00f9 bi\u1ebfn d\u1ea1ng u\u1ed1n c\u1ee7a tie-bar \u0111\u1ec3 hi\u1ec3n th\u1ecb t\u1ed5ng l\u1ef1c k\u1eb9p ch\u00ednh x\u00e1c, \u0111\u1ed9 ch\u00ednh x\u00e1c kho\u1ea3ng 1%\u00a0<\/p>\n<\/li>\n<li data-start=\"1163\" data-end=\"1313\">\n<p data-start=\"1165\" data-end=\"1313\"><strong data-start=\"1165\" data-end=\"1190\">T\u01b0\u01a1ng th\u00edch linh ho\u1ea1t<\/strong>: Ph\u00f9 h\u1ee3p v\u1edbi m\u1ecdi k\u00edch c\u1ee1 tie-bar v\u00e0 c\u00f3 th\u1ec3 l\u1eafp ngay tr\u00ean b\u1ec1 m\u1eb7t ph\u1eb3ng nh\u01b0 m\u1eb7t khu\u00f4n<\/p>\n<\/li>\n<li data-start=\"1314\" data-end=\"1540\">\n<p data-start=\"1316\" data-end=\"1540\"><strong data-start=\"1316\" data-end=\"1338\">Hi\u1ec3n th\u1ecb tr\u1ef1c quan<\/strong>: D\u1eef li\u1ec7u \u0111\u01b0\u1ee3c hi\u1ec3n th\u1ecb ngay tr\u00ean m\u00e1y b\u1ea3ng\/tablet \u2013 c\u00f3 th\u1ec3 l\u01b0u l\u1ea1i d\u01b0\u1edbi d\u1ea1ng \u1ea3nh ch\u1ee5p m\u00e0n h\u00ecnh, xu\u1ea5t CSV ho\u1eb7c in\/ghi theo d\u00f5i bi\u1ec3u \u0111\u1ed3, d\u1ec5 d\u00e0ng qu\u1ea3n l\u00fd v\u00e0 ph\u00e2n t\u00edch\u00a0<\/p>\n<\/li>\n<\/ul>\n<hr data-start=\"1542\" data-end=\"1545\" \/>\n<h2 data-start=\"1547\" data-end=\"1572\">\u01afu \u0111i\u1ec3m v\u00e0 nh\u01b0\u1ee3c \u0111i\u1ec3m<\/h2>\n<div class=\"_tableContainer_1rjym_1\">\n<div class=\"_tableWrapper_1rjym_13 group flex w-fit flex-col-reverse\">\n<table class=\"w-fit min-w-(--thread-content-width)\" data-start=\"1574\" data-end=\"2251\">\n<thead data-start=\"1574\" data-end=\"1593\">\n<tr data-start=\"1574\" data-end=\"1593\">\n<th data-start=\"1574\" data-end=\"1584\" data-col-size=\"sm\">\u01afu \u0111i\u1ec3m<\/th>\n<th data-start=\"1584\" data-end=\"1593\" data-col-size=\"lg\">M\u00f4 t\u1ea3<\/th>\n<\/tr>\n<\/thead>\n<tbody data-start=\"1615\" data-end=\"2251\">\n<tr data-start=\"1615\" data-end=\"1740\">\n<td data-start=\"1615\" data-end=\"1644\" data-col-size=\"sm\"><strong data-start=\"1617\" data-end=\"1643\">Kh\u00f4ng d\u00e2y, d\u1ec5 thao t\u00e1c<\/strong><\/td>\n<td data-col-size=\"lg\" data-start=\"1644\" data-end=\"1740\">G\u1eafn b\u1eb1ng nam ch\u00e2m, kh\u00f4ng c\u1ea7n k\u1ebft n\u1ed1i d\u00e2y, ph\u00f9 h\u1ee3p m\u00f4i tr\u01b0\u1eddng l\u00e0m vi\u1ec7c g\u1ecdn g\u00e0ng v\u00e0 linh ho\u1ea1t.<\/td>\n<\/tr>\n<tr data-start=\"1741\" data-end=\"1897\">\n<td data-start=\"1741\" data-end=\"1781\" data-col-size=\"sm\"><strong data-start=\"1743\" data-end=\"1780\">\u0110\u1ed9 ch\u00ednh x\u00e1c cao &amp; ph\u1ea3n h\u1ed3i nhanh<\/strong><\/td>\n<td data-col-size=\"lg\" data-start=\"1781\" data-end=\"1897\">B\u00f9 bi\u1ebfn d\u1ea1ng u\u1ed1n v\u00e0 hi\u1ec3n th\u1ecb l\u1ef1c k\u1eb9p th\u1ef1c t\u1ebf, sai s\u1ed1 r\u1ea5t th\u1ea5p (kho\u1ea3ng 1%)<\/td>\n<\/tr>\n<tr data-start=\"1898\" data-end=\"2079\">\n<td data-start=\"1898\" data-end=\"1934\" data-col-size=\"sm\"><strong data-start=\"1900\" data-end=\"1933\">Gi\u00e1m s\u00e1t hi\u1ec7u qu\u1ea3 &amp; tr\u1ef1c quan<\/strong><\/td>\n<td data-col-size=\"lg\" data-start=\"1934\" data-end=\"2079\">Hi\u1ec3n th\u1ecb l\u00ean m\u00e1y b\u1ea3ng Android, d\u1eef li\u1ec7u c\u00f3 th\u1ec3 l\u01b0u\/ghi l\u1ea1i, thu\u1eadn ti\u1ec7n khi theo d\u00f5i ti\u1ebfn tr\u00ecnh v\u1eadn h\u00e0nh.<\/td>\n<\/tr>\n<tr data-start=\"2080\" data-end=\"2251\">\n<td data-start=\"2080\" data-end=\"2119\" data-col-size=\"sm\"><strong data-start=\"2082\" data-end=\"2118\">B\u1ea3o v\u1ec7 hi\u1ec7u qu\u1ea3 m\u00e1y m\u00f3c v\u00e0 khu\u00f4n<\/strong><\/td>\n<td data-start=\"2119\" data-end=\"2251\" data-col-size=\"lg\">Gi\u00e1m s\u00e1t l\u1ef1c k\u1eb9p gi\u00fap ng\u0103n tie-bar b\u1ecb qu\u00e1 t\u1ea3i, gi\u1ea3m m\u00e0i m\u00f2n khu\u00f4n, t\u0103ng tu\u1ed5i th\u1ecd thi\u1ebft b\u1ecb .<\/td>\n<\/tr>\n<\/tbody>\n<\/table>\n<\/div>\n<\/div>\n<div class=\"_tableContainer_1rjym_1\">\n<div class=\"_tableWrapper_1rjym_13 group flex w-fit flex-col-reverse\">\n<table class=\"w-fit min-w-(--thread-content-width)\" data-start=\"2253\" data-end=\"2648\">\n<thead data-start=\"2253\" data-end=\"2277\">\n<tr data-start=\"2253\" data-end=\"2277\">\n<th data-start=\"2253\" data-end=\"2266\" data-col-size=\"sm\">Nh\u01b0\u1ee3c \u0111i\u1ec3m<\/th>\n<th data-start=\"2266\" data-end=\"2277\" data-col-size=\"md\">H\u1ea1n ch\u1ebf<\/th>\n<\/tr>\n<\/thead>\n<tbody data-start=\"2303\" data-end=\"2648\">\n<tr data-start=\"2303\" data-end=\"2406\">\n<td data-start=\"2303\" data-end=\"2337\" data-col-size=\"sm\"><strong data-start=\"2305\" data-end=\"2336\">C\u1ea7n thi\u1ebft b\u1ecb hi\u1ec3n th\u1ecb ri\u00eang<\/strong><\/td>\n<td data-start=\"2337\" data-end=\"2406\" data-col-size=\"md\">Y\u00eau c\u1ea7u m\u00e0n h\u00ecnh c\u1ea7m tay ho\u1eb7c m\u00e1y b\u1ea3ng Android, kh\u00f4ng \u0111i k\u00e8m s\u1eb5n.<\/td>\n<\/tr>\n<tr data-start=\"2407\" data-end=\"2519\">\n<td data-start=\"2407\" data-end=\"2431\" data-col-size=\"sm\"><strong data-start=\"2409\" data-end=\"2430\">Ph\u1ee5 thu\u1ed9c v\u00e0o pin<\/strong><\/td>\n<td data-start=\"2431\" data-end=\"2519\" data-col-size=\"md\">Sensor ho\u1ea1t \u0111\u1ed9ng b\u1eb1ng pin AA (NiMH ho\u1eb7c alkaline), c\u1ea7n theo d\u00f5i v\u00e0 s\u1ea1c th\u01b0\u1eddng xuy\u00ean.<\/td>\n<\/tr>\n<tr data-start=\"2520\" data-end=\"2648\">\n<td data-start=\"2520\" data-end=\"2549\" data-col-size=\"sm\"><strong data-start=\"2522\" data-end=\"2548\">Chi ph\u00ed \u0111\u1ea7u t\u01b0 cao h\u01a1n<\/strong><\/td>\n<td data-start=\"2549\" data-end=\"2648\" data-col-size=\"md\">So v\u1edbi c\u1ea3m bi\u1ebfn c\u00f3 d\u00e2y, phi\u00ean b\u1ea3n kh\u00f4ng d\u00e2y c\u00f3 th\u1ec3 \u0111\u1ed9i gi\u00e1 do c\u1ea7n th\u00eam b\u1ed9 thu, pin, ph\u1ea7n m\u1ec1m&#8230;<\/td>\n<\/tr>\n<\/tbody>\n<\/table>\n<\/div>\n<\/div>\n<hr data-start=\"2650\" data-end=\"2653\" \/>\n<h2 data-start=\"2655\" data-end=\"2667\">K\u1ebft lu\u1eadn<\/h2>\n<p data-start=\"2669\" data-end=\"2947\">Thi\u1ebft b\u1ecb <strong data-start=\"2678\" data-end=\"2691\">SML-WME\/8<\/strong> c\u1ee7a Sensormate l\u00e0 gi\u1ea3i ph\u00e1p \u0111o l\u1ef1c k\u1eb9p khu\u00f4n \u0111\u00e1ng tin c\u1eady, hi\u1ec7n \u0111\u1ea1i v\u00e0 linh ho\u1ea1t cho ng\u00e0nh nh\u1ef1a. V\u1edbi thi\u1ebft k\u1ebf kh\u00f4ng d\u00e2y, \u0111o chu\u1ea9n x\u00e1c v\u00e0 hi\u1ec3n th\u1ecb ti\u1ec7n l\u1ee3i, n\u00f3 kh\u00f4ng ch\u1ec9 n\u00e2ng cao \u0111\u1ed9 an to\u00e0n v\u1eadn h\u00e0nh m\u00e0 c\u00f2n gi\u00fap t\u1ed1i \u01b0u h\u00f3a n\u0103ng su\u1ea5t v\u00e0 gi\u1ea3m hao m\u00f2n m\u00e1y m\u00f3c.<\/p>\n","protected":false},"excerpt":{"rendered":"<p>Technical Data: &#8211; Model: SML-WME\/8<br \/>\n&#8211; Strain gauge: 350 \u03a9<br \/>\n&#8211; Measuring range: \u00b1 800 \u03bc\u03b5<br \/>\n&#8211; Sensitivity of sensor (1\/2 bridge<br \/>\ncompensated): 1.0 mV\/V @ F.S. &#8211; Linearity: &lt; 0.5 %<br \/>\n&#8211; Over all accuracy: \u00b1 0.5 % F.S. &#8211; Repeatability: 0.1% F.S. &#8211; Hysteresis: 0.1% F.S. &#8211; Operating temperature range: +0\u2026+60\u2103<br \/>\n&#8211; Sensor dimension: 88 x 46,5 x 50<br \/>\n&#8211; Power supply 2 AA NiMH rechargeable or Alkaline battery60Hz Maker: Sensormate &#8211; Taiwan<\/p>\n","protected":false},"featured_media":375,"comment_status":"open","ping_status":"closed","template":"","meta":[],"product_brand":[],"product_cat":[42,47],"product_tag":[],"class_list":{"0":"post-472","1":"product","2":"type-product","3":"status-publish","4":"has-post-thumbnail","6":"product_cat-thiet-bi-do-luc-kep-khuon-sensormate","7":"product_cat-thiet-bi-do-luong-sensormate","9":"first","10":"instock","11":"shipping-taxable","12":"product-type-simple"},"yoast_head":"<!-- This site is optimized with the Yoast SEO Premium plugin v23.2 (Yoast SEO v25.8) - https:\/\/yoast.com\/wordpress\/plugins\/seo\/ -->\n<title>Thi\u1ebft b\u1ecb \u0111o l\u1ef1c k\u1eb9p khu\u00f4n Sensormate SML-WME\/8 - C\u00d4NG TY TNHH TH\u01af\u01a0NG M\u1ea0I D\u1ecaCH V\u1ee4 V\u00c0 S\u1ea2N PH\u1ea8M NINH S\u01a0N<\/title>\n<meta name=\"description\" content=\"SML-WME\/8 l\u00e0 h\u1ec7 th\u1ed1ng c\u1ea3m bi\u1ebfn l\u1ef1c k\u1eb9p nam ch\u00e2m kh\u00f4ng d\u00e2y do Sensormate s\u1ea3n xu\u1ea5t, chuy\u00ean d\u00f9ng \u0111\u1ec3 \u0111o v\u00e0 ki\u1ec3m so\u00e1t l\u1ef1c k\u1eb9p tr\u00ean c\u00e1c m\u00e1y \u00e9p nh\u1ef1a, \u00e9p nh\u00f4m.\" \/>\n<meta name=\"robots\" content=\"noindex, follow, max-snippet:-1, max-image-preview:large, max-video-preview:-1\" \/>\n<meta property=\"og:locale\" content=\"vi_VN\" \/>\n<meta property=\"og:type\" content=\"article\" \/>\n<meta property=\"og:title\" content=\"Thi\u1ebft b\u1ecb \u0111o l\u1ef1c k\u1eb9p khu\u00f4n Sensormate SML-WME\/8\" \/>\n<meta property=\"og:description\" content=\"SML-WME\/8 l\u00e0 h\u1ec7 th\u1ed1ng c\u1ea3m bi\u1ebfn l\u1ef1c k\u1eb9p nam ch\u00e2m kh\u00f4ng d\u00e2y do Sensormate s\u1ea3n xu\u1ea5t, chuy\u00ean d\u00f9ng \u0111\u1ec3 \u0111o v\u00e0 ki\u1ec3m so\u00e1t l\u1ef1c k\u1eb9p tr\u00ean c\u00e1c m\u00e1y \u00e9p nh\u1ef1a, \u00e9p nh\u00f4m.\" \/>\n<meta property=\"og:url\" content=\"https:\/\/ninhson-vn.com\/?product=thiet-bi-do-luc-kep-khuon-sensormate-3\" \/>\n<meta property=\"og:site_name\" content=\"C\u00d4NG TY TNHH TH\u01af\u01a0NG M\u1ea0I D\u1ecaCH V\u1ee4 V\u00c0 S\u1ea2N PH\u1ea8M NINH S\u01a0N\" \/>\n<meta property=\"article:modified_time\" content=\"2026-01-25T04:00:28+00:00\" \/>\n<meta property=\"og:image\" content=\"https:\/\/ninhson-vn.com\/wp-content\/uploads\/z6473909401379_a84ea790611f451cc7523996a51f2bab.jpg\" \/>\n\t<meta property=\"og:image:width\" content=\"550\" \/>\n\t<meta property=\"og:image:height\" content=\"616\" \/>\n\t<meta property=\"og:image:type\" content=\"image\/jpeg\" \/>\n<meta name=\"twitter:card\" content=\"summary_large_image\" \/>\n<meta name=\"twitter:label1\" content=\"\u01af\u1edbc t\u00ednh th\u1eddi gian \u0111\u1ecdc\" \/>\n\t<meta name=\"twitter:data1\" content=\"3 ph\u00fat\" \/>\n<script type=\"application\/ld+json\" class=\"yoast-schema-graph\">{\"@context\":\"https:\/\/schema.org\",\"@graph\":[{\"@type\":\"WebPage\",\"@id\":\"https:\/\/ninhson-vn.com\/?product=thiet-bi-do-luc-kep-khuon-sensormate-3\",\"url\":\"https:\/\/ninhson-vn.com\/?product=thiet-bi-do-luc-kep-khuon-sensormate-3\",\"name\":\"Thi\u1ebft b\u1ecb \u0111o l\u1ef1c k\u1eb9p khu\u00f4n Sensormate SML-WME\/8 - C\u00d4NG TY TNHH TH\u01af\u01a0NG M\u1ea0I D\u1ecaCH V\u1ee4 V\u00c0 S\u1ea2N PH\u1ea8M NINH S\u01a0N\",\"isPartOf\":{\"@id\":\"https:\/\/ninhson-vn.com\/#website\"},\"primaryImageOfPage\":{\"@id\":\"https:\/\/ninhson-vn.com\/?product=thiet-bi-do-luc-kep-khuon-sensormate-3#primaryimage\"},\"image\":{\"@id\":\"https:\/\/ninhson-vn.com\/?product=thiet-bi-do-luc-kep-khuon-sensormate-3#primaryimage\"},\"thumbnailUrl\":\"https:\/\/ninhson-vn.com\/wp-content\/uploads\/z6473909401379_a84ea790611f451cc7523996a51f2bab.jpg\",\"datePublished\":\"2025-09-09T17:12:44+00:00\",\"dateModified\":\"2026-01-25T04:00:28+00:00\",\"description\":\"SML-WME\/8 l\u00e0 h\u1ec7 th\u1ed1ng c\u1ea3m bi\u1ebfn l\u1ef1c k\u1eb9p nam ch\u00e2m kh\u00f4ng d\u00e2y do Sensormate s\u1ea3n xu\u1ea5t, chuy\u00ean d\u00f9ng \u0111\u1ec3 \u0111o v\u00e0 ki\u1ec3m so\u00e1t l\u1ef1c k\u1eb9p tr\u00ean c\u00e1c m\u00e1y \u00e9p nh\u1ef1a, \u00e9p nh\u00f4m.\",\"breadcrumb\":{\"@id\":\"https:\/\/ninhson-vn.com\/?product=thiet-bi-do-luc-kep-khuon-sensormate-3#breadcrumb\"},\"inLanguage\":\"vi\",\"potentialAction\":[{\"@type\":\"ReadAction\",\"target\":[\"https:\/\/ninhson-vn.com\/?product=thiet-bi-do-luc-kep-khuon-sensormate-3\"]}]},{\"@type\":\"ImageObject\",\"inLanguage\":\"vi\",\"@id\":\"https:\/\/ninhson-vn.com\/?product=thiet-bi-do-luc-kep-khuon-sensormate-3#primaryimage\",\"url\":\"https:\/\/ninhson-vn.com\/wp-content\/uploads\/z6473909401379_a84ea790611f451cc7523996a51f2bab.jpg\",\"contentUrl\":\"https:\/\/ninhson-vn.com\/wp-content\/uploads\/z6473909401379_a84ea790611f451cc7523996a51f2bab.jpg\",\"width\":550,\"height\":616},{\"@type\":\"BreadcrumbList\",\"@id\":\"https:\/\/ninhson-vn.com\/?product=thiet-bi-do-luc-kep-khuon-sensormate-3#breadcrumb\",\"itemListElement\":[{\"@type\":\"ListItem\",\"position\":1,\"name\":\"Trang ch\u1ee7\",\"item\":\"https:\/\/ninhson-vn.com\/\"},{\"@type\":\"ListItem\",\"position\":2,\"name\":\"C\u1eeda h\u00e0ng\",\"item\":\"https:\/\/ninhson-vn.com\/?page_id=12\"},{\"@type\":\"ListItem\",\"position\":3,\"name\":\"Thi\u1ebft b\u1ecb \u0111o l\u1ef1c k\u1eb9p khu\u00f4n Sensormate SML-WME\/8\"}]},{\"@type\":\"WebSite\",\"@id\":\"https:\/\/ninhson-vn.com\/#website\",\"url\":\"https:\/\/ninhson-vn.com\/\",\"name\":\"C\u00d4NG TY TNHH TH\u01af\u01a0NG M\u1ea0I D\u1ecaCH V\u1ee4 V\u00c0 S\u1ea2N PH\u1ea8M NINH S\u01a0N\",\"description\":\"\",\"potentialAction\":[{\"@type\":\"SearchAction\",\"target\":{\"@type\":\"EntryPoint\",\"urlTemplate\":\"https:\/\/ninhson-vn.com\/?s={search_term_string}\"},\"query-input\":{\"@type\":\"PropertyValueSpecification\",\"valueRequired\":true,\"valueName\":\"search_term_string\"}}],\"inLanguage\":\"vi\"}]}<\/script>\n<!-- \/ Yoast SEO Premium plugin. -->","yoast_head_json":{"title":"Thi\u1ebft b\u1ecb \u0111o l\u1ef1c k\u1eb9p khu\u00f4n Sensormate SML-WME\/8 - C\u00d4NG TY TNHH TH\u01af\u01a0NG M\u1ea0I D\u1ecaCH V\u1ee4 V\u00c0 S\u1ea2N PH\u1ea8M NINH S\u01a0N","description":"SML-WME\/8 l\u00e0 h\u1ec7 th\u1ed1ng c\u1ea3m bi\u1ebfn l\u1ef1c k\u1eb9p nam ch\u00e2m kh\u00f4ng d\u00e2y do Sensormate s\u1ea3n xu\u1ea5t, chuy\u00ean d\u00f9ng \u0111\u1ec3 \u0111o v\u00e0 ki\u1ec3m so\u00e1t l\u1ef1c k\u1eb9p tr\u00ean c\u00e1c m\u00e1y \u00e9p nh\u1ef1a, \u00e9p nh\u00f4m.","robots":{"index":"noindex","follow":"follow","max-snippet":"max-snippet:-1","max-image-preview":"max-image-preview:large","max-video-preview":"max-video-preview:-1"},"og_locale":"vi_VN","og_type":"article","og_title":"Thi\u1ebft b\u1ecb \u0111o l\u1ef1c k\u1eb9p khu\u00f4n Sensormate SML-WME\/8","og_description":"SML-WME\/8 l\u00e0 h\u1ec7 th\u1ed1ng c\u1ea3m bi\u1ebfn l\u1ef1c k\u1eb9p nam ch\u00e2m kh\u00f4ng d\u00e2y do Sensormate s\u1ea3n xu\u1ea5t, chuy\u00ean d\u00f9ng \u0111\u1ec3 \u0111o v\u00e0 ki\u1ec3m so\u00e1t l\u1ef1c k\u1eb9p tr\u00ean c\u00e1c m\u00e1y \u00e9p nh\u1ef1a, \u00e9p nh\u00f4m.","og_url":"https:\/\/ninhson-vn.com\/?product=thiet-bi-do-luc-kep-khuon-sensormate-3","og_site_name":"C\u00d4NG TY TNHH TH\u01af\u01a0NG M\u1ea0I D\u1ecaCH V\u1ee4 V\u00c0 S\u1ea2N PH\u1ea8M NINH S\u01a0N","article_modified_time":"2026-01-25T04:00:28+00:00","og_image":[{"width":550,"height":616,"url":"https:\/\/ninhson-vn.com\/wp-content\/uploads\/z6473909401379_a84ea790611f451cc7523996a51f2bab.jpg","type":"image\/jpeg"}],"twitter_card":"summary_large_image","twitter_misc":{"\u01af\u1edbc t\u00ednh th\u1eddi gian \u0111\u1ecdc":"3 ph\u00fat"},"schema":{"@context":"https:\/\/schema.org","@graph":[{"@type":"WebPage","@id":"https:\/\/ninhson-vn.com\/?product=thiet-bi-do-luc-kep-khuon-sensormate-3","url":"https:\/\/ninhson-vn.com\/?product=thiet-bi-do-luc-kep-khuon-sensormate-3","name":"Thi\u1ebft b\u1ecb \u0111o l\u1ef1c k\u1eb9p khu\u00f4n Sensormate SML-WME\/8 - C\u00d4NG TY TNHH TH\u01af\u01a0NG M\u1ea0I D\u1ecaCH V\u1ee4 V\u00c0 S\u1ea2N PH\u1ea8M NINH S\u01a0N","isPartOf":{"@id":"https:\/\/ninhson-vn.com\/#website"},"primaryImageOfPage":{"@id":"https:\/\/ninhson-vn.com\/?product=thiet-bi-do-luc-kep-khuon-sensormate-3#primaryimage"},"image":{"@id":"https:\/\/ninhson-vn.com\/?product=thiet-bi-do-luc-kep-khuon-sensormate-3#primaryimage"},"thumbnailUrl":"https:\/\/ninhson-vn.com\/wp-content\/uploads\/z6473909401379_a84ea790611f451cc7523996a51f2bab.jpg","datePublished":"2025-09-09T17:12:44+00:00","dateModified":"2026-01-25T04:00:28+00:00","description":"SML-WME\/8 l\u00e0 h\u1ec7 th\u1ed1ng c\u1ea3m bi\u1ebfn l\u1ef1c k\u1eb9p nam ch\u00e2m kh\u00f4ng d\u00e2y do Sensormate s\u1ea3n xu\u1ea5t, chuy\u00ean d\u00f9ng \u0111\u1ec3 \u0111o v\u00e0 ki\u1ec3m so\u00e1t l\u1ef1c k\u1eb9p tr\u00ean c\u00e1c m\u00e1y \u00e9p nh\u1ef1a, \u00e9p nh\u00f4m.","breadcrumb":{"@id":"https:\/\/ninhson-vn.com\/?product=thiet-bi-do-luc-kep-khuon-sensormate-3#breadcrumb"},"inLanguage":"vi","potentialAction":[{"@type":"ReadAction","target":["https:\/\/ninhson-vn.com\/?product=thiet-bi-do-luc-kep-khuon-sensormate-3"]}]},{"@type":"ImageObject","inLanguage":"vi","@id":"https:\/\/ninhson-vn.com\/?product=thiet-bi-do-luc-kep-khuon-sensormate-3#primaryimage","url":"https:\/\/ninhson-vn.com\/wp-content\/uploads\/z6473909401379_a84ea790611f451cc7523996a51f2bab.jpg","contentUrl":"https:\/\/ninhson-vn.com\/wp-content\/uploads\/z6473909401379_a84ea790611f451cc7523996a51f2bab.jpg","width":550,"height":616},{"@type":"BreadcrumbList","@id":"https:\/\/ninhson-vn.com\/?product=thiet-bi-do-luc-kep-khuon-sensormate-3#breadcrumb","itemListElement":[{"@type":"ListItem","position":1,"name":"Trang ch\u1ee7","item":"https:\/\/ninhson-vn.com\/"},{"@type":"ListItem","position":2,"name":"C\u1eeda h\u00e0ng","item":"https:\/\/ninhson-vn.com\/?page_id=12"},{"@type":"ListItem","position":3,"name":"Thi\u1ebft b\u1ecb \u0111o l\u1ef1c k\u1eb9p khu\u00f4n Sensormate SML-WME\/8"}]},{"@type":"WebSite","@id":"https:\/\/ninhson-vn.com\/#website","url":"https:\/\/ninhson-vn.com\/","name":"C\u00d4NG TY TNHH TH\u01af\u01a0NG M\u1ea0I D\u1ecaCH V\u1ee4 V\u00c0 S\u1ea2N PH\u1ea8M NINH S\u01a0N","description":"","potentialAction":[{"@type":"SearchAction","target":{"@type":"EntryPoint","urlTemplate":"https:\/\/ninhson-vn.com\/?s={search_term_string}"},"query-input":{"@type":"PropertyValueSpecification","valueRequired":true,"valueName":"search_term_string"}}],"inLanguage":"vi"}]}},"_links":{"self":[{"href":"https:\/\/ninhson-vn.com\/index.php?rest_route=\/wp\/v2\/product\/472","targetHints":{"allow":["GET"]}}],"collection":[{"href":"https:\/\/ninhson-vn.com\/index.php?rest_route=\/wp\/v2\/product"}],"about":[{"href":"https:\/\/ninhson-vn.com\/index.php?rest_route=\/wp\/v2\/types\/product"}],"replies":[{"embeddable":true,"href":"https:\/\/ninhson-vn.com\/index.php?rest_route=%2Fwp%2Fv2%2Fcomments&post=472"}],"wp:featuredmedia":[{"embeddable":true,"href":"https:\/\/ninhson-vn.com\/index.php?rest_route=\/wp\/v2\/media\/375"}],"wp:attachment":[{"href":"https:\/\/ninhson-vn.com\/index.php?rest_route=%2Fwp%2Fv2%2Fmedia&parent=472"}],"wp:term":[{"taxonomy":"product_brand","embeddable":true,"href":"https:\/\/ninhson-vn.com\/index.php?rest_route=%2Fwp%2Fv2%2Fproduct_brand&post=472"},{"taxonomy":"product_cat","embeddable":true,"href":"https:\/\/ninhson-vn.com\/index.php?rest_route=%2Fwp%2Fv2%2Fproduct_cat&post=472"},{"taxonomy":"product_tag","embeddable":true,"href":"https:\/\/ninhson-vn.com\/index.php?rest_route=%2Fwp%2Fv2%2Fproduct_tag&post=472"}],"curies":[{"name":"wp","href":"https:\/\/api.w.org\/{rel}","templated":true}]}}