{"id":473,"date":"2025-09-09T17:18:45","date_gmt":"2025-09-09T17:18:45","guid":{"rendered":"https:\/\/ninhson-vn.com\/?post_type=product&#038;p=473"},"modified":"2026-01-25T03:59:57","modified_gmt":"2026-01-25T03:59:57","slug":"thiet-bi-do-luc-kep-khuon-sensormate-2","status":"publish","type":"product","link":"https:\/\/ninhson-vn.com\/?product=thiet-bi-do-luc-kep-khuon-sensormate-2","title":{"rendered":"Thi\u1ebft b\u1ecb \u0111o l\u1ef1c k\u1eb9p khu\u00f4n SML-WMEH\/8"},"content":{"rendered":"<h2 data-start=\"208\" data-end=\"257\">Gi\u1edbi thi\u1ec7u thi\u1ebft b\u1ecb SML-WMEH\/8 c\u1ee7a Sensormate<\/h2>\n<p data-start=\"259\" data-end=\"651\"><strong data-start=\"259\" data-end=\"273\">SML-WMEH\/8<\/strong> l\u00e0 h\u1ec7 th\u1ed1ng <strong data-start=\"286\" data-end=\"335\">Wireless Magnet Clamping Force Control Sensor<\/strong> ti\u00ean ti\u1ebfn t\u1eeb Sensormate, gi\u00fap \u0111o ch\u00ednh x\u00e1c l\u1ef1c k\u1eb9p khu\u00f4n tr\u00ean m\u00e1y \u00e9p nh\u1ef1a m\u00e0 kh\u00f4ng c\u1ea7n d\u00f9ng d\u00e2y t\u00edn hi\u1ec7u. \u0110i\u1ec3m n\u1ed5i b\u1eadt n\u1eb1m \u1edf <strong data-start=\"461\" data-end=\"481\">m\u00e0n h\u00ecnh c\u1ea7m tay<\/strong>, h\u1ed7 tr\u1ee3 hi\u1ec3n th\u1ecb tr\u1ef1c ti\u1ebfp d\u1eef li\u1ec7u \u2014 mang t\u1edbi kh\u1ea3 n\u0103ng gi\u00e1m s\u00e1t nhanh ch\u00f3ng v\u00e0 chuy\u00ean nghi\u1ec7p h\u01a1n c\u1ea3 phi\u00ean b\u1ea3n kh\u00f4ng d\u00e2y ti\u00eau chu\u1ea9n\u00a0<\/p>\n<hr data-start=\"653\" data-end=\"656\" \/>\n<h2 data-start=\"658\" data-end=\"679\">T\u00ednh n\u0103ng n\u1ed5i b\u1eadt<\/h2>\n<ul data-start=\"681\" data-end=\"1539\">\n<li data-start=\"681\" data-end=\"852\">\n<p data-start=\"683\" data-end=\"852\"><strong data-start=\"683\" data-end=\"714\">G\u1eafn nhanh v\u1edbi nam ch\u00e2m m\u1ea1nh<\/strong>, kh\u00f4ng d\u00e2y k\u1ebft n\u1ed1i \u2013 ti\u1ebft ki\u1ec7m th\u1eddi gian v\u00e0 c\u00f4ng s\u1ee9c khi thao t\u00e1c tr\u00ean tie-bar ho\u1eb7c b\u1ec1 m\u1eb7t ph\u1eb3ng\u00a0<\/p>\n<\/li>\n<li data-start=\"853\" data-end=\"1038\">\n<p data-start=\"855\" data-end=\"1038\"><strong data-start=\"855\" data-end=\"886\">Hi\u1ec7u chu\u1ea9n b\u00f9 bi\u1ebfn d\u1ea1ng u\u1ed1n<\/strong>: s\u1eed d\u1ee5ng c\u00e1c c\u1eb7p c\u1ea3m bi\u1ebfn \u0111\u1ed1i x\u1ee9ng \u0111\u1ec3 \u0111o u\u1ed1n v\u00e0 k\u00e9o ch\u00ednh x\u00e1c tr\u00ean tie-bar, \u0111\u1ea3m b\u1ea3o t\u1ed5ng l\u1ef1c k\u1eb9p hi\u1ec3n th\u1ecb \u0111\u00fang\u00a0<\/p>\n<\/li>\n<li data-start=\"1039\" data-end=\"1183\">\n<p data-start=\"1041\" data-end=\"1183\"><strong data-start=\"1041\" data-end=\"1081\">\u0110\u1ed9 ch\u00ednh x\u00e1c cao v\u00e0 \u0111\u1ed9 ph\u00e2n gi\u1ea3i t\u1ed1t<\/strong>: sai s\u1ed1 t\u1ed5ng \u2264 \u00b11%, \u0111\u1ed9 l\u1eb7p l\u1ea1i 0.1%, hysteresis &lt; \u00b10.5% F.S.\u00a0<\/p>\n<\/li>\n<li data-start=\"1184\" data-end=\"1345\">\n<p data-start=\"1186\" data-end=\"1345\"><strong data-start=\"1186\" data-end=\"1229\">Hi\u1ec3n th\u1ecb tr\u1ef1c ti\u1ebfp, kh\u00f4ng c\u1ea7n t\u00ednh to\u00e1n<\/strong>: m\u00e0n h\u00ecnh hi\u1ec3n th\u1ecb gi\u00e1 tr\u1ecb b\u1eb1ng \u03bc\u03b5 (\u03bc\u03b5), kN ho\u1eb7c t\u1ea5n \u2014 tr\u1ef1c quan v\u00e0 d\u1ec5 \u0111\u1ecdc\u00a0<\/p>\n<\/li>\n<li data-start=\"1346\" data-end=\"1539\">\n<p data-start=\"1348\" data-end=\"1539\"><strong data-start=\"1348\" data-end=\"1376\">L\u01b0u tr\u1eef d\u1eef li\u1ec7u ti\u1ec7n l\u1ee3i<\/strong>: m\u00e0n h\u00ecnh c\u1ea7m tay c\u00f3 b\u1ed9 nh\u1edb l\u01b0u t\u1ed1i \u0111a 800 l\u1ea7n \u0111o, k\u00e8m ph\u1ea7n m\u1ec1m \u201cSensing View-H\u201d \u0111\u1ec3 xu\u1ea5t file v\u00e0 in b\u00e1o c\u00e1o qua k\u1ebft n\u1ed1i USB\u00a0<\/p>\n<\/li>\n<\/ul>\n<hr data-start=\"1541\" data-end=\"1544\" \/>\n<h2 data-start=\"1546\" data-end=\"1571\">\u01afu \u0111i\u1ec3m v\u00e0 nh\u01b0\u1ee3c \u0111i\u1ec3m<\/h2>\n<div class=\"_tableContainer_1rjym_1\">\n<div class=\"_tableWrapper_1rjym_13 group flex w-fit flex-col-reverse\">\n<table class=\"w-fit min-w-(--thread-content-width)\" style=\"width: 68.8145%;height: 127px\" data-start=\"1573\" data-end=\"2210\">\n<thead data-start=\"1573\" data-end=\"1592\">\n<tr style=\"height: 21px\" data-start=\"1573\" data-end=\"1592\">\n<th style=\"height: 21px\" data-start=\"1573\" data-end=\"1583\" data-col-size=\"sm\">\u01afu \u0111i\u1ec3m<\/th>\n<th style=\"height: 21px\" data-start=\"1583\" data-end=\"1592\" data-col-size=\"md\">M\u00f4 t\u1ea3<\/th>\n<\/tr>\n<\/thead>\n<tbody data-start=\"1613\" data-end=\"2210\">\n<tr style=\"height: 21px\" data-start=\"1613\" data-end=\"1753\">\n<td style=\"height: 21px\" data-start=\"1613\" data-end=\"1645\" data-col-size=\"sm\"><strong data-start=\"1615\" data-end=\"1644\">Kh\u00f4ng d\u00e2y &amp; l\u1eafp \u0111\u1eb7t nhanh<\/strong><\/td>\n<td style=\"height: 21px\" data-start=\"1645\" data-end=\"1753\" data-col-size=\"md\">Gi\u1ea3m v\u01b0\u1edbng v\u00edu d\u00e2y, thu\u1eadn ti\u1ec7n thao t\u00e1c trong m\u00f4i tr\u01b0\u1eddng s\u1ea3n xu\u1ea5t\u00a0<\/td>\n<\/tr>\n<tr style=\"height: 43px\" data-start=\"1754\" data-end=\"1922\">\n<td style=\"height: 43px\" data-start=\"1754\" data-end=\"1798\" data-col-size=\"sm\"><strong data-start=\"1756\" data-end=\"1797\">Hi\u1ec3n th\u1ecb d\u1eef li\u1ec7u tr\u1ef1c quan &amp; hi\u1ec7u qu\u1ea3<\/strong><\/td>\n<td style=\"height: 43px\" data-start=\"1798\" data-end=\"1922\" data-col-size=\"md\">M\u00e0n h\u00ecnh c\u1ea7m tay hi\u1ec3n th\u1ecb th\u1eddi gian th\u1ef1c, l\u01b0u tr\u1eef d\u1eef li\u1ec7u v\u00e0 xu\u1ea5t b\u00e1o c\u00e1o d\u1ec5 d\u00e0ng\u00a0<\/td>\n<\/tr>\n<tr style=\"height: 21px\" data-start=\"1923\" data-end=\"2067\">\n<td style=\"height: 21px\" data-start=\"1923\" data-end=\"1953\" data-col-size=\"sm\"><strong data-start=\"1925\" data-end=\"1952\">\u0110o ch\u00ednh x\u00e1c v\u1edbi b\u00f9 u\u1ed1n<\/strong><\/td>\n<td style=\"height: 21px\" data-col-size=\"md\" data-start=\"1953\" data-end=\"2067\">Gi\u1ea3m sai s\u1ed1 do bi\u1ebfn d\u1ea1ng, \u0111\u1ed9 ch\u00ednh x\u00e1c cao gi\u00fap b\u1ea3o v\u1ec7 tie-bar v\u00e0 khu\u00f4n .<\/td>\n<\/tr>\n<tr style=\"height: 21px\" data-start=\"2068\" data-end=\"2210\">\n<td style=\"height: 21px\" data-start=\"2068\" data-end=\"2098\" data-col-size=\"sm\"><strong data-start=\"2070\" data-end=\"2097\">Ch\u1ea5t l\u01b0\u1ee3ng \u0111\u00e1ng tin c\u1eady<\/strong><\/td>\n<td style=\"height: 21px\" data-col-size=\"md\" data-start=\"2098\" data-end=\"2210\">T\u00edch h\u1ee3p nhi\u1ec1u c\u1ea3m bi\u1ebfn, kh\u1ea3 n\u0103ng t\u00e1i s\u1eed d\u1ee5ng v\u00e0 b\u1ea3o v\u1ec7 m\u00e1y l\u00e2u d\u00e0i .<\/td>\n<\/tr>\n<\/tbody>\n<\/table>\n<\/div>\n<\/div>\n<div class=\"_tableContainer_1rjym_1\">\n<div class=\"_tableWrapper_1rjym_13 group flex w-fit flex-col-reverse\">\n<table class=\"w-fit min-w-(--thread-content-width)\" data-start=\"2212\" data-end=\"2553\">\n<thead data-start=\"2212\" data-end=\"2234\">\n<tr data-start=\"2212\" data-end=\"2234\">\n<th data-start=\"2212\" data-end=\"2225\" data-col-size=\"sm\">Nh\u01b0\u1ee3c \u0111i\u1ec3m<\/th>\n<th data-start=\"2225\" data-end=\"2234\" data-col-size=\"md\">M\u00f4 t\u1ea3<\/th>\n<\/tr>\n<\/thead>\n<tbody data-start=\"2260\" data-end=\"2553\">\n<tr data-start=\"2260\" data-end=\"2425\">\n<td data-start=\"2260\" data-end=\"2299\" data-col-size=\"sm\"><strong data-start=\"2262\" data-end=\"2298\">Ph\u1ee5 thu\u1ed9c pin &amp; m\u00e0n h\u00ecnh c\u1ea7m tay<\/strong><\/td>\n<td data-col-size=\"md\" data-start=\"2299\" data-end=\"2425\">C\u1ea7n s\u1ea1c ho\u1eb7c thay pin \u0111\u1ecbnh k\u1ef3; n\u1ebfu h\u01b0 h\u1ecfng m\u00e0n h\u00ecnh c\u00f3 th\u1ec3 \u1ea3nh h\u01b0\u1edfng \u0111\u1ebfn gi\u00e1m s\u00e1t .<\/td>\n<\/tr>\n<tr data-start=\"2426\" data-end=\"2553\">\n<td data-start=\"2426\" data-end=\"2472\" data-col-size=\"sm\"><strong data-start=\"2428\" data-end=\"2471\">Chi ph\u00ed \u0111\u1ea7u t\u01b0 cao h\u01a1n phi\u00ean b\u1ea3n c\u00f3 d\u00e2y<\/strong><\/td>\n<td data-col-size=\"md\" data-start=\"2472\" data-end=\"2553\">Gi\u00e1 th\u00e0nh cao h\u01a1n do bao g\u1ed3m m\u00e0n h\u00ecnh c\u1ea7m tay v\u00e0 ph\u1ea7n m\u1ec1m h\u1ed7 tr\u1ee3 l\u01b0u d\u1eef li\u1ec7u.<\/td>\n<\/tr>\n<\/tbody>\n<\/table>\n<\/div>\n<\/div>\n<hr data-start=\"2555\" data-end=\"2558\" \/>\n<h2 data-start=\"2560\" data-end=\"2572\">K\u1ebft lu\u1eadn<\/h2>\n<p data-start=\"2574\" data-end=\"2960\">Thi\u1ebft b\u1ecb <strong data-start=\"2583\" data-end=\"2597\">SML-WMEH\/8<\/strong> c\u1ee7a Sensormate l\u00e0 gi\u1ea3i ph\u00e1p \u0111o l\u1ef1c k\u1eb9p khu\u00f4n hi\u1ec7n \u0111\u1ea1i v\u00e0 ti\u1ec7n d\u1ee5ng nh\u1ea5t, \u0111\u1eb7c bi\u1ec7t ph\u00f9 h\u1ee3p n\u01a1i c\u1ea7n theo d\u00f5i ch\u00ednh x\u00e1c v\u00e0 l\u01b0u tr\u1eef d\u1eef li\u1ec7u ngay trong qu\u00e1 tr\u00ecnh v\u1eadn h\u00e0nh. V\u1edbi thi\u1ebft k\u1ebf kh\u00f4ng d\u00e2y, kh\u1ea3 n\u0103ng hi\u1ec3n th\u1ecb, l\u01b0u d\u1eef li\u1ec7u m\u1ea1nh m\u1ebd v\u00e0 \u0111\u1ed9 ch\u00ednh x\u00e1c cao, n\u00f3 kh\u00f4ng ch\u1ec9 n\u00e2ng cao hi\u1ec7u qu\u1ea3 s\u1ea3n xu\u1ea5t m\u00e0 c\u00f2n gi\u1ea3m thi\u1ec3u hao m\u00f2n m\u00e1y m\u00f3c, b\u1ea3o \u0111\u1ea3m v\u1eadn h\u00e0nh an to\u00e0n v\u00e0 \u1ed5n \u0111\u1ecbnh.<\/p>\n","protected":false},"excerpt":{"rendered":"<p>Technical Data: &#8211; Model: SML-WMEH\/8<br \/>\n&#8211; Strain gauge: 350 \u03a9<br \/>\n&#8211; Measuring range: \u00b1 800 \u03bc\u03b5<br \/>\n&#8211; Sensitivity of sensor (1\/2 bridge<br \/>\ncompensated): 1.0 mV\/V @ F.S. &#8211; Linearity: &lt; 0.5 %<br \/>\n&#8211; Over all accuracy: \u00b1 0.5 % F.S. &#8211; Repeatability: 0.1% F.S. &#8211; Hysteresis: 0.1% F.S. &#8211; Operating temperature range: +0\u2026+60\u2103<br \/>\n&#8211; Sensor dimension: 88 x 46,5 x 50<br \/>\n&#8211; Power supply 2 AA NiMH rechargeable or Alkaline battery 60Hz<\/p>\n<p>Maker: Sensormate &#8211; Taiwan<\/p>\n","protected":false},"featured_media":376,"comment_status":"open","ping_status":"closed","template":"","meta":[],"product_brand":[],"product_cat":[42,47],"product_tag":[],"class_list":{"0":"post-473","1":"product","2":"type-product","3":"status-publish","4":"has-post-thumbnail","6":"product_cat-thiet-bi-do-luc-kep-khuon-sensormate","7":"product_cat-thiet-bi-do-luong-sensormate","9":"first","10":"instock","11":"shipping-taxable","12":"product-type-simple"},"yoast_head":"<!-- This site is optimized with the Yoast SEO Premium plugin v23.2 (Yoast SEO v25.8) - https:\/\/yoast.com\/wordpress\/plugins\/seo\/ -->\n<title>Thi\u1ebft b\u1ecb \u0111o l\u1ef1c k\u1eb9p khu\u00f4n SML-WMEH\/8 - C\u00d4NG TY TNHH TH\u01af\u01a0NG M\u1ea0I D\u1ecaCH V\u1ee4 V\u00c0 S\u1ea2N PH\u1ea8M NINH S\u01a0N<\/title>\n<meta name=\"description\" content=\"SML-WMEH\/8 l\u00e0 h\u1ec7 th\u1ed1ng Wireless Magnet Clamping Force Control Sensor ti\u00ean ti\u1ebfn t\u1eeb Sensormate, gi\u00fap \u0111o ch\u00ednh x\u00e1c l\u1ef1c k\u1eb9p khu\u00f4n tr\u00ean m\u00e1y \u00e9p nh\u1ef1a m\u00e0 kh\u00f4ng c\u1ea7n d\u00f9ng d\u00e2y t\u00edn hi\u1ec7u\" \/>\n<meta name=\"robots\" content=\"noindex, follow, max-snippet:-1, max-image-preview:large, max-video-preview:-1\" \/>\n<meta property=\"og:locale\" content=\"vi_VN\" \/>\n<meta property=\"og:type\" content=\"article\" \/>\n<meta property=\"og:title\" content=\"Thi\u1ebft b\u1ecb \u0111o l\u1ef1c k\u1eb9p khu\u00f4n SML-WMEH\/8\" \/>\n<meta property=\"og:description\" content=\"SML-WMEH\/8 l\u00e0 h\u1ec7 th\u1ed1ng Wireless Magnet Clamping Force Control Sensor ti\u00ean ti\u1ebfn t\u1eeb Sensormate, gi\u00fap \u0111o ch\u00ednh x\u00e1c l\u1ef1c k\u1eb9p khu\u00f4n tr\u00ean m\u00e1y \u00e9p nh\u1ef1a m\u00e0 kh\u00f4ng c\u1ea7n d\u00f9ng d\u00e2y t\u00edn hi\u1ec7u\" \/>\n<meta property=\"og:url\" content=\"https:\/\/ninhson-vn.com\/?product=thiet-bi-do-luc-kep-khuon-sensormate-2\" \/>\n<meta property=\"og:site_name\" content=\"C\u00d4NG TY TNHH TH\u01af\u01a0NG M\u1ea0I D\u1ecaCH V\u1ee4 V\u00c0 S\u1ea2N PH\u1ea8M NINH S\u01a0N\" \/>\n<meta property=\"article:modified_time\" content=\"2026-01-25T03:59:57+00:00\" \/>\n<meta property=\"og:image\" content=\"https:\/\/ninhson-vn.com\/wp-content\/uploads\/z6473909401380_ade448a62ba44ce02aca17001a9cceca.jpg\" \/>\n\t<meta property=\"og:image:width\" content=\"611\" \/>\n\t<meta property=\"og:image:height\" content=\"647\" \/>\n\t<meta property=\"og:image:type\" content=\"image\/jpeg\" \/>\n<meta name=\"twitter:card\" content=\"summary_large_image\" \/>\n<meta name=\"twitter:label1\" content=\"\u01af\u1edbc t\u00ednh th\u1eddi gian \u0111\u1ecdc\" \/>\n\t<meta name=\"twitter:data1\" content=\"3 ph\u00fat\" \/>\n<script type=\"application\/ld+json\" class=\"yoast-schema-graph\">{\"@context\":\"https:\/\/schema.org\",\"@graph\":[{\"@type\":\"WebPage\",\"@id\":\"https:\/\/ninhson-vn.com\/?product=thiet-bi-do-luc-kep-khuon-sensormate-2\",\"url\":\"https:\/\/ninhson-vn.com\/?product=thiet-bi-do-luc-kep-khuon-sensormate-2\",\"name\":\"Thi\u1ebft b\u1ecb \u0111o l\u1ef1c k\u1eb9p khu\u00f4n SML-WMEH\/8 - C\u00d4NG TY TNHH TH\u01af\u01a0NG M\u1ea0I D\u1ecaCH V\u1ee4 V\u00c0 S\u1ea2N PH\u1ea8M NINH S\u01a0N\",\"isPartOf\":{\"@id\":\"https:\/\/ninhson-vn.com\/#website\"},\"primaryImageOfPage\":{\"@id\":\"https:\/\/ninhson-vn.com\/?product=thiet-bi-do-luc-kep-khuon-sensormate-2#primaryimage\"},\"image\":{\"@id\":\"https:\/\/ninhson-vn.com\/?product=thiet-bi-do-luc-kep-khuon-sensormate-2#primaryimage\"},\"thumbnailUrl\":\"https:\/\/ninhson-vn.com\/wp-content\/uploads\/z6473909401380_ade448a62ba44ce02aca17001a9cceca.jpg\",\"datePublished\":\"2025-09-09T17:18:45+00:00\",\"dateModified\":\"2026-01-25T03:59:57+00:00\",\"description\":\"SML-WMEH\/8 l\u00e0 h\u1ec7 th\u1ed1ng Wireless Magnet Clamping Force Control Sensor ti\u00ean ti\u1ebfn t\u1eeb Sensormate, gi\u00fap \u0111o ch\u00ednh x\u00e1c l\u1ef1c k\u1eb9p khu\u00f4n tr\u00ean m\u00e1y \u00e9p nh\u1ef1a m\u00e0 kh\u00f4ng c\u1ea7n d\u00f9ng d\u00e2y t\u00edn hi\u1ec7u\",\"breadcrumb\":{\"@id\":\"https:\/\/ninhson-vn.com\/?product=thiet-bi-do-luc-kep-khuon-sensormate-2#breadcrumb\"},\"inLanguage\":\"vi\",\"potentialAction\":[{\"@type\":\"ReadAction\",\"target\":[\"https:\/\/ninhson-vn.com\/?product=thiet-bi-do-luc-kep-khuon-sensormate-2\"]}]},{\"@type\":\"ImageObject\",\"inLanguage\":\"vi\",\"@id\":\"https:\/\/ninhson-vn.com\/?product=thiet-bi-do-luc-kep-khuon-sensormate-2#primaryimage\",\"url\":\"https:\/\/ninhson-vn.com\/wp-content\/uploads\/z6473909401380_ade448a62ba44ce02aca17001a9cceca.jpg\",\"contentUrl\":\"https:\/\/ninhson-vn.com\/wp-content\/uploads\/z6473909401380_ade448a62ba44ce02aca17001a9cceca.jpg\",\"width\":611,\"height\":647},{\"@type\":\"BreadcrumbList\",\"@id\":\"https:\/\/ninhson-vn.com\/?product=thiet-bi-do-luc-kep-khuon-sensormate-2#breadcrumb\",\"itemListElement\":[{\"@type\":\"ListItem\",\"position\":1,\"name\":\"Trang ch\u1ee7\",\"item\":\"https:\/\/ninhson-vn.com\/\"},{\"@type\":\"ListItem\",\"position\":2,\"name\":\"C\u1eeda h\u00e0ng\",\"item\":\"https:\/\/ninhson-vn.com\/?page_id=12\"},{\"@type\":\"ListItem\",\"position\":3,\"name\":\"Thi\u1ebft b\u1ecb \u0111o l\u1ef1c k\u1eb9p khu\u00f4n SML-WMEH\/8\"}]},{\"@type\":\"WebSite\",\"@id\":\"https:\/\/ninhson-vn.com\/#website\",\"url\":\"https:\/\/ninhson-vn.com\/\",\"name\":\"C\u00d4NG TY TNHH TH\u01af\u01a0NG M\u1ea0I D\u1ecaCH V\u1ee4 V\u00c0 S\u1ea2N PH\u1ea8M NINH S\u01a0N\",\"description\":\"\",\"potentialAction\":[{\"@type\":\"SearchAction\",\"target\":{\"@type\":\"EntryPoint\",\"urlTemplate\":\"https:\/\/ninhson-vn.com\/?s={search_term_string}\"},\"query-input\":{\"@type\":\"PropertyValueSpecification\",\"valueRequired\":true,\"valueName\":\"search_term_string\"}}],\"inLanguage\":\"vi\"}]}<\/script>\n<!-- \/ Yoast SEO Premium plugin. -->","yoast_head_json":{"title":"Thi\u1ebft b\u1ecb \u0111o l\u1ef1c k\u1eb9p khu\u00f4n SML-WMEH\/8 - C\u00d4NG TY TNHH TH\u01af\u01a0NG M\u1ea0I D\u1ecaCH V\u1ee4 V\u00c0 S\u1ea2N PH\u1ea8M NINH S\u01a0N","description":"SML-WMEH\/8 l\u00e0 h\u1ec7 th\u1ed1ng Wireless Magnet Clamping Force Control Sensor ti\u00ean ti\u1ebfn t\u1eeb Sensormate, gi\u00fap \u0111o ch\u00ednh x\u00e1c l\u1ef1c k\u1eb9p khu\u00f4n tr\u00ean m\u00e1y \u00e9p nh\u1ef1a m\u00e0 kh\u00f4ng c\u1ea7n d\u00f9ng d\u00e2y t\u00edn hi\u1ec7u","robots":{"index":"noindex","follow":"follow","max-snippet":"max-snippet:-1","max-image-preview":"max-image-preview:large","max-video-preview":"max-video-preview:-1"},"og_locale":"vi_VN","og_type":"article","og_title":"Thi\u1ebft b\u1ecb \u0111o l\u1ef1c k\u1eb9p khu\u00f4n SML-WMEH\/8","og_description":"SML-WMEH\/8 l\u00e0 h\u1ec7 th\u1ed1ng Wireless Magnet Clamping Force Control Sensor ti\u00ean ti\u1ebfn t\u1eeb Sensormate, gi\u00fap \u0111o ch\u00ednh x\u00e1c l\u1ef1c k\u1eb9p khu\u00f4n tr\u00ean m\u00e1y \u00e9p nh\u1ef1a m\u00e0 kh\u00f4ng c\u1ea7n d\u00f9ng d\u00e2y t\u00edn hi\u1ec7u","og_url":"https:\/\/ninhson-vn.com\/?product=thiet-bi-do-luc-kep-khuon-sensormate-2","og_site_name":"C\u00d4NG TY TNHH TH\u01af\u01a0NG M\u1ea0I D\u1ecaCH V\u1ee4 V\u00c0 S\u1ea2N PH\u1ea8M NINH S\u01a0N","article_modified_time":"2026-01-25T03:59:57+00:00","og_image":[{"width":611,"height":647,"url":"https:\/\/ninhson-vn.com\/wp-content\/uploads\/z6473909401380_ade448a62ba44ce02aca17001a9cceca.jpg","type":"image\/jpeg"}],"twitter_card":"summary_large_image","twitter_misc":{"\u01af\u1edbc t\u00ednh th\u1eddi gian \u0111\u1ecdc":"3 ph\u00fat"},"schema":{"@context":"https:\/\/schema.org","@graph":[{"@type":"WebPage","@id":"https:\/\/ninhson-vn.com\/?product=thiet-bi-do-luc-kep-khuon-sensormate-2","url":"https:\/\/ninhson-vn.com\/?product=thiet-bi-do-luc-kep-khuon-sensormate-2","name":"Thi\u1ebft b\u1ecb \u0111o l\u1ef1c k\u1eb9p khu\u00f4n SML-WMEH\/8 - C\u00d4NG TY TNHH TH\u01af\u01a0NG M\u1ea0I D\u1ecaCH V\u1ee4 V\u00c0 S\u1ea2N PH\u1ea8M NINH S\u01a0N","isPartOf":{"@id":"https:\/\/ninhson-vn.com\/#website"},"primaryImageOfPage":{"@id":"https:\/\/ninhson-vn.com\/?product=thiet-bi-do-luc-kep-khuon-sensormate-2#primaryimage"},"image":{"@id":"https:\/\/ninhson-vn.com\/?product=thiet-bi-do-luc-kep-khuon-sensormate-2#primaryimage"},"thumbnailUrl":"https:\/\/ninhson-vn.com\/wp-content\/uploads\/z6473909401380_ade448a62ba44ce02aca17001a9cceca.jpg","datePublished":"2025-09-09T17:18:45+00:00","dateModified":"2026-01-25T03:59:57+00:00","description":"SML-WMEH\/8 l\u00e0 h\u1ec7 th\u1ed1ng Wireless Magnet Clamping Force Control Sensor ti\u00ean ti\u1ebfn t\u1eeb Sensormate, gi\u00fap \u0111o ch\u00ednh x\u00e1c l\u1ef1c k\u1eb9p khu\u00f4n tr\u00ean m\u00e1y \u00e9p nh\u1ef1a m\u00e0 kh\u00f4ng c\u1ea7n d\u00f9ng d\u00e2y t\u00edn hi\u1ec7u","breadcrumb":{"@id":"https:\/\/ninhson-vn.com\/?product=thiet-bi-do-luc-kep-khuon-sensormate-2#breadcrumb"},"inLanguage":"vi","potentialAction":[{"@type":"ReadAction","target":["https:\/\/ninhson-vn.com\/?product=thiet-bi-do-luc-kep-khuon-sensormate-2"]}]},{"@type":"ImageObject","inLanguage":"vi","@id":"https:\/\/ninhson-vn.com\/?product=thiet-bi-do-luc-kep-khuon-sensormate-2#primaryimage","url":"https:\/\/ninhson-vn.com\/wp-content\/uploads\/z6473909401380_ade448a62ba44ce02aca17001a9cceca.jpg","contentUrl":"https:\/\/ninhson-vn.com\/wp-content\/uploads\/z6473909401380_ade448a62ba44ce02aca17001a9cceca.jpg","width":611,"height":647},{"@type":"BreadcrumbList","@id":"https:\/\/ninhson-vn.com\/?product=thiet-bi-do-luc-kep-khuon-sensormate-2#breadcrumb","itemListElement":[{"@type":"ListItem","position":1,"name":"Trang ch\u1ee7","item":"https:\/\/ninhson-vn.com\/"},{"@type":"ListItem","position":2,"name":"C\u1eeda h\u00e0ng","item":"https:\/\/ninhson-vn.com\/?page_id=12"},{"@type":"ListItem","position":3,"name":"Thi\u1ebft b\u1ecb \u0111o l\u1ef1c k\u1eb9p khu\u00f4n SML-WMEH\/8"}]},{"@type":"WebSite","@id":"https:\/\/ninhson-vn.com\/#website","url":"https:\/\/ninhson-vn.com\/","name":"C\u00d4NG TY TNHH TH\u01af\u01a0NG M\u1ea0I D\u1ecaCH V\u1ee4 V\u00c0 S\u1ea2N PH\u1ea8M NINH S\u01a0N","description":"","potentialAction":[{"@type":"SearchAction","target":{"@type":"EntryPoint","urlTemplate":"https:\/\/ninhson-vn.com\/?s={search_term_string}"},"query-input":{"@type":"PropertyValueSpecification","valueRequired":true,"valueName":"search_term_string"}}],"inLanguage":"vi"}]}},"_links":{"self":[{"href":"https:\/\/ninhson-vn.com\/index.php?rest_route=\/wp\/v2\/product\/473","targetHints":{"allow":["GET"]}}],"collection":[{"href":"https:\/\/ninhson-vn.com\/index.php?rest_route=\/wp\/v2\/product"}],"about":[{"href":"https:\/\/ninhson-vn.com\/index.php?rest_route=\/wp\/v2\/types\/product"}],"replies":[{"embeddable":true,"href":"https:\/\/ninhson-vn.com\/index.php?rest_route=%2Fwp%2Fv2%2Fcomments&post=473"}],"wp:featuredmedia":[{"embeddable":true,"href":"https:\/\/ninhson-vn.com\/index.php?rest_route=\/wp\/v2\/media\/376"}],"wp:attachment":[{"href":"https:\/\/ninhson-vn.com\/index.php?rest_route=%2Fwp%2Fv2%2Fmedia&parent=473"}],"wp:term":[{"taxonomy":"product_brand","embeddable":true,"href":"https:\/\/ninhson-vn.com\/index.php?rest_route=%2Fwp%2Fv2%2Fproduct_brand&post=473"},{"taxonomy":"product_cat","embeddable":true,"href":"https:\/\/ninhson-vn.com\/index.php?rest_route=%2Fwp%2Fv2%2Fproduct_cat&post=473"},{"taxonomy":"product_tag","embeddable":true,"href":"https:\/\/ninhson-vn.com\/index.php?rest_route=%2Fwp%2Fv2%2Fproduct_tag&post=473"}],"curies":[{"name":"wp","href":"https:\/\/api.w.org\/{rel}","templated":true}]}}