{"id":477,"date":"2025-12-17T14:44:59","date_gmt":"2025-12-17T14:44:59","guid":{"rendered":"https:\/\/ninhson-vn.com\/?post_type=product&#038;p=477"},"modified":"2025-12-17T14:49:44","modified_gmt":"2025-12-17T14:49:44","slug":"may-corona-plasma","status":"publish","type":"product","link":"https:\/\/ninhson-vn.com\/?product=may-corona-plasma","title":{"rendered":"M\u00e1y Corona Plasma"},"content":{"rendered":"<h2 data-start=\"173\" data-end=\"230\">C\u00f4ng ngh\u1ec7 x\u1eed l\u00fd b\u1ec1 m\u1eb7t Corona Plasma trong ng\u00e0nh in \u1ea5n<\/h2>\n<h3 data-start=\"232\" data-end=\"269\">1. C\u00f4ng ngh\u1ec7 Corona Plasma l\u00e0 g\u00ec?<\/h3>\n<p data-start=\"270\" data-end=\"556\"><strong data-start=\"270\" data-end=\"287\">Corona Plasma<\/strong> l\u00e0 c\u00f4ng ngh\u1ec7 x\u1eed l\u00fd b\u1ec1 m\u1eb7t ti\u00ean ti\u1ebfn s\u1eed d\u1ee5ng <strong data-start=\"332\" data-end=\"369\">ph\u00f3ng \u0111i\u1ec7n cao \u00e1p trong kh\u00f4ng kh\u00ed<\/strong> \u0111\u1ec3 t\u1ea1o ra plasma (tr\u1ea1ng th\u00e1i ion h\u00f3a c\u1ee7a kh\u00ed). Plasma t\u00e1c \u0111\u1ed9ng tr\u1ef1c ti\u1ebfp l\u00ean b\u1ec1 m\u1eb7t v\u1eadt li\u1ec7u, gi\u00fap <strong data-start=\"469\" data-end=\"511\">thay \u0111\u1ed5i c\u1ea5u tr\u00fac b\u1ec1 m\u1eb7t \u1edf m\u1ee9c ph\u00e2n t\u1eed<\/strong> m\u00e0 kh\u00f4ng l\u00e0m bi\u1ebfn d\u1ea1ng hay h\u01b0 h\u1ecfng s\u1ea3n ph\u1ea9m.<\/p>\n<p data-start=\"558\" data-end=\"703\">Trong ng\u00e0nh in \u1ea5n, Corona Plasma \u0111\u01b0\u1ee3c \u1ee9ng d\u1ee5ng r\u1ed9ng r\u00e3i \u0111\u1ec3 <strong data-start=\"617\" data-end=\"672\">t\u0103ng kh\u1ea3 n\u0103ng b\u00e1m d\u00ednh c\u1ee7a m\u1ef1c in, s\u01a1n ph\u1ee7, keo d\u00e1n<\/strong> tr\u00ean c\u00e1c v\u1eadt li\u1ec7u kh\u00f3 b\u00e1m m\u1ef1c.<\/p>\n<hr data-start=\"705\" data-end=\"708\" \/>\n<h3 data-start=\"710\" data-end=\"767\">2. V\u00ec sao ng\u00e0nh in \u1ea5n c\u1ea7n x\u1eed l\u00fd b\u1ec1 m\u1eb7t Corona Plasma?<\/h3>\n<p data-start=\"768\" data-end=\"854\">Nhi\u1ec1u v\u1eadt li\u1ec7u ph\u1ed5 bi\u1ebfn trong in \u1ea5n c\u00f3 <strong data-start=\"807\" data-end=\"833\">n\u0103ng l\u01b0\u1ee3ng b\u1ec1 m\u1eb7t th\u1ea5p<\/strong>, khi\u1ebfn m\u1ef1c in d\u1ec5 b\u1ecb:<\/p>\n<ul data-start=\"855\" data-end=\"913\">\n<li data-start=\"855\" data-end=\"866\">\n<p data-start=\"857\" data-end=\"866\">Bong tr\u00f3c<\/p>\n<\/li>\n<li data-start=\"867\" data-end=\"876\">\n<p data-start=\"869\" data-end=\"876\">Lem m\u1ef1c<\/p>\n<\/li>\n<li data-start=\"877\" data-end=\"892\">\n<p data-start=\"879\" data-end=\"892\">Kh\u00f4ng \u0111\u1ec1u m\u00e0u<\/p>\n<\/li>\n<li data-start=\"893\" data-end=\"913\">\n<p data-start=\"895\" data-end=\"913\">Gi\u1ea3m \u0111\u1ed9 b\u1ec1n sau in<\/p>\n<\/li>\n<\/ul>\n<p data-start=\"915\" data-end=\"948\">C\u00e1c v\u1eadt li\u1ec7u \u0111i\u1ec3n h\u00ecnh c\u1ea7n x\u1eed l\u00fd:<\/p>\n<ul data-start=\"949\" data-end=\"1044\">\n<li data-start=\"949\" data-end=\"972\">\n<p data-start=\"951\" data-end=\"972\">Nh\u1ef1a PP, PE, PET, PVC<\/p>\n<\/li>\n<li data-start=\"973\" data-end=\"988\">\n<p data-start=\"975\" data-end=\"988\">Nh\u1ef1a k\u1ef9 thu\u1eadt<\/p>\n<\/li>\n<li data-start=\"989\" data-end=\"997\">\n<p data-start=\"991\" data-end=\"997\">Cao su<\/p>\n<\/li>\n<li data-start=\"998\" data-end=\"1019\">\n<p data-start=\"1000\" data-end=\"1019\">Kim lo\u1ea1i, th\u1ee7y tinh<\/p>\n<\/li>\n<li data-start=\"1020\" data-end=\"1044\">\n<p data-start=\"1022\" data-end=\"1044\">M\u00e0ng film, bao b\u00ec nh\u1ef1a<\/p>\n<\/li>\n<\/ul>\n<p data-start=\"1046\" data-end=\"1113\">\ud83d\udc49 <strong data-start=\"1049\" data-end=\"1113\">X\u1eed l\u00fd Corona Plasma gi\u00fap kh\u1eafc ph\u1ee5c tri\u1ec7t \u0111\u1ec3 c\u00e1c v\u1ea5n \u0111\u1ec1 tr\u00ean.<\/strong><\/p>\n<hr data-start=\"1115\" data-end=\"1118\" \/>\n<h3 data-start=\"1120\" data-end=\"1170\">3. Nguy\u00ean l\u00fd ho\u1ea1t \u0111\u1ed9ng c\u1ee7a x\u1eed l\u00fd Corona Plasma<\/h3>\n<ul data-start=\"1171\" data-end=\"1432\">\n<li data-start=\"1171\" data-end=\"1220\">\n<p data-start=\"1173\" data-end=\"1220\">Thi\u1ebft b\u1ecb t\u1ea1o \u0111i\u1ec7n \u00e1p cao \u2192 ph\u00e1t sinh tia corona<\/p>\n<\/li>\n<li data-start=\"1221\" data-end=\"1277\">\n<p data-start=\"1223\" data-end=\"1277\">Kh\u00f4ng kh\u00ed xung quanh \u0111\u1ea7u x\u1eed l\u00fd b\u1ecb ion h\u00f3a \u2192 t\u1ea1o plasma<\/p>\n<\/li>\n<li data-start=\"1278\" data-end=\"1356\">\n<p data-start=\"1280\" data-end=\"1356\">Plasma <strong data-start=\"1287\" data-end=\"1305\">l\u00e0m s\u1ea1ch vi m\u00f4<\/strong> b\u1ec1 m\u1eb7t v\u00e0 t\u1ea1o c\u00e1c nh\u00f3m ch\u1ee9c ph\u00e2n c\u1ef1c (\u2013OH, \u2013COOH\u2026)<\/p>\n<\/li>\n<li data-start=\"1357\" data-end=\"1432\">\n<p data-start=\"1359\" data-end=\"1432\">N\u0103ng l\u01b0\u1ee3ng b\u1ec1 m\u1eb7t v\u1eadt li\u1ec7u t\u0103ng l\u00ean \u2192 <strong data-start=\"1397\" data-end=\"1432\">m\u1ef1c in b\u00e1m ch\u1eafc v\u00e0 \u0111\u1ed3ng \u0111\u1ec1u h\u01a1n<\/strong><\/p>\n<\/li>\n<\/ul>\n<hr data-start=\"1434\" data-end=\"1437\" \/>\n<h3 data-start=\"1439\" data-end=\"1492\">4. L\u1ee3i \u00edch khi \u1ee9ng d\u1ee5ng Corona Plasma trong in \u1ea5n<\/h3>\n<p data-start=\"1493\" data-end=\"1766\">\u2714 <strong data-start=\"1495\" data-end=\"1522\">T\u0103ng \u0111\u1ed9 b\u00e1m d\u00ednh m\u1ef1c in<\/strong><br data-start=\"1522\" data-end=\"1525\" \/><br \/>\n\u2714 <strong data-start=\"1527\" data-end=\"1558\">M\u00e0u s\u1eafc in r\u00f5 n\u00e9t, \u0111\u1ed3ng \u0111\u1ec1u<\/strong><br data-start=\"1558\" data-end=\"1561\" \/><br \/>\n\u2714 <strong data-start=\"1563\" data-end=\"1595\">Gi\u1ea3m l\u1ed7i bong tr\u00f3c, phai m\u1ef1c<\/strong><br data-start=\"1595\" data-end=\"1598\" \/><br \/>\n\u2714 <strong data-start=\"1600\" data-end=\"1647\">Kh\u00f4ng d\u00f9ng h\u00f3a ch\u1ea5t \u2013 th\u00e2n thi\u1ec7n m\u00f4i tr\u01b0\u1eddng<\/strong><br data-start=\"1647\" data-end=\"1650\" \/><br \/>\n\u2714 <strong data-start=\"1652\" data-end=\"1694\">X\u1eed l\u00fd nhanh, ph\u00f9 h\u1ee3p s\u1ea3n xu\u1ea5t li\u00ean t\u1ee5c<\/strong><br data-start=\"1694\" data-end=\"1697\" \/><br \/>\n\u2714 <strong data-start=\"1699\" data-end=\"1766\">Kh\u00f4ng l\u00e0m thay \u0111\u1ed5i k\u00edch th\u01b0\u1edbc hay t\u00ednh ch\u1ea5t c\u01a1 h\u1ecdc c\u1ee7a s\u1ea3n ph\u1ea9m<\/strong><\/p>\n<hr data-start=\"1768\" data-end=\"1771\" \/>\n<h3 data-start=\"1773\" data-end=\"1811\">5. \u1ee8ng d\u1ee5ng th\u1ef1c t\u1ebf trong ng\u00e0nh in<\/h3>\n<p data-start=\"1812\" data-end=\"1865\">C\u00f4ng ngh\u1ec7 Corona Plasma \u0111\u01b0\u1ee3c \u1ee9ng d\u1ee5ng r\u1ed9ng r\u00e3i trong:<\/p>\n<ul data-start=\"1866\" data-end=\"2029\">\n<li data-start=\"1866\" data-end=\"1892\">\n<p data-start=\"1868\" data-end=\"1892\">In l\u1ee5a tr\u00ean nh\u1ef1a, cao su<\/p>\n<\/li>\n<li data-start=\"1893\" data-end=\"1931\">\n<p data-start=\"1895\" data-end=\"1931\">In offset, in flexo tr\u00ean bao b\u00ec nh\u1ef1a<\/p>\n<\/li>\n<li data-start=\"1932\" data-end=\"1958\">\n<p data-start=\"1934\" data-end=\"1958\">In UV tr\u00ean nh\u1ef1a k\u1ef9 thu\u1eadt<\/p>\n<\/li>\n<li data-start=\"1959\" data-end=\"1985\">\n<p data-start=\"1961\" data-end=\"1985\">In m\u00e3 QR, logo, tem nh\u00e3n<\/p>\n<\/li>\n<li data-start=\"1986\" data-end=\"2029\">\n<p data-start=\"1988\" data-end=\"2029\">Chu\u1ea9n b\u1ecb b\u1ec1 m\u1eb7t tr\u01b0\u1edbc khi ph\u1ee7 s\u01a1n, ph\u1ee7 UV<\/p>\n<\/li>\n<\/ul>\n<hr data-start=\"2031\" data-end=\"2034\" \/>\n<h3 data-start=\"2036\" data-end=\"2092\">6. \u01afu \u0111i\u1ec3m so v\u1edbi c\u00e1c ph\u01b0\u01a1ng ph\u00e1p x\u1eed l\u00fd truy\u1ec1n th\u1ed1ng<\/h3>\n<div class=\"TyagGW_tableContainer\">\n<div class=\"group TyagGW_tableWrapper flex w-fit flex-col-reverse\">\n<table class=\"w-fit min-w-(--thread-content-width)\" data-start=\"2093\" data-end=\"2390\">\n<thead data-start=\"2093\" data-end=\"2149\">\n<tr data-start=\"2093\" data-end=\"2149\">\n<th data-start=\"2093\" data-end=\"2104\" data-col-size=\"sm\">Ti\u00eau ch\u00ed<\/th>\n<th data-start=\"2104\" data-end=\"2120\" data-col-size=\"sm\">Corona Plasma<\/th>\n<th data-start=\"2120\" data-end=\"2137\" data-col-size=\"sm\">X\u1eed l\u00fd h\u00f3a ch\u1ea5t<\/th>\n<th data-start=\"2137\" data-end=\"2149\" data-col-size=\"sm\">Ch\u00e0 nh\u00e1m<\/th>\n<\/tr>\n<\/thead>\n<tbody data-start=\"2204\" data-end=\"2390\">\n<tr data-start=\"2204\" data-end=\"2263\">\n<td data-start=\"2204\" data-end=\"2223\" data-col-size=\"sm\">Hi\u1ec7u qu\u1ea3 b\u00e1m m\u1ef1c<\/td>\n<td data-start=\"2223\" data-end=\"2233\" data-col-size=\"sm\">R\u1ea5t cao<\/td>\n<td data-start=\"2233\" data-end=\"2246\" data-col-size=\"sm\">Trung b\u00ecnh<\/td>\n<td data-start=\"2246\" data-end=\"2263\" data-col-size=\"sm\">Kh\u00f4ng \u1ed5n \u0111\u1ecbnh<\/td>\n<\/tr>\n<tr data-start=\"2264\" data-end=\"2308\">\n<td data-start=\"2264\" data-end=\"2285\" data-col-size=\"sm\">\u1ea2nh h\u01b0\u1edfng s\u1ea3n ph\u1ea9m<\/td>\n<td data-start=\"2285\" data-end=\"2293\" data-col-size=\"sm\">Kh\u00f4ng<\/td>\n<td data-start=\"2293\" data-end=\"2302\" data-col-size=\"sm\">C\u00f3 th\u1ec3<\/td>\n<td data-start=\"2302\" data-end=\"2308\" data-col-size=\"sm\">C\u00f3<\/td>\n<\/tr>\n<tr data-start=\"2309\" data-end=\"2352\">\n<td data-start=\"2309\" data-end=\"2322\" data-col-size=\"sm\">M\u00f4i tr\u01b0\u1eddng<\/td>\n<td data-start=\"2322\" data-end=\"2335\" data-col-size=\"sm\">Th\u00e2n thi\u1ec7n<\/td>\n<td data-start=\"2335\" data-end=\"2345\" data-col-size=\"sm\">\u00d4 nhi\u1ec5m<\/td>\n<td data-start=\"2345\" data-end=\"2352\" data-col-size=\"sm\">B\u1ee5i<\/td>\n<\/tr>\n<tr data-start=\"2353\" data-end=\"2390\">\n<td data-start=\"2353\" data-end=\"2367\" data-col-size=\"sm\">T\u1ef1 \u0111\u1ed9ng h\u00f3a<\/td>\n<td data-start=\"2367\" data-end=\"2377\" data-col-size=\"sm\">D\u1ec5 d\u00e0ng<\/td>\n<td data-start=\"2377\" data-end=\"2383\" data-col-size=\"sm\">Kh\u00f3<\/td>\n<td data-start=\"2383\" data-end=\"2390\" data-col-size=\"sm\">Kh\u00f3<\/td>\n<\/tr>\n<\/tbody>\n<\/table>\n<\/div>\n<\/div>\n<hr data-start=\"2392\" data-end=\"2395\" \/>\n<h3 data-start=\"2397\" data-end=\"2412\">7. K\u1ebft lu\u1eadn<\/h3>\n<p data-start=\"2413\" data-end=\"2740\"><strong data-start=\"2413\" data-end=\"2453\">C\u00f4ng ngh\u1ec7 x\u1eed l\u00fd b\u1ec1 m\u1eb7t Corona Plasma<\/strong> l\u00e0 gi\u1ea3i ph\u00e1p <strong data-start=\"2467\" data-end=\"2501\">hi\u1ec7n \u0111\u1ea1i \u2013 hi\u1ec7u qu\u1ea3 \u2013 b\u1ec1n v\u1eefng<\/strong> cho ng\u00e0nh in \u1ea5n, \u0111\u1eb7c bi\u1ec7t v\u1edbi c\u00e1c v\u1eadt li\u1ec7u nh\u1ef1a v\u00e0 b\u1ec1 m\u1eb7t kh\u00f3 b\u00e1m m\u1ef1c. Vi\u1ec7c \u0111\u1ea7u t\u01b0 thi\u1ebft b\u1ecb Corona Plasma kh\u00f4ng ch\u1ec9 gi\u00fap <strong data-start=\"2623\" data-end=\"2649\">n\u00e2ng cao ch\u1ea5t l\u01b0\u1ee3ng in<\/strong>, m\u00e0 c\u00f2n <strong data-start=\"2658\" data-end=\"2722\">gi\u1ea3m l\u1ed7i s\u1ea3n xu\u1ea5t, ti\u1ebft ki\u1ec7m chi ph\u00ed v\u00e0 t\u0103ng t\u00ednh c\u1ea1nh tranh<\/strong> cho doanh nghi\u1ec7p.<\/p>\n","protected":false},"excerpt":{"rendered":"<p><b>Model : <\/b><b>PL-5050P <\/b><\/p>\n<p>Input voltage: AC220V\uff08\u00b110%\uff09<\/p>\n<p>Input Current: 4.0A\u20149.0A<\/p>\n<p>Power: 750W-1500W\uff08Continuously adjustable\uff09<\/p>\n<p>Processing width: \u2264100mm<\/p>\n<p>Frequency: 17kHz-30kHz<\/p>\n<p>Air pressure: 0.05Mpa~0.22Mpa<\/p>\n<p>Body volume: 350\uff08L\uff09*585\uff08W\uff09*345\uff08H\uff09mm<\/p>\n<p>Weight: 28KG<\/p>\n<p>Relative humidity: \uff1c93%\uff08non-condensation<\/p>\n<p>Storage ambient temperature: -25\u2103-+55\u2103<\/p>\n","protected":false},"featured_media":383,"comment_status":"open","ping_status":"closed","template":"","meta":[],"product_brand":[],"product_cat":[49],"product_tag":[],"class_list":{"0":"post-477","1":"product","2":"type-product","3":"status-publish","4":"has-post-thumbnail","6":"product_cat-san-pham-khac","8":"first","9":"instock","10":"shipping-taxable","11":"product-type-simple"},"yoast_head":"<!-- This site is optimized with the Yoast SEO Premium plugin v23.2 (Yoast SEO v25.8) - https:\/\/yoast.com\/wordpress\/plugins\/seo\/ -->\n<title>M\u00e1y Corona Plasma - C\u00d4NG TY TNHH TH\u01af\u01a0NG M\u1ea0I D\u1ecaCH V\u1ee4 V\u00c0 S\u1ea2N PH\u1ea8M NINH S\u01a0N<\/title>\n<meta name=\"description\" content=\"Corona Plasma l\u00e0 c\u00f4ng ngh\u1ec7 x\u1eed l\u00fd b\u1ec1 m\u1eb7t ti\u00ean ti\u1ebfn s\u1eed d\u1ee5ng ph\u00f3ng \u0111i\u1ec7n cao \u00e1p trong kh\u00f4ng kh\u00ed \u0111\u1ec3 t\u1ea1o ra plasma (tr\u1ea1ng th\u00e1i ion h\u00f3a c\u1ee7a kh\u00ed).\" \/>\n<meta name=\"robots\" content=\"noindex, follow, max-snippet:-1, max-image-preview:large, max-video-preview:-1\" \/>\n<meta property=\"og:locale\" content=\"vi_VN\" \/>\n<meta property=\"og:type\" content=\"article\" \/>\n<meta property=\"og:title\" content=\"M\u00e1y Corona Plasma\" \/>\n<meta property=\"og:description\" content=\"Corona Plasma l\u00e0 c\u00f4ng ngh\u1ec7 x\u1eed l\u00fd b\u1ec1 m\u1eb7t ti\u00ean ti\u1ebfn s\u1eed d\u1ee5ng ph\u00f3ng \u0111i\u1ec7n cao \u00e1p trong kh\u00f4ng kh\u00ed \u0111\u1ec3 t\u1ea1o ra plasma (tr\u1ea1ng th\u00e1i ion h\u00f3a c\u1ee7a kh\u00ed).\" \/>\n<meta property=\"og:url\" content=\"https:\/\/ninhson-vn.com\/?product=may-corona-plasma\" \/>\n<meta property=\"og:site_name\" content=\"C\u00d4NG TY TNHH TH\u01af\u01a0NG M\u1ea0I D\u1ecaCH V\u1ee4 V\u00c0 S\u1ea2N PH\u1ea8M NINH S\u01a0N\" \/>\n<meta property=\"article:modified_time\" content=\"2025-12-17T14:49:44+00:00\" \/>\n<meta property=\"og:image\" content=\"https:\/\/ninhson-vn.com\/wp-content\/uploads\/plasma.jpg\" \/>\n\t<meta property=\"og:image:width\" content=\"747\" \/>\n\t<meta property=\"og:image:height\" content=\"556\" \/>\n\t<meta property=\"og:image:type\" content=\"image\/jpeg\" \/>\n<meta name=\"twitter:card\" content=\"summary_large_image\" \/>\n<meta name=\"twitter:label1\" content=\"\u01af\u1edbc t\u00ednh th\u1eddi gian \u0111\u1ecdc\" \/>\n\t<meta name=\"twitter:data1\" content=\"3 ph\u00fat\" \/>\n<script type=\"application\/ld+json\" class=\"yoast-schema-graph\">{\"@context\":\"https:\/\/schema.org\",\"@graph\":[{\"@type\":\"WebPage\",\"@id\":\"https:\/\/ninhson-vn.com\/?product=may-corona-plasma\",\"url\":\"https:\/\/ninhson-vn.com\/?product=may-corona-plasma\",\"name\":\"M\u00e1y Corona Plasma - C\u00d4NG TY TNHH TH\u01af\u01a0NG M\u1ea0I D\u1ecaCH V\u1ee4 V\u00c0 S\u1ea2N PH\u1ea8M NINH S\u01a0N\",\"isPartOf\":{\"@id\":\"https:\/\/ninhson-vn.com\/#website\"},\"primaryImageOfPage\":{\"@id\":\"https:\/\/ninhson-vn.com\/?product=may-corona-plasma#primaryimage\"},\"image\":{\"@id\":\"https:\/\/ninhson-vn.com\/?product=may-corona-plasma#primaryimage\"},\"thumbnailUrl\":\"https:\/\/ninhson-vn.com\/wp-content\/uploads\/plasma.jpg\",\"datePublished\":\"2025-12-17T14:44:59+00:00\",\"dateModified\":\"2025-12-17T14:49:44+00:00\",\"description\":\"Corona Plasma l\u00e0 c\u00f4ng ngh\u1ec7 x\u1eed l\u00fd b\u1ec1 m\u1eb7t ti\u00ean ti\u1ebfn s\u1eed d\u1ee5ng ph\u00f3ng \u0111i\u1ec7n cao \u00e1p trong kh\u00f4ng kh\u00ed \u0111\u1ec3 t\u1ea1o ra plasma (tr\u1ea1ng th\u00e1i ion h\u00f3a c\u1ee7a kh\u00ed).\",\"breadcrumb\":{\"@id\":\"https:\/\/ninhson-vn.com\/?product=may-corona-plasma#breadcrumb\"},\"inLanguage\":\"vi\",\"potentialAction\":[{\"@type\":\"ReadAction\",\"target\":[\"https:\/\/ninhson-vn.com\/?product=may-corona-plasma\"]}]},{\"@type\":\"ImageObject\",\"inLanguage\":\"vi\",\"@id\":\"https:\/\/ninhson-vn.com\/?product=may-corona-plasma#primaryimage\",\"url\":\"https:\/\/ninhson-vn.com\/wp-content\/uploads\/plasma.jpg\",\"contentUrl\":\"https:\/\/ninhson-vn.com\/wp-content\/uploads\/plasma.jpg\",\"width\":747,\"height\":556},{\"@type\":\"BreadcrumbList\",\"@id\":\"https:\/\/ninhson-vn.com\/?product=may-corona-plasma#breadcrumb\",\"itemListElement\":[{\"@type\":\"ListItem\",\"position\":1,\"name\":\"Trang ch\u1ee7\",\"item\":\"https:\/\/ninhson-vn.com\/\"},{\"@type\":\"ListItem\",\"position\":2,\"name\":\"C\u1eeda h\u00e0ng\",\"item\":\"https:\/\/ninhson-vn.com\/?page_id=12\"},{\"@type\":\"ListItem\",\"position\":3,\"name\":\"M\u00e1y Corona Plasma\"}]},{\"@type\":\"WebSite\",\"@id\":\"https:\/\/ninhson-vn.com\/#website\",\"url\":\"https:\/\/ninhson-vn.com\/\",\"name\":\"C\u00d4NG TY TNHH TH\u01af\u01a0NG M\u1ea0I D\u1ecaCH V\u1ee4 V\u00c0 S\u1ea2N PH\u1ea8M NINH S\u01a0N\",\"description\":\"\",\"potentialAction\":[{\"@type\":\"SearchAction\",\"target\":{\"@type\":\"EntryPoint\",\"urlTemplate\":\"https:\/\/ninhson-vn.com\/?s={search_term_string}\"},\"query-input\":{\"@type\":\"PropertyValueSpecification\",\"valueRequired\":true,\"valueName\":\"search_term_string\"}}],\"inLanguage\":\"vi\"}]}<\/script>\n<!-- \/ Yoast SEO Premium plugin. -->","yoast_head_json":{"title":"M\u00e1y Corona Plasma - C\u00d4NG TY TNHH TH\u01af\u01a0NG M\u1ea0I D\u1ecaCH V\u1ee4 V\u00c0 S\u1ea2N PH\u1ea8M NINH S\u01a0N","description":"Corona Plasma l\u00e0 c\u00f4ng ngh\u1ec7 x\u1eed l\u00fd b\u1ec1 m\u1eb7t ti\u00ean ti\u1ebfn s\u1eed d\u1ee5ng ph\u00f3ng \u0111i\u1ec7n cao \u00e1p trong kh\u00f4ng kh\u00ed \u0111\u1ec3 t\u1ea1o ra plasma (tr\u1ea1ng th\u00e1i ion h\u00f3a c\u1ee7a kh\u00ed).","robots":{"index":"noindex","follow":"follow","max-snippet":"max-snippet:-1","max-image-preview":"max-image-preview:large","max-video-preview":"max-video-preview:-1"},"og_locale":"vi_VN","og_type":"article","og_title":"M\u00e1y Corona Plasma","og_description":"Corona Plasma l\u00e0 c\u00f4ng ngh\u1ec7 x\u1eed l\u00fd b\u1ec1 m\u1eb7t ti\u00ean ti\u1ebfn s\u1eed d\u1ee5ng ph\u00f3ng \u0111i\u1ec7n cao \u00e1p trong kh\u00f4ng kh\u00ed \u0111\u1ec3 t\u1ea1o ra plasma (tr\u1ea1ng th\u00e1i ion h\u00f3a c\u1ee7a kh\u00ed).","og_url":"https:\/\/ninhson-vn.com\/?product=may-corona-plasma","og_site_name":"C\u00d4NG TY TNHH TH\u01af\u01a0NG M\u1ea0I D\u1ecaCH V\u1ee4 V\u00c0 S\u1ea2N PH\u1ea8M NINH S\u01a0N","article_modified_time":"2025-12-17T14:49:44+00:00","og_image":[{"width":747,"height":556,"url":"https:\/\/ninhson-vn.com\/wp-content\/uploads\/plasma.jpg","type":"image\/jpeg"}],"twitter_card":"summary_large_image","twitter_misc":{"\u01af\u1edbc t\u00ednh th\u1eddi gian \u0111\u1ecdc":"3 ph\u00fat"},"schema":{"@context":"https:\/\/schema.org","@graph":[{"@type":"WebPage","@id":"https:\/\/ninhson-vn.com\/?product=may-corona-plasma","url":"https:\/\/ninhson-vn.com\/?product=may-corona-plasma","name":"M\u00e1y Corona Plasma - C\u00d4NG TY TNHH TH\u01af\u01a0NG M\u1ea0I D\u1ecaCH V\u1ee4 V\u00c0 S\u1ea2N PH\u1ea8M NINH S\u01a0N","isPartOf":{"@id":"https:\/\/ninhson-vn.com\/#website"},"primaryImageOfPage":{"@id":"https:\/\/ninhson-vn.com\/?product=may-corona-plasma#primaryimage"},"image":{"@id":"https:\/\/ninhson-vn.com\/?product=may-corona-plasma#primaryimage"},"thumbnailUrl":"https:\/\/ninhson-vn.com\/wp-content\/uploads\/plasma.jpg","datePublished":"2025-12-17T14:44:59+00:00","dateModified":"2025-12-17T14:49:44+00:00","description":"Corona Plasma l\u00e0 c\u00f4ng ngh\u1ec7 x\u1eed l\u00fd b\u1ec1 m\u1eb7t ti\u00ean ti\u1ebfn s\u1eed d\u1ee5ng ph\u00f3ng \u0111i\u1ec7n cao \u00e1p trong kh\u00f4ng kh\u00ed \u0111\u1ec3 t\u1ea1o ra plasma (tr\u1ea1ng th\u00e1i ion h\u00f3a c\u1ee7a kh\u00ed).","breadcrumb":{"@id":"https:\/\/ninhson-vn.com\/?product=may-corona-plasma#breadcrumb"},"inLanguage":"vi","potentialAction":[{"@type":"ReadAction","target":["https:\/\/ninhson-vn.com\/?product=may-corona-plasma"]}]},{"@type":"ImageObject","inLanguage":"vi","@id":"https:\/\/ninhson-vn.com\/?product=may-corona-plasma#primaryimage","url":"https:\/\/ninhson-vn.com\/wp-content\/uploads\/plasma.jpg","contentUrl":"https:\/\/ninhson-vn.com\/wp-content\/uploads\/plasma.jpg","width":747,"height":556},{"@type":"BreadcrumbList","@id":"https:\/\/ninhson-vn.com\/?product=may-corona-plasma#breadcrumb","itemListElement":[{"@type":"ListItem","position":1,"name":"Trang ch\u1ee7","item":"https:\/\/ninhson-vn.com\/"},{"@type":"ListItem","position":2,"name":"C\u1eeda h\u00e0ng","item":"https:\/\/ninhson-vn.com\/?page_id=12"},{"@type":"ListItem","position":3,"name":"M\u00e1y Corona Plasma"}]},{"@type":"WebSite","@id":"https:\/\/ninhson-vn.com\/#website","url":"https:\/\/ninhson-vn.com\/","name":"C\u00d4NG TY TNHH TH\u01af\u01a0NG M\u1ea0I D\u1ecaCH V\u1ee4 V\u00c0 S\u1ea2N PH\u1ea8M NINH S\u01a0N","description":"","potentialAction":[{"@type":"SearchAction","target":{"@type":"EntryPoint","urlTemplate":"https:\/\/ninhson-vn.com\/?s={search_term_string}"},"query-input":{"@type":"PropertyValueSpecification","valueRequired":true,"valueName":"search_term_string"}}],"inLanguage":"vi"}]}},"_links":{"self":[{"href":"https:\/\/ninhson-vn.com\/index.php?rest_route=\/wp\/v2\/product\/477","targetHints":{"allow":["GET"]}}],"collection":[{"href":"https:\/\/ninhson-vn.com\/index.php?rest_route=\/wp\/v2\/product"}],"about":[{"href":"https:\/\/ninhson-vn.com\/index.php?rest_route=\/wp\/v2\/types\/product"}],"replies":[{"embeddable":true,"href":"https:\/\/ninhson-vn.com\/index.php?rest_route=%2Fwp%2Fv2%2Fcomments&post=477"}],"wp:featuredmedia":[{"embeddable":true,"href":"https:\/\/ninhson-vn.com\/index.php?rest_route=\/wp\/v2\/media\/383"}],"wp:attachment":[{"href":"https:\/\/ninhson-vn.com\/index.php?rest_route=%2Fwp%2Fv2%2Fmedia&parent=477"}],"wp:term":[{"taxonomy":"product_brand","embeddable":true,"href":"https:\/\/ninhson-vn.com\/index.php?rest_route=%2Fwp%2Fv2%2Fproduct_brand&post=477"},{"taxonomy":"product_cat","embeddable":true,"href":"https:\/\/ninhson-vn.com\/index.php?rest_route=%2Fwp%2Fv2%2Fproduct_cat&post=477"},{"taxonomy":"product_tag","embeddable":true,"href":"https:\/\/ninhson-vn.com\/index.php?rest_route=%2Fwp%2Fv2%2Fproduct_tag&post=477"}],"curies":[{"name":"wp","href":"https:\/\/api.w.org\/{rel}","templated":true}]}}