{"id":480,"date":"2025-10-15T10:56:09","date_gmt":"2025-10-15T10:56:09","guid":{"rendered":"https:\/\/ninhson-vn.com\/?post_type=product&#038;p=480"},"modified":"2025-12-04T17:23:04","modified_gmt":"2025-12-04T17:23:04","slug":"he-thong-cap-phoi-tu-dong","status":"publish","type":"product","link":"https:\/\/ninhson-vn.com\/?product=he-thong-cap-phoi-tu-dong","title":{"rendered":"H\u1ec7 th\u1ed1ng c\u1ea5p ph\u00f4i t\u1ef1 \u0111\u1ed9ng"},"content":{"rendered":"<p data-start=\"317\" data-end=\"672\"><strong data-start=\"317\" data-end=\"352\">M\u00e2m rung c\u1ea5p ph\u00f4i (Bowl Feeder)<\/strong> l\u00e0 thi\u1ebft b\u1ecb quan tr\u1ecdng trong h\u1ec7 th\u1ed1ng t\u1ef1 \u0111\u1ed9ng h\u00f3a, \u0111\u01b0\u1ee3c s\u1eed d\u1ee5ng \u0111\u1ec3 <strong data-start=\"420\" data-end=\"464\">s\u1eafp x\u1ebfp, \u0111\u1ecbnh h\u01b0\u1edbng v\u00e0 c\u1ea5p ph\u00f4i li\u00ean t\u1ee5c<\/strong> cho c\u00e1c d\u00e2y chuy\u1ec1n s\u1ea3n xu\u1ea5t, l\u1eafp r\u00e1p ho\u1eb7c m\u00e1y m\u00f3c t\u1ef1 \u0111\u1ed9ng. Thi\u1ebft b\u1ecb n\u00e0y gi\u00fap <strong data-start=\"542\" data-end=\"586\">t\u1ef1 \u0111\u1ed9ng h\u00f3a qu\u00e1 tr\u00ecnh cung c\u1ea5p linh ki\u1ec7n<\/strong>, gi\u1ea3m nh\u00e2n c\u00f4ng th\u1ee7 c\u00f4ng, n\u00e2ng cao hi\u1ec7u su\u1ea5t v\u00e0 \u0111\u1ed9 ch\u00ednh x\u00e1c c\u1ee7a h\u1ec7 th\u1ed1ng s\u1ea3n xu\u1ea5t.<\/p>\n<h3 data-start=\"674\" data-end=\"712\"><strong data-start=\"678\" data-end=\"712\">C\u1ea5u t\u1ea1o v\u00e0 nguy\u00ean l\u00fd ho\u1ea1t \u0111\u1ed9ng<\/strong><\/h3>\n<p data-start=\"713\" data-end=\"744\">M\u00e2m rung g\u1ed3m c\u00e1c b\u1ed9 ph\u1eadn ch\u00ednh:<\/p>\n<ul data-start=\"745\" data-end=\"1208\">\n<li data-start=\"745\" data-end=\"879\">\n<p data-start=\"747\" data-end=\"879\"><strong data-start=\"747\" data-end=\"772\">M\u00e2m ch\u1ee9a ph\u00f4i (Bowl):<\/strong> th\u01b0\u1eddng \u0111\u01b0\u1ee3c ch\u1ebf t\u1ea1o t\u1eeb th\u00e9p kh\u00f4ng g\u1ec9 ho\u1eb7c nh\u00f4m, c\u00f3 r\u00e3nh d\u1eabn \u0111\u01b0\u1ee3c thi\u1ebft k\u1ebf ri\u00eang cho t\u1eebng lo\u1ea1i linh ki\u1ec7n.<\/p>\n<\/li>\n<li data-start=\"880\" data-end=\"984\">\n<p data-start=\"882\" data-end=\"984\"><strong data-start=\"882\" data-end=\"908\">C\u1ee5m rung (Drive Unit):<\/strong> t\u1ea1o dao \u0111\u1ed9ng rung theo t\u1ea7n s\u1ed1 cao, gi\u00fap ph\u00f4i di chuy\u1ec3n d\u1ecdc theo r\u00e3nh d\u1eabn.<\/p>\n<\/li>\n<li data-start=\"985\" data-end=\"1089\">\n<p data-start=\"987\" data-end=\"1089\"><strong data-start=\"987\" data-end=\"1018\">B\u1ed9 \u0111i\u1ec1u khi\u1ec3n (Controller):<\/strong> \u0111i\u1ec1u ch\u1ec9nh bi\u00ean \u0111\u1ed9 v\u00e0 t\u1ea7n s\u1ed1 rung \u0111\u1ec3 \u0111\u1ea3m b\u1ea3o ph\u00f4i di chuy\u1ec3n \u1ed5n \u0111\u1ecbnh.<\/p>\n<\/li>\n<li data-start=\"1090\" data-end=\"1208\">\n<p data-start=\"1092\" data-end=\"1208\"><strong data-start=\"1092\" data-end=\"1149\">\u0110\u01b0\u1eddng d\u1eabn ho\u1eb7c ph\u1ec5u ch\u1ee9a ph\u1ee5 (Linear Feeder, Hopper):<\/strong> h\u1ed7 tr\u1ee3 \u0111\u01b0a ph\u00f4i \u0111\u1ebfn v\u1ecb tr\u00ed l\u1eafp r\u00e1p ho\u1eb7c x\u1eed l\u00fd ti\u1ebfp theo.<\/p>\n<\/li>\n<\/ul>\n<p data-start=\"1210\" data-end=\"1390\">Nguy\u00ean l\u00fd ho\u1ea1t \u0111\u1ed9ng d\u1ef1a tr\u00ean <strong data-start=\"1239\" data-end=\"1259\">dao \u0111\u1ed9ng \u0111i\u1ec7n t\u1eeb<\/strong>, khi\u1ebfn b\u1ec1 m\u1eb7t m\u00e2m rung chuy\u1ec3n \u0111\u1ed9ng theo h\u01b0\u1edbng xo\u1eafn \u1ed1c, gi\u00fap linh ki\u1ec7n di chuy\u1ec3n v\u00e0 t\u1ef1 s\u1eafp x\u1ebfp \u0111\u00fang chi\u1ec1u theo thi\u1ebft k\u1ebf r\u00e3nh d\u1eabn.<\/p>\n<h3 data-start=\"1392\" data-end=\"1415\"><strong data-start=\"1396\" data-end=\"1415\">\u01afu \u0111i\u1ec3m n\u1ed5i b\u1eadt<\/strong><\/h3>\n<ul data-start=\"1416\" data-end=\"1871\">\n<li data-start=\"1416\" data-end=\"1494\">\n<p data-start=\"1418\" data-end=\"1494\"><strong data-start=\"1418\" data-end=\"1443\">T\u1ef1 \u0111\u1ed9ng h\u00f3a ho\u00e0n to\u00e0n<\/strong> qu\u00e1 tr\u00ecnh c\u1ea5p ph\u00f4i, gi\u00fap gi\u1ea3m chi ph\u00ed nh\u00e2n c\u00f4ng.<\/p>\n<\/li>\n<li data-start=\"1495\" data-end=\"1587\">\n<p data-start=\"1497\" data-end=\"1587\"><strong data-start=\"1497\" data-end=\"1527\">T\u1ed1c \u0111\u1ed9 v\u00e0 \u0111\u1ed9 ch\u00ednh x\u00e1c cao<\/strong>, \u0111\u1ea3m b\u1ea3o linh ki\u1ec7n lu\u00f4n \u0111\u01b0\u1ee3c c\u1ea5p \u0111\u00fang h\u01b0\u1edbng, \u0111\u00fang v\u1ecb tr\u00ed.<\/p>\n<\/li>\n<li data-start=\"1588\" data-end=\"1708\">\n<p data-start=\"1590\" data-end=\"1708\"><strong data-start=\"1590\" data-end=\"1613\">T\u00f9y ch\u1ec9nh linh ho\u1ea1t<\/strong> cho nhi\u1ec1u lo\u1ea1i linh ki\u1ec7n kh\u00e1c nhau: v\u00edt, \u0111inh, n\u1eafp, \u1ed1c, \u0111\u1ea7u n\u1ed1i, chi ti\u1ebft nh\u1ef1a, kim lo\u1ea1i,&#8230;<\/p>\n<\/li>\n<li data-start=\"1709\" data-end=\"1785\">\n<p data-start=\"1711\" data-end=\"1785\"><strong data-start=\"1711\" data-end=\"1725\">\u0110\u1ed9 b\u1ec1n cao<\/strong>, ho\u1ea1t \u0111\u1ed9ng \u1ed5n \u0111\u1ecbnh trong m\u00f4i tr\u01b0\u1eddng c\u00f4ng nghi\u1ec7p li\u00ean t\u1ee5c.<\/p>\n<\/li>\n<li data-start=\"1786\" data-end=\"1871\">\n<p data-start=\"1788\" data-end=\"1871\"><strong data-start=\"1788\" data-end=\"1808\">D\u1ec5 d\u00e0ng t\u00edch h\u1ee3p<\/strong> v\u1edbi robot, m\u00e1y l\u1eafp r\u00e1p, m\u00e1y \u00e9p nh\u1ef1a ho\u1eb7c d\u00e2y chuy\u1ec1n t\u1ef1 \u0111\u1ed9ng.<\/p>\n<\/li>\n<\/ul>\n<h3 data-start=\"1873\" data-end=\"1889\"><strong data-start=\"1877\" data-end=\"1889\">\u1ee8ng d\u1ee5ng<\/strong><\/h3>\n<p data-start=\"1890\" data-end=\"1975\">H\u1ec7 th\u1ed1ng m\u00e2m rung c\u1ea5p ph\u00f4i \u0111\u01b0\u1ee3c s\u1eed d\u1ee5ng r\u1ed9ng r\u00e3i trong nhi\u1ec1u ng\u00e0nh c\u00f4ng nghi\u1ec7p nh\u01b0:<\/p>\n<ul data-start=\"1976\" data-end=\"2212\">\n<li data-start=\"1976\" data-end=\"2058\">\n<p data-start=\"1978\" data-end=\"2058\"><strong data-start=\"1978\" data-end=\"2056\">\u0110i\u1ec7n t\u1eed, linh ki\u1ec7n c\u01a1 kh\u00ed, nh\u1ef1a, y t\u1ebf, \u00f4 t\u00f4, bao b\u00ec, v\u00e0 thi\u1ebft b\u1ecb gia d\u1ee5ng.<\/strong><\/p>\n<\/li>\n<li data-start=\"2059\" data-end=\"2212\">\n<p data-start=\"2061\" data-end=\"2212\">Trong <strong data-start=\"2067\" data-end=\"2082\">m\u00e1y \u00e9p nh\u1ef1a<\/strong>, Bowl Feeder th\u01b0\u1eddng d\u00f9ng \u0111\u1ec3 c\u1ea5p c\u00e1c chi ti\u1ebft nh\u1ecf nh\u01b0 v\u00edt, n\u1eafp, connector, gio\u0103ng, ho\u1eb7c ph\u1ee5 ki\u1ec7n nh\u1ef1a cho robot g\u1eafp \u0111\u1eb7t t\u1ef1 \u0111\u1ed9ng.<\/p>\n<\/li>\n<\/ul>\n","protected":false},"excerpt":{"rendered":"<p>https:\/\/ikyo.net\/<\/p>\n","protected":false},"featured_media":387,"comment_status":"open","ping_status":"closed","template":"","meta":[],"product_brand":[],"product_cat":[49],"product_tag":[],"class_list":{"0":"post-480","1":"product","2":"type-product","3":"status-publish","4":"has-post-thumbnail","6":"product_cat-san-pham-khac","8":"first","9":"instock","10":"shipping-taxable","11":"product-type-simple"},"yoast_head":"<!-- This site is optimized with the Yoast SEO Premium plugin v23.2 (Yoast SEO v25.8) - https:\/\/yoast.com\/wordpress\/plugins\/seo\/ -->\n<title>H\u1ec7 th\u1ed1ng c\u1ea5p ph\u00f4i t\u1ef1 \u0111\u1ed9ng - C\u00d4NG TY TNHH TH\u01af\u01a0NG M\u1ea0I D\u1ecaCH V\u1ee4 V\u00c0 S\u1ea2N PH\u1ea8M NINH S\u01a0N<\/title>\n<meta name=\"description\" content=\"M\u00e2m rung c\u1ea5p ph\u00f4i (Bowl Feeder) l\u00e0 thi\u1ebft b\u1ecb quan tr\u1ecdng trong h\u1ec7 th\u1ed1ng t\u1ef1 \u0111\u1ed9ng h\u00f3a, \u0111\u01b0\u1ee3c s\u1eed d\u1ee5ng \u0111\u1ec3 s\u1eafp x\u1ebfp, \u0111\u1ecbnh h\u01b0\u1edbng v\u00e0 c\u1ea5p ph\u00f4i li\u00ean t\u1ee5c cho c\u00e1c d\u00e2y chuy\u1ec1n s\u1ea3n xu\u1ea5t.\" \/>\n<meta name=\"robots\" content=\"noindex, follow, max-snippet:-1, max-image-preview:large, max-video-preview:-1\" \/>\n<meta property=\"og:locale\" content=\"vi_VN\" \/>\n<meta property=\"og:type\" content=\"article\" \/>\n<meta property=\"og:title\" content=\"H\u1ec7 th\u1ed1ng c\u1ea5p ph\u00f4i t\u1ef1 \u0111\u1ed9ng\" \/>\n<meta property=\"og:description\" content=\"M\u00e2m rung c\u1ea5p ph\u00f4i (Bowl Feeder) l\u00e0 thi\u1ebft b\u1ecb quan tr\u1ecdng trong h\u1ec7 th\u1ed1ng t\u1ef1 \u0111\u1ed9ng h\u00f3a, \u0111\u01b0\u1ee3c s\u1eed d\u1ee5ng \u0111\u1ec3 s\u1eafp x\u1ebfp, \u0111\u1ecbnh h\u01b0\u1edbng v\u00e0 c\u1ea5p ph\u00f4i li\u00ean t\u1ee5c cho c\u00e1c d\u00e2y chuy\u1ec1n s\u1ea3n xu\u1ea5t.\" \/>\n<meta property=\"og:url\" content=\"https:\/\/ninhson-vn.com\/?product=he-thong-cap-phoi-tu-dong\" \/>\n<meta property=\"og:site_name\" content=\"C\u00d4NG TY TNHH TH\u01af\u01a0NG M\u1ea0I D\u1ecaCH V\u1ee4 V\u00c0 S\u1ea2N PH\u1ea8M NINH S\u01a0N\" \/>\n<meta property=\"article:modified_time\" content=\"2025-12-04T17:23:04+00:00\" \/>\n<meta property=\"og:image\" content=\"https:\/\/ninhson-vn.com\/wp-content\/uploads\/pharmaceutical-bottle-cap-feeder3.jpg\" \/>\n\t<meta property=\"og:image:width\" content=\"800\" \/>\n\t<meta property=\"og:image:height\" content=\"600\" \/>\n\t<meta property=\"og:image:type\" content=\"image\/jpeg\" \/>\n<meta name=\"twitter:card\" content=\"summary_large_image\" \/>\n<meta name=\"twitter:label1\" content=\"\u01af\u1edbc t\u00ednh th\u1eddi gian \u0111\u1ecdc\" \/>\n\t<meta name=\"twitter:data1\" content=\"3 ph\u00fat\" \/>\n<script type=\"application\/ld+json\" class=\"yoast-schema-graph\">{\"@context\":\"https:\/\/schema.org\",\"@graph\":[{\"@type\":\"WebPage\",\"@id\":\"https:\/\/ninhson-vn.com\/?product=he-thong-cap-phoi-tu-dong\",\"url\":\"https:\/\/ninhson-vn.com\/?product=he-thong-cap-phoi-tu-dong\",\"name\":\"H\u1ec7 th\u1ed1ng c\u1ea5p ph\u00f4i t\u1ef1 \u0111\u1ed9ng - C\u00d4NG TY TNHH TH\u01af\u01a0NG M\u1ea0I D\u1ecaCH V\u1ee4 V\u00c0 S\u1ea2N PH\u1ea8M NINH S\u01a0N\",\"isPartOf\":{\"@id\":\"https:\/\/ninhson-vn.com\/#website\"},\"primaryImageOfPage\":{\"@id\":\"https:\/\/ninhson-vn.com\/?product=he-thong-cap-phoi-tu-dong#primaryimage\"},\"image\":{\"@id\":\"https:\/\/ninhson-vn.com\/?product=he-thong-cap-phoi-tu-dong#primaryimage\"},\"thumbnailUrl\":\"https:\/\/ninhson-vn.com\/wp-content\/uploads\/pharmaceutical-bottle-cap-feeder3.jpg\",\"datePublished\":\"2025-10-15T10:56:09+00:00\",\"dateModified\":\"2025-12-04T17:23:04+00:00\",\"description\":\"M\u00e2m rung c\u1ea5p ph\u00f4i (Bowl Feeder) l\u00e0 thi\u1ebft b\u1ecb quan tr\u1ecdng trong h\u1ec7 th\u1ed1ng t\u1ef1 \u0111\u1ed9ng h\u00f3a, \u0111\u01b0\u1ee3c s\u1eed d\u1ee5ng \u0111\u1ec3 s\u1eafp x\u1ebfp, \u0111\u1ecbnh h\u01b0\u1edbng v\u00e0 c\u1ea5p ph\u00f4i li\u00ean t\u1ee5c cho c\u00e1c d\u00e2y chuy\u1ec1n s\u1ea3n xu\u1ea5t.\",\"breadcrumb\":{\"@id\":\"https:\/\/ninhson-vn.com\/?product=he-thong-cap-phoi-tu-dong#breadcrumb\"},\"inLanguage\":\"vi\",\"potentialAction\":[{\"@type\":\"ReadAction\",\"target\":[\"https:\/\/ninhson-vn.com\/?product=he-thong-cap-phoi-tu-dong\"]}]},{\"@type\":\"ImageObject\",\"inLanguage\":\"vi\",\"@id\":\"https:\/\/ninhson-vn.com\/?product=he-thong-cap-phoi-tu-dong#primaryimage\",\"url\":\"https:\/\/ninhson-vn.com\/wp-content\/uploads\/pharmaceutical-bottle-cap-feeder3.jpg\",\"contentUrl\":\"https:\/\/ninhson-vn.com\/wp-content\/uploads\/pharmaceutical-bottle-cap-feeder3.jpg\",\"width\":800,\"height\":600},{\"@type\":\"BreadcrumbList\",\"@id\":\"https:\/\/ninhson-vn.com\/?product=he-thong-cap-phoi-tu-dong#breadcrumb\",\"itemListElement\":[{\"@type\":\"ListItem\",\"position\":1,\"name\":\"Trang ch\u1ee7\",\"item\":\"https:\/\/ninhson-vn.com\/\"},{\"@type\":\"ListItem\",\"position\":2,\"name\":\"C\u1eeda h\u00e0ng\",\"item\":\"https:\/\/ninhson-vn.com\/?page_id=12\"},{\"@type\":\"ListItem\",\"position\":3,\"name\":\"H\u1ec7 th\u1ed1ng c\u1ea5p ph\u00f4i t\u1ef1 \u0111\u1ed9ng\"}]},{\"@type\":\"WebSite\",\"@id\":\"https:\/\/ninhson-vn.com\/#website\",\"url\":\"https:\/\/ninhson-vn.com\/\",\"name\":\"C\u00d4NG TY TNHH TH\u01af\u01a0NG M\u1ea0I D\u1ecaCH V\u1ee4 V\u00c0 S\u1ea2N PH\u1ea8M NINH S\u01a0N\",\"description\":\"\",\"potentialAction\":[{\"@type\":\"SearchAction\",\"target\":{\"@type\":\"EntryPoint\",\"urlTemplate\":\"https:\/\/ninhson-vn.com\/?s={search_term_string}\"},\"query-input\":{\"@type\":\"PropertyValueSpecification\",\"valueRequired\":true,\"valueName\":\"search_term_string\"}}],\"inLanguage\":\"vi\"}]}<\/script>\n<!-- \/ Yoast SEO Premium plugin. -->","yoast_head_json":{"title":"H\u1ec7 th\u1ed1ng c\u1ea5p ph\u00f4i t\u1ef1 \u0111\u1ed9ng - C\u00d4NG TY TNHH TH\u01af\u01a0NG M\u1ea0I D\u1ecaCH V\u1ee4 V\u00c0 S\u1ea2N PH\u1ea8M NINH S\u01a0N","description":"M\u00e2m rung c\u1ea5p ph\u00f4i (Bowl Feeder) l\u00e0 thi\u1ebft b\u1ecb quan tr\u1ecdng trong h\u1ec7 th\u1ed1ng t\u1ef1 \u0111\u1ed9ng h\u00f3a, \u0111\u01b0\u1ee3c s\u1eed d\u1ee5ng \u0111\u1ec3 s\u1eafp x\u1ebfp, \u0111\u1ecbnh h\u01b0\u1edbng v\u00e0 c\u1ea5p ph\u00f4i li\u00ean t\u1ee5c cho c\u00e1c d\u00e2y chuy\u1ec1n s\u1ea3n xu\u1ea5t.","robots":{"index":"noindex","follow":"follow","max-snippet":"max-snippet:-1","max-image-preview":"max-image-preview:large","max-video-preview":"max-video-preview:-1"},"og_locale":"vi_VN","og_type":"article","og_title":"H\u1ec7 th\u1ed1ng c\u1ea5p ph\u00f4i t\u1ef1 \u0111\u1ed9ng","og_description":"M\u00e2m rung c\u1ea5p ph\u00f4i (Bowl Feeder) l\u00e0 thi\u1ebft b\u1ecb quan tr\u1ecdng trong h\u1ec7 th\u1ed1ng t\u1ef1 \u0111\u1ed9ng h\u00f3a, \u0111\u01b0\u1ee3c s\u1eed d\u1ee5ng \u0111\u1ec3 s\u1eafp x\u1ebfp, \u0111\u1ecbnh h\u01b0\u1edbng v\u00e0 c\u1ea5p ph\u00f4i li\u00ean t\u1ee5c cho c\u00e1c d\u00e2y chuy\u1ec1n s\u1ea3n xu\u1ea5t.","og_url":"https:\/\/ninhson-vn.com\/?product=he-thong-cap-phoi-tu-dong","og_site_name":"C\u00d4NG TY TNHH TH\u01af\u01a0NG M\u1ea0I D\u1ecaCH V\u1ee4 V\u00c0 S\u1ea2N PH\u1ea8M NINH S\u01a0N","article_modified_time":"2025-12-04T17:23:04+00:00","og_image":[{"width":800,"height":600,"url":"https:\/\/ninhson-vn.com\/wp-content\/uploads\/pharmaceutical-bottle-cap-feeder3.jpg","type":"image\/jpeg"}],"twitter_card":"summary_large_image","twitter_misc":{"\u01af\u1edbc t\u00ednh th\u1eddi gian \u0111\u1ecdc":"3 ph\u00fat"},"schema":{"@context":"https:\/\/schema.org","@graph":[{"@type":"WebPage","@id":"https:\/\/ninhson-vn.com\/?product=he-thong-cap-phoi-tu-dong","url":"https:\/\/ninhson-vn.com\/?product=he-thong-cap-phoi-tu-dong","name":"H\u1ec7 th\u1ed1ng c\u1ea5p ph\u00f4i t\u1ef1 \u0111\u1ed9ng - C\u00d4NG TY TNHH TH\u01af\u01a0NG M\u1ea0I D\u1ecaCH V\u1ee4 V\u00c0 S\u1ea2N PH\u1ea8M NINH S\u01a0N","isPartOf":{"@id":"https:\/\/ninhson-vn.com\/#website"},"primaryImageOfPage":{"@id":"https:\/\/ninhson-vn.com\/?product=he-thong-cap-phoi-tu-dong#primaryimage"},"image":{"@id":"https:\/\/ninhson-vn.com\/?product=he-thong-cap-phoi-tu-dong#primaryimage"},"thumbnailUrl":"https:\/\/ninhson-vn.com\/wp-content\/uploads\/pharmaceutical-bottle-cap-feeder3.jpg","datePublished":"2025-10-15T10:56:09+00:00","dateModified":"2025-12-04T17:23:04+00:00","description":"M\u00e2m rung c\u1ea5p ph\u00f4i (Bowl Feeder) l\u00e0 thi\u1ebft b\u1ecb quan tr\u1ecdng trong h\u1ec7 th\u1ed1ng t\u1ef1 \u0111\u1ed9ng h\u00f3a, \u0111\u01b0\u1ee3c s\u1eed d\u1ee5ng \u0111\u1ec3 s\u1eafp x\u1ebfp, \u0111\u1ecbnh h\u01b0\u1edbng v\u00e0 c\u1ea5p ph\u00f4i li\u00ean t\u1ee5c cho c\u00e1c d\u00e2y chuy\u1ec1n s\u1ea3n xu\u1ea5t.","breadcrumb":{"@id":"https:\/\/ninhson-vn.com\/?product=he-thong-cap-phoi-tu-dong#breadcrumb"},"inLanguage":"vi","potentialAction":[{"@type":"ReadAction","target":["https:\/\/ninhson-vn.com\/?product=he-thong-cap-phoi-tu-dong"]}]},{"@type":"ImageObject","inLanguage":"vi","@id":"https:\/\/ninhson-vn.com\/?product=he-thong-cap-phoi-tu-dong#primaryimage","url":"https:\/\/ninhson-vn.com\/wp-content\/uploads\/pharmaceutical-bottle-cap-feeder3.jpg","contentUrl":"https:\/\/ninhson-vn.com\/wp-content\/uploads\/pharmaceutical-bottle-cap-feeder3.jpg","width":800,"height":600},{"@type":"BreadcrumbList","@id":"https:\/\/ninhson-vn.com\/?product=he-thong-cap-phoi-tu-dong#breadcrumb","itemListElement":[{"@type":"ListItem","position":1,"name":"Trang ch\u1ee7","item":"https:\/\/ninhson-vn.com\/"},{"@type":"ListItem","position":2,"name":"C\u1eeda h\u00e0ng","item":"https:\/\/ninhson-vn.com\/?page_id=12"},{"@type":"ListItem","position":3,"name":"H\u1ec7 th\u1ed1ng c\u1ea5p ph\u00f4i t\u1ef1 \u0111\u1ed9ng"}]},{"@type":"WebSite","@id":"https:\/\/ninhson-vn.com\/#website","url":"https:\/\/ninhson-vn.com\/","name":"C\u00d4NG TY TNHH TH\u01af\u01a0NG M\u1ea0I D\u1ecaCH V\u1ee4 V\u00c0 S\u1ea2N PH\u1ea8M NINH S\u01a0N","description":"","potentialAction":[{"@type":"SearchAction","target":{"@type":"EntryPoint","urlTemplate":"https:\/\/ninhson-vn.com\/?s={search_term_string}"},"query-input":{"@type":"PropertyValueSpecification","valueRequired":true,"valueName":"search_term_string"}}],"inLanguage":"vi"}]}},"_links":{"self":[{"href":"https:\/\/ninhson-vn.com\/index.php?rest_route=\/wp\/v2\/product\/480","targetHints":{"allow":["GET"]}}],"collection":[{"href":"https:\/\/ninhson-vn.com\/index.php?rest_route=\/wp\/v2\/product"}],"about":[{"href":"https:\/\/ninhson-vn.com\/index.php?rest_route=\/wp\/v2\/types\/product"}],"replies":[{"embeddable":true,"href":"https:\/\/ninhson-vn.com\/index.php?rest_route=%2Fwp%2Fv2%2Fcomments&post=480"}],"wp:featuredmedia":[{"embeddable":true,"href":"https:\/\/ninhson-vn.com\/index.php?rest_route=\/wp\/v2\/media\/387"}],"wp:attachment":[{"href":"https:\/\/ninhson-vn.com\/index.php?rest_route=%2Fwp%2Fv2%2Fmedia&parent=480"}],"wp:term":[{"taxonomy":"product_brand","embeddable":true,"href":"https:\/\/ninhson-vn.com\/index.php?rest_route=%2Fwp%2Fv2%2Fproduct_brand&post=480"},{"taxonomy":"product_cat","embeddable":true,"href":"https:\/\/ninhson-vn.com\/index.php?rest_route=%2Fwp%2Fv2%2Fproduct_cat&post=480"},{"taxonomy":"product_tag","embeddable":true,"href":"https:\/\/ninhson-vn.com\/index.php?rest_route=%2Fwp%2Fv2%2Fproduct_tag&post=480"}],"curies":[{"name":"wp","href":"https:\/\/api.w.org\/{rel}","templated":true}]}}