{"id":510,"date":"2025-10-15T15:33:26","date_gmt":"2025-10-15T15:33:26","guid":{"rendered":"https:\/\/ninhson-vn.com\/?post_type=product&#038;p=510"},"modified":"2025-12-19T15:47:05","modified_gmt":"2025-12-19T15:47:05","slug":"bo-dau-truc-vit-tiset","status":"publish","type":"product","link":"https:\/\/ninhson-vn.com\/?product=bo-dau-truc-vit-tiset","title":{"rendered":"B\u1ed9 \u0111\u1ea7u tr\u1ee5c v\u00edt (Tiset)"},"content":{"rendered":"<h2 data-start=\"317\" data-end=\"379\"><strong data-start=\"323\" data-end=\"379\">Gi\u1edbi thi\u1ec7u B\u1ed9 \u0111\u1ea7u tr\u1ee5c v\u00edt (Tip Set) cho m\u00e1y \u00e9p nh\u1ef1a<\/strong><\/h2>\n<p data-start=\"381\" data-end=\"668\"><strong data-start=\"381\" data-end=\"410\">B\u1ed9 \u0111\u1ea7u tr\u1ee5c v\u00edt (Tip Set)<\/strong> l\u00e0 m\u1ed9t trong nh\u1eefng <strong data-start=\"430\" data-end=\"483\">b\u1ed9 ph\u1eadn quan tr\u1ecdng nh\u1ea5t c\u1ee7a c\u1ee5m tr\u1ee5c v\u00edt \u2013 xilanh<\/strong> trong m\u00e1y \u00e9p nh\u1ef1a. Tip Set \u0111\u1ea3m nhi\u1ec7m ch\u1ee9c n\u0103ng <strong data-start=\"531\" data-end=\"564\">\u0111\u00f3ng \u2013 m\u1edf d\u00f2ng nh\u1ef1a n\u00f3ng ch\u1ea3y<\/strong>, <strong data-start=\"566\" data-end=\"590\">ng\u0103n d\u00f2ng ch\u1ea3y ng\u01b0\u1ee3c<\/strong>, v\u00e0 <strong data-start=\"595\" data-end=\"645\">\u0111\u1ea3m b\u1ea3o qu\u00e1 tr\u00ecnh phun nh\u1ef1a \u1ed5n \u0111\u1ecbnh, ch\u00ednh x\u00e1c<\/strong> trong m\u1ed7i chu k\u1ef3 \u00e9p.<\/p>\n<p data-start=\"670\" data-end=\"975\">C\u00e1c d\u00f2ng <strong data-start=\"679\" data-end=\"698\">b\u1ed9 \u0111\u1ea7u tr\u1ee5c v\u00edt<\/strong> do ch\u00fang t\u00f4i cung c\u1ea5p \u0111\u01b0\u1ee3c thi\u1ebft k\u1ebf <strong data-start=\"735\" data-end=\"760\">t\u01b0\u01a1ng th\u00edch ho\u00e0n to\u00e0n<\/strong> v\u1edbi nhi\u1ec1u th\u01b0\u01a1ng hi\u1ec7u m\u00e1y \u00e9p nh\u1ef1a n\u1ed5i ti\u1ebfng nh\u01b0 <strong data-start=\"809\" data-end=\"896\">Sumitomo, JSW, Fanuc, Nissei, Toshiba, Engel, Arburg, Haitian, Yizumi, Chen Hsong,\u2026<\/strong>, \u0111\u1ea3m b\u1ea3o <strong data-start=\"906\" data-end=\"975\">\u0111\u1ed9 ch\u00ednh x\u00e1c cao, \u0111\u1ed9 b\u1ec1n v\u01b0\u1ee3t tr\u1ed9i v\u00e0 hi\u1ec7u su\u1ea5t phun nh\u1ef1a t\u1ed1i \u01b0u.<\/strong><\/p>\n<hr data-start=\"977\" data-end=\"980\" \/>\n<h3 data-start=\"982\" data-end=\"1011\"><strong data-start=\"986\" data-end=\"1011\">\ud83d\udd29 C\u1ea5u t\u1ea1o b\u1ed9 Tip Set<\/strong><\/h3>\n<p data-start=\"1012\" data-end=\"1068\">B\u1ed9 \u0111\u1ea7u tr\u1ee5c v\u00edt ti\u00eau chu\u1ea9n bao g\u1ed3m <strong data-start=\"1047\" data-end=\"1067\">3 chi ti\u1ebft ch\u00ednh<\/strong>:<\/p>\n<ol data-start=\"1069\" data-end=\"1453\">\n<li data-start=\"1069\" data-end=\"1183\">\n<p data-start=\"1072\" data-end=\"1183\"><strong data-start=\"1072\" data-end=\"1096\">Screw head (\u0110\u1ea7u ch\u1ed1t \u0111\u00f3ng):<\/strong> c\u00f3 nhi\u1ec7m v\u1ee5 \u0111\u00f3ng k\u00edn d\u00f2ng nh\u1ef1a khi tr\u1ee5c v\u00edt ti\u1ebfn v\u1ec1 ph\u00eda tr\u01b0\u1edbc trong qu\u00e1 tr\u00ecnh phun.<\/p>\n<\/li>\n<li data-start=\"1184\" data-end=\"1331\">\n<p data-start=\"1187\" data-end=\"1331\"><strong data-start=\"1187\" data-end=\"1220\">Check Ring (V\u00f2ng ch\u1eafn ng\u01b0\u1ee3c):<\/strong> di chuy\u1ec3n t\u1ef1 do \u0111\u1ec3 m\u1edf \u0111\u01b0\u1eddng cho nh\u1ef1a trong qu\u00e1 tr\u00ecnh n\u1ea1p, v\u00e0 \u0111\u00f3ng l\u1ea1i khi phun \u0111\u1ec3 ng\u0103n d\u00f2ng nh\u1ef1a ch\u1ea3y ng\u01b0\u1ee3c.<\/p>\n<\/li>\n<li data-start=\"1332\" data-end=\"1453\">\n<p data-start=\"1335\" data-end=\"1453\"><strong data-start=\"1335\" data-end=\"1366\">Sealring (V\u00f2ng ch\u1eb7n):<\/strong> c\u1ed1 \u0111\u1ecbnh v\u00e0 gi\u1edbi h\u1ea1n chuy\u1ec3n \u0111\u1ed9ng c\u1ee7a Check Ring, \u0111\u1ed3ng th\u1eddi li\u00ean k\u1ebft Tip v\u1edbi tr\u1ee5c v\u00edt.<\/p>\n<\/li>\n<\/ol>\n<p data-start=\"1455\" data-end=\"1596\">C\u00e1c chi ti\u1ebft n\u00e0y \u0111\u01b0\u1ee3c ch\u1ebf t\u1ea1o ch\u00ednh x\u00e1c, l\u1eafp kh\u00edt ho\u00e0n h\u1ea3o \u0111\u1ec3 \u0111\u1ea3m b\u1ea3o <strong data-start=\"1525\" data-end=\"1561\">d\u00f2ng nh\u1ef1a \u0111\u01b0\u1ee3c ki\u1ec3m so\u00e1t \u1ed5n \u0111\u1ecbnh<\/strong>, tr\u00e1nh r\u00f2 r\u1ec9, v\u00e0 t\u0103ng hi\u1ec7u qu\u1ea3 \u00e9p.<\/p>\n<hr data-start=\"1598\" data-end=\"1601\" \/>\n<h3 data-start=\"1603\" data-end=\"1631\"><strong data-start=\"1607\" data-end=\"1631\">\ud83d\udee0\ufe0f V\u1eadt li\u1ec7u ch\u1ebf t\u1ea1o<\/strong><\/h3>\n<ul data-start=\"1632\" data-end=\"1928\">\n<li data-start=\"1632\" data-end=\"1720\">\n<p data-start=\"1634\" data-end=\"1720\"><strong data-start=\"1634\" data-end=\"1667\">Th\u00e9p h\u1ee3p kim ch\u1ecbu m\u00e0i m\u00f2n cao<\/strong> (SKD61, SACM645, SUJ2, ho\u1eb7c th\u00e9p b\u1ed9t c\u1ee9ng HSS\/PM).<\/p>\n<\/li>\n<li data-start=\"1721\" data-end=\"1834\">\n<p data-start=\"1723\" data-end=\"1834\"><strong data-start=\"1723\" data-end=\"1764\">X\u1eed l\u00fd nhi\u1ec7t, th\u1ea5m nit\u01a1, ho\u1eb7c ph\u1ee7 c\u1ee9ng<\/strong> (TiN, CrN, DLC\u2026) gi\u00fap t\u0103ng \u0111\u1ed9 c\u1ee9ng b\u1ec1 m\u1eb7t v\u00e0 kh\u1ea3 n\u0103ng ch\u1ed1ng \u0103n m\u00f2n.<\/p>\n<\/li>\n<li data-start=\"1835\" data-end=\"1928\">\n<p data-start=\"1837\" data-end=\"1928\"><strong data-start=\"1837\" data-end=\"1868\">Gia c\u00f4ng ch\u00ednh x\u00e1c b\u1eb1ng CNC<\/strong> \u0111\u1ea3m b\u1ea3o \u0111\u1ed9 \u0111\u1ed3ng t\u00e2m v\u00e0 \u0111\u1ed9 k\u00edn kh\u00edt tuy\u1ec7t \u0111\u1ed1i khi l\u1eafp r\u00e1p.<\/p>\n<\/li>\n<\/ul>\n<hr data-start=\"1930\" data-end=\"1933\" \/>\n<h3 data-start=\"1935\" data-end=\"1961\"><strong data-start=\"1939\" data-end=\"1961\">\ud83d\udca1 \u01afu \u0111i\u1ec3m n\u1ed5i b\u1eadt<\/strong><\/h3>\n<ul data-start=\"1962\" data-end=\"2397\">\n<li data-start=\"1962\" data-end=\"2116\">\n<p data-start=\"1964\" data-end=\"2116\"><strong data-start=\"1964\" data-end=\"1983\">T\u01b0\u01a1ng th\u00edch cao<\/strong>: c\u00f3 th\u1ec3 thay th\u1ebf tr\u1ef1c ti\u1ebfp cho c\u00e1c m\u00e1y <strong data-start=\"2023\" data-end=\"2090\">Sumitomo, JSW, Fanuc, Nissei, Toshiba, Engel, Arburg, Haitian,\u2026<\/strong> m\u00e0 kh\u00f4ng c\u1ea7n ch\u1ec9nh s\u1eeda.<\/p>\n<\/li>\n<li data-start=\"2117\" data-end=\"2210\">\n<p data-start=\"2119\" data-end=\"2210\"><strong data-start=\"2119\" data-end=\"2147\">\u0110\u1ed9 b\u1ec1n cao, tu\u1ed5i th\u1ecd d\u00e0i<\/strong>, ho\u1ea1t \u0111\u1ed9ng \u1ed5n \u0111\u1ecbnh trong m\u00f4i tr\u01b0\u1eddng nhi\u1ec7t \u0111\u1ed9 v\u00e0 \u00e1p su\u1ea5t cao.<\/p>\n<\/li>\n<li data-start=\"2211\" data-end=\"2268\">\n<p data-start=\"2213\" data-end=\"2268\"><strong data-start=\"2213\" data-end=\"2266\">Phun nh\u1ef1a \u0111\u1ed3ng \u0111\u1ec1u, h\u1ea1n ch\u1ebf r\u00f2 r\u1ec9 ho\u1eb7c ch\u00e1y nh\u1ef1a.<\/strong><\/p>\n<\/li>\n<li data-start=\"2269\" data-end=\"2329\">\n<p data-start=\"2271\" data-end=\"2329\"><strong data-start=\"2271\" data-end=\"2297\">Gi\u1ea3m th\u1eddi gian b\u1ea3o tr\u00ec<\/strong>, n\u00e2ng cao hi\u1ec7u su\u1ea5t s\u1ea3n xu\u1ea5t.<\/p>\n<\/li>\n<li data-start=\"2330\" data-end=\"2397\">\n<p data-start=\"2332\" data-end=\"2397\"><strong data-start=\"2332\" data-end=\"2354\">\u0110a d\u1ea1ng k\u00edch th\u01b0\u1edbc<\/strong> theo \u0111\u01b0\u1eddng k\u00ednh tr\u1ee5c v\u00edt: \u00d818 \u2013 \u00d8200 mm.<\/p>\n<\/li>\n<\/ul>\n<hr data-start=\"2399\" data-end=\"2402\" \/>\n<h3 data-start=\"2404\" data-end=\"2423\"><strong data-start=\"2408\" data-end=\"2423\">\ud83c\udfed \u1ee8ng d\u1ee5ng<\/strong><\/h3>\n<p data-start=\"2424\" data-end=\"2471\">B\u1ed9 \u0111\u1ea7u tr\u1ee5c v\u00edt (Tip Set) \u0111\u01b0\u1ee3c s\u1eed d\u1ee5ng trong:<\/p>\n<ul data-start=\"2472\" data-end=\"2678\">\n<li data-start=\"2472\" data-end=\"2517\">\n<p data-start=\"2474\" data-end=\"2517\"><strong data-start=\"2474\" data-end=\"2515\">M\u00e1y \u00e9p nh\u1ef1a \u0111i\u1ec7n, hybrid v\u00e0 th\u1ee7y l\u1ef1c.<\/strong><\/p>\n<\/li>\n<li data-start=\"2518\" data-end=\"2571\">\n<p data-start=\"2520\" data-end=\"2571\"><strong data-start=\"2520\" data-end=\"2569\">M\u00e1y \u0111\u00f9n v\u00e0 d\u00e2y chuy\u1ec1n s\u1ea3n xu\u1ea5t nh\u1ef1a k\u1ef9 thu\u1eadt.<\/strong><\/p>\n<\/li>\n<li data-start=\"2572\" data-end=\"2678\">\n<p data-start=\"2574\" data-end=\"2678\"><strong data-start=\"2574\" data-end=\"2605\">Ng\u00e0nh \u00e9p nh\u1ef1a k\u1ef9 thu\u1eadt cao:<\/strong> connector, linh ki\u1ec7n \u0111i\u1ec7n t\u1eed, thi\u1ebft b\u1ecb y t\u1ebf, v\u1ecf s\u1ea3n ph\u1ea9m ch\u00ednh x\u00e1c,&#8230;<\/p>\n<\/li>\n<\/ul>\n<hr data-start=\"2680\" data-end=\"2683\" \/>\n<h3 data-start=\"2685\" data-end=\"2721\"><strong data-start=\"2689\" data-end=\"2721\">\ud83d\udce6 C\u00e1c lo\u1ea1i Tip Set cung c\u1ea5p<\/strong><\/h3>\n<ul data-start=\"2722\" data-end=\"3026\">\n<li data-start=\"2722\" data-end=\"2816\">\n<p data-start=\"2724\" data-end=\"2816\">Tip Set ti\u00eau chu\u1ea9n cho <strong data-start=\"2747\" data-end=\"2814\">Sumitomo, JSW, Fanuc, Nissei, Toshiba, Engel, Arburg, Haitian,\u2026<\/strong><\/p>\n<\/li>\n<li data-start=\"2817\" data-end=\"2933\">\n<p data-start=\"2819\" data-end=\"2933\">Tip Set <strong data-start=\"2827\" data-end=\"2865\">v\u1eadt li\u1ec7u \u0111\u1eb7c bi\u1ec7t ch\u1ecbu m\u00e0i m\u00f2n cao<\/strong> cho nh\u1ef1a ch\u1ee9a s\u1ee3i th\u1ee7y tinh, nh\u1ef1a k\u1ef9 thu\u1eadt (PA, POM, PPS, LCP,\u2026).<\/p>\n<\/li>\n<li data-start=\"2934\" data-end=\"3026\">\n<p data-start=\"2936\" data-end=\"3026\">Tip Set <strong data-start=\"2944\" data-end=\"2969\">thi\u1ebft k\u1ebf theo y\u00eau c\u1ea7u<\/strong>, s\u1ea3n xu\u1ea5t theo b\u1ea3n v\u1ebd ho\u1eb7c m\u1eabu th\u1ef1c t\u1ebf c\u1ee7a kh\u00e1ch h\u00e0ng.<\/p>\n<\/li>\n<\/ul>\n<hr data-start=\"3028\" data-end=\"3031\" \/>\n<h3 data-start=\"3033\" data-end=\"3087\"><strong data-start=\"3037\" data-end=\"3087\">\ud83c\udf1f L\u1ee3i \u00edch khi l\u1ef1a ch\u1ecdn s\u1ea3n ph\u1ea9m c\u1ee7a ch\u00fang t\u00f4i<\/strong><\/h3>\n<ul data-start=\"3088\" data-end=\"3434\">\n<li data-start=\"3088\" data-end=\"3179\">\n<p data-start=\"3090\" data-end=\"3179\"><strong data-start=\"3090\" data-end=\"3134\">Ch\u1ea5t l\u01b0\u1ee3ng Nh\u1eadt B\u1ea3n \u2013 \u0110\u00e0i Loan \u2013 Ch\u00e2u \u00c2u<\/strong>, \u0111\u1ea3m b\u1ea3o <strong data-start=\"3144\" data-end=\"3176\">\u0111\u1ed9 ch\u00ednh x\u00e1c v\u00e0 tu\u1ed5i th\u1ecd cao<\/strong>.<\/p>\n<\/li>\n<li data-start=\"3180\" data-end=\"3285\">\n<p data-start=\"3182\" data-end=\"3285\"><strong data-start=\"3182\" data-end=\"3210\">T\u01b0 v\u1ea5n k\u1ef9 thu\u1eadt mi\u1ec5n ph\u00ed<\/strong>, h\u1ed7 tr\u1ee3 \u0111o, ch\u1ecdn k\u00edch th\u01b0\u1edbc v\u00e0 lo\u1ea1i v\u1eadt li\u1ec7u ph\u00f9 h\u1ee3p v\u1edbi t\u1eebng lo\u1ea1i nh\u1ef1a.<\/p>\n<\/li>\n<li data-start=\"3286\" data-end=\"3362\">\n<p data-start=\"3288\" data-end=\"3362\"><strong data-start=\"3288\" data-end=\"3332\">H\u00e0ng c\u00f3 s\u1eb5n cho nhi\u1ec1u model m\u00e1y ph\u1ed5 bi\u1ebfn<\/strong>, giao h\u00e0ng nhanh to\u00e0n qu\u1ed1c.<\/p>\n<\/li>\n<li data-start=\"3363\" data-end=\"3434\">\n<p data-start=\"3365\" data-end=\"3434\"><strong data-start=\"3365\" data-end=\"3390\">Gia c\u00f4ng theo y\u00eau c\u1ea7u<\/strong> cho m\u00e1y \u0111\u1eb7c bi\u1ec7t ho\u1eb7c tr\u1ee5c v\u00edt t\u00f9y ch\u1ec9nh.<\/p>\n<\/li>\n<\/ul>\n<hr data-start=\"3436\" data-end=\"3439\" \/>\n<p data-start=\"3441\" data-end=\"3747\">\ud83d\udc49 <strong data-start=\"3444\" data-end=\"3499\">C\u00f4ng ty TNHH Th\u01b0\u01a1ng M\u1ea1i D\u1ecbch V\u1ee5 &amp; S\u1ea3n Xu\u1ea5t Ninh S\u01a1n<\/strong> chuy\u00ean <strong data-start=\"3507\" data-end=\"3567\">cung c\u1ea5p \u2013 gia c\u00f4ng \u2013 thay th\u1ebf b\u1ed9 \u0111\u1ea7u tr\u1ee5c v\u00edt (Tip Set)<\/strong> cho <strong data-start=\"3572\" data-end=\"3628\">c\u00e1c d\u00f2ng m\u00e1y \u00e9p nh\u1ef1a Nh\u1eadt B\u1ea3n, Ch\u00e2u \u00c2u v\u00e0 Trung Qu\u1ed1c<\/strong>, \u0111\u1ea3m b\u1ea3o:<br data-start=\"3638\" data-end=\"3641\" \/><br \/>\n\u2705 Ch\u1ea5t l\u01b0\u1ee3ng ch\u00ednh x\u00e1c \u2013 B\u1ec1n b\u1ec9 \u2013 Gi\u00e1 th\u00e0nh c\u1ea1nh tranh<br data-start=\"3695\" data-end=\"3698\" \/><br \/>\n\u2705 D\u1ecbch v\u1ee5 k\u1ef9 thu\u1eadt nhanh ch\u00f3ng \u2013 H\u1ed7 tr\u1ee3 t\u1eadn n\u01a1i<\/p>\n<p data-start=\"3749\" data-end=\"3831\">\ud83d\udcde <strong data-start=\"3752\" data-end=\"3768\">Li\u00ean h\u1ec7 ngay<\/strong> \u0111\u1ec3 \u0111\u01b0\u1ee3c t\u01b0 v\u1ea5n ch\u1ecdn Tip Set ph\u00f9 h\u1ee3p cho m\u00e1y \u00e9p nh\u1ef1a c\u1ee7a b\u1ea1n!<\/p>\n<p data-start=\"3749\" data-end=\"3831\"><a href=\"https:\/\/drive.google.com\/file\/d\/1CcyrJDucwEoWwMuBwZ7Ds7SXTOx9P5Zd\/view?usp=drive_link\">Click \u0111\u1ec3 t\u1ea3i Catalog tham kh\u1ea3o<\/a><\/p>\n<p data-start=\"3749\" data-end=\"3831\">\u00a0<\/p>\n","protected":false},"excerpt":{"rendered":"<ul>\n<li>\n<ul>\n<li>K\u00edch th\u01b0\u1edbc \u0111\u01b0\u1eddng k\u00ednh: D12-D300mm<\/li>\n<li>K\u00edch th\u01b0\u1edbc chi\u1ec1u d\u00e0i: 0-7000mm<\/li>\n<li>S\u1eed d\u1ee5ng cho c\u00e1c lo\u1ea1i nh\u1ef1a: PP, ABS, PC, PET, POM, PA, PA6, PA66, PA4T, PA9T, LCP, PPS, PEEK,&#8230;<\/li>\n<li>T\u1ec9 l\u1ec7 % Glass fiber: 0-70%<\/li>\n<li>C\u1ea5p \u0111\u1ed9 ch\u1ed1ng ch\u00e1y UL94: HB, V2, V1, V0, 5VA, 5VB<\/li>\n<li>Xu\u1ea5t x\u1ee9: Tanstar &#8211;\u00a0 \u0110\u00e0i Loan, Hitachi Metal &#8211; Nh\u1eadt B\u1ea3n<\/li>\n<\/ul>\n<p><span style=\"color: #ed1c24\"><a style=\"color: #ed1c24\" href=\"https:\/\/drive.google.com\/file\/d\/1CcyrJDucwEoWwMuBwZ7Ds7SXTOx9P5Zd\/view?usp=drive_link\">Click \u0111\u1ec3 t\u1ea3i Catalog tham kh\u1ea3o<\/a><\/span><\/p>\n<\/li>\n<\/ul>\n","protected":false},"featured_media":337,"comment_status":"open","ping_status":"closed","template":"","meta":[],"product_brand":[],"product_cat":[15,40],"product_tag":[],"class_list":{"0":"post-510","1":"product","2":"type-product","3":"status-publish","4":"has-post-thumbnail","6":"product_cat-xi-lanh-truc-vit-may-ep-nhua","7":"product_cat-bo-dau-truc-vit","9":"first","10":"instock","11":"shipping-taxable","12":"product-type-simple"},"yoast_head":"<!-- This site is optimized with the Yoast SEO Premium plugin v23.2 (Yoast SEO v25.8) - https:\/\/yoast.com\/wordpress\/plugins\/seo\/ -->\n<title>B\u1ed9 \u0111\u1ea7u tr\u1ee5c v\u00edt (Tiset) - C\u00d4NG TY TNHH TH\u01af\u01a0NG M\u1ea0I D\u1ecaCH V\u1ee4 V\u00c0 S\u1ea2N PH\u1ea8M NINH S\u01a0N<\/title>\n<meta name=\"description\" content=\"B\u1ed9 \u0111\u1ea7u tr\u1ee5c v\u00edt (Tip Set) l\u00e0 m\u1ed9t trong nh\u1eefng b\u1ed9 ph\u1eadn quan tr\u1ecdng nh\u1ea5t c\u1ee7a c\u1ee5m tr\u1ee5c v\u00edt \u2013 xilanh trong m\u00e1y \u00e9p nh\u1ef1a. Bao g\u1ed3m Checkring, Screw head, Sealring.\" \/>\n<meta name=\"robots\" content=\"noindex, follow, max-snippet:-1, max-image-preview:large, max-video-preview:-1\" \/>\n<meta property=\"og:locale\" content=\"vi_VN\" \/>\n<meta property=\"og:type\" content=\"article\" \/>\n<meta property=\"og:title\" content=\"B\u1ed9 \u0111\u1ea7u tr\u1ee5c v\u00edt (Tiset)\" \/>\n<meta property=\"og:description\" content=\"B\u1ed9 \u0111\u1ea7u tr\u1ee5c v\u00edt (Tip Set) l\u00e0 m\u1ed9t trong nh\u1eefng b\u1ed9 ph\u1eadn quan tr\u1ecdng nh\u1ea5t c\u1ee7a c\u1ee5m tr\u1ee5c v\u00edt \u2013 xilanh trong m\u00e1y \u00e9p nh\u1ef1a. Bao g\u1ed3m Checkring, Screw head, Sealring.\" \/>\n<meta property=\"og:url\" content=\"https:\/\/ninhson-vn.com\/?product=bo-dau-truc-vit-tiset\" \/>\n<meta property=\"og:site_name\" content=\"C\u00d4NG TY TNHH TH\u01af\u01a0NG M\u1ea0I D\u1ecaCH V\u1ee4 V\u00c0 S\u1ea2N PH\u1ea8M NINH S\u01a0N\" \/>\n<meta property=\"article:modified_time\" content=\"2025-12-19T15:47:05+00:00\" \/>\n<meta property=\"og:image\" content=\"https:\/\/ninhson-vn.com\/wp-content\/uploads\/z6435202437148_a6a8ab325d1cc91aecabfaa14456a919.jpg\" \/>\n\t<meta property=\"og:image:width\" content=\"400\" \/>\n\t<meta property=\"og:image:height\" content=\"270\" \/>\n\t<meta property=\"og:image:type\" content=\"image\/jpeg\" \/>\n<meta name=\"twitter:card\" content=\"summary_large_image\" \/>\n<meta name=\"twitter:label1\" content=\"\u01af\u1edbc t\u00ednh th\u1eddi gian \u0111\u1ecdc\" \/>\n\t<meta name=\"twitter:data1\" content=\"4 ph\u00fat\" \/>\n<script type=\"application\/ld+json\" class=\"yoast-schema-graph\">{\"@context\":\"https:\/\/schema.org\",\"@graph\":[{\"@type\":\"WebPage\",\"@id\":\"https:\/\/ninhson-vn.com\/?product=bo-dau-truc-vit-tiset\",\"url\":\"https:\/\/ninhson-vn.com\/?product=bo-dau-truc-vit-tiset\",\"name\":\"B\u1ed9 \u0111\u1ea7u tr\u1ee5c v\u00edt (Tiset) - C\u00d4NG TY TNHH TH\u01af\u01a0NG M\u1ea0I D\u1ecaCH V\u1ee4 V\u00c0 S\u1ea2N PH\u1ea8M NINH S\u01a0N\",\"isPartOf\":{\"@id\":\"https:\/\/ninhson-vn.com\/#website\"},\"primaryImageOfPage\":{\"@id\":\"https:\/\/ninhson-vn.com\/?product=bo-dau-truc-vit-tiset#primaryimage\"},\"image\":{\"@id\":\"https:\/\/ninhson-vn.com\/?product=bo-dau-truc-vit-tiset#primaryimage\"},\"thumbnailUrl\":\"https:\/\/ninhson-vn.com\/wp-content\/uploads\/z6435202437148_a6a8ab325d1cc91aecabfaa14456a919.jpg\",\"datePublished\":\"2025-10-15T15:33:26+00:00\",\"dateModified\":\"2025-12-19T15:47:05+00:00\",\"description\":\"B\u1ed9 \u0111\u1ea7u tr\u1ee5c v\u00edt (Tip Set) l\u00e0 m\u1ed9t trong nh\u1eefng b\u1ed9 ph\u1eadn quan tr\u1ecdng nh\u1ea5t c\u1ee7a c\u1ee5m tr\u1ee5c v\u00edt \u2013 xilanh trong m\u00e1y \u00e9p nh\u1ef1a. Bao g\u1ed3m Checkring, Screw head, Sealring.\",\"breadcrumb\":{\"@id\":\"https:\/\/ninhson-vn.com\/?product=bo-dau-truc-vit-tiset#breadcrumb\"},\"inLanguage\":\"vi\",\"potentialAction\":[{\"@type\":\"ReadAction\",\"target\":[\"https:\/\/ninhson-vn.com\/?product=bo-dau-truc-vit-tiset\"]}]},{\"@type\":\"ImageObject\",\"inLanguage\":\"vi\",\"@id\":\"https:\/\/ninhson-vn.com\/?product=bo-dau-truc-vit-tiset#primaryimage\",\"url\":\"https:\/\/ninhson-vn.com\/wp-content\/uploads\/z6435202437148_a6a8ab325d1cc91aecabfaa14456a919.jpg\",\"contentUrl\":\"https:\/\/ninhson-vn.com\/wp-content\/uploads\/z6435202437148_a6a8ab325d1cc91aecabfaa14456a919.jpg\",\"width\":400,\"height\":270,\"caption\":\"B\u1ed9 \u0111\u1ea7u tr\u1ee5c v\u00edt m\u00e1y \u00e9p nh\u1ef1a\"},{\"@type\":\"BreadcrumbList\",\"@id\":\"https:\/\/ninhson-vn.com\/?product=bo-dau-truc-vit-tiset#breadcrumb\",\"itemListElement\":[{\"@type\":\"ListItem\",\"position\":1,\"name\":\"Trang ch\u1ee7\",\"item\":\"https:\/\/ninhson-vn.com\/\"},{\"@type\":\"ListItem\",\"position\":2,\"name\":\"C\u1eeda h\u00e0ng\",\"item\":\"https:\/\/ninhson-vn.com\/?page_id=12\"},{\"@type\":\"ListItem\",\"position\":3,\"name\":\"B\u1ed9 \u0111\u1ea7u tr\u1ee5c v\u00edt (Tiset)\"}]},{\"@type\":\"WebSite\",\"@id\":\"https:\/\/ninhson-vn.com\/#website\",\"url\":\"https:\/\/ninhson-vn.com\/\",\"name\":\"C\u00d4NG TY TNHH TH\u01af\u01a0NG M\u1ea0I D\u1ecaCH V\u1ee4 V\u00c0 S\u1ea2N PH\u1ea8M NINH S\u01a0N\",\"description\":\"\",\"potentialAction\":[{\"@type\":\"SearchAction\",\"target\":{\"@type\":\"EntryPoint\",\"urlTemplate\":\"https:\/\/ninhson-vn.com\/?s={search_term_string}\"},\"query-input\":{\"@type\":\"PropertyValueSpecification\",\"valueRequired\":true,\"valueName\":\"search_term_string\"}}],\"inLanguage\":\"vi\"}]}<\/script>\n<!-- \/ Yoast SEO Premium plugin. -->","yoast_head_json":{"title":"B\u1ed9 \u0111\u1ea7u tr\u1ee5c v\u00edt (Tiset) - C\u00d4NG TY TNHH TH\u01af\u01a0NG M\u1ea0I D\u1ecaCH V\u1ee4 V\u00c0 S\u1ea2N PH\u1ea8M NINH S\u01a0N","description":"B\u1ed9 \u0111\u1ea7u tr\u1ee5c v\u00edt (Tip Set) l\u00e0 m\u1ed9t trong nh\u1eefng b\u1ed9 ph\u1eadn quan tr\u1ecdng nh\u1ea5t c\u1ee7a c\u1ee5m tr\u1ee5c v\u00edt \u2013 xilanh trong m\u00e1y \u00e9p nh\u1ef1a. Bao g\u1ed3m Checkring, Screw head, Sealring.","robots":{"index":"noindex","follow":"follow","max-snippet":"max-snippet:-1","max-image-preview":"max-image-preview:large","max-video-preview":"max-video-preview:-1"},"og_locale":"vi_VN","og_type":"article","og_title":"B\u1ed9 \u0111\u1ea7u tr\u1ee5c v\u00edt (Tiset)","og_description":"B\u1ed9 \u0111\u1ea7u tr\u1ee5c v\u00edt (Tip Set) l\u00e0 m\u1ed9t trong nh\u1eefng b\u1ed9 ph\u1eadn quan tr\u1ecdng nh\u1ea5t c\u1ee7a c\u1ee5m tr\u1ee5c v\u00edt \u2013 xilanh trong m\u00e1y \u00e9p nh\u1ef1a. Bao g\u1ed3m Checkring, Screw head, Sealring.","og_url":"https:\/\/ninhson-vn.com\/?product=bo-dau-truc-vit-tiset","og_site_name":"C\u00d4NG TY TNHH TH\u01af\u01a0NG M\u1ea0I D\u1ecaCH V\u1ee4 V\u00c0 S\u1ea2N PH\u1ea8M NINH S\u01a0N","article_modified_time":"2025-12-19T15:47:05+00:00","og_image":[{"width":400,"height":270,"url":"https:\/\/ninhson-vn.com\/wp-content\/uploads\/z6435202437148_a6a8ab325d1cc91aecabfaa14456a919.jpg","type":"image\/jpeg"}],"twitter_card":"summary_large_image","twitter_misc":{"\u01af\u1edbc t\u00ednh th\u1eddi gian \u0111\u1ecdc":"4 ph\u00fat"},"schema":{"@context":"https:\/\/schema.org","@graph":[{"@type":"WebPage","@id":"https:\/\/ninhson-vn.com\/?product=bo-dau-truc-vit-tiset","url":"https:\/\/ninhson-vn.com\/?product=bo-dau-truc-vit-tiset","name":"B\u1ed9 \u0111\u1ea7u tr\u1ee5c v\u00edt (Tiset) - C\u00d4NG TY TNHH TH\u01af\u01a0NG M\u1ea0I D\u1ecaCH V\u1ee4 V\u00c0 S\u1ea2N PH\u1ea8M NINH S\u01a0N","isPartOf":{"@id":"https:\/\/ninhson-vn.com\/#website"},"primaryImageOfPage":{"@id":"https:\/\/ninhson-vn.com\/?product=bo-dau-truc-vit-tiset#primaryimage"},"image":{"@id":"https:\/\/ninhson-vn.com\/?product=bo-dau-truc-vit-tiset#primaryimage"},"thumbnailUrl":"https:\/\/ninhson-vn.com\/wp-content\/uploads\/z6435202437148_a6a8ab325d1cc91aecabfaa14456a919.jpg","datePublished":"2025-10-15T15:33:26+00:00","dateModified":"2025-12-19T15:47:05+00:00","description":"B\u1ed9 \u0111\u1ea7u tr\u1ee5c v\u00edt (Tip Set) l\u00e0 m\u1ed9t trong nh\u1eefng b\u1ed9 ph\u1eadn quan tr\u1ecdng nh\u1ea5t c\u1ee7a c\u1ee5m tr\u1ee5c v\u00edt \u2013 xilanh trong m\u00e1y \u00e9p nh\u1ef1a. Bao g\u1ed3m Checkring, Screw head, Sealring.","breadcrumb":{"@id":"https:\/\/ninhson-vn.com\/?product=bo-dau-truc-vit-tiset#breadcrumb"},"inLanguage":"vi","potentialAction":[{"@type":"ReadAction","target":["https:\/\/ninhson-vn.com\/?product=bo-dau-truc-vit-tiset"]}]},{"@type":"ImageObject","inLanguage":"vi","@id":"https:\/\/ninhson-vn.com\/?product=bo-dau-truc-vit-tiset#primaryimage","url":"https:\/\/ninhson-vn.com\/wp-content\/uploads\/z6435202437148_a6a8ab325d1cc91aecabfaa14456a919.jpg","contentUrl":"https:\/\/ninhson-vn.com\/wp-content\/uploads\/z6435202437148_a6a8ab325d1cc91aecabfaa14456a919.jpg","width":400,"height":270,"caption":"B\u1ed9 \u0111\u1ea7u tr\u1ee5c v\u00edt m\u00e1y \u00e9p nh\u1ef1a"},{"@type":"BreadcrumbList","@id":"https:\/\/ninhson-vn.com\/?product=bo-dau-truc-vit-tiset#breadcrumb","itemListElement":[{"@type":"ListItem","position":1,"name":"Trang ch\u1ee7","item":"https:\/\/ninhson-vn.com\/"},{"@type":"ListItem","position":2,"name":"C\u1eeda h\u00e0ng","item":"https:\/\/ninhson-vn.com\/?page_id=12"},{"@type":"ListItem","position":3,"name":"B\u1ed9 \u0111\u1ea7u tr\u1ee5c v\u00edt (Tiset)"}]},{"@type":"WebSite","@id":"https:\/\/ninhson-vn.com\/#website","url":"https:\/\/ninhson-vn.com\/","name":"C\u00d4NG TY TNHH TH\u01af\u01a0NG M\u1ea0I D\u1ecaCH V\u1ee4 V\u00c0 S\u1ea2N PH\u1ea8M NINH S\u01a0N","description":"","potentialAction":[{"@type":"SearchAction","target":{"@type":"EntryPoint","urlTemplate":"https:\/\/ninhson-vn.com\/?s={search_term_string}"},"query-input":{"@type":"PropertyValueSpecification","valueRequired":true,"valueName":"search_term_string"}}],"inLanguage":"vi"}]}},"_links":{"self":[{"href":"https:\/\/ninhson-vn.com\/index.php?rest_route=\/wp\/v2\/product\/510","targetHints":{"allow":["GET"]}}],"collection":[{"href":"https:\/\/ninhson-vn.com\/index.php?rest_route=\/wp\/v2\/product"}],"about":[{"href":"https:\/\/ninhson-vn.com\/index.php?rest_route=\/wp\/v2\/types\/product"}],"replies":[{"embeddable":true,"href":"https:\/\/ninhson-vn.com\/index.php?rest_route=%2Fwp%2Fv2%2Fcomments&post=510"}],"wp:featuredmedia":[{"embeddable":true,"href":"https:\/\/ninhson-vn.com\/index.php?rest_route=\/wp\/v2\/media\/337"}],"wp:attachment":[{"href":"https:\/\/ninhson-vn.com\/index.php?rest_route=%2Fwp%2Fv2%2Fmedia&parent=510"}],"wp:term":[{"taxonomy":"product_brand","embeddable":true,"href":"https:\/\/ninhson-vn.com\/index.php?rest_route=%2Fwp%2Fv2%2Fproduct_brand&post=510"},{"taxonomy":"product_cat","embeddable":true,"href":"https:\/\/ninhson-vn.com\/index.php?rest_route=%2Fwp%2Fv2%2Fproduct_cat&post=510"},{"taxonomy":"product_tag","embeddable":true,"href":"https:\/\/ninhson-vn.com\/index.php?rest_route=%2Fwp%2Fv2%2Fproduct_tag&post=510"}],"curies":[{"name":"wp","href":"https:\/\/api.w.org\/{rel}","templated":true}]}}