{"id":575,"date":"2025-12-04T15:44:15","date_gmt":"2025-12-04T15:44:15","guid":{"rendered":"https:\/\/ninhson-vn.com\/?post_type=product&#038;p=575"},"modified":"2026-01-25T03:59:20","modified_gmt":"2026-01-25T03:59:20","slug":"cam-bien-tu-sml-me","status":"publish","type":"product","link":"https:\/\/ninhson-vn.com\/?product=cam-bien-tu-sml-me","title":{"rendered":"C\u1ea3m bi\u1ebfn t\u1eeb SML-ME"},"content":{"rendered":"<h2 data-start=\"244\" data-end=\"266\">Gi\u1edbi thi\u1ec7u s\u1ea3n ph\u1ea9m<\/h2>\n<p data-start=\"268\" data-end=\"539\"><strong data-start=\"268\" data-end=\"289\">Sensormate SML-ME<\/strong> l\u00e0 c\u1ea3m bi\u1ebfn l\u1ef1c k\u1eb9p (clamping force control sensor) chuy\u00ean d\u1ee5ng, d\u00f9ng \u0111\u1ec3 \u0111o v\u00e0 ki\u1ec3m so\u00e1t l\u1ef1c \u00e9p tr\u00ean c\u00e1c thanh gi\u1eb1ng (tie-bar) ho\u1eb7c tr\u1ee5c \u00e9p c\u1ee7a m\u00e1y \u00e9p khu\u00f4n, m\u00e1y \u00e9p nh\u1ef1a\/khu\u00f4n ho\u1eb7c thi\u1ebft b\u1ecb c\u00f4ng nghi\u1ec7p t\u01b0\u01a1ng t\u1ef1. <a href=\"https:\/\/sensormate.com\/sml-me\/\">Sensormate\u00a0<\/a><\/p>\n<p data-start=\"541\" data-end=\"711\">S\u1ea3n ph\u1ea9m gi\u00fap \u0111\u1ea3m b\u1ea3o l\u1ef1c k\u1eb9p \u0111\u1ed3ng \u0111\u1ec1u \u2014 t\u1eeb \u0111\u00f3 b\u1ea3o v\u1ec7 khu\u00f4n, m\u00e1y m\u00f3c, tr\u00e1nh g\u00e3y tie-bar, gi\u1ea3m hao m\u00f2n, v\u00e0 k\u00e9o d\u00e0i tu\u1ed5i th\u1ecd thi\u1ebft b\u1ecb.\u00a0<\/p>\n<p data-start=\"541\" data-end=\"711\">C\u00f3 2 lo\u1ea1i conector:<\/p>\n<ul>\n<li data-start=\"541\" data-end=\"711\">Normal conector chuy\u00ean d\u00f9ng cho th\u1ecb tr\u01b0\u1eddng Ch\u00e2u \u00c2u, Nh\u1eadt, \u0110\u00f4ng Nam \u00c1 v\u00e0 Trung Qu\u1ed1c.<\/li>\n<li data-start=\"541\" data-end=\"711\">Fast conector chuy\u00ean d\u00f9ng cho c\u00e1c kh\u00e1ch h\u00e0ng H\u00e0n Qu\u1ed1c (Sam Sung)<\/li>\n<\/ul>\n<hr data-start=\"713\" data-end=\"716\" \/>\n<h2 data-start=\"718\" data-end=\"737\">\u0110\u1eb7c \u0111i\u1ec3m n\u1ed5i b\u1eadt<\/h2>\n<ul data-start=\"739\" data-end=\"1723\">\n<li data-start=\"739\" data-end=\"939\">\n<p data-start=\"741\" data-end=\"939\"><strong data-start=\"741\" data-end=\"779\">L\u1eafp \u0111\u1eb7t nhanh \u2013 kh\u00f4ng c\u1ea7n th\u00e1o m\u00e1y<\/strong>: SML-ME s\u1eed d\u1ee5ng hai nam ch\u00e2m m\u1ea1nh \u0111\u1ec3 g\u1eafn tr\u1ef1c ti\u1ebfp l\u00ean tr\u1ee5c ho\u1eb7c tie-bar; vi\u1ec7c l\u1eafp r\u00e1p d\u1ec5 d\u00e0ng, kh\u00f4ng c\u1ea7n th\u00e1o r\u1eddi m\u00e1y.<\/p>\n<\/li>\n<li data-start=\"940\" data-end=\"1116\">\n<p data-start=\"942\" data-end=\"1116\"><strong data-start=\"942\" data-end=\"967\">T\u01b0\u01a1ng th\u00edch linh ho\u1ea1t<\/strong>: Ph\u00f9 h\u1ee3p v\u1edbi nhi\u1ec1u k\u00edch c\u1ee1 tr\u1ee5c \u00e9p ho\u1eb7c tie-bar kh\u00e1c nhau, t\u1ea1o ra gi\u1ea3i ph\u00e1p to\u00e0n di\u1ec7n cho nhi\u1ec1u lo\u1ea1i m\u00e1y \u00e9p.\u00a0<\/p>\n<\/li>\n<li data-start=\"1117\" data-end=\"1319\">\n<p data-start=\"1119\" data-end=\"1319\"><strong data-start=\"1119\" data-end=\"1149\">\u0110\u1ed9 ch\u00ednh x\u00e1c cao &amp; \u1ed5n \u0111\u1ecbnh<\/strong>: V\u1edbi strain-gauge (350 \u03a9), \u0111\u1ed9 nh\u1ea1y 1.0 mV\/V (\u00b1 full scale), sai s\u1ed1 tuy\u1ebfn t\u00ednh &lt; 0.5%, \u0111\u1ed9 l\u1eb7p l\u1ea1i \u00b10.1% F.S, hysteresis \u00b10.1% F.S.\u00a0<\/p>\n<\/li>\n<li data-start=\"1320\" data-end=\"1487\">\n<p data-start=\"1322\" data-end=\"1487\"><strong data-start=\"1322\" data-end=\"1358\">Thi\u1ebft k\u1ebf g\u1ecdn, ti\u1ec7n l\u1ee3i &amp; an to\u00e0n<\/strong>: K\u00edch th\u01b0\u1edbc nh\u1ecf g\u1ecdn (sensor ~ 88 x 31 x 30 mm, ch\u01b0a k\u1ec3 nut), d\u1ec5 g\u1eafn, thu\u1eadn ti\u1ec7n s\u1eed d\u1ee5ng.<\/p>\n<\/li>\n<li data-start=\"1488\" data-end=\"1723\">\n<p data-start=\"1490\" data-end=\"1723\"><strong data-start=\"1490\" data-end=\"1513\">Gi\u1ea3i ph\u00e1p to\u00e0n di\u1ec7n<\/strong>: B\u1ed9 c\u1ea3m bi\u1ebfn c\u00f3 th\u1ec3 \u0111i k\u00e8m m\u00e0n h\u00ecnh hi\u1ec3n th\u1ecb (LED 4-channel display DM4DB), c\u00e1p k\u1ebft n\u1ed1i, pin s\u1ea1c, h\u1ed9p \u0111\u1ef1ng, manual\u2026 gi\u00fap d\u1ec5 d\u00e0ng gi\u00e1m s\u00e1t l\u1ef1c k\u1eb9p v\u00e0 \u1ee9ng d\u1ee5ng ngay l\u1eadp t\u1ee9c.\u00a0<\/p>\n<\/li>\n<\/ul>\n<hr data-start=\"1725\" data-end=\"1728\" \/>\n<h2 data-start=\"1730\" data-end=\"1747\">\u1ee8ng d\u1ee5ng ch\u00ednh<\/h2>\n<ul data-start=\"1749\" data-end=\"2340\">\n<li data-start=\"1749\" data-end=\"1877\">\n<p data-start=\"1751\" data-end=\"1877\">\u0110o l\u1ef1c \u00e9p (clamping \/ tie-bar force) trong m\u00e1y \u00e9p nh\u1ef1a, m\u00e1y \u00e9p khu\u00f4n, m\u00e1y \u00e9p kim lo\u1ea1i.\u00a0<\/p>\n<\/li>\n<li data-start=\"1878\" data-end=\"2032\">\n<p data-start=\"1880\" data-end=\"2032\">H\u1ed7 tr\u1ee3 qu\u00e1 tr\u00ecnh <strong data-start=\"1897\" data-end=\"1926\">hi\u1ec7u chu\u1ea9n &amp; setup m\u00e1y \u00e9p<\/strong> \u2014 \u0111\u1ea3m b\u1ea3o l\u1ef1c \u00e9p \u0111\u00fang, \u0111\u1ed3ng \u0111\u1ec1u, tr\u00e1nh l\u1ec7ch l\u1ef1c g\u00e2y h\u1ecfng khu\u00f4n.<\/p>\n<\/li>\n<li data-start=\"2033\" data-end=\"2151\">\n<p data-start=\"2035\" data-end=\"2151\">B\u1ea3o v\u1ec7 khu\u00f4n, m\u00e1y \u2014 ng\u0103n ng\u1eeba g\u00e3y tie-bar, b\u1ea3o to\u00e0n tu\u1ed5i th\u1ecd m\u00e1y v\u00e0 khu\u00f4n.\u00a0<\/p>\n<\/li>\n<li data-start=\"2033\" data-end=\"2151\">\n<p data-start=\"2035\" data-end=\"2151\">Ph\u00f9 h\u1ee3p v\u1edbi m\u00f4i tr\u01b0\u1eddng s\u1ea3n xu\u1ea5t nh\u1ef1a, kim lo\u1ea1i, \u0111\u00f2i h\u1ecfi \u0111\u1ed9 ch\u00ednh x\u00e1c cao, ki\u1ec3m so\u00e1t l\u1ef1c \u2014 \u0111\u1eb7c bi\u1ec7t ng\u00e0nh \u00e9p khu\u00f4n, \u00e9p nh\u1ef1a, kim lo\u1ea1i t\u1ea5m, \u00e9p phun\u2026\u00a0<\/p>\n<\/li>\n<\/ul>\n<hr data-start=\"2342\" data-end=\"2345\" \/>\n<h2 data-start=\"2347\" data-end=\"2373\">V\u00ec sao n\u00ean ch\u1ecdn SML-ME?<\/h2>\n<ul data-start=\"2375\" data-end=\"2802\">\n<li data-start=\"2375\" data-end=\"2506\">\n<p data-start=\"2377\" data-end=\"2506\">Gi\u1ea3i ph\u00e1p \u0111o l\u1ef1c ti\u1ec7n l\u1ee3i, ch\u00ednh x\u00e1c \u2014 gi\u00fap k\u1ef9 s\u01b0 v\u00e0 nh\u00e0 m\u00e1y d\u1ec5 d\u00e0ng gi\u00e1m s\u00e1t v\u00e0 ki\u1ec3m so\u00e1t l\u1ef1c \u00e9p, gi\u1ea3m r\u1ee7i ro h\u1ecfng khu\u00f4n, m\u00e1y.<\/p>\n<\/li>\n<li data-start=\"2507\" data-end=\"2609\">\n<p data-start=\"2509\" data-end=\"2609\">L\u1eafp \u0111\u1eb7t nhanh, kh\u00f4ng \u1ea3nh h\u01b0\u1edfng t\u1edbi c\u1ea5u tr\u00fac m\u00e1y \u2014 ti\u1ebft ki\u1ec7m th\u1eddi gian downtime khi hi\u1ec7u ch\u1ec9nh m\u00e1y.<\/p>\n<\/li>\n<li data-start=\"2610\" data-end=\"2725\">\n<p data-start=\"2612\" data-end=\"2725\">\u0110\u1ed9 ch\u00ednh x\u00e1c v\u00e0 \u0111\u1ed9 \u1ed5n \u0111\u1ecbnh cao \u2014 \u0111\u1ea3m b\u1ea3o l\u1ef1c k\u1eb9p \u0111\u00fang, \u0111\u1ed3ng \u0111\u1ec1u, c\u1ea3i thi\u1ec7n ch\u1ea5t l\u01b0\u1ee3ng s\u1ea3n ph\u1ea9m v\u00e0 \u0111\u1ed9 b\u1ec1n khu\u00f4n.<\/p>\n<\/li>\n<li data-start=\"2726\" data-end=\"2802\">\n<p data-start=\"2728\" data-end=\"2802\">Linh ho\u1ea1t &amp; \u0111a d\u1ea1ng \u2014 ph\u00f9 h\u1ee3p nhi\u1ec1u lo\u1ea1i m\u00e1y, k\u00edch c\u1ee1 tie-bar kh\u00e1c nhau.<\/p>\n<\/li>\n<\/ul>\n<p>Website h\u00e3ng:<a href=\"https:\/\/sensormate.com\/sml-me\/\">\u00a0Sensormate\u00a0<\/a><\/p>\n","protected":false},"excerpt":{"rendered":"<ol>\n<li>Normal Conector<\/li>\n<li>Fast conector<\/li>\n<\/ol>\n<p><a title=\"Website\" href=\"https:\/\/sensormate.com\/sml-me\/\">https:\/\/sensormate.com\/sml-me\/<\/a><\/p>\n","protected":false},"featured_media":576,"comment_status":"open","ping_status":"closed","template":"","meta":[],"product_brand":[],"product_cat":[42,47],"product_tag":[],"class_list":{"0":"post-575","1":"product","2":"type-product","3":"status-publish","4":"has-post-thumbnail","6":"product_cat-thiet-bi-do-luc-kep-khuon-sensormate","7":"product_cat-thiet-bi-do-luong-sensormate","9":"first","10":"instock","11":"shipping-taxable","12":"product-type-simple"},"yoast_head":"<!-- This site is optimized with the Yoast SEO Premium plugin v23.2 (Yoast SEO v25.8) - https:\/\/yoast.com\/wordpress\/plugins\/seo\/ -->\n<title>C\u1ea3m bi\u1ebfn t\u1eeb SML-ME - C\u00d4NG TY TNHH TH\u01af\u01a0NG M\u1ea0I D\u1ecaCH V\u1ee4 V\u00c0 S\u1ea2N PH\u1ea8M NINH S\u01a0N<\/title>\n<meta name=\"description\" content=\"Sensormate SML-ME l\u00e0 c\u1ea3m bi\u1ebfn l\u1ef1c k\u1eb9p (clamping force control sensor) d\u00f9ng \u0111\u1ec3 \u0111o v\u00e0 ki\u1ec3m so\u00e1t l\u1ef1c \u00e9p tr\u00ean c\u00e1c thanh tie-bar cho m\u00e1y \u00e9p nh\u1ef1a, \u00e9p nh\u00f4m.\" \/>\n<meta name=\"robots\" content=\"noindex, follow, max-snippet:-1, max-image-preview:large, max-video-preview:-1\" \/>\n<meta property=\"og:locale\" content=\"vi_VN\" \/>\n<meta property=\"og:type\" content=\"article\" \/>\n<meta property=\"og:title\" content=\"C\u1ea3m bi\u1ebfn t\u1eeb SML-ME\" \/>\n<meta property=\"og:description\" content=\"Sensormate SML-ME l\u00e0 c\u1ea3m bi\u1ebfn l\u1ef1c k\u1eb9p (clamping force control sensor) d\u00f9ng \u0111\u1ec3 \u0111o v\u00e0 ki\u1ec3m so\u00e1t l\u1ef1c \u00e9p tr\u00ean c\u00e1c thanh tie-bar cho m\u00e1y \u00e9p nh\u1ef1a, \u00e9p nh\u00f4m.\" \/>\n<meta property=\"og:url\" content=\"https:\/\/ninhson-vn.com\/?product=cam-bien-tu-sml-me\" \/>\n<meta property=\"og:site_name\" content=\"C\u00d4NG TY TNHH TH\u01af\u01a0NG M\u1ea0I D\u1ecaCH V\u1ee4 V\u00c0 S\u1ea2N PH\u1ea8M NINH S\u01a0N\" \/>\n<meta property=\"article:modified_time\" content=\"2026-01-25T03:59:20+00:00\" \/>\n<meta property=\"og:image\" content=\"https:\/\/ninhson-vn.com\/wp-content\/uploads\/ME-sensor-1.jpg\" \/>\n\t<meta property=\"og:image:width\" content=\"1074\" \/>\n\t<meta property=\"og:image:height\" content=\"636\" \/>\n\t<meta property=\"og:image:type\" content=\"image\/jpeg\" \/>\n<meta name=\"twitter:card\" content=\"summary_large_image\" \/>\n<meta name=\"twitter:label1\" content=\"\u01af\u1edbc t\u00ednh th\u1eddi gian \u0111\u1ecdc\" \/>\n\t<meta name=\"twitter:data1\" content=\"3 ph\u00fat\" \/>\n<script type=\"application\/ld+json\" class=\"yoast-schema-graph\">{\"@context\":\"https:\/\/schema.org\",\"@graph\":[{\"@type\":\"WebPage\",\"@id\":\"https:\/\/ninhson-vn.com\/?product=cam-bien-tu-sml-me\",\"url\":\"https:\/\/ninhson-vn.com\/?product=cam-bien-tu-sml-me\",\"name\":\"C\u1ea3m bi\u1ebfn t\u1eeb SML-ME - C\u00d4NG TY TNHH TH\u01af\u01a0NG M\u1ea0I D\u1ecaCH V\u1ee4 V\u00c0 S\u1ea2N PH\u1ea8M NINH S\u01a0N\",\"isPartOf\":{\"@id\":\"https:\/\/ninhson-vn.com\/#website\"},\"primaryImageOfPage\":{\"@id\":\"https:\/\/ninhson-vn.com\/?product=cam-bien-tu-sml-me#primaryimage\"},\"image\":{\"@id\":\"https:\/\/ninhson-vn.com\/?product=cam-bien-tu-sml-me#primaryimage\"},\"thumbnailUrl\":\"https:\/\/ninhson-vn.com\/wp-content\/uploads\/ME-sensor-1.jpg\",\"datePublished\":\"2025-12-04T15:44:15+00:00\",\"dateModified\":\"2026-01-25T03:59:20+00:00\",\"description\":\"Sensormate SML-ME l\u00e0 c\u1ea3m bi\u1ebfn l\u1ef1c k\u1eb9p (clamping force control sensor) d\u00f9ng \u0111\u1ec3 \u0111o v\u00e0 ki\u1ec3m so\u00e1t l\u1ef1c \u00e9p tr\u00ean c\u00e1c thanh tie-bar cho m\u00e1y \u00e9p nh\u1ef1a, \u00e9p nh\u00f4m.\",\"breadcrumb\":{\"@id\":\"https:\/\/ninhson-vn.com\/?product=cam-bien-tu-sml-me#breadcrumb\"},\"inLanguage\":\"vi\",\"potentialAction\":[{\"@type\":\"ReadAction\",\"target\":[\"https:\/\/ninhson-vn.com\/?product=cam-bien-tu-sml-me\"]}]},{\"@type\":\"ImageObject\",\"inLanguage\":\"vi\",\"@id\":\"https:\/\/ninhson-vn.com\/?product=cam-bien-tu-sml-me#primaryimage\",\"url\":\"https:\/\/ninhson-vn.com\/wp-content\/uploads\/ME-sensor-1.jpg\",\"contentUrl\":\"https:\/\/ninhson-vn.com\/wp-content\/uploads\/ME-sensor-1.jpg\",\"width\":1074,\"height\":636},{\"@type\":\"BreadcrumbList\",\"@id\":\"https:\/\/ninhson-vn.com\/?product=cam-bien-tu-sml-me#breadcrumb\",\"itemListElement\":[{\"@type\":\"ListItem\",\"position\":1,\"name\":\"Trang ch\u1ee7\",\"item\":\"https:\/\/ninhson-vn.com\/\"},{\"@type\":\"ListItem\",\"position\":2,\"name\":\"C\u1eeda h\u00e0ng\",\"item\":\"https:\/\/ninhson-vn.com\/?page_id=12\"},{\"@type\":\"ListItem\",\"position\":3,\"name\":\"C\u1ea3m bi\u1ebfn t\u1eeb SML-ME\"}]},{\"@type\":\"WebSite\",\"@id\":\"https:\/\/ninhson-vn.com\/#website\",\"url\":\"https:\/\/ninhson-vn.com\/\",\"name\":\"C\u00d4NG TY TNHH TH\u01af\u01a0NG M\u1ea0I D\u1ecaCH V\u1ee4 V\u00c0 S\u1ea2N PH\u1ea8M NINH S\u01a0N\",\"description\":\"\",\"potentialAction\":[{\"@type\":\"SearchAction\",\"target\":{\"@type\":\"EntryPoint\",\"urlTemplate\":\"https:\/\/ninhson-vn.com\/?s={search_term_string}\"},\"query-input\":{\"@type\":\"PropertyValueSpecification\",\"valueRequired\":true,\"valueName\":\"search_term_string\"}}],\"inLanguage\":\"vi\"}]}<\/script>\n<!-- \/ Yoast SEO Premium plugin. -->","yoast_head_json":{"title":"C\u1ea3m bi\u1ebfn t\u1eeb SML-ME - C\u00d4NG TY TNHH TH\u01af\u01a0NG M\u1ea0I D\u1ecaCH V\u1ee4 V\u00c0 S\u1ea2N PH\u1ea8M NINH S\u01a0N","description":"Sensormate SML-ME l\u00e0 c\u1ea3m bi\u1ebfn l\u1ef1c k\u1eb9p (clamping force control sensor) d\u00f9ng \u0111\u1ec3 \u0111o v\u00e0 ki\u1ec3m so\u00e1t l\u1ef1c \u00e9p tr\u00ean c\u00e1c thanh tie-bar cho m\u00e1y \u00e9p nh\u1ef1a, \u00e9p nh\u00f4m.","robots":{"index":"noindex","follow":"follow","max-snippet":"max-snippet:-1","max-image-preview":"max-image-preview:large","max-video-preview":"max-video-preview:-1"},"og_locale":"vi_VN","og_type":"article","og_title":"C\u1ea3m bi\u1ebfn t\u1eeb SML-ME","og_description":"Sensormate SML-ME l\u00e0 c\u1ea3m bi\u1ebfn l\u1ef1c k\u1eb9p (clamping force control sensor) d\u00f9ng \u0111\u1ec3 \u0111o v\u00e0 ki\u1ec3m so\u00e1t l\u1ef1c \u00e9p tr\u00ean c\u00e1c thanh tie-bar cho m\u00e1y \u00e9p nh\u1ef1a, \u00e9p nh\u00f4m.","og_url":"https:\/\/ninhson-vn.com\/?product=cam-bien-tu-sml-me","og_site_name":"C\u00d4NG TY TNHH TH\u01af\u01a0NG M\u1ea0I D\u1ecaCH V\u1ee4 V\u00c0 S\u1ea2N PH\u1ea8M NINH S\u01a0N","article_modified_time":"2026-01-25T03:59:20+00:00","og_image":[{"width":1074,"height":636,"url":"https:\/\/ninhson-vn.com\/wp-content\/uploads\/ME-sensor-1.jpg","type":"image\/jpeg"}],"twitter_card":"summary_large_image","twitter_misc":{"\u01af\u1edbc t\u00ednh th\u1eddi gian \u0111\u1ecdc":"3 ph\u00fat"},"schema":{"@context":"https:\/\/schema.org","@graph":[{"@type":"WebPage","@id":"https:\/\/ninhson-vn.com\/?product=cam-bien-tu-sml-me","url":"https:\/\/ninhson-vn.com\/?product=cam-bien-tu-sml-me","name":"C\u1ea3m bi\u1ebfn t\u1eeb SML-ME - C\u00d4NG TY TNHH TH\u01af\u01a0NG M\u1ea0I D\u1ecaCH V\u1ee4 V\u00c0 S\u1ea2N PH\u1ea8M NINH S\u01a0N","isPartOf":{"@id":"https:\/\/ninhson-vn.com\/#website"},"primaryImageOfPage":{"@id":"https:\/\/ninhson-vn.com\/?product=cam-bien-tu-sml-me#primaryimage"},"image":{"@id":"https:\/\/ninhson-vn.com\/?product=cam-bien-tu-sml-me#primaryimage"},"thumbnailUrl":"https:\/\/ninhson-vn.com\/wp-content\/uploads\/ME-sensor-1.jpg","datePublished":"2025-12-04T15:44:15+00:00","dateModified":"2026-01-25T03:59:20+00:00","description":"Sensormate SML-ME l\u00e0 c\u1ea3m bi\u1ebfn l\u1ef1c k\u1eb9p (clamping force control sensor) d\u00f9ng \u0111\u1ec3 \u0111o v\u00e0 ki\u1ec3m so\u00e1t l\u1ef1c \u00e9p tr\u00ean c\u00e1c thanh tie-bar cho m\u00e1y \u00e9p nh\u1ef1a, \u00e9p nh\u00f4m.","breadcrumb":{"@id":"https:\/\/ninhson-vn.com\/?product=cam-bien-tu-sml-me#breadcrumb"},"inLanguage":"vi","potentialAction":[{"@type":"ReadAction","target":["https:\/\/ninhson-vn.com\/?product=cam-bien-tu-sml-me"]}]},{"@type":"ImageObject","inLanguage":"vi","@id":"https:\/\/ninhson-vn.com\/?product=cam-bien-tu-sml-me#primaryimage","url":"https:\/\/ninhson-vn.com\/wp-content\/uploads\/ME-sensor-1.jpg","contentUrl":"https:\/\/ninhson-vn.com\/wp-content\/uploads\/ME-sensor-1.jpg","width":1074,"height":636},{"@type":"BreadcrumbList","@id":"https:\/\/ninhson-vn.com\/?product=cam-bien-tu-sml-me#breadcrumb","itemListElement":[{"@type":"ListItem","position":1,"name":"Trang ch\u1ee7","item":"https:\/\/ninhson-vn.com\/"},{"@type":"ListItem","position":2,"name":"C\u1eeda h\u00e0ng","item":"https:\/\/ninhson-vn.com\/?page_id=12"},{"@type":"ListItem","position":3,"name":"C\u1ea3m bi\u1ebfn t\u1eeb SML-ME"}]},{"@type":"WebSite","@id":"https:\/\/ninhson-vn.com\/#website","url":"https:\/\/ninhson-vn.com\/","name":"C\u00d4NG TY TNHH TH\u01af\u01a0NG M\u1ea0I D\u1ecaCH V\u1ee4 V\u00c0 S\u1ea2N PH\u1ea8M NINH S\u01a0N","description":"","potentialAction":[{"@type":"SearchAction","target":{"@type":"EntryPoint","urlTemplate":"https:\/\/ninhson-vn.com\/?s={search_term_string}"},"query-input":{"@type":"PropertyValueSpecification","valueRequired":true,"valueName":"search_term_string"}}],"inLanguage":"vi"}]}},"_links":{"self":[{"href":"https:\/\/ninhson-vn.com\/index.php?rest_route=\/wp\/v2\/product\/575","targetHints":{"allow":["GET"]}}],"collection":[{"href":"https:\/\/ninhson-vn.com\/index.php?rest_route=\/wp\/v2\/product"}],"about":[{"href":"https:\/\/ninhson-vn.com\/index.php?rest_route=\/wp\/v2\/types\/product"}],"replies":[{"embeddable":true,"href":"https:\/\/ninhson-vn.com\/index.php?rest_route=%2Fwp%2Fv2%2Fcomments&post=575"}],"wp:featuredmedia":[{"embeddable":true,"href":"https:\/\/ninhson-vn.com\/index.php?rest_route=\/wp\/v2\/media\/576"}],"wp:attachment":[{"href":"https:\/\/ninhson-vn.com\/index.php?rest_route=%2Fwp%2Fv2%2Fmedia&parent=575"}],"wp:term":[{"taxonomy":"product_brand","embeddable":true,"href":"https:\/\/ninhson-vn.com\/index.php?rest_route=%2Fwp%2Fv2%2Fproduct_brand&post=575"},{"taxonomy":"product_cat","embeddable":true,"href":"https:\/\/ninhson-vn.com\/index.php?rest_route=%2Fwp%2Fv2%2Fproduct_cat&post=575"},{"taxonomy":"product_tag","embeddable":true,"href":"https:\/\/ninhson-vn.com\/index.php?rest_route=%2Fwp%2Fv2%2Fproduct_tag&post=575"}],"curies":[{"name":"wp","href":"https:\/\/api.w.org\/{rel}","templated":true}]}}