{"id":635,"date":"2025-12-19T07:43:45","date_gmt":"2025-12-19T07:43:45","guid":{"rendered":"https:\/\/ninhson-vn.com\/?post_type=product&#038;p=635"},"modified":"2025-12-19T07:43:46","modified_gmt":"2025-12-19T07:43:46","slug":"he-thong-cap-insert-tu-dong-cho-may-ep-nhua","status":"publish","type":"product","link":"https:\/\/ninhson-vn.com\/?product=he-thong-cap-insert-tu-dong-cho-may-ep-nhua","title":{"rendered":"H\u1ec7 th\u1ed1ng c\u1ea5p insert t\u1ef1 \u0111\u1ed9ng cho m\u00e1y \u00e9p nh\u1ef1a"},"content":{"rendered":"<h1 data-start=\"224\" data-end=\"275\">H\u1ec6 TH\u1ed0NG M\u00c1Y C\u1ea4P PH\u00d4I &amp; INSERT S\u1ea2N PH\u1ea8M T\u1ef0 \u0110\u1ed8NG<\/h1>\n<h2 data-start=\"276\" data-end=\"326\">Gi\u1ea3i ph\u00e1p t\u1ef1 \u0111\u1ed9ng h\u00f3a to\u00e0n di\u1ec7n cho m\u00e1y \u00e9p nh\u1ef1a<\/h2>\n<p data-start=\"328\" data-end=\"638\"><strong data-start=\"328\" data-end=\"396\">H\u1ec7 th\u1ed1ng m\u00e1y c\u1ea5p ph\u00f4i v\u00e0 insert s\u1ea3n ph\u1ea9m t\u1ef1 \u0111\u1ed9ng cho m\u00e1y \u00e9p nh\u1ef1a<\/strong> l\u00e0 gi\u1ea3i ph\u00e1p t\u00edch h\u1ee3p gi\u1eefa <strong data-start=\"424\" data-end=\"454\">m\u00e1y c\u1ea5p ph\u00f4i (Bowl Feeder)<\/strong>, <strong data-start=\"456\" data-end=\"474\">robot g\u1eafp h\u00e0ng<\/strong> v\u00e0 <strong data-start=\"478\" data-end=\"497\">b\u00e0n g\u1eafp (Chuck)<\/strong>, gi\u00fap <strong data-start=\"504\" data-end=\"572\">t\u1ef1 \u0111\u1ed9ng h\u00f3a ho\u00e0n to\u00e0n qu\u00e1 tr\u00ecnh \u0111\u01b0a chi ti\u1ebft insert v\u00e0o khu\u00f4n \u00e9p<\/strong>, n\u00e2ng cao n\u0103ng su\u1ea5t, \u0111\u1ed9 ch\u00ednh x\u00e1c v\u00e0 t\u00ednh \u1ed5n \u0111\u1ecbnh trong s\u1ea3n xu\u1ea5t.<\/p>\n<div style=\"width: 854px;\" class=\"wp-video\"><video class=\"wp-video-shortcode\" id=\"video-635-1\" width=\"854\" height=\"480\" preload=\"metadata\" controls=\"controls\"><source type=\"video\/mp4\" src=\"https:\/\/ninhson-vn.com\/wp-content\/uploads\/vidoe-insert.mp4?_=1\" \/><a href=\"https:\/\/ninhson-vn.com\/wp-content\/uploads\/vidoe-insert.mp4\">https:\/\/ninhson-vn.com\/wp-content\/uploads\/vidoe-insert.mp4<\/a><\/video><\/div>\n<hr data-start=\"640\" data-end=\"643\" \/>\n<h2 data-start=\"645\" data-end=\"681\">1. C\u1ea5u h\u00ecnh t\u1ed5ng th\u1ec3 c\u1ee7a h\u1ec7 th\u1ed1ng<\/h2>\n<p data-start=\"683\" data-end=\"719\">H\u1ec7 th\u1ed1ng bao g\u1ed3m 3 th\u00e0nh ph\u1ea7n ch\u00ednh:<\/p>\n<h3 data-start=\"721\" data-end=\"754\">\ud83d\udd39 M\u00e1y c\u1ea5p ph\u00f4i (Bowl Feeder)<\/h3>\n<h3 data-start=\"755\" data-end=\"786\">\ud83d\udd39 Robot g\u1eafp &amp; \u0111\u1eb7t s\u1ea3n ph\u1ea9m<\/h3>\n<h3 data-start=\"787\" data-end=\"821\">\ud83d\udd39 B\u00e0n g\u1eafp (Chuck) chuy\u00ean d\u1ee5ng<\/h3>\n<p data-start=\"823\" data-end=\"958\">C\u00e1c thi\u1ebft b\u1ecb \u0111\u01b0\u1ee3c <strong data-start=\"841\" data-end=\"868\">\u0111\u1ed3ng b\u1ed9 v\u1edbi m\u00e1y \u00e9p nh\u1ef1a<\/strong> th\u00f4ng qua PLC ho\u1eb7c t\u00edn hi\u1ec7u I\/O, \u0111\u1ea3m b\u1ea3o chu tr\u00ecnh \u00e9p <strong data-start=\"923\" data-end=\"957\">ch\u00ednh x\u00e1c \u2013 an to\u00e0n \u2013 li\u00ean t\u1ee5c<\/strong>.<\/p>\n<hr data-start=\"960\" data-end=\"963\" \/>\n<h2 data-start=\"965\" data-end=\"997\">2. M\u00e1y c\u1ea5p ph\u00f4i (Bowl Feeder)<\/h2>\n<h3 data-start=\"999\" data-end=\"1012\">Ch\u1ee9c n\u0103ng<\/h3>\n<ul data-start=\"1013\" data-end=\"1128\">\n<li data-start=\"1013\" data-end=\"1045\">\n<p data-start=\"1015\" data-end=\"1045\">C\u1ea5p ph\u00f4i <strong data-start=\"1024\" data-end=\"1045\">t\u1ef1 \u0111\u1ed9ng, li\u00ean t\u1ee5c<\/strong><\/p>\n<\/li>\n<li data-start=\"1046\" data-end=\"1089\">\n<p data-start=\"1048\" data-end=\"1089\">S\u1eafp x\u1ebfp ph\u00f4i <strong data-start=\"1061\" data-end=\"1076\">\u0111\u00fang t\u01b0 th\u1ebf<\/strong> \u0111\u1ec3 robot g\u1eafp<\/p>\n<\/li>\n<li data-start=\"1090\" data-end=\"1128\">\n<p data-start=\"1092\" data-end=\"1128\">Gi\u1ea3m ph\u1ee5 thu\u1ed9c v\u00e0o thao t\u00e1c th\u1ee7 c\u00f4ng<\/p>\n<\/li>\n<\/ul>\n<h3 data-start=\"1130\" data-end=\"1150\">\u0110\u1eb7c \u0111i\u1ec3m n\u1ed5i b\u1eadt<\/h3>\n<ul data-start=\"1151\" data-end=\"1329\">\n<li data-start=\"1151\" data-end=\"1188\">\n<p data-start=\"1153\" data-end=\"1188\">Ho\u1ea1t \u0111\u1ed9ng d\u1ef1a tr\u00ean <strong data-start=\"1172\" data-end=\"1188\">rung c\u01a1 \u0111i\u1ec7n<\/strong><\/p>\n<\/li>\n<li data-start=\"1189\" data-end=\"1233\">\n<p data-start=\"1191\" data-end=\"1233\">Thi\u1ebft k\u1ebf \u0111\u01b0\u1eddng d\u1eabn theo <strong data-start=\"1215\" data-end=\"1233\">h\u00ecnh d\u1ea1ng ph\u00f4i<\/strong><\/p>\n<\/li>\n<li data-start=\"1234\" data-end=\"1329\">\n<p data-start=\"1236\" data-end=\"1252\">C\u00f3 th\u1ec3 t\u00edch h\u1ee3p:<\/p>\n<ul data-start=\"1255\" data-end=\"1329\">\n<li data-start=\"1255\" data-end=\"1280\">\n<p data-start=\"1257\" data-end=\"1280\">C\u1ea3m bi\u1ebfn nh\u1eadn di\u1ec7n ph\u00f4i<\/p>\n<\/li>\n<li data-start=\"1283\" data-end=\"1305\">\n<p data-start=\"1285\" data-end=\"1305\">C\u01a1 c\u1ea5u lo\u1ea1i ph\u00f4i l\u1ed7i<\/p>\n<\/li>\n<li data-start=\"1308\" data-end=\"1329\">\n<p data-start=\"1310\" data-end=\"1329\">B\u0103ng t\u1ea3i trung gian<\/p>\n<\/li>\n<\/ul>\n<\/li>\n<\/ul>\n<h3 data-start=\"1331\" data-end=\"1343\">\u1ee8ng d\u1ee5ng<\/h3>\n<ul data-start=\"1344\" data-end=\"1404\">\n<li data-start=\"1344\" data-end=\"1365\">\n<p data-start=\"1346\" data-end=\"1365\">C\u1ea5p insert kim lo\u1ea1i<\/p>\n<\/li>\n<li data-start=\"1366\" data-end=\"1384\">\n<p data-start=\"1368\" data-end=\"1384\">Ch\u1ed1t, pin, l\u00f2 xo<\/p>\n<\/li>\n<li data-start=\"1385\" data-end=\"1404\">\n<p data-start=\"1387\" data-end=\"1404\">Chi ti\u1ebft nh\u1ef1a nh\u1ecf<\/p>\n<\/li>\n<\/ul>\n<hr data-start=\"1406\" data-end=\"1409\" \/>\n<h2 data-start=\"1411\" data-end=\"1452\">3. Robot g\u1eafp h\u00e0ng (Pick &amp; Place Robot)<\/h2>\n<h3 data-start=\"1454\" data-end=\"1467\">Ch\u1ee9c n\u0103ng<\/h3>\n<ul data-start=\"1468\" data-end=\"1615\">\n<li data-start=\"1468\" data-end=\"1493\">\n<p data-start=\"1470\" data-end=\"1493\">G\u1eafp ph\u00f4i t\u1eeb bowl feeder<\/p>\n<\/li>\n<li data-start=\"1494\" data-end=\"1539\">\n<p data-start=\"1496\" data-end=\"1539\">\u0110\u1eb7t ch\u00ednh x\u00e1c v\u00e0o v\u1ecb tr\u00ed insert trong khu\u00f4n<\/p>\n<\/li>\n<li data-start=\"1540\" data-end=\"1615\">\n<p data-start=\"1542\" data-end=\"1560\">C\u00f3 th\u1ec3 ki\u00eam nhi\u1ec7m:<\/p>\n<ul data-start=\"1563\" data-end=\"1615\">\n<li data-start=\"1563\" data-end=\"1584\">\n<p data-start=\"1565\" data-end=\"1584\">L\u1ea5y s\u1ea3n ph\u1ea9m sau \u00e9p<\/p>\n<\/li>\n<li data-start=\"1587\" data-end=\"1615\">\n<p data-start=\"1589\" data-end=\"1615\">Ph\u00e2n lo\u1ea1i s\u1ea3n ph\u1ea9m OK \/ NG<\/p>\n<\/li>\n<\/ul>\n<\/li>\n<\/ul>\n<h3 data-start=\"1617\" data-end=\"1639\">Lo\u1ea1i robot s\u1eed d\u1ee5ng<\/h3>\n<ul data-start=\"1640\" data-end=\"1696\">\n<li data-start=\"1640\" data-end=\"1654\">\n<p data-start=\"1642\" data-end=\"1654\">Robot 3 tr\u1ee5c<\/p>\n<\/li>\n<li data-start=\"1655\" data-end=\"1669\">\n<p data-start=\"1657\" data-end=\"1669\">Robot 5 tr\u1ee5c<\/p>\n<\/li>\n<li data-start=\"1670\" data-end=\"1696\">\n<p data-start=\"1672\" data-end=\"1696\">Robot 6 tr\u1ee5c c\u00f4ng nghi\u1ec7p<\/p>\n<\/li>\n<\/ul>\n<h3 data-start=\"1698\" data-end=\"1709\">\u01afu \u0111i\u1ec3m<\/h3>\n<ul data-start=\"1710\" data-end=\"1790\">\n<li data-start=\"1710\" data-end=\"1739\">\n<p data-start=\"1712\" data-end=\"1739\">\u0110\u1ed9 ch\u00ednh x\u00e1c cao (\u00b10.02 mm)<\/p>\n<\/li>\n<li data-start=\"1740\" data-end=\"1763\">\n<p data-start=\"1742\" data-end=\"1763\">T\u1ed1c \u0111\u1ed9 nhanh, \u1ed5n \u0111\u1ecbnh<\/p>\n<\/li>\n<li data-start=\"1764\" data-end=\"1790\">\n<p data-start=\"1766\" data-end=\"1790\">D\u1ec5 l\u1eadp tr\u00ecnh, d\u1ec5 m\u1edf r\u1ed9ng<\/p>\n<\/li>\n<\/ul>\n<hr data-start=\"1792\" data-end=\"1795\" \/>\n<h2 data-start=\"1797\" data-end=\"1839\">4. B\u00e0n g\u1eafp \u2013 Chuck (End of Arm Tooling)<\/h2>\n<h3 data-start=\"1841\" data-end=\"1852\">Vai tr\u00f2<\/h3>\n<ul data-start=\"1853\" data-end=\"1952\">\n<li data-start=\"1853\" data-end=\"1897\">\n<p data-start=\"1855\" data-end=\"1897\">L\u00e0 <strong data-start=\"1858\" data-end=\"1897\">b\u1ed9 ph\u1eadn ti\u1ebfp x\u00fac tr\u1ef1c ti\u1ebfp v\u1edbi ph\u00f4i<\/strong><\/p>\n<\/li>\n<li data-start=\"1898\" data-end=\"1952\">\n<p data-start=\"1900\" data-end=\"1952\">Quy\u1ebft \u0111\u1ecbnh <strong data-start=\"1911\" data-end=\"1941\">\u0111\u1ed9 ch\u00ednh x\u00e1c v\u00e0 \u0111\u1ed9 \u1ed5n \u0111\u1ecbnh<\/strong> c\u1ee7a insert<\/p>\n<\/li>\n<\/ul>\n<h3 data-start=\"1954\" data-end=\"1981\">C\u00e1c lo\u1ea1i chuck ph\u1ed5 bi\u1ebfn<\/h3>\n<ul data-start=\"1982\" data-end=\"2069\">\n<li data-start=\"1982\" data-end=\"2004\">\n<p data-start=\"1984\" data-end=\"2004\">Chuck h\u00fat ch\u00e2n kh\u00f4ng<\/p>\n<\/li>\n<li data-start=\"2005\" data-end=\"2024\">\n<p data-start=\"2007\" data-end=\"2024\">Chuck k\u1eb9p kh\u00ed n\u00e9n<\/p>\n<\/li>\n<li data-start=\"2025\" data-end=\"2043\">\n<p data-start=\"2027\" data-end=\"2043\">Chuck k\u1eb9p c\u01a1 kh\u00ed<\/p>\n<\/li>\n<li data-start=\"2044\" data-end=\"2069\">\n<p data-start=\"2046\" data-end=\"2069\">Chuck k\u1ebft h\u1ee3p h\u00fat + k\u1eb9p<\/p>\n<\/li>\n<\/ul>\n<h3 data-start=\"2071\" data-end=\"2096\">Thi\u1ebft k\u1ebf theo y\u00eau c\u1ea7u<\/h3>\n<ul data-start=\"2097\" data-end=\"2180\">\n<li data-start=\"2097\" data-end=\"2118\">\n<p data-start=\"2099\" data-end=\"2118\">Theo h\u00ecnh d\u1ea1ng ph\u00f4i<\/p>\n<\/li>\n<li data-start=\"2119\" data-end=\"2152\">\n<p data-start=\"2121\" data-end=\"2152\">Theo v\u1eadt li\u1ec7u (kim lo\u1ea1i \/ nh\u1ef1a)<\/p>\n<\/li>\n<li data-start=\"2153\" data-end=\"2180\">\n<p data-start=\"2155\" data-end=\"2180\">Ch\u1ecbu nhi\u1ec7t, ch\u1ed1ng m\u00e0i m\u00f2n<\/p>\n<\/li>\n<\/ul>\n<hr data-start=\"2182\" data-end=\"2185\" \/>\n<h2 data-start=\"2187\" data-end=\"2225\">5. Nguy\u00ean l\u00fd ho\u1ea1t \u0111\u1ed9ng c\u1ee7a h\u1ec7 th\u1ed1ng<\/h2>\n<p data-start=\"2227\" data-end=\"2423\">1\ufe0f\u20e3 Bowl feeder s\u1eafp x\u1ebfp ph\u00f4i \u0111\u00fang chi\u1ec1u<br data-start=\"2266\" data-end=\"2269\" \/><br \/>\n2\ufe0f\u20e3 Robot g\u1eafp ph\u00f4i b\u1eb1ng chuck<br data-start=\"2298\" data-end=\"2301\" \/><br \/>\n3\ufe0f\u20e3 Robot \u0111\u1eb7t ph\u00f4i v\u00e0o l\u00f2ng khu\u00f4n<br data-start=\"2334\" data-end=\"2337\" \/><br \/>\n4\ufe0f\u20e3 M\u00e1y \u00e9p nh\u1ef1a \u0111\u00f3ng khu\u00f4n \u2013 \u00e9p s\u1ea3n ph\u1ea9m<br data-start=\"2377\" data-end=\"2380\" \/><br \/>\n5\ufe0f\u20e3 Robot l\u1ea5y s\u1ea3n ph\u1ea9m ra &amp; l\u1eb7p chu tr\u00ecnh<\/p>\n<p data-start=\"2425\" data-end=\"2476\">\ud83d\udc49 T\u1ea5t c\u1ea3 di\u1ec5n ra <strong data-start=\"2443\" data-end=\"2476\">t\u1ef1 \u0111\u1ed9ng \u2013 \u0111\u1ed3ng b\u1ed9 \u2013 ch\u00ednh x\u00e1c<\/strong><\/p>\n<div style=\"width: 480px;\" class=\"wp-video\"><video class=\"wp-video-shortcode\" id=\"video-635-2\" width=\"480\" height=\"854\" preload=\"metadata\" controls=\"controls\"><source type=\"video\/mp4\" src=\"https:\/\/ninhson-vn.com\/wp-content\/uploads\/video-insert-1.mp4?_=2\" \/><a href=\"https:\/\/ninhson-vn.com\/wp-content\/uploads\/video-insert-1.mp4\">https:\/\/ninhson-vn.com\/wp-content\/uploads\/video-insert-1.mp4<\/a><\/video><\/div>\n<hr data-start=\"2478\" data-end=\"2481\" \/>\n<h2 data-start=\"2483\" data-end=\"2543\">6. L\u1ee3i \u00edch khi s\u1eed d\u1ee5ng h\u1ec7 th\u1ed1ng c\u1ea5p ph\u00f4i &amp; insert t\u1ef1 \u0111\u1ed9ng<\/h2>\n<p data-start=\"2545\" data-end=\"2726\">\u2705 T\u0103ng n\u0103ng su\u1ea5t s\u1ea3n xu\u1ea5t<br data-start=\"2570\" data-end=\"2573\" \/><br \/>\n\u2705 \u0110\u1ed9 ch\u00ednh x\u00e1c insert cao, gi\u1ea3m l\u1ed7i NG<br data-start=\"2611\" data-end=\"2614\" \/><br \/>\n\u2705 Gi\u1ea3m nh\u00e2n c\u00f4ng v\u1eadn h\u00e0nh<br data-start=\"2639\" data-end=\"2642\" \/><br \/>\n\u2705 \u0110\u1ea3m b\u1ea3o an to\u00e0n lao \u0111\u1ed9ng<br data-start=\"2668\" data-end=\"2671\" \/><br \/>\n\u2705 \u1ed4n \u0111\u1ecbnh ch\u1ea5t l\u01b0\u1ee3ng s\u1ea3n ph\u1ea9m<br data-start=\"2700\" data-end=\"2703\" \/><br \/>\n\u2705 Ph\u00f9 h\u1ee3p s\u1ea3n xu\u1ea5t 24\/7<\/p>\n<hr data-start=\"2728\" data-end=\"2731\" \/>\n<h2 data-start=\"2733\" data-end=\"2755\">7. \u1ee8ng d\u1ee5ng th\u1ef1c t\u1ebf<\/h2>\n<ul data-start=\"2757\" data-end=\"2881\">\n<li data-start=\"2757\" data-end=\"2785\">\n<p data-start=\"2759\" data-end=\"2785\">\u00c9p nh\u1ef1a c\u00f3 insert kim lo\u1ea1i<\/p>\n<\/li>\n<li data-start=\"2786\" data-end=\"2811\">\n<p data-start=\"2788\" data-end=\"2811\">S\u1ea3n ph\u1ea9m \u0111i\u1ec7n \u2013 \u0111i\u1ec7n t\u1eed<\/p>\n<\/li>\n<li data-start=\"2812\" data-end=\"2837\">\n<p data-start=\"2814\" data-end=\"2837\">Linh ki\u1ec7n \u00f4 t\u00f4 \u2013 xe m\u00e1y<\/p>\n<\/li>\n<li data-start=\"2838\" data-end=\"2857\">\n<p data-start=\"2840\" data-end=\"2857\">Thi\u1ebft b\u1ecb gia d\u1ee5ng<\/p>\n<\/li>\n<li data-start=\"2858\" data-end=\"2881\">\n<p data-start=\"2860\" data-end=\"2881\">S\u1ea3n ph\u1ea9m k\u1ef9 thu\u1eadt cao<\/p>\n<\/li>\n<\/ul>\n<hr data-start=\"2883\" data-end=\"2886\" \/>\n<h2 data-start=\"2888\" data-end=\"2921\">8. Kh\u1ea3 n\u0103ng t\u00edch h\u1ee3p &amp; m\u1edf r\u1ed9ng<\/h2>\n<ul data-start=\"2922\" data-end=\"3092\">\n<li data-start=\"2922\" data-end=\"3054\">\n<p data-start=\"2924\" data-end=\"2946\">K\u1ebft n\u1ed1i tr\u1ef1c ti\u1ebfp v\u1edbi:<\/p>\n<ul data-start=\"2949\" data-end=\"3054\">\n<li data-start=\"2949\" data-end=\"3003\">\n<p data-start=\"2951\" data-end=\"3003\">M\u00e1y \u00e9p nh\u1ef1a (Sumitomo, Fanuc, JSW, Nissei, Haitian\u2026)<\/p>\n<\/li>\n<li data-start=\"3006\" data-end=\"3025\">\n<p data-start=\"3008\" data-end=\"3025\">H\u1ec7 th\u1ed1ng b\u0103ng t\u1ea3i<\/p>\n<\/li>\n<li data-start=\"3028\" data-end=\"3054\">\n<p data-start=\"3030\" data-end=\"3054\">Camera ki\u1ec3m tra (Vision)<\/p>\n<\/li>\n<\/ul>\n<\/li>\n<li data-start=\"3055\" data-end=\"3092\">\n<p data-start=\"3057\" data-end=\"3092\">D\u1ec5 d\u00e0ng n\u00e2ng c\u1ea5p khi t\u0103ng s\u1ea3n l\u01b0\u1ee3ng<\/p>\n<\/li>\n<\/ul>\n<hr data-start=\"3094\" data-end=\"3097\" \/>\n<h2 data-start=\"3099\" data-end=\"3113\">9. K\u1ebft lu\u1eadn<\/h2>\n<p data-start=\"3114\" data-end=\"3306\">H\u1ec7 th\u1ed1ng m\u00e1y c\u1ea5p ph\u00f4i &amp; insert s\u1ea3n ph\u1ea9m t\u1ef1 \u0111\u1ed9ng cho m\u00e1y \u00e9p nh\u1ef1a l\u00e0 <strong data-start=\"3181\" data-end=\"3222\">gi\u1ea3i ph\u00e1p t\u1ed1i \u01b0u cho nh\u00e0 m\u00e1y hi\u1ec7n \u0111\u1ea1i<\/strong>, gi\u00fap doanh nghi\u1ec7p <strong data-start=\"3242\" data-end=\"3305\">gi\u1ea3m chi ph\u00ed \u2013 t\u0103ng hi\u1ec7u qu\u1ea3 \u2013 n\u00e2ng cao ch\u1ea5t l\u01b0\u1ee3ng s\u1ea3n ph\u1ea9m<\/strong>.<\/p>\n","protected":false},"excerpt":{"rendered":"<p>H\u1ec6 TH\u1ed0NG M\u00c1Y C\u1ea4P PH\u00d4I &amp; INSERT S\u1ea2N PH\u1ea8M T\u1ef0 \u0110\u1ed8NG Gi\u1ea3i ph\u00e1p t\u1ef1 \u0111\u1ed9ng h\u00f3a to\u00e0n di\u1ec7n cho m\u00e1y \u00e9p nh\u1ef1a H\u1ec7 th\u1ed1ng m\u00e1y c\u1ea5p ph\u00f4i v\u00e0 insert s\u1ea3n ph\u1ea9m t\u1ef1 \u0111\u1ed9ng cho m\u00e1y \u00e9p nh\u1ef1a l\u00e0 gi\u1ea3i ph\u00e1p t\u00edch h\u1ee3p gi\u1eefa m\u00e1y c\u1ea5p ph\u00f4i (Bowl Feeder), robot g\u1eafp h\u00e0ng v\u00e0 b\u00e0n g\u1eafp (Chuck),&#8230;.<\/p>\n","protected":false},"featured_media":636,"comment_status":"open","ping_status":"closed","template":"","meta":[],"product_brand":[],"product_cat":[49],"product_tag":[],"class_list":{"0":"post-635","1":"product","2":"type-product","3":"status-publish","4":"has-post-thumbnail","6":"product_cat-san-pham-khac","8":"first","9":"instock","10":"shipping-taxable","11":"product-type-simple"},"yoast_head":"<!-- This site is optimized with the Yoast SEO Premium plugin v23.2 (Yoast SEO v25.8) - https:\/\/yoast.com\/wordpress\/plugins\/seo\/ -->\n<title>H\u1ec7 th\u1ed1ng c\u1ea5p insert t\u1ef1 \u0111\u1ed9ng cho m\u00e1y \u00e9p nh\u1ef1a - C\u00d4NG TY TNHH TH\u01af\u01a0NG M\u1ea0I D\u1ecaCH V\u1ee4 V\u00c0 S\u1ea2N PH\u1ea8M NINH S\u01a0N<\/title>\n<meta name=\"description\" content=\"H\u1ec7 th\u1ed1ng m\u00e1y c\u1ea5p ph\u00f4i v\u00e0 insert s\u1ea3n ph\u1ea9m t\u1ef1 \u0111\u1ed9ng cho m\u00e1y \u00e9p nh\u1ef1a l\u00e0 gi\u1ea3i ph\u00e1p t\u00edch h\u1ee3p gi\u1eefa m\u00e1y c\u1ea5p ph\u00f4i (Bowl Feeder), robot g\u1eafp h\u00e0ng v\u00e0 b\u00e0n g\u1eafp (Chuck)\" \/>\n<meta name=\"robots\" content=\"noindex, follow, max-snippet:-1, max-image-preview:large, max-video-preview:-1\" \/>\n<meta property=\"og:locale\" content=\"vi_VN\" \/>\n<meta property=\"og:type\" content=\"article\" \/>\n<meta property=\"og:title\" content=\"H\u1ec7 th\u1ed1ng c\u1ea5p insert t\u1ef1 \u0111\u1ed9ng cho m\u00e1y \u00e9p nh\u1ef1a\" \/>\n<meta property=\"og:description\" content=\"H\u1ec7 th\u1ed1ng m\u00e1y c\u1ea5p ph\u00f4i v\u00e0 insert s\u1ea3n ph\u1ea9m t\u1ef1 \u0111\u1ed9ng cho m\u00e1y \u00e9p nh\u1ef1a l\u00e0 gi\u1ea3i ph\u00e1p t\u00edch h\u1ee3p gi\u1eefa m\u00e1y c\u1ea5p ph\u00f4i (Bowl Feeder), robot g\u1eafp h\u00e0ng v\u00e0 b\u00e0n g\u1eafp (Chuck)\" \/>\n<meta property=\"og:url\" content=\"https:\/\/ninhson-vn.com\/?product=he-thong-cap-insert-tu-dong-cho-may-ep-nhua\" \/>\n<meta property=\"og:site_name\" content=\"C\u00d4NG TY TNHH TH\u01af\u01a0NG M\u1ea0I D\u1ecaCH V\u1ee4 V\u00c0 S\u1ea2N PH\u1ea8M NINH S\u01a0N\" \/>\n<meta property=\"article:modified_time\" content=\"2025-12-19T07:43:46+00:00\" \/>\n<meta property=\"og:image\" content=\"https:\/\/ninhson-vn.com\/wp-content\/uploads\/May-cap-phoi-tu-dong.jpg\" \/>\n\t<meta property=\"og:image:width\" content=\"687\" \/>\n\t<meta property=\"og:image:height\" content=\"793\" \/>\n\t<meta property=\"og:image:type\" content=\"image\/jpeg\" \/>\n<meta name=\"twitter:card\" content=\"summary_large_image\" \/>\n<meta name=\"twitter:label1\" content=\"\u01af\u1edbc t\u00ednh th\u1eddi gian \u0111\u1ecdc\" \/>\n\t<meta name=\"twitter:data1\" content=\"4 ph\u00fat\" \/>\n<script type=\"application\/ld+json\" class=\"yoast-schema-graph\">{\"@context\":\"https:\/\/schema.org\",\"@graph\":[{\"@type\":\"WebPage\",\"@id\":\"https:\/\/ninhson-vn.com\/?product=he-thong-cap-insert-tu-dong-cho-may-ep-nhua\",\"url\":\"https:\/\/ninhson-vn.com\/?product=he-thong-cap-insert-tu-dong-cho-may-ep-nhua\",\"name\":\"H\u1ec7 th\u1ed1ng c\u1ea5p insert t\u1ef1 \u0111\u1ed9ng cho m\u00e1y \u00e9p nh\u1ef1a - C\u00d4NG TY TNHH TH\u01af\u01a0NG M\u1ea0I D\u1ecaCH V\u1ee4 V\u00c0 S\u1ea2N PH\u1ea8M NINH S\u01a0N\",\"isPartOf\":{\"@id\":\"https:\/\/ninhson-vn.com\/#website\"},\"primaryImageOfPage\":{\"@id\":\"https:\/\/ninhson-vn.com\/?product=he-thong-cap-insert-tu-dong-cho-may-ep-nhua#primaryimage\"},\"image\":{\"@id\":\"https:\/\/ninhson-vn.com\/?product=he-thong-cap-insert-tu-dong-cho-may-ep-nhua#primaryimage\"},\"thumbnailUrl\":\"https:\/\/ninhson-vn.com\/wp-content\/uploads\/May-cap-phoi-tu-dong.jpg\",\"datePublished\":\"2025-12-19T07:43:45+00:00\",\"dateModified\":\"2025-12-19T07:43:46+00:00\",\"description\":\"H\u1ec7 th\u1ed1ng m\u00e1y c\u1ea5p ph\u00f4i v\u00e0 insert s\u1ea3n ph\u1ea9m t\u1ef1 \u0111\u1ed9ng cho m\u00e1y \u00e9p nh\u1ef1a l\u00e0 gi\u1ea3i ph\u00e1p t\u00edch h\u1ee3p gi\u1eefa m\u00e1y c\u1ea5p ph\u00f4i (Bowl Feeder), robot g\u1eafp h\u00e0ng v\u00e0 b\u00e0n g\u1eafp (Chuck)\",\"breadcrumb\":{\"@id\":\"https:\/\/ninhson-vn.com\/?product=he-thong-cap-insert-tu-dong-cho-may-ep-nhua#breadcrumb\"},\"inLanguage\":\"vi\",\"potentialAction\":[{\"@type\":\"ReadAction\",\"target\":[\"https:\/\/ninhson-vn.com\/?product=he-thong-cap-insert-tu-dong-cho-may-ep-nhua\"]}]},{\"@type\":\"ImageObject\",\"inLanguage\":\"vi\",\"@id\":\"https:\/\/ninhson-vn.com\/?product=he-thong-cap-insert-tu-dong-cho-may-ep-nhua#primaryimage\",\"url\":\"https:\/\/ninhson-vn.com\/wp-content\/uploads\/May-cap-phoi-tu-dong.jpg\",\"contentUrl\":\"https:\/\/ninhson-vn.com\/wp-content\/uploads\/May-cap-phoi-tu-dong.jpg\",\"width\":687,\"height\":793},{\"@type\":\"BreadcrumbList\",\"@id\":\"https:\/\/ninhson-vn.com\/?product=he-thong-cap-insert-tu-dong-cho-may-ep-nhua#breadcrumb\",\"itemListElement\":[{\"@type\":\"ListItem\",\"position\":1,\"name\":\"Trang ch\u1ee7\",\"item\":\"https:\/\/ninhson-vn.com\/\"},{\"@type\":\"ListItem\",\"position\":2,\"name\":\"C\u1eeda h\u00e0ng\",\"item\":\"https:\/\/ninhson-vn.com\/?page_id=12\"},{\"@type\":\"ListItem\",\"position\":3,\"name\":\"H\u1ec7 th\u1ed1ng c\u1ea5p insert t\u1ef1 \u0111\u1ed9ng cho m\u00e1y \u00e9p nh\u1ef1a\"}]},{\"@type\":\"WebSite\",\"@id\":\"https:\/\/ninhson-vn.com\/#website\",\"url\":\"https:\/\/ninhson-vn.com\/\",\"name\":\"C\u00d4NG TY TNHH TH\u01af\u01a0NG M\u1ea0I D\u1ecaCH V\u1ee4 V\u00c0 S\u1ea2N PH\u1ea8M NINH S\u01a0N\",\"description\":\"\",\"potentialAction\":[{\"@type\":\"SearchAction\",\"target\":{\"@type\":\"EntryPoint\",\"urlTemplate\":\"https:\/\/ninhson-vn.com\/?s={search_term_string}\"},\"query-input\":{\"@type\":\"PropertyValueSpecification\",\"valueRequired\":true,\"valueName\":\"search_term_string\"}}],\"inLanguage\":\"vi\"}]}<\/script>\n<!-- \/ Yoast SEO Premium plugin. -->","yoast_head_json":{"title":"H\u1ec7 th\u1ed1ng c\u1ea5p insert t\u1ef1 \u0111\u1ed9ng cho m\u00e1y \u00e9p nh\u1ef1a - C\u00d4NG TY TNHH TH\u01af\u01a0NG M\u1ea0I D\u1ecaCH V\u1ee4 V\u00c0 S\u1ea2N PH\u1ea8M NINH S\u01a0N","description":"H\u1ec7 th\u1ed1ng m\u00e1y c\u1ea5p ph\u00f4i v\u00e0 insert s\u1ea3n ph\u1ea9m t\u1ef1 \u0111\u1ed9ng cho m\u00e1y \u00e9p nh\u1ef1a l\u00e0 gi\u1ea3i ph\u00e1p t\u00edch h\u1ee3p gi\u1eefa m\u00e1y c\u1ea5p ph\u00f4i (Bowl Feeder), robot g\u1eafp h\u00e0ng v\u00e0 b\u00e0n g\u1eafp (Chuck)","robots":{"index":"noindex","follow":"follow","max-snippet":"max-snippet:-1","max-image-preview":"max-image-preview:large","max-video-preview":"max-video-preview:-1"},"og_locale":"vi_VN","og_type":"article","og_title":"H\u1ec7 th\u1ed1ng c\u1ea5p insert t\u1ef1 \u0111\u1ed9ng cho m\u00e1y \u00e9p nh\u1ef1a","og_description":"H\u1ec7 th\u1ed1ng m\u00e1y c\u1ea5p ph\u00f4i v\u00e0 insert s\u1ea3n ph\u1ea9m t\u1ef1 \u0111\u1ed9ng cho m\u00e1y \u00e9p nh\u1ef1a l\u00e0 gi\u1ea3i ph\u00e1p t\u00edch h\u1ee3p gi\u1eefa m\u00e1y c\u1ea5p ph\u00f4i (Bowl Feeder), robot g\u1eafp h\u00e0ng v\u00e0 b\u00e0n g\u1eafp (Chuck)","og_url":"https:\/\/ninhson-vn.com\/?product=he-thong-cap-insert-tu-dong-cho-may-ep-nhua","og_site_name":"C\u00d4NG TY TNHH TH\u01af\u01a0NG M\u1ea0I D\u1ecaCH V\u1ee4 V\u00c0 S\u1ea2N PH\u1ea8M NINH S\u01a0N","article_modified_time":"2025-12-19T07:43:46+00:00","og_image":[{"width":687,"height":793,"url":"https:\/\/ninhson-vn.com\/wp-content\/uploads\/May-cap-phoi-tu-dong.jpg","type":"image\/jpeg"}],"twitter_card":"summary_large_image","twitter_misc":{"\u01af\u1edbc t\u00ednh th\u1eddi gian \u0111\u1ecdc":"4 ph\u00fat"},"schema":{"@context":"https:\/\/schema.org","@graph":[{"@type":"WebPage","@id":"https:\/\/ninhson-vn.com\/?product=he-thong-cap-insert-tu-dong-cho-may-ep-nhua","url":"https:\/\/ninhson-vn.com\/?product=he-thong-cap-insert-tu-dong-cho-may-ep-nhua","name":"H\u1ec7 th\u1ed1ng c\u1ea5p insert t\u1ef1 \u0111\u1ed9ng cho m\u00e1y \u00e9p nh\u1ef1a - C\u00d4NG TY TNHH TH\u01af\u01a0NG M\u1ea0I D\u1ecaCH V\u1ee4 V\u00c0 S\u1ea2N PH\u1ea8M NINH S\u01a0N","isPartOf":{"@id":"https:\/\/ninhson-vn.com\/#website"},"primaryImageOfPage":{"@id":"https:\/\/ninhson-vn.com\/?product=he-thong-cap-insert-tu-dong-cho-may-ep-nhua#primaryimage"},"image":{"@id":"https:\/\/ninhson-vn.com\/?product=he-thong-cap-insert-tu-dong-cho-may-ep-nhua#primaryimage"},"thumbnailUrl":"https:\/\/ninhson-vn.com\/wp-content\/uploads\/May-cap-phoi-tu-dong.jpg","datePublished":"2025-12-19T07:43:45+00:00","dateModified":"2025-12-19T07:43:46+00:00","description":"H\u1ec7 th\u1ed1ng m\u00e1y c\u1ea5p ph\u00f4i v\u00e0 insert s\u1ea3n ph\u1ea9m t\u1ef1 \u0111\u1ed9ng cho m\u00e1y \u00e9p nh\u1ef1a l\u00e0 gi\u1ea3i ph\u00e1p t\u00edch h\u1ee3p gi\u1eefa m\u00e1y c\u1ea5p ph\u00f4i (Bowl Feeder), robot g\u1eafp h\u00e0ng v\u00e0 b\u00e0n g\u1eafp (Chuck)","breadcrumb":{"@id":"https:\/\/ninhson-vn.com\/?product=he-thong-cap-insert-tu-dong-cho-may-ep-nhua#breadcrumb"},"inLanguage":"vi","potentialAction":[{"@type":"ReadAction","target":["https:\/\/ninhson-vn.com\/?product=he-thong-cap-insert-tu-dong-cho-may-ep-nhua"]}]},{"@type":"ImageObject","inLanguage":"vi","@id":"https:\/\/ninhson-vn.com\/?product=he-thong-cap-insert-tu-dong-cho-may-ep-nhua#primaryimage","url":"https:\/\/ninhson-vn.com\/wp-content\/uploads\/May-cap-phoi-tu-dong.jpg","contentUrl":"https:\/\/ninhson-vn.com\/wp-content\/uploads\/May-cap-phoi-tu-dong.jpg","width":687,"height":793},{"@type":"BreadcrumbList","@id":"https:\/\/ninhson-vn.com\/?product=he-thong-cap-insert-tu-dong-cho-may-ep-nhua#breadcrumb","itemListElement":[{"@type":"ListItem","position":1,"name":"Trang ch\u1ee7","item":"https:\/\/ninhson-vn.com\/"},{"@type":"ListItem","position":2,"name":"C\u1eeda h\u00e0ng","item":"https:\/\/ninhson-vn.com\/?page_id=12"},{"@type":"ListItem","position":3,"name":"H\u1ec7 th\u1ed1ng c\u1ea5p insert t\u1ef1 \u0111\u1ed9ng cho m\u00e1y \u00e9p nh\u1ef1a"}]},{"@type":"WebSite","@id":"https:\/\/ninhson-vn.com\/#website","url":"https:\/\/ninhson-vn.com\/","name":"C\u00d4NG TY TNHH TH\u01af\u01a0NG M\u1ea0I D\u1ecaCH V\u1ee4 V\u00c0 S\u1ea2N PH\u1ea8M NINH S\u01a0N","description":"","potentialAction":[{"@type":"SearchAction","target":{"@type":"EntryPoint","urlTemplate":"https:\/\/ninhson-vn.com\/?s={search_term_string}"},"query-input":{"@type":"PropertyValueSpecification","valueRequired":true,"valueName":"search_term_string"}}],"inLanguage":"vi"}]}},"_links":{"self":[{"href":"https:\/\/ninhson-vn.com\/index.php?rest_route=\/wp\/v2\/product\/635","targetHints":{"allow":["GET"]}}],"collection":[{"href":"https:\/\/ninhson-vn.com\/index.php?rest_route=\/wp\/v2\/product"}],"about":[{"href":"https:\/\/ninhson-vn.com\/index.php?rest_route=\/wp\/v2\/types\/product"}],"replies":[{"embeddable":true,"href":"https:\/\/ninhson-vn.com\/index.php?rest_route=%2Fwp%2Fv2%2Fcomments&post=635"}],"wp:featuredmedia":[{"embeddable":true,"href":"https:\/\/ninhson-vn.com\/index.php?rest_route=\/wp\/v2\/media\/636"}],"wp:attachment":[{"href":"https:\/\/ninhson-vn.com\/index.php?rest_route=%2Fwp%2Fv2%2Fmedia&parent=635"}],"wp:term":[{"taxonomy":"product_brand","embeddable":true,"href":"https:\/\/ninhson-vn.com\/index.php?rest_route=%2Fwp%2Fv2%2Fproduct_brand&post=635"},{"taxonomy":"product_cat","embeddable":true,"href":"https:\/\/ninhson-vn.com\/index.php?rest_route=%2Fwp%2Fv2%2Fproduct_cat&post=635"},{"taxonomy":"product_tag","embeddable":true,"href":"https:\/\/ninhson-vn.com\/index.php?rest_route=%2Fwp%2Fv2%2Fproduct_tag&post=635"}],"curies":[{"name":"wp","href":"https:\/\/api.w.org\/{rel}","templated":true}]}}