{"id":695,"date":"2026-03-15T09:30:37","date_gmt":"2026-03-15T09:30:37","guid":{"rendered":"https:\/\/ninhson-vn.com\/?post_type=product&#038;p=695"},"modified":"2026-03-15T09:30:38","modified_gmt":"2026-03-15T09:30:38","slug":"kim-kep-san-pham-mini-a","status":"publish","type":"product","link":"https:\/\/ninhson-vn.com\/?product=kim-kep-san-pham-mini-a","title":{"rendered":"K\u00ecm k\u1eb9p s\u1ea3n ph\u1ea9m Mini A"},"content":{"rendered":"<p data-start=\"0\" data-end=\"62\"><strong data-start=\"0\" data-end=\"62\">K\u00ecm k\u1eb9p s\u1ea3n ph\u1ea9m MINI A cho robot g\u1eafp s\u1ea3n ph\u1ea9m m\u00e1y \u00e9p nh\u1ef1a<\/strong><\/p>\n<p data-start=\"64\" data-end=\"199\">K\u00ecm k\u1eb9p MINI A l\u00e0 c\u01a1 c\u1ea5u g\u1eafp nh\u1ecf g\u1ecdn d\u00f9ng trong t\u1ef1 \u0111\u1ed9ng h\u00f3a.<br data-start=\"124\" data-end=\"127\" \/><br \/>\nThi\u1ebft b\u1ecb ph\u00f9 h\u1ee3p robot g\u1eafp s\u1ea3n ph\u1ea9m m\u00e1y \u00e9p nh\u1ef1a v\u00e0 d\u00e2y chuy\u1ec1n l\u1eafp r\u00e1p.<\/p>\n<p data-start=\"201\" data-end=\"449\"><strong data-start=\"201\" data-end=\"224\">Nguy\u00ean l\u00fd ho\u1ea1t \u0111\u1ed9ng<\/strong><br data-start=\"224\" data-end=\"227\" \/><br \/>\nK\u00ecm ho\u1ea1t \u0111\u1ed9ng theo c\u01a1 c\u1ea5u thanh r\u0103ng \u2013 b\u00e1nh r\u0103ng.<br data-start=\"276\" data-end=\"279\" \/><br \/>\nChuy\u1ec3n \u0111\u1ed9ng t\u1ecbnh ti\u1ebfn bi\u1ebfn th\u00e0nh chuy\u1ec3n \u0111\u1ed9ng \u0111\u00f3ng m\u1edf h\u00e0m k\u1eb9p.<br data-start=\"340\" data-end=\"343\" \/><br \/>\nC\u01a1 c\u1ea5u d\u1eabn \u0111\u1ed9ng th\u01b0\u1eddng b\u1eb1ng kh\u00ed n\u00e9n ho\u1eb7c xy lanh mini.<br data-start=\"397\" data-end=\"400\" \/><br \/>\nHai h\u00e0m k\u1eb9p \u0111\u00f3ng \u0111\u1ed3ng t\u00e2m gi\u1eef s\u1ea3n ph\u1ea9m \u1ed5n \u0111\u1ecbnh.<\/p>\n<p data-start=\"451\" data-end=\"653\"><strong data-start=\"451\" data-end=\"477\">C\u00f4ng d\u1ee5ng v\u00e0 ch\u1ee9c n\u0103ng<\/strong><br data-start=\"477\" data-end=\"480\" \/><br \/>\nK\u1eb9p, gi\u1eef v\u00e0 di chuy\u1ec3n s\u1ea3n ph\u1ea9m sau khi \u00e9p nh\u1ef1a.<br data-start=\"527\" data-end=\"530\" \/><br \/>\nT\u0103ng \u0111\u1ed9 ch\u00ednh x\u00e1c khi g\u1eafp v\u00e0 \u0111\u1eb7t s\u1ea3n ph\u1ea9m.<br data-start=\"572\" data-end=\"575\" \/><br \/>\nGi\u1ea3m va ch\u1ea1m v\u00e0 bi\u1ebfn d\u1ea1ng chi ti\u1ebft nh\u1ef1a.<br data-start=\"615\" data-end=\"618\" \/><br \/>\nT\u1ed1i \u01b0u chu k\u1ef3 robot g\u1eafp s\u1ea3n ph\u1ea9m.<\/p>\n<p data-start=\"655\" data-end=\"835\"><strong data-start=\"655\" data-end=\"675\">Ph\u1ea1m vi \u1ee9ng d\u1ee5ng<\/strong><br data-start=\"675\" data-end=\"678\" \/><br \/>\nRobot g\u1eafp s\u1ea3n ph\u1ea9m m\u00e1y \u00e9p nh\u1ef1a.<br data-start=\"709\" data-end=\"712\" \/><br \/>\nD\u00e2y chuy\u1ec1n l\u1eafp r\u00e1p linh ki\u1ec7n nh\u1ef1a t\u1ef1 \u0111\u1ed9ng.<br data-start=\"754\" data-end=\"757\" \/><br \/>\nH\u1ec7 th\u1ed1ng g\u1eafp chi ti\u1ebft \u0111i\u1ec7n t\u1eed nh\u1ecf.<br data-start=\"791\" data-end=\"794\" \/><br \/>\nThi\u1ebft b\u1ecb ph\u00e2n lo\u1ea1i v\u00e0 \u0111\u00f3ng g\u00f3i t\u1ef1 \u0111\u1ed9ng.<\/p>\n<p data-start=\"837\" data-end=\"1005\"><strong data-start=\"837\" data-end=\"857\">V\u1eadt li\u1ec7u ch\u1ebf t\u1ea1o<\/strong><br data-start=\"857\" data-end=\"860\" \/><br \/>\nTh\u00e2n k\u00ecm ch\u1ebf t\u1ea1o t\u1eeb h\u1ee3p kim nh\u00f4m ho\u1eb7c th\u00e9p c\u1ee9ng.<br data-start=\"908\" data-end=\"911\" \/><br \/>\nH\u00e0m k\u1eb9p s\u1eed d\u1ee5ng th\u00e9p t\u00f4i ho\u1eb7c th\u00e9p SKD.<br data-start=\"950\" data-end=\"953\" \/><br \/>\nB\u1ec1 m\u1eb7t th\u01b0\u1eddng x\u1eed l\u00fd anodize ho\u1eb7c m\u1ea1 ch\u1ed1ng m\u00e0i m\u00f2n.<\/p>\n<p data-start=\"1007\" data-end=\"1179\"><strong data-start=\"1007\" data-end=\"1027\">\u01afu \u0111i\u1ec3m k\u1ef9 thu\u1eadt<\/strong><br data-start=\"1027\" data-end=\"1030\" \/><br \/>\nK\u1ebft c\u1ea5u nh\u1ecf g\u1ecdn, d\u1ec5 t\u00edch h\u1ee3p robot.<br data-start=\"1065\" data-end=\"1068\" \/><br \/>\n\u0110\u1ed9 ch\u00ednh x\u00e1c k\u1eb9p cao, \u1ed5n \u0111\u1ecbnh.<br data-start=\"1098\" data-end=\"1101\" \/><br \/>\nTr\u1ecdng l\u01b0\u1ee3ng nh\u1eb9 gi\u1ea3m t\u1ea3i cho robot.<br data-start=\"1136\" data-end=\"1139\" \/><br \/>\nTu\u1ed5i th\u1ecd c\u01a1 c\u1ea5u cao, b\u1ea3o tr\u00ec \u0111\u01a1n gi\u1ea3n.<\/p>\n<p data-start=\"1181\" data-end=\"1382\"><strong data-start=\"1181\" data-end=\"1206\">M\u1ed9t s\u1ed1 l\u01b0u \u00fd k\u1ef9 thu\u1eadt<\/strong><br data-start=\"1206\" data-end=\"1209\" \/><br \/>\nCh\u1ecdn l\u1ef1c k\u1eb9p ph\u00f9 h\u1ee3p tr\u1ecdng l\u01b0\u1ee3ng s\u1ea3n ph\u1ea9m.<br data-start=\"1251\" data-end=\"1254\" \/><br \/>\nThi\u1ebft k\u1ebf h\u00e0m k\u1eb9p theo h\u00ecnh d\u1ea1ng chi ti\u1ebft.<br data-start=\"1295\" data-end=\"1298\" \/><br \/>\nKi\u1ec3m tra \u0111\u1ed9 m\u00f2n thanh r\u0103ng \u0111\u1ecbnh k\u1ef3.<br data-start=\"1333\" data-end=\"1336\" \/><br \/>\nB\u00f4i tr\u01a1n c\u01a1 c\u1ea5u truy\u1ec1n \u0111\u1ed9ng \u0111\u00fang ti\u00eau chu\u1ea9n.<\/p>\n","protected":false},"excerpt":{"rendered":"<p><a href=\"https:\/\/drive.google.com\/file\/d\/1KN0Q5NyxBxDMiBEz9uRuc2bx7_r26XJQ\/view?usp=drive_link\">Click \u0111\u1ec3 t\u1ea3i catalog s\u1ea3n ph\u1ea9m<\/a><\/p>\n","protected":false},"featured_media":697,"comment_status":"open","ping_status":"closed","template":"","meta":[],"product_brand":[],"product_cat":[50,53],"product_tag":[],"class_list":{"0":"post-695","1":"product","2":"type-product","3":"status-publish","4":"has-post-thumbnail","6":"product_cat-phu-kien-may-ep-nhua","7":"product_cat-phu-kien-robot","9":"first","10":"instock","11":"shipping-taxable","12":"product-type-simple"},"yoast_head":"<!-- This site is optimized with the Yoast SEO Premium plugin v23.2 (Yoast SEO v25.8) - https:\/\/yoast.com\/wordpress\/plugins\/seo\/ -->\n<title>K\u00ecm k\u1eb9p s\u1ea3n ph\u1ea9m Mini A - C\u00d4NG TY TNHH TH\u01af\u01a0NG M\u1ea0I D\u1ecaCH V\u1ee4 V\u00c0 S\u1ea2N PH\u1ea8M NINH S\u01a0N<\/title>\n<meta name=\"description\" content=\"K\u00ecm k\u1eb9p MINI A l\u00e0 c\u01a1 c\u1ea5u g\u1eafp nh\u1ecf g\u1ecdn d\u00f9ng trong t\u1ef1 \u0111\u1ed9ng h\u00f3a.Thi\u1ebft b\u1ecb ph\u00f9 h\u1ee3p robot g\u1eafp s\u1ea3n ph\u1ea9m m\u00e1y \u00e9p nh\u1ef1a v\u00e0 d\u00e2y chuy\u1ec1n l\u1eafp r\u00e1p.\" \/>\n<meta name=\"robots\" content=\"noindex, follow, max-snippet:-1, max-image-preview:large, max-video-preview:-1\" \/>\n<meta property=\"og:locale\" content=\"vi_VN\" \/>\n<meta property=\"og:type\" content=\"article\" \/>\n<meta property=\"og:title\" content=\"K\u00ecm k\u1eb9p s\u1ea3n ph\u1ea9m Mini A\" \/>\n<meta property=\"og:description\" content=\"K\u00ecm k\u1eb9p MINI A l\u00e0 c\u01a1 c\u1ea5u g\u1eafp nh\u1ecf g\u1ecdn d\u00f9ng trong t\u1ef1 \u0111\u1ed9ng h\u00f3a.Thi\u1ebft b\u1ecb ph\u00f9 h\u1ee3p robot g\u1eafp s\u1ea3n ph\u1ea9m m\u00e1y \u00e9p nh\u1ef1a v\u00e0 d\u00e2y chuy\u1ec1n l\u1eafp r\u00e1p.\" \/>\n<meta property=\"og:url\" content=\"https:\/\/ninhson-vn.com\/?product=kim-kep-san-pham-mini-a\" \/>\n<meta property=\"og:site_name\" content=\"C\u00d4NG TY TNHH TH\u01af\u01a0NG M\u1ea0I D\u1ecaCH V\u1ee4 V\u00c0 S\u1ea2N PH\u1ea8M NINH S\u01a0N\" \/>\n<meta property=\"article:modified_time\" content=\"2026-03-15T09:30:38+00:00\" \/>\n<meta property=\"og:image\" content=\"https:\/\/ninhson-vn.com\/wp-content\/uploads\/Mini-A-JZ.jpg\" \/>\n\t<meta property=\"og:image:width\" content=\"396\" \/>\n\t<meta property=\"og:image:height\" content=\"538\" \/>\n\t<meta property=\"og:image:type\" content=\"image\/jpeg\" \/>\n<meta name=\"twitter:card\" content=\"summary_large_image\" \/>\n<meta name=\"twitter:label1\" content=\"\u01af\u1edbc t\u00ednh th\u1eddi gian \u0111\u1ecdc\" \/>\n\t<meta name=\"twitter:data1\" content=\"2 ph\u00fat\" \/>\n<script type=\"application\/ld+json\" class=\"yoast-schema-graph\">{\"@context\":\"https:\/\/schema.org\",\"@graph\":[{\"@type\":\"WebPage\",\"@id\":\"https:\/\/ninhson-vn.com\/?product=kim-kep-san-pham-mini-a\",\"url\":\"https:\/\/ninhson-vn.com\/?product=kim-kep-san-pham-mini-a\",\"name\":\"K\u00ecm k\u1eb9p s\u1ea3n ph\u1ea9m Mini A - C\u00d4NG TY TNHH TH\u01af\u01a0NG M\u1ea0I D\u1ecaCH V\u1ee4 V\u00c0 S\u1ea2N PH\u1ea8M NINH S\u01a0N\",\"isPartOf\":{\"@id\":\"https:\/\/ninhson-vn.com\/#website\"},\"primaryImageOfPage\":{\"@id\":\"https:\/\/ninhson-vn.com\/?product=kim-kep-san-pham-mini-a#primaryimage\"},\"image\":{\"@id\":\"https:\/\/ninhson-vn.com\/?product=kim-kep-san-pham-mini-a#primaryimage\"},\"thumbnailUrl\":\"https:\/\/ninhson-vn.com\/wp-content\/uploads\/Mini-A-JZ.jpg\",\"datePublished\":\"2026-03-15T09:30:37+00:00\",\"dateModified\":\"2026-03-15T09:30:38+00:00\",\"description\":\"K\u00ecm k\u1eb9p MINI A l\u00e0 c\u01a1 c\u1ea5u g\u1eafp nh\u1ecf g\u1ecdn d\u00f9ng trong t\u1ef1 \u0111\u1ed9ng h\u00f3a.Thi\u1ebft b\u1ecb ph\u00f9 h\u1ee3p robot g\u1eafp s\u1ea3n ph\u1ea9m m\u00e1y \u00e9p nh\u1ef1a v\u00e0 d\u00e2y chuy\u1ec1n l\u1eafp r\u00e1p.\",\"breadcrumb\":{\"@id\":\"https:\/\/ninhson-vn.com\/?product=kim-kep-san-pham-mini-a#breadcrumb\"},\"inLanguage\":\"vi\",\"potentialAction\":[{\"@type\":\"ReadAction\",\"target\":[\"https:\/\/ninhson-vn.com\/?product=kim-kep-san-pham-mini-a\"]}]},{\"@type\":\"ImageObject\",\"inLanguage\":\"vi\",\"@id\":\"https:\/\/ninhson-vn.com\/?product=kim-kep-san-pham-mini-a#primaryimage\",\"url\":\"https:\/\/ninhson-vn.com\/wp-content\/uploads\/Mini-A-JZ.jpg\",\"contentUrl\":\"https:\/\/ninhson-vn.com\/wp-content\/uploads\/Mini-A-JZ.jpg\",\"width\":396,\"height\":538},{\"@type\":\"BreadcrumbList\",\"@id\":\"https:\/\/ninhson-vn.com\/?product=kim-kep-san-pham-mini-a#breadcrumb\",\"itemListElement\":[{\"@type\":\"ListItem\",\"position\":1,\"name\":\"Trang ch\u1ee7\",\"item\":\"https:\/\/ninhson-vn.com\/\"},{\"@type\":\"ListItem\",\"position\":2,\"name\":\"C\u1eeda h\u00e0ng\",\"item\":\"https:\/\/ninhson-vn.com\/?page_id=12\"},{\"@type\":\"ListItem\",\"position\":3,\"name\":\"K\u00ecm k\u1eb9p s\u1ea3n ph\u1ea9m Mini A\"}]},{\"@type\":\"WebSite\",\"@id\":\"https:\/\/ninhson-vn.com\/#website\",\"url\":\"https:\/\/ninhson-vn.com\/\",\"name\":\"C\u00d4NG TY TNHH TH\u01af\u01a0NG M\u1ea0I D\u1ecaCH V\u1ee4 V\u00c0 S\u1ea2N PH\u1ea8M NINH S\u01a0N\",\"description\":\"\",\"potentialAction\":[{\"@type\":\"SearchAction\",\"target\":{\"@type\":\"EntryPoint\",\"urlTemplate\":\"https:\/\/ninhson-vn.com\/?s={search_term_string}\"},\"query-input\":{\"@type\":\"PropertyValueSpecification\",\"valueRequired\":true,\"valueName\":\"search_term_string\"}}],\"inLanguage\":\"vi\"}]}<\/script>\n<!-- \/ Yoast SEO Premium plugin. -->","yoast_head_json":{"title":"K\u00ecm k\u1eb9p s\u1ea3n ph\u1ea9m Mini A - C\u00d4NG TY TNHH TH\u01af\u01a0NG M\u1ea0I D\u1ecaCH V\u1ee4 V\u00c0 S\u1ea2N PH\u1ea8M NINH S\u01a0N","description":"K\u00ecm k\u1eb9p MINI A l\u00e0 c\u01a1 c\u1ea5u g\u1eafp nh\u1ecf g\u1ecdn d\u00f9ng trong t\u1ef1 \u0111\u1ed9ng h\u00f3a.Thi\u1ebft b\u1ecb ph\u00f9 h\u1ee3p robot g\u1eafp s\u1ea3n ph\u1ea9m m\u00e1y \u00e9p nh\u1ef1a v\u00e0 d\u00e2y chuy\u1ec1n l\u1eafp r\u00e1p.","robots":{"index":"noindex","follow":"follow","max-snippet":"max-snippet:-1","max-image-preview":"max-image-preview:large","max-video-preview":"max-video-preview:-1"},"og_locale":"vi_VN","og_type":"article","og_title":"K\u00ecm k\u1eb9p s\u1ea3n ph\u1ea9m Mini A","og_description":"K\u00ecm k\u1eb9p MINI A l\u00e0 c\u01a1 c\u1ea5u g\u1eafp nh\u1ecf g\u1ecdn d\u00f9ng trong t\u1ef1 \u0111\u1ed9ng h\u00f3a.Thi\u1ebft b\u1ecb ph\u00f9 h\u1ee3p robot g\u1eafp s\u1ea3n ph\u1ea9m m\u00e1y \u00e9p nh\u1ef1a v\u00e0 d\u00e2y chuy\u1ec1n l\u1eafp r\u00e1p.","og_url":"https:\/\/ninhson-vn.com\/?product=kim-kep-san-pham-mini-a","og_site_name":"C\u00d4NG TY TNHH TH\u01af\u01a0NG M\u1ea0I D\u1ecaCH V\u1ee4 V\u00c0 S\u1ea2N PH\u1ea8M NINH S\u01a0N","article_modified_time":"2026-03-15T09:30:38+00:00","og_image":[{"width":396,"height":538,"url":"https:\/\/ninhson-vn.com\/wp-content\/uploads\/Mini-A-JZ.jpg","type":"image\/jpeg"}],"twitter_card":"summary_large_image","twitter_misc":{"\u01af\u1edbc t\u00ednh th\u1eddi gian \u0111\u1ecdc":"2 ph\u00fat"},"schema":{"@context":"https:\/\/schema.org","@graph":[{"@type":"WebPage","@id":"https:\/\/ninhson-vn.com\/?product=kim-kep-san-pham-mini-a","url":"https:\/\/ninhson-vn.com\/?product=kim-kep-san-pham-mini-a","name":"K\u00ecm k\u1eb9p s\u1ea3n ph\u1ea9m Mini A - C\u00d4NG TY TNHH TH\u01af\u01a0NG M\u1ea0I D\u1ecaCH V\u1ee4 V\u00c0 S\u1ea2N PH\u1ea8M NINH S\u01a0N","isPartOf":{"@id":"https:\/\/ninhson-vn.com\/#website"},"primaryImageOfPage":{"@id":"https:\/\/ninhson-vn.com\/?product=kim-kep-san-pham-mini-a#primaryimage"},"image":{"@id":"https:\/\/ninhson-vn.com\/?product=kim-kep-san-pham-mini-a#primaryimage"},"thumbnailUrl":"https:\/\/ninhson-vn.com\/wp-content\/uploads\/Mini-A-JZ.jpg","datePublished":"2026-03-15T09:30:37+00:00","dateModified":"2026-03-15T09:30:38+00:00","description":"K\u00ecm k\u1eb9p MINI A l\u00e0 c\u01a1 c\u1ea5u g\u1eafp nh\u1ecf g\u1ecdn d\u00f9ng trong t\u1ef1 \u0111\u1ed9ng h\u00f3a.Thi\u1ebft b\u1ecb ph\u00f9 h\u1ee3p robot g\u1eafp s\u1ea3n ph\u1ea9m m\u00e1y \u00e9p nh\u1ef1a v\u00e0 d\u00e2y chuy\u1ec1n l\u1eafp r\u00e1p.","breadcrumb":{"@id":"https:\/\/ninhson-vn.com\/?product=kim-kep-san-pham-mini-a#breadcrumb"},"inLanguage":"vi","potentialAction":[{"@type":"ReadAction","target":["https:\/\/ninhson-vn.com\/?product=kim-kep-san-pham-mini-a"]}]},{"@type":"ImageObject","inLanguage":"vi","@id":"https:\/\/ninhson-vn.com\/?product=kim-kep-san-pham-mini-a#primaryimage","url":"https:\/\/ninhson-vn.com\/wp-content\/uploads\/Mini-A-JZ.jpg","contentUrl":"https:\/\/ninhson-vn.com\/wp-content\/uploads\/Mini-A-JZ.jpg","width":396,"height":538},{"@type":"BreadcrumbList","@id":"https:\/\/ninhson-vn.com\/?product=kim-kep-san-pham-mini-a#breadcrumb","itemListElement":[{"@type":"ListItem","position":1,"name":"Trang ch\u1ee7","item":"https:\/\/ninhson-vn.com\/"},{"@type":"ListItem","position":2,"name":"C\u1eeda h\u00e0ng","item":"https:\/\/ninhson-vn.com\/?page_id=12"},{"@type":"ListItem","position":3,"name":"K\u00ecm k\u1eb9p s\u1ea3n ph\u1ea9m Mini A"}]},{"@type":"WebSite","@id":"https:\/\/ninhson-vn.com\/#website","url":"https:\/\/ninhson-vn.com\/","name":"C\u00d4NG TY TNHH TH\u01af\u01a0NG M\u1ea0I D\u1ecaCH V\u1ee4 V\u00c0 S\u1ea2N PH\u1ea8M NINH S\u01a0N","description":"","potentialAction":[{"@type":"SearchAction","target":{"@type":"EntryPoint","urlTemplate":"https:\/\/ninhson-vn.com\/?s={search_term_string}"},"query-input":{"@type":"PropertyValueSpecification","valueRequired":true,"valueName":"search_term_string"}}],"inLanguage":"vi"}]}},"_links":{"self":[{"href":"https:\/\/ninhson-vn.com\/index.php?rest_route=\/wp\/v2\/product\/695","targetHints":{"allow":["GET"]}}],"collection":[{"href":"https:\/\/ninhson-vn.com\/index.php?rest_route=\/wp\/v2\/product"}],"about":[{"href":"https:\/\/ninhson-vn.com\/index.php?rest_route=\/wp\/v2\/types\/product"}],"replies":[{"embeddable":true,"href":"https:\/\/ninhson-vn.com\/index.php?rest_route=%2Fwp%2Fv2%2Fcomments&post=695"}],"wp:featuredmedia":[{"embeddable":true,"href":"https:\/\/ninhson-vn.com\/index.php?rest_route=\/wp\/v2\/media\/697"}],"wp:attachment":[{"href":"https:\/\/ninhson-vn.com\/index.php?rest_route=%2Fwp%2Fv2%2Fmedia&parent=695"}],"wp:term":[{"taxonomy":"product_brand","embeddable":true,"href":"https:\/\/ninhson-vn.com\/index.php?rest_route=%2Fwp%2Fv2%2Fproduct_brand&post=695"},{"taxonomy":"product_cat","embeddable":true,"href":"https:\/\/ninhson-vn.com\/index.php?rest_route=%2Fwp%2Fv2%2Fproduct_cat&post=695"},{"taxonomy":"product_tag","embeddable":true,"href":"https:\/\/ninhson-vn.com\/index.php?rest_route=%2Fwp%2Fv2%2Fproduct_tag&post=695"}],"curies":[{"name":"wp","href":"https:\/\/api.w.org\/{rel}","templated":true}]}}