{"id":723,"date":"2026-03-17T13:39:27","date_gmt":"2026-03-17T13:39:27","guid":{"rendered":"https:\/\/ninhson-vn.com\/?post_type=product&#038;p=723"},"modified":"2026-03-17T14:40:35","modified_gmt":"2026-03-17T14:40:35","slug":"bo-dau-truc-vit-may-fanuc","status":"publish","type":"product","link":"https:\/\/ninhson-vn.com\/?product=bo-dau-truc-vit-may-fanuc","title":{"rendered":"B\u1ed9 \u0111\u1ea7u tr\u1ee5c v\u00edt m\u00e1y Fanuc"},"content":{"rendered":"<h1 data-section-id=\"1h68ywq\" data-start=\"267\" data-end=\"326\">B\u1ed9 \u0111\u1ea7u tr\u1ee5c v\u00edt cho m\u00e1y \u00e9p nh\u1ef1a Fanuc.<\/h1>\n<ul data-start=\"341\" data-end=\"656\">\n<li data-section-id=\"18s0ral\" data-start=\"341\" data-end=\"405\">\n<p data-start=\"343\" data-end=\"405\">B\u1ed9 \u0111\u1ea7u tr\u1ee5c v\u00edt cho m\u00e1y \u00e9p nh\u1ef1a Fanuc l\u00e0 c\u1ee5m van m\u1ed9t chi\u1ec1u c\u1ee7a m\u00e1y \u00e9p nh\u1ef1a.<\/p>\n<\/li>\n<li data-section-id=\"ha91fp\" data-start=\"406\" data-end=\"456\">\n<p data-start=\"408\" data-end=\"456\">L\u1eafp t\u1ea1i \u0111\u1ea7u tr\u1ee5c v\u00edt trong xilanh m\u00e1y \u00e9p nh\u1ef1a.<\/p>\n<\/li>\n<li data-section-id=\"3xd67w\" data-start=\"457\" data-end=\"515\">\n<p data-start=\"459\" data-end=\"515\">Ki\u1ec3m so\u00e1t d\u00f2ng nh\u1ef1a n\u00f3ng ch\u1ea3y trong qu\u00e1 tr\u00ecnh \u00e9p phun.<\/p>\n<\/li>\n<li data-section-id=\"c9kvo9\" data-start=\"516\" data-end=\"607\">\n<p data-start=\"518\" data-end=\"607\">Thi\u1ebft k\u1ebf ph\u1ed5 bi\u1ebfn d\u1ea1ng\u00a0<strong data-start=\"541\" data-end=\"566\">check ring 3 chi ti\u1ebft<\/strong>.<\/p>\n<\/li>\n<li data-section-id=\"6dae2t\" data-start=\"608\" data-end=\"656\">\n<p data-start=\"610\" data-end=\"656\">S\u1eed d\u1ee5ng trong nhi\u1ec1u d\u00f2ng m\u00e1y \u00e9p nh\u1ef1a Fanuc.<\/p>\n<\/li>\n<\/ul>\n<hr data-start=\"658\" data-end=\"661\" \/>\n<h1 data-section-id=\"1vgpzad\" data-start=\"663\" data-end=\"684\">Nguy\u00ean l\u00fd ho\u1ea1t \u0111\u1ed9ng<\/h1>\n<ul data-start=\"685\" data-end=\"1025\">\n<li data-section-id=\"1dlsbd9\" data-start=\"685\" data-end=\"746\">\n<p data-start=\"687\" data-end=\"746\">Tr\u1ee5c v\u00edt quay l\u00e0m nh\u1ef1a n\u00f3ng ch\u1ea3y di chuy\u1ec3n v\u1ec1 ph\u00eda tr\u01b0\u1edbc.<\/p>\n<\/li>\n<li data-section-id=\"1qyakis\" data-start=\"747\" data-end=\"796\">\n<p data-start=\"749\" data-end=\"796\">Check ring m\u1edf khi nh\u1ef1a ch\u1ea3y qua \u0111\u1ea7u tr\u1ee5c v\u00edt.<\/p>\n<\/li>\n<li data-section-id=\"c82fxf\" data-start=\"797\" data-end=\"844\">\n<p data-start=\"799\" data-end=\"844\">Nh\u1ef1a n\u00f3ng ch\u1ea3y t\u00edch t\u1ee5 ph\u00eda tr\u01b0\u1edbc tr\u1ee5c v\u00edt.<\/p>\n<\/li>\n<li data-section-id=\"lf3wun\" data-start=\"845\" data-end=\"893\">\n<p data-start=\"847\" data-end=\"893\">Khi \u00e9p phun, \u00e1p l\u1ef1c \u0111\u1ea9y check ring \u0111\u00f3ng l\u1ea1i.<\/p>\n<\/li>\n<li data-section-id=\"434ntu\" data-start=\"894\" data-end=\"932\">\n<p data-start=\"896\" data-end=\"932\">Nh\u1ef1a kh\u00f4ng ch\u1ea3y ng\u01b0\u1ee3c v\u1ec1 ph\u00eda sau.<\/p>\n<\/li>\n<li data-section-id=\"13iz68t\" data-start=\"933\" data-end=\"979\">\n<p data-start=\"935\" data-end=\"979\">\u00c1p su\u1ea5t nh\u1ef1a \u0111\u01b0\u1ee3c gi\u1eef \u1ed5n \u0111\u1ecbnh trong khu\u00f4n.<\/p>\n<\/li>\n<li data-section-id=\"15cbm3f\" data-start=\"980\" data-end=\"1025\">\n<p data-start=\"982\" data-end=\"1025\">Gi\u00fap \u0111\u1ea3m b\u1ea3o kh\u1ed1i l\u01b0\u1ee3ng s\u1ea3n ph\u1ea9m \u1ed5n \u0111\u1ecbnh.<\/p>\n<\/li>\n<\/ul>\n<hr data-start=\"1027\" data-end=\"1030\" \/>\n<h1 data-section-id=\"wc3gwg\" data-start=\"1032\" data-end=\"1043\">C\u00f4ng d\u1ee5ng<\/h1>\n<ul data-start=\"1044\" data-end=\"1282\">\n<li data-section-id=\"1fngi51\" data-start=\"1044\" data-end=\"1091\">\n<p data-start=\"1046\" data-end=\"1091\">Ki\u1ec3m so\u00e1t d\u00f2ng nh\u1ef1a n\u00f3ng ch\u1ea3y trong xilanh.<\/p>\n<\/li>\n<li data-section-id=\"1oftizw\" data-start=\"1092\" data-end=\"1129\">\n<p data-start=\"1094\" data-end=\"1129\">Ng\u0103n nh\u1ef1a ch\u1ea3y ng\u01b0\u1ee3c khi \u00e9p phun.<\/p>\n<\/li>\n<li data-section-id=\"1hnk54i\" data-start=\"1130\" data-end=\"1163\">\n<p data-start=\"1132\" data-end=\"1163\">T\u0103ng \u0111\u1ed9 \u1ed5n \u0111\u1ecbnh \u00e1p su\u1ea5t phun.<\/p>\n<\/li>\n<li data-section-id=\"bd4wry\" data-start=\"1164\" data-end=\"1206\">\n<p data-start=\"1166\" data-end=\"1206\">\u0110\u1ea3m b\u1ea3o tr\u1ecdng l\u01b0\u1ee3ng s\u1ea3n ph\u1ea9m \u0111\u1ed3ng \u0111\u1ec1u.<\/p>\n<\/li>\n<li data-section-id=\"z9qo9y\" data-start=\"1207\" data-end=\"1245\">\n<p data-start=\"1209\" data-end=\"1245\">Gi\u1ea3m sai l\u1ec7ch k\u00edch th\u01b0\u1edbc s\u1ea3n ph\u1ea9m.<\/p>\n<\/li>\n<li data-section-id=\"10tksga\" data-start=\"1246\" data-end=\"1282\">\n<p data-start=\"1248\" data-end=\"1282\">T\u0103ng hi\u1ec7u qu\u1ea3 qu\u00e1 tr\u00ecnh \u00e9p nh\u1ef1a.<\/p>\n<\/li>\n<\/ul>\n<hr data-start=\"1284\" data-end=\"1287\" \/>\n<h1 data-section-id=\"1bjr5pf\" data-start=\"1289\" data-end=\"1300\">Ch\u1ee9c n\u0103ng<\/h1>\n<ul data-start=\"1301\" data-end=\"1516\">\n<li data-section-id=\"1xfvsdf\" data-start=\"1301\" data-end=\"1352\">\n<p data-start=\"1303\" data-end=\"1352\">Ho\u1ea1t \u0111\u1ed9ng nh\u01b0\u00a0<strong data-start=\"1317\" data-end=\"1349\">van m\u1ed9t chi\u1ec1u trong tr\u1ee5c v\u00edt<\/strong>.<\/p>\n<\/li>\n<li data-section-id=\"1yj82b5\" data-start=\"1353\" data-end=\"1387\">\n<p data-start=\"1355\" data-end=\"1387\">\u0110i\u1ec1u ti\u1ebft d\u00f2ng nh\u1ef1a n\u00f3ng ch\u1ea3y.<\/p>\n<\/li>\n<li data-section-id=\"z1g2pm\" data-start=\"1388\" data-end=\"1432\">\n<p data-start=\"1390\" data-end=\"1432\">Duy tr\u00ec \u00e1p su\u1ea5t nh\u1ef1a trong giai \u0111o\u1ea1n \u00e9p.<\/p>\n<\/li>\n<li data-section-id=\"wnbxdf\" data-start=\"1433\" data-end=\"1480\">\n<p data-start=\"1435\" data-end=\"1480\">H\u1ed7 tr\u1ee3 qu\u00e1 tr\u00ecnh \u0111\u1ecbnh l\u01b0\u1ee3ng nh\u1ef1a ch\u00ednh x\u00e1c.<\/p>\n<\/li>\n<li data-section-id=\"5nmrvi\" data-start=\"1481\" data-end=\"1516\">\n<p data-start=\"1483\" data-end=\"1516\">T\u0103ng \u0111\u1ed9 \u1ed5n \u0111\u1ecbnh chu k\u1ef3 \u00e9p nh\u1ef1a.<\/p>\n<\/li>\n<\/ul>\n<hr data-start=\"1518\" data-end=\"1521\" \/>\n<h1 data-section-id=\"nwjow\" data-start=\"1523\" data-end=\"1541\">V\u1eadt li\u1ec7u ch\u1ebf t\u1ea1o<\/h1>\n<ul data-start=\"1542\" data-end=\"1834\">\n<li data-section-id=\"u2z01v\" data-start=\"1542\" data-end=\"1598\">\n<p data-start=\"1544\" data-end=\"1598\">Th\u00e9p h\u1ee3p kim<\/p>\n<\/li>\n<li data-section-id=\"1odn726\" data-start=\"1741\" data-end=\"1834\">\n<p data-start=\"1743\" data-end=\"1834\">B\u1ec1 m\u1eb7t th\u01b0\u1eddng x\u1eed l\u00fd\u00a0<strong data-start=\"1763\" data-end=\"1793\">nitriding ho\u1eb7c ph\u1ee7 h\u1ee3p kim<\/strong>.<\/p>\n<\/li>\n<\/ul>\n<hr data-start=\"1836\" data-end=\"1839\" \/>\n<h1 data-section-id=\"19dr36y\" data-start=\"1841\" data-end=\"1850\">\u01afu \u0111i\u1ec3m<\/h1>\n<ul data-start=\"1851\" data-end=\"2081\">\n<li data-section-id=\"wy5job\" data-start=\"1851\" data-end=\"1892\">\n<p data-start=\"1853\" data-end=\"1892\">\u0110\u1ed9 b\u1ec1n v\u00e0 kh\u1ea3 n\u0103ng ch\u1ed1ng m\u00e0i m\u00f2n cao.<\/p>\n<\/li>\n<li data-section-id=\"7wezes\" data-start=\"1893\" data-end=\"1937\">\n<p data-start=\"1895\" data-end=\"1937\">Ch\u1ecbu \u00e1p su\u1ea5t v\u00e0 nhi\u1ec7t \u0111\u1ed9 nh\u1ef1a n\u00f3ng ch\u1ea3y.<\/p>\n<\/li>\n<li data-section-id=\"17i1yp1\" data-start=\"1938\" data-end=\"1967\">\n<p data-start=\"1940\" data-end=\"1967\">Gi\u1eef \u00e1p su\u1ea5t phun \u1ed5n \u0111\u1ecbnh.<\/p>\n<\/li>\n<li data-section-id=\"7an2he\" data-start=\"1968\" data-end=\"2004\">\n<p data-start=\"1970\" data-end=\"2004\">Gi\u1ea3m hao m\u00f2n tr\u1ee5c v\u00edt v\u00e0 xilanh.<\/p>\n<\/li>\n<li data-section-id=\"ojmog\" data-start=\"2005\" data-end=\"2040\">\n<p data-start=\"2007\" data-end=\"2040\">T\u0103ng tu\u1ed5i th\u1ecd h\u1ec7 th\u1ed1ng \u00e9p nh\u1ef1a.<\/p>\n<\/li>\n<li data-section-id=\"eeh15n\" data-start=\"2041\" data-end=\"2081\">\n<p data-start=\"2043\" data-end=\"2081\">Ph\u00f9 h\u1ee3p nhi\u1ec1u lo\u1ea1i nh\u1ef1a c\u00f4ng nghi\u1ec7p.<\/p>\n<\/li>\n<\/ul>\n<hr data-start=\"2083\" data-end=\"2086\" \/>\n<h1 data-section-id=\"182xvrj\" data-start=\"2088\" data-end=\"2098\">\u1ee8ng d\u1ee5ng<\/h1>\n<ul data-start=\"2099\" data-end=\"2264\">\n<li data-section-id=\"ftxk6a\" data-start=\"2099\" data-end=\"2144\">\n<p data-start=\"2101\" data-end=\"2144\">M\u00e1y \u00e9p nh\u1ef1a Fanuc<\/p>\n<\/li>\n<li data-section-id=\"ftxk6a\" data-start=\"2099\" data-end=\"2144\">\n<p data-start=\"2101\" data-end=\"2144\">S\u1ea3n xu\u1ea5t linh ki\u1ec7n nh\u1ef1a k\u1ef9 thu\u1eadt.<\/p>\n<\/li>\n<li data-section-id=\"1u1nvk6\" data-start=\"2183\" data-end=\"2222\">\n<p data-start=\"2185\" data-end=\"2222\">S\u1ea3n xu\u1ea5t linh ki\u1ec7n \u00f4 t\u00f4 v\u00e0 \u0111i\u1ec7n t\u1eed.<\/p>\n<\/li>\n<li data-section-id=\"sn2ovo\" data-start=\"2223\" data-end=\"2264\">\n<p data-start=\"2225\" data-end=\"2264\">Gia c\u00f4ng s\u1ea3n ph\u1ea9m nh\u1ef1a ch\u00ednh x\u00e1c cao.<\/p>\n<\/li>\n<\/ul>\n<p><a href=\"https:\/\/drive.google.com\/file\/d\/1CcyrJDucwEoWwMuBwZ7Ds7SXTOx9P5Zd\/view?usp=drive_link\">Click \u0111\u1ec3 t\u1ea3i Catalog tham kh\u1ea3o<\/a><\/p>\n<p>B\u1ed9 \u0111\u1ea7u tr\u1ee5c v\u00edt cho m\u00e1y \u00e9p nh\u1ef1a Sumitomo:\u00a0<a href=\"https:\/\/ninhson-vn.com\/?product=bo-dau-truc-vit-may-ep-nhua-sumitomo\">B\u1ed9 \u0111\u1ea7u tr\u1ee5c v\u00edt cho m\u00e1y Sumitomo<\/a><\/p>\n","protected":false},"excerpt":{"rendered":"<ul>\n<li>K\u00edch th\u01b0\u1edbc \u0111\u01b0\u1eddng k\u00ednh: D12-D300mm<\/li>\n<li>K\u00edch th\u01b0\u1edbc chi\u1ec1u d\u00e0i: 0-7000mm<\/li>\n<li>S\u1eed d\u1ee5ng cho c\u00e1c lo\u1ea1i nh\u1ef1a: PP, ABS, PC, PET, POM, PA, PA6, PA66, PA4T, PA9T, LCP, PPS, PEEK,\u2026<\/li>\n<li>T\u1ec9 l\u1ec7 % Glass fiber: 0-70%<\/li>\n<li>C\u1ea5p \u0111\u1ed9 ch\u1ed1ng ch\u00e1y UL94: HB, V2, V1, V0, 5VA, 5VB<\/li>\n<li>Xu\u1ea5t x\u1ee9: Tanstar \u2013\u00a0 \u0110\u00e0i Loan, Hitachi Metal \u2013 Nh\u1eadt B\u1ea3n<\/li>\n<li><a href=\"https:\/\/drive.google.com\/file\/d\/1CcyrJDucwEoWwMuBwZ7Ds7SXTOx9P5Zd\/view?usp=drive_link\">Click \u0111\u1ec3 t\u1ea3i Catalog tham kh\u1ea3o <\/a><a href=\"https:\/\/ninhson-vn.com\/wp-content\/uploads\/Kich-thuoc-duong-kinh-truc-vit-Fanuc.jpg\"><img loading=\"lazy\" decoding=\"async\" class=\"alignnone size-full wp-image-643\" src=\"https:\/\/ninhson-vn.com\/wp-content\/uploads\/Kich-thuoc-duong-kinh-truc-vit-Fanuc.jpg\" alt=\"K\u00edch th\u01b0\u1edbc \u0111\u01b0\u1eddng k\u00ednh xilanh, tr\u1ee5c v\u00edt m\u00e1y Fanuc\" width=\"747\" height=\"432\" srcset=\"https:\/\/ninhson-vn.com\/wp-content\/uploads\/Kich-thuoc-duong-kinh-truc-vit-Fanuc.jpg 747w, https:\/\/ninhson-vn.com\/wp-content\/uploads\/Kich-thuoc-duong-kinh-truc-vit-Fanuc-300x173.jpg 300w, https:\/\/ninhson-vn.com\/wp-content\/uploads\/Kich-thuoc-duong-kinh-truc-vit-Fanuc-600x347.jpg 600w\" sizes=\"auto, (max-width: 747px) 100vw, 747px\" \/><\/a><\/li>\n<\/ul>\n","protected":false},"featured_media":328,"comment_status":"open","ping_status":"closed","template":"","meta":[],"product_brand":[],"product_cat":[15,40],"product_tag":[],"class_list":{"0":"post-723","1":"product","2":"type-product","3":"status-publish","4":"has-post-thumbnail","6":"product_cat-xi-lanh-truc-vit-may-ep-nhua","7":"product_cat-bo-dau-truc-vit","9":"first","10":"instock","11":"shipping-taxable","12":"product-type-simple"},"yoast_head":"<!-- This site is optimized with the Yoast SEO Premium plugin v23.2 (Yoast SEO v25.8) - https:\/\/yoast.com\/wordpress\/plugins\/seo\/ -->\n<title>B\u1ed9 \u0111\u1ea7u tr\u1ee5c v\u00edt m\u00e1y Fanuc - C\u00d4NG TY TNHH TH\u01af\u01a0NG M\u1ea0I D\u1ecaCH V\u1ee4 V\u00c0 S\u1ea2N PH\u1ea8M NINH S\u01a0N<\/title>\n<meta name=\"description\" content=\"B\u1ed9 \u0111\u1ea7u tr\u1ee5c v\u00edt cho m\u00e1y \u00e9p nh\u1ef1a Fanuc l\u00e0 c\u1ee5m linh ki\u1ec7n l\u1eafp \u1edf \u0111\u1ea7u tr\u01b0\u1edbc c\u1ee7a tr\u1ee5c v\u00edt trong xilanh m\u00e1y \u00e9p nh\u1ef1a. G\u1ed3m Checkring, Sealring, v\u00e0 Screw head.\" \/>\n<meta name=\"robots\" content=\"noindex, follow, max-snippet:-1, max-image-preview:large, max-video-preview:-1\" \/>\n<meta property=\"og:locale\" content=\"vi_VN\" \/>\n<meta property=\"og:type\" content=\"article\" \/>\n<meta property=\"og:title\" content=\"B\u1ed9 \u0111\u1ea7u tr\u1ee5c v\u00edt m\u00e1y Fanuc\" \/>\n<meta property=\"og:description\" content=\"B\u1ed9 \u0111\u1ea7u tr\u1ee5c v\u00edt cho m\u00e1y \u00e9p nh\u1ef1a Fanuc l\u00e0 c\u1ee5m linh ki\u1ec7n l\u1eafp \u1edf \u0111\u1ea7u tr\u01b0\u1edbc c\u1ee7a tr\u1ee5c v\u00edt trong xilanh m\u00e1y \u00e9p nh\u1ef1a. G\u1ed3m Checkring, Sealring, v\u00e0 Screw head.\" \/>\n<meta property=\"og:url\" content=\"https:\/\/ninhson-vn.com\/?product=bo-dau-truc-vit-may-fanuc\" \/>\n<meta property=\"og:site_name\" content=\"C\u00d4NG TY TNHH TH\u01af\u01a0NG M\u1ea0I D\u1ecaCH V\u1ee4 V\u00c0 S\u1ea2N PH\u1ea8M NINH S\u01a0N\" \/>\n<meta property=\"article:modified_time\" content=\"2026-03-17T14:40:35+00:00\" \/>\n<meta property=\"og:image\" content=\"https:\/\/ninhson-vn.com\/wp-content\/uploads\/seihin16-1.jpg\" \/>\n\t<meta property=\"og:image:width\" content=\"1024\" \/>\n\t<meta property=\"og:image:height\" content=\"829\" \/>\n\t<meta property=\"og:image:type\" content=\"image\/jpeg\" \/>\n<meta name=\"twitter:card\" content=\"summary_large_image\" \/>\n<meta name=\"twitter:label1\" content=\"\u01af\u1edbc t\u00ednh th\u1eddi gian \u0111\u1ecdc\" \/>\n\t<meta name=\"twitter:data1\" content=\"3 ph\u00fat\" \/>\n<script type=\"application\/ld+json\" class=\"yoast-schema-graph\">{\"@context\":\"https:\/\/schema.org\",\"@graph\":[{\"@type\":\"WebPage\",\"@id\":\"https:\/\/ninhson-vn.com\/?product=bo-dau-truc-vit-may-fanuc\",\"url\":\"https:\/\/ninhson-vn.com\/?product=bo-dau-truc-vit-may-fanuc\",\"name\":\"B\u1ed9 \u0111\u1ea7u tr\u1ee5c v\u00edt m\u00e1y Fanuc - C\u00d4NG TY TNHH TH\u01af\u01a0NG M\u1ea0I D\u1ecaCH V\u1ee4 V\u00c0 S\u1ea2N PH\u1ea8M NINH S\u01a0N\",\"isPartOf\":{\"@id\":\"https:\/\/ninhson-vn.com\/#website\"},\"primaryImageOfPage\":{\"@id\":\"https:\/\/ninhson-vn.com\/?product=bo-dau-truc-vit-may-fanuc#primaryimage\"},\"image\":{\"@id\":\"https:\/\/ninhson-vn.com\/?product=bo-dau-truc-vit-may-fanuc#primaryimage\"},\"thumbnailUrl\":\"https:\/\/ninhson-vn.com\/wp-content\/uploads\/seihin16-1.jpg\",\"datePublished\":\"2026-03-17T13:39:27+00:00\",\"dateModified\":\"2026-03-17T14:40:35+00:00\",\"description\":\"B\u1ed9 \u0111\u1ea7u tr\u1ee5c v\u00edt cho m\u00e1y \u00e9p nh\u1ef1a Fanuc l\u00e0 c\u1ee5m linh ki\u1ec7n l\u1eafp \u1edf \u0111\u1ea7u tr\u01b0\u1edbc c\u1ee7a tr\u1ee5c v\u00edt trong xilanh m\u00e1y \u00e9p nh\u1ef1a. G\u1ed3m Checkring, Sealring, v\u00e0 Screw head.\",\"breadcrumb\":{\"@id\":\"https:\/\/ninhson-vn.com\/?product=bo-dau-truc-vit-may-fanuc#breadcrumb\"},\"inLanguage\":\"vi\",\"potentialAction\":[{\"@type\":\"ReadAction\",\"target\":[\"https:\/\/ninhson-vn.com\/?product=bo-dau-truc-vit-may-fanuc\"]}]},{\"@type\":\"ImageObject\",\"inLanguage\":\"vi\",\"@id\":\"https:\/\/ninhson-vn.com\/?product=bo-dau-truc-vit-may-fanuc#primaryimage\",\"url\":\"https:\/\/ninhson-vn.com\/wp-content\/uploads\/seihin16-1.jpg\",\"contentUrl\":\"https:\/\/ninhson-vn.com\/wp-content\/uploads\/seihin16-1.jpg\",\"width\":1024,\"height\":829,\"caption\":\"B\u1ed9 \u0111\u1ea7u tr\u1ee5c v\u00edt cho m\u00e1y \u00e9p nh\u1ef1a Fanuc c\u00f3 ng\u00e0m\"},{\"@type\":\"BreadcrumbList\",\"@id\":\"https:\/\/ninhson-vn.com\/?product=bo-dau-truc-vit-may-fanuc#breadcrumb\",\"itemListElement\":[{\"@type\":\"ListItem\",\"position\":1,\"name\":\"Trang ch\u1ee7\",\"item\":\"https:\/\/ninhson-vn.com\/\"},{\"@type\":\"ListItem\",\"position\":2,\"name\":\"C\u1eeda h\u00e0ng\",\"item\":\"https:\/\/ninhson-vn.com\/?page_id=12\"},{\"@type\":\"ListItem\",\"position\":3,\"name\":\"B\u1ed9 \u0111\u1ea7u tr\u1ee5c v\u00edt m\u00e1y Fanuc\"}]},{\"@type\":\"WebSite\",\"@id\":\"https:\/\/ninhson-vn.com\/#website\",\"url\":\"https:\/\/ninhson-vn.com\/\",\"name\":\"C\u00d4NG TY TNHH TH\u01af\u01a0NG M\u1ea0I D\u1ecaCH V\u1ee4 V\u00c0 S\u1ea2N PH\u1ea8M NINH S\u01a0N\",\"description\":\"\",\"potentialAction\":[{\"@type\":\"SearchAction\",\"target\":{\"@type\":\"EntryPoint\",\"urlTemplate\":\"https:\/\/ninhson-vn.com\/?s={search_term_string}\"},\"query-input\":{\"@type\":\"PropertyValueSpecification\",\"valueRequired\":true,\"valueName\":\"search_term_string\"}}],\"inLanguage\":\"vi\"}]}<\/script>\n<!-- \/ Yoast SEO Premium plugin. -->","yoast_head_json":{"title":"B\u1ed9 \u0111\u1ea7u tr\u1ee5c v\u00edt m\u00e1y Fanuc - C\u00d4NG TY TNHH TH\u01af\u01a0NG M\u1ea0I D\u1ecaCH V\u1ee4 V\u00c0 S\u1ea2N PH\u1ea8M NINH S\u01a0N","description":"B\u1ed9 \u0111\u1ea7u tr\u1ee5c v\u00edt cho m\u00e1y \u00e9p nh\u1ef1a Fanuc l\u00e0 c\u1ee5m linh ki\u1ec7n l\u1eafp \u1edf \u0111\u1ea7u tr\u01b0\u1edbc c\u1ee7a tr\u1ee5c v\u00edt trong xilanh m\u00e1y \u00e9p nh\u1ef1a. G\u1ed3m Checkring, Sealring, v\u00e0 Screw head.","robots":{"index":"noindex","follow":"follow","max-snippet":"max-snippet:-1","max-image-preview":"max-image-preview:large","max-video-preview":"max-video-preview:-1"},"og_locale":"vi_VN","og_type":"article","og_title":"B\u1ed9 \u0111\u1ea7u tr\u1ee5c v\u00edt m\u00e1y Fanuc","og_description":"B\u1ed9 \u0111\u1ea7u tr\u1ee5c v\u00edt cho m\u00e1y \u00e9p nh\u1ef1a Fanuc l\u00e0 c\u1ee5m linh ki\u1ec7n l\u1eafp \u1edf \u0111\u1ea7u tr\u01b0\u1edbc c\u1ee7a tr\u1ee5c v\u00edt trong xilanh m\u00e1y \u00e9p nh\u1ef1a. G\u1ed3m Checkring, Sealring, v\u00e0 Screw head.","og_url":"https:\/\/ninhson-vn.com\/?product=bo-dau-truc-vit-may-fanuc","og_site_name":"C\u00d4NG TY TNHH TH\u01af\u01a0NG M\u1ea0I D\u1ecaCH V\u1ee4 V\u00c0 S\u1ea2N PH\u1ea8M NINH S\u01a0N","article_modified_time":"2026-03-17T14:40:35+00:00","og_image":[{"width":1024,"height":829,"url":"https:\/\/ninhson-vn.com\/wp-content\/uploads\/seihin16-1.jpg","type":"image\/jpeg"}],"twitter_card":"summary_large_image","twitter_misc":{"\u01af\u1edbc t\u00ednh th\u1eddi gian \u0111\u1ecdc":"3 ph\u00fat"},"schema":{"@context":"https:\/\/schema.org","@graph":[{"@type":"WebPage","@id":"https:\/\/ninhson-vn.com\/?product=bo-dau-truc-vit-may-fanuc","url":"https:\/\/ninhson-vn.com\/?product=bo-dau-truc-vit-may-fanuc","name":"B\u1ed9 \u0111\u1ea7u tr\u1ee5c v\u00edt m\u00e1y Fanuc - C\u00d4NG TY TNHH TH\u01af\u01a0NG M\u1ea0I D\u1ecaCH V\u1ee4 V\u00c0 S\u1ea2N PH\u1ea8M NINH S\u01a0N","isPartOf":{"@id":"https:\/\/ninhson-vn.com\/#website"},"primaryImageOfPage":{"@id":"https:\/\/ninhson-vn.com\/?product=bo-dau-truc-vit-may-fanuc#primaryimage"},"image":{"@id":"https:\/\/ninhson-vn.com\/?product=bo-dau-truc-vit-may-fanuc#primaryimage"},"thumbnailUrl":"https:\/\/ninhson-vn.com\/wp-content\/uploads\/seihin16-1.jpg","datePublished":"2026-03-17T13:39:27+00:00","dateModified":"2026-03-17T14:40:35+00:00","description":"B\u1ed9 \u0111\u1ea7u tr\u1ee5c v\u00edt cho m\u00e1y \u00e9p nh\u1ef1a Fanuc l\u00e0 c\u1ee5m linh ki\u1ec7n l\u1eafp \u1edf \u0111\u1ea7u tr\u01b0\u1edbc c\u1ee7a tr\u1ee5c v\u00edt trong xilanh m\u00e1y \u00e9p nh\u1ef1a. G\u1ed3m Checkring, Sealring, v\u00e0 Screw head.","breadcrumb":{"@id":"https:\/\/ninhson-vn.com\/?product=bo-dau-truc-vit-may-fanuc#breadcrumb"},"inLanguage":"vi","potentialAction":[{"@type":"ReadAction","target":["https:\/\/ninhson-vn.com\/?product=bo-dau-truc-vit-may-fanuc"]}]},{"@type":"ImageObject","inLanguage":"vi","@id":"https:\/\/ninhson-vn.com\/?product=bo-dau-truc-vit-may-fanuc#primaryimage","url":"https:\/\/ninhson-vn.com\/wp-content\/uploads\/seihin16-1.jpg","contentUrl":"https:\/\/ninhson-vn.com\/wp-content\/uploads\/seihin16-1.jpg","width":1024,"height":829,"caption":"B\u1ed9 \u0111\u1ea7u tr\u1ee5c v\u00edt cho m\u00e1y \u00e9p nh\u1ef1a Fanuc c\u00f3 ng\u00e0m"},{"@type":"BreadcrumbList","@id":"https:\/\/ninhson-vn.com\/?product=bo-dau-truc-vit-may-fanuc#breadcrumb","itemListElement":[{"@type":"ListItem","position":1,"name":"Trang ch\u1ee7","item":"https:\/\/ninhson-vn.com\/"},{"@type":"ListItem","position":2,"name":"C\u1eeda h\u00e0ng","item":"https:\/\/ninhson-vn.com\/?page_id=12"},{"@type":"ListItem","position":3,"name":"B\u1ed9 \u0111\u1ea7u tr\u1ee5c v\u00edt m\u00e1y Fanuc"}]},{"@type":"WebSite","@id":"https:\/\/ninhson-vn.com\/#website","url":"https:\/\/ninhson-vn.com\/","name":"C\u00d4NG TY TNHH TH\u01af\u01a0NG M\u1ea0I D\u1ecaCH V\u1ee4 V\u00c0 S\u1ea2N PH\u1ea8M NINH S\u01a0N","description":"","potentialAction":[{"@type":"SearchAction","target":{"@type":"EntryPoint","urlTemplate":"https:\/\/ninhson-vn.com\/?s={search_term_string}"},"query-input":{"@type":"PropertyValueSpecification","valueRequired":true,"valueName":"search_term_string"}}],"inLanguage":"vi"}]}},"_links":{"self":[{"href":"https:\/\/ninhson-vn.com\/index.php?rest_route=\/wp\/v2\/product\/723","targetHints":{"allow":["GET"]}}],"collection":[{"href":"https:\/\/ninhson-vn.com\/index.php?rest_route=\/wp\/v2\/product"}],"about":[{"href":"https:\/\/ninhson-vn.com\/index.php?rest_route=\/wp\/v2\/types\/product"}],"replies":[{"embeddable":true,"href":"https:\/\/ninhson-vn.com\/index.php?rest_route=%2Fwp%2Fv2%2Fcomments&post=723"}],"wp:featuredmedia":[{"embeddable":true,"href":"https:\/\/ninhson-vn.com\/index.php?rest_route=\/wp\/v2\/media\/328"}],"wp:attachment":[{"href":"https:\/\/ninhson-vn.com\/index.php?rest_route=%2Fwp%2Fv2%2Fmedia&parent=723"}],"wp:term":[{"taxonomy":"product_brand","embeddable":true,"href":"https:\/\/ninhson-vn.com\/index.php?rest_route=%2Fwp%2Fv2%2Fproduct_brand&post=723"},{"taxonomy":"product_cat","embeddable":true,"href":"https:\/\/ninhson-vn.com\/index.php?rest_route=%2Fwp%2Fv2%2Fproduct_cat&post=723"},{"taxonomy":"product_tag","embeddable":true,"href":"https:\/\/ninhson-vn.com\/index.php?rest_route=%2Fwp%2Fv2%2Fproduct_tag&post=723"}],"curies":[{"name":"wp","href":"https:\/\/api.w.org\/{rel}","templated":true}]}}