{"id":788,"date":"2026-03-27T15:55:26","date_gmt":"2026-03-27T15:55:26","guid":{"rendered":"https:\/\/ninhson-vn.com\/?post_type=product&#038;p=788"},"modified":"2026-03-30T05:15:27","modified_gmt":"2026-03-30T05:15:27","slug":"truc-vit-cho-may-ep-nhua-sumitomo","status":"publish","type":"product","link":"https:\/\/ninhson-vn.com\/?product=truc-vit-cho-may-ep-nhua-sumitomo","title":{"rendered":"Tr\u1ee5c v\u00edt cho m\u00e1y \u00e9p nh\u1ef1a Sumitomo"},"content":{"rendered":"<h3 data-section-id=\"1cexmft\" data-start=\"115\" data-end=\"153\">Tr\u1ee5c v\u00edt, xilanh, b\u1ed9 \u0111\u1ea7u tr\u1ee5c vit, \u0111\u1ea7u phun nh\u1ef1a c\u1ee7a c\u00f4ng ty Ninh S\u01a1n \u0111\u01b0\u1ee3c s\u1ea3n xu\u1ea5t b\u1edfi maker Tanstar \u2013 \u0110\u00e0i Loan<\/h3>\n<p data-start=\"154\" data-end=\"349\">Tan Star Material Co., Ltd. l\u00e0 nh\u00e0 s\u1ea3n xu\u1ea5t\u00a0<strong>B\u1ed9 \u0111\u1ea7u tr\u1ee5c v\u00edt,<\/strong>\u00a0<strong data-start=\"198\" data-end=\"232\">xilanh v\u00e0 tr\u1ee5c v\u00edt m\u00e1y \u00e9p nh\u1ef1a<\/strong>\u00a0uy t\u00edn \u0111\u1ebfn t\u1eeb \u0110\u00e0i Loan.<br data-start=\"256\" data-end=\"259\" \/><br \/>\n<br \/>\nH\u00e3ng chuy\u00ean ph\u00e1t tri\u1ec3n c\u00e1c gi\u1ea3i ph\u00e1p\u00a0<strong data-start=\"296\" data-end=\"314\">screw &amp; barrel &amp; Tipset &amp; Nozzle<\/strong>\u00a0cho m\u00e1y \u00e9p phun v\u00e0 m\u00e1y \u0111\u00f9n nh\u1ef1a.<\/p>\n<p data-start=\"351\" data-end=\"522\">S\u1ea3n ph\u1ea9m Tan Star n\u1ed5i b\u1eadt v\u1edbi\u00a0<strong data-start=\"381\" data-end=\"439\">\u0111\u1ed9 b\u1ec1n cao, kh\u1ea3 n\u0103ng ch\u1ed1ng m\u00e0i m\u00f2n v\u00e0 \u0103n m\u00f2n v\u01b0\u1ee3t tr\u1ed9i<\/strong>, \u0111\u00e1p \u1ee9ng ti\u00eau chu\u1ea9n k\u1ef9 thu\u1eadt kh\u1eaft khe t\u1eeb th\u1ecb tr\u01b0\u1eddng\u00a0<strong data-start=\"492\" data-end=\"519\">Nh\u1eadt B\u1ea3n, Ch\u00e2u \u00c2u v\u00e0 M\u1ef9<\/strong>.<\/p>\n<hr data-start=\"524\" data-end=\"527\" \/>\n<h2 data-section-id=\"1i0tzdd\" data-start=\"529\" data-end=\"583\">C\u00f4ng ngh\u1ec7 v\u1eadt li\u1ec7u ch\u1ebf t\u1ea1o xilanh tr\u1ee5c v\u00edt Tan Star<\/h2>\n<h3 data-section-id=\"10h53q1\" data-start=\"585\" data-end=\"639\">1. C\u00f4ng ngh\u1ec7 h\u1ee3p kim l\u01b0\u1ee1ng kim (Bimetallic Barrel)<\/h3>\n<p data-start=\"640\" data-end=\"691\">Bimetallic l\u00e0 d\u00f2ng s\u1ea3n ph\u1ea9m ch\u1ee7 l\u1ef1c c\u1ee7a Tan Star.<\/p>\n<ul data-start=\"693\" data-end=\"975\">\n<li data-section-id=\"cebywn\" data-start=\"693\" data-end=\"759\">Xilanh \u0111\u01b0\u1ee3c\u00a0<strong data-start=\"707\" data-end=\"756\">\u0111\u00fac ly t\u00e2m v\u1edbi l\u1edbp h\u1ee3p kim \u0111\u1eb7c bi\u1ec7t b\u00ean trong<\/strong>.<\/li>\n<li data-section-id=\"1vqwueo\" data-start=\"760\" data-end=\"804\">\u0110\u1ed9 c\u1ee9ng l\u1edbp h\u1ee3p kim \u0111\u1ea1t\u00a0<strong data-start=\"786\" data-end=\"801\">60 \u2013 70 HRC<\/strong>.<\/li>\n<li data-section-id=\"eflk0u\" data-start=\"805\" data-end=\"877\">H\u00e0m l\u01b0\u1ee3ng\u00a0<strong data-start=\"817\" data-end=\"842\">Tungsten Carbide (WC)<\/strong>\u00a0\u0111\u01b0\u1ee3c t\u0103ng l\u00ean\u00a0<strong data-start=\"857\" data-end=\"874\">25% \u2013 h\u01a1n 40%<\/strong>.<\/li>\n<li data-section-id=\"1fhee85\" data-start=\"878\" data-end=\"975\">Kh\u1ea3 n\u0103ng\u00a0<strong data-start=\"889\" data-end=\"972\">ch\u1ecbu m\u00e0i m\u00f2n v\u00e0 ch\u1ecbu nhi\u1ec7t cao h\u01a1n nhi\u1ec1u so v\u1edbi ti\u00eau chu\u1ea9n th\u00f4ng th\u01b0\u1eddng 9.5% WC<\/strong>.<\/li>\n<\/ul>\n<p data-start=\"977\" data-end=\"1073\">C\u00f4ng ngh\u1ec7 n\u00e0y \u0111\u1eb7c bi\u1ec7t ph\u00f9 h\u1ee3p cho\u00a0<strong data-start=\"1012\" data-end=\"1072\">nh\u1ef1a c\u00f3 s\u1ee3i th\u1ee7y tinh, b\u1ed9t kho\u00e1ng v\u00e0 ph\u1ee5 gia m\u00e0i m\u00f2n cao<\/strong>.<\/p>\n<p data-start=\"977\" data-end=\"1073\"><a href=\"https:\/\/ninhson-vn.com\/wp-content\/uploads\/z6435202491887_da254c8d1759986835b3b87e7ae3f668.jpg\"><img loading=\"lazy\" decoding=\"async\" class=\"alignnone size-full wp-image-346\" src=\"https:\/\/ninhson-vn.com\/wp-content\/uploads\/z6435202491887_da254c8d1759986835b3b87e7ae3f668.jpg\" alt=\"C\u00f4ng ngh\u1ec7 \u0111\u00fac li t\u00e2m xilanh \" width=\"800\" height=\"554\" srcset=\"https:\/\/ninhson-vn.com\/wp-content\/uploads\/z6435202491887_da254c8d1759986835b3b87e7ae3f668.jpg 800w, https:\/\/ninhson-vn.com\/wp-content\/uploads\/z6435202491887_da254c8d1759986835b3b87e7ae3f668-768x532.jpg 768w, https:\/\/ninhson-vn.com\/wp-content\/uploads\/z6435202491887_da254c8d1759986835b3b87e7ae3f668-300x208.jpg 300w, https:\/\/ninhson-vn.com\/wp-content\/uploads\/z6435202491887_da254c8d1759986835b3b87e7ae3f668-600x416.jpg 600w\" sizes=\"auto, (max-width: 800px) 100vw, 800px\" \/><\/a><\/p>\n<hr data-start=\"1075\" data-end=\"1078\" \/>\n<h3 data-section-id=\"1bk2rcx\" data-start=\"1080\" data-end=\"1121\">2. Th\u00e9p h\u1ee3p kim Nitriding \u0111\u1ed9 c\u1ee9ng cao<\/h3>\n<p data-start=\"1122\" data-end=\"1202\">Tan Star s\u1eed d\u1ee5ng\u00a0<strong data-start=\"1139\" data-end=\"1199\">th\u00e9p h\u1ee3p kim ch\u1ea5t l\u01b0\u1ee3ng cao nh\u1eadp kh\u1ea9u t\u1eeb \u0110\u1ee9c v\u00e0 Nh\u1eadt B\u1ea3n<\/strong>.<\/p>\n<p data-start=\"1204\" data-end=\"1269\">Sau khi gia c\u00f4ng, b\u1ec1 m\u1eb7t \u0111\u01b0\u1ee3c\u00a0<strong data-start=\"1234\" data-end=\"1263\">th\u1ea5m Nit\u01a1 s\u00e2u (Nitriding)<\/strong>\u00a0\u0111\u1ec3:<\/p>\n<ul data-start=\"1271\" data-end=\"1393\">\n<li data-section-id=\"1oiyr4\" data-start=\"1271\" data-end=\"1298\">T\u0103ng\u00a0<strong data-start=\"1278\" data-end=\"1296\">\u0111\u1ed9 c\u1ee9ng b\u1ec1 m\u1eb7t<\/strong><\/li>\n<li data-section-id=\"b44w9g\" data-start=\"1299\" data-end=\"1334\">T\u0103ng\u00a0<strong data-start=\"1306\" data-end=\"1332\">kh\u1ea3 n\u0103ng ch\u1ed1ng m\u00e0i m\u00f2n<\/strong><\/li>\n<li data-section-id=\"18xx4r1\" data-start=\"1335\" data-end=\"1393\">C\u1ea3i thi\u1ec7n\u00a0<strong data-start=\"1347\" data-end=\"1391\">tu\u1ed5i th\u1ecd l\u00e0m vi\u1ec7c c\u1ee7a tr\u1ee5c v\u00edt, xilanh v\u00e0 b\u1ed9 \u0111\u1ea7u tr\u1ee5c v\u00edt.<\/strong><\/li>\n<\/ul>\n<p data-start=\"1395\" data-end=\"1471\">Ph\u01b0\u01a1ng ph\u00e1p n\u00e0y ph\u00f9 h\u1ee3p v\u1edbi\u00a0<strong data-start=\"1423\" data-end=\"1470\">nh\u1ef1a th\u00f4ng d\u1ee5ng v\u00e0 nh\u1ef1a k\u1ef9 thu\u1eadt trung b\u00ecnh<\/strong>.<\/p>\n<p data-start=\"1395\" data-end=\"1471\"><a href=\"https:\/\/ninhson-vn.com\/wp-content\/uploads\/z6473562819312_db5f42a37f77d79d5bde0b355d4729ac.jpg\"><img loading=\"lazy\" decoding=\"async\" class=\"alignnone size-full wp-image-352\" src=\"https:\/\/ninhson-vn.com\/wp-content\/uploads\/z6473562819312_db5f42a37f77d79d5bde0b355d4729ac.jpg\" alt=\"Tr\u1ee5c v\u00edt th\u1ea5m nito tr\u1ed9n nh\u1ef1a\" width=\"1066\" height=\"670\" srcset=\"https:\/\/ninhson-vn.com\/wp-content\/uploads\/z6473562819312_db5f42a37f77d79d5bde0b355d4729ac.jpg 1066w, https:\/\/ninhson-vn.com\/wp-content\/uploads\/z6473562819312_db5f42a37f77d79d5bde0b355d4729ac-768x483.jpg 768w, https:\/\/ninhson-vn.com\/wp-content\/uploads\/z6473562819312_db5f42a37f77d79d5bde0b355d4729ac-300x189.jpg 300w, https:\/\/ninhson-vn.com\/wp-content\/uploads\/z6473562819312_db5f42a37f77d79d5bde0b355d4729ac-600x377.jpg 600w\" sizes=\"auto, (max-width: 1066px) 100vw, 1066px\" \/><\/a><\/p>\n<hr data-start=\"1473\" data-end=\"1476\" \/>\n<h3 data-section-id=\"1qg4auj\" data-start=\"1478\" data-end=\"1524\">3. C\u00f4ng ngh\u1ec7 ph\u1ee7 b\u1ec1 m\u1eb7t tr\u1ee5c v\u00edt, b\u1ed9 \u0111\u1ea7u tr\u1ee5c v\u00edt ti\u00ean ti\u1ebfn<\/h3>\n<p data-start=\"1525\" data-end=\"1600\">Tr\u1ee5c v\u00edt Tan Star \u0111\u01b0\u1ee3c t\u0103ng c\u01b0\u1eddng \u0111\u1ed9 b\u1ec1n b\u1eb1ng nhi\u1ec1u c\u00f4ng ngh\u1ec7 ph\u1ee7 hi\u1ec7n \u0111\u1ea1i:<\/p>\n<p data-start=\"1602\" data-end=\"1640\"><strong data-start=\"1602\" data-end=\"1638\">HVOF (High Velocity Oxygen Fuel)<\/strong><\/p>\n<ul data-start=\"1641\" data-end=\"1716\">\n<li data-section-id=\"3qw5by\" data-start=\"1641\" data-end=\"1673\">Phun ph\u1ee7 h\u1ee3p kim v\u1eadn t\u1ed1c cao<\/li>\n<li data-section-id=\"iepsgm\" data-start=\"1674\" data-end=\"1716\">T\u0103ng kh\u1ea3 n\u0103ng ch\u1ed1ng m\u00e0i m\u00f2n v\u00e0 oxy h\u00f3a<\/li>\n<\/ul>\n<p data-start=\"1718\" data-end=\"1752\"><strong data-start=\"1718\" data-end=\"1750\">PTA (Plasma Transferred Arc)<\/strong><\/p>\n<ul data-start=\"1753\" data-end=\"1834\">\n<li data-section-id=\"1pe5yoa\" data-start=\"1753\" data-end=\"1793\">H\u00e0n ph\u1ee7 h\u1ee3p kim b\u1eb1ng h\u1ed3 quang plasma<\/li>\n<li data-section-id=\"1xiwzsg\" data-start=\"1794\" data-end=\"1834\">T\u1ea1o l\u1edbp ph\u1ee7 b\u1ec1n ch\u1eafc v\u00e0 ch\u1ecbu t\u1ea3i cao<\/li>\n<\/ul>\n<p data-start=\"1836\" data-end=\"1853\"><strong data-start=\"1836\" data-end=\"1851\">PVD Coating<\/strong><\/p>\n<ul data-start=\"1854\" data-end=\"1937\">\n<li data-section-id=\"1rkxcxz\" data-start=\"1854\" data-end=\"1895\">\u0110\u1ed9 c\u1ee9ng b\u1ec1 m\u1eb7t \u0111\u1ea1t\u00a0<strong data-start=\"1875\" data-end=\"1893\">HV 2000 \u2013 3000<\/strong><\/li>\n<li data-section-id=\"12u79ex\" data-start=\"1896\" data-end=\"1937\">Gi\u1ea3m ma s\u00e1t v\u00e0 t\u0103ng tu\u1ed5i th\u1ecd tr\u1ee5c v\u00edt<\/li>\n<\/ul>\n<figure id=\"attachment_334\" aria-describedby=\"caption-attachment-334\" style=\"width: 876px\" class=\"wp-caption alignnone\"><a href=\"https:\/\/ninhson-vn.com\/wp-content\/uploads\/z4512038261141_eaaf5f9d023ae2bf3cb457c9d5729a09.png\"><img loading=\"lazy\" decoding=\"async\" class=\"wp-image-334 size-full\" src=\"https:\/\/ninhson-vn.com\/wp-content\/uploads\/z4512038261141_eaaf5f9d023ae2bf3cb457c9d5729a09.png\" alt=\"M\u1ea1 PVD ch\u1ed1ng b\u00e1m dinh\" width=\"876\" height=\"142\" srcset=\"https:\/\/ninhson-vn.com\/wp-content\/uploads\/z4512038261141_eaaf5f9d023ae2bf3cb457c9d5729a09.png 876w, https:\/\/ninhson-vn.com\/wp-content\/uploads\/z4512038261141_eaaf5f9d023ae2bf3cb457c9d5729a09-768x124.png 768w, https:\/\/ninhson-vn.com\/wp-content\/uploads\/z4512038261141_eaaf5f9d023ae2bf3cb457c9d5729a09-300x49.png 300w, https:\/\/ninhson-vn.com\/wp-content\/uploads\/z4512038261141_eaaf5f9d023ae2bf3cb457c9d5729a09-600x97.png 600w\" sizes=\"auto, (max-width: 876px) 100vw, 876px\" \/><\/a><figcaption id=\"caption-attachment-334\" class=\"wp-caption-text\">PVD<\/figcaption><\/figure> <figure id=\"attachment_335\" aria-describedby=\"caption-attachment-335\" style=\"width: 400px\" class=\"wp-caption alignnone\"><a href=\"https:\/\/ninhson-vn.com\/wp-content\/uploads\/z6435202437127_b7884ad79d3d6c524f850340b4638074.jpg\"><img loading=\"lazy\" decoding=\"async\" class=\"wp-image-335 size-full\" src=\"https:\/\/ninhson-vn.com\/wp-content\/uploads\/z6435202437127_b7884ad79d3d6c524f850340b4638074.jpg\" alt=\"C\u00f4ng ngh\u1ec7 phun ph\u1ee7 HVOF\" width=\"400\" height=\"270\" srcset=\"https:\/\/ninhson-vn.com\/wp-content\/uploads\/z6435202437127_b7884ad79d3d6c524f850340b4638074.jpg 400w, https:\/\/ninhson-vn.com\/wp-content\/uploads\/z6435202437127_b7884ad79d3d6c524f850340b4638074-300x203.jpg 300w\" sizes=\"auto, (max-width: 400px) 100vw, 400px\" \/><\/a><figcaption id=\"caption-attachment-335\" class=\"wp-caption-text\">HVOF<\/figcaption><\/figure>\n<p><a href=\"https:\/\/ninhson-vn.com\/wp-content\/uploads\/z6473562819524_9eba6d903e9c420896bdf026265c00b5.jpg\"><img loading=\"lazy\" decoding=\"async\" class=\"alignnone size-full wp-image-353\" src=\"https:\/\/ninhson-vn.com\/wp-content\/uploads\/z6473562819524_9eba6d903e9c420896bdf026265c00b5.jpg\" alt=\"\" width=\"960\" height=\"1280\" srcset=\"https:\/\/ninhson-vn.com\/wp-content\/uploads\/z6473562819524_9eba6d903e9c420896bdf026265c00b5.jpg 960w, https:\/\/ninhson-vn.com\/wp-content\/uploads\/z6473562819524_9eba6d903e9c420896bdf026265c00b5-768x1024.jpg 768w, https:\/\/ninhson-vn.com\/wp-content\/uploads\/z6473562819524_9eba6d903e9c420896bdf026265c00b5-300x400.jpg 300w, https:\/\/ninhson-vn.com\/wp-content\/uploads\/z6473562819524_9eba6d903e9c420896bdf026265c00b5-600x800.jpg 600w\" sizes=\"auto, (max-width: 960px) 100vw, 960px\" \/><\/a><\/p>\n<hr data-start=\"1939\" data-end=\"1942\" \/>\n<h3 data-section-id=\"rjlmzg\" data-start=\"1944\" data-end=\"1988\">4. C\u00f4ng ngh\u1ec7 xilanh g\u1ed1m (Ceramic Barrel)<\/h3>\n<p data-start=\"1989\" data-end=\"2047\">Tan Star c\u00f2n cung c\u1ea5p d\u00f2ng\u00a0<strong data-start=\"2016\" data-end=\"2044\">xilanh g\u1ed1m hi\u1ec7u su\u1ea5t cao<\/strong>.<\/p>\n<p data-start=\"2049\" data-end=\"2068\">\u0110\u1eb7c \u0111i\u1ec3m n\u1ed5i b\u1eadt:<\/p>\n<ul data-start=\"2070\" data-end=\"2165\">\n<li data-section-id=\"10zieua\" data-start=\"2070\" data-end=\"2104\">\u0110\u1ed9 c\u1ee9ng b\u1ec1 m\u1eb7t\u00a0<strong data-start=\"2087\" data-end=\"2102\">66 \u2013 70 HRC<\/strong><\/li>\n<li data-section-id=\"pfr32z\" data-start=\"2105\" data-end=\"2137\">Ch\u1ed1ng \u0103n m\u00f2n h\u00f3a h\u1ecdc c\u1ef1c t\u1ed1t<\/li>\n<li data-section-id=\"1h5zsp5\" data-start=\"2138\" data-end=\"2165\">Ch\u1ed1ng m\u00e0i m\u00f2n v\u01b0\u1ee3t tr\u1ed9i<\/li>\n<\/ul>\n<p data-start=\"2167\" data-end=\"2247\">Gi\u1ea3i ph\u00e1p n\u00e0y ph\u00f9 h\u1ee3p v\u1edbi\u00a0<strong data-start=\"2193\" data-end=\"2246\">nh\u1ef1a k\u1ef9 thu\u1eadt cao v\u00e0 v\u1eadt li\u1ec7u c\u00f3 ph\u1ee5 gia \u0111\u1eb7c bi\u1ec7t<\/strong>.<\/p>\n<hr data-start=\"2249\" data-end=\"2252\" \/>\n<h2 data-section-id=\"43fqt3\" data-start=\"2254\" data-end=\"2299\">\u0110\u1ed9 ch\u00ednh x\u00e1c gia c\u00f4ng v\u00e0 kh\u1ea3 n\u0103ng s\u1ea3n xu\u1ea5t<\/h2>\n<p data-start=\"2300\" data-end=\"2409\">To\u00e0n b\u1ed9 h\u1ec7 th\u1ed1ng\u00a0<strong data-start=\"2317\" data-end=\"2345\">xilanh tr\u1ee5c v\u00edt Tan Star<\/strong>\u00a0\u0111\u01b0\u1ee3c gia c\u00f4ng tr\u00ean\u00a0<strong data-start=\"2365\" data-end=\"2400\">m\u00e1y CNC 5 tr\u1ee5c DMG MORI Ch\u00e2u \u00c2u<\/strong>, gi\u00fap:<\/p>\n<ul data-start=\"2411\" data-end=\"2522\">\n<li data-section-id=\"51r7tz\" data-start=\"2411\" data-end=\"2443\">\u0110\u1ea3m b\u1ea3o\u00a0<strong data-start=\"2421\" data-end=\"2441\">\u0111\u1ed9 ch\u00ednh x\u00e1c cao<\/strong><\/li>\n<li data-section-id=\"c0mxac\" data-start=\"2444\" data-end=\"2476\">B\u1ec1 m\u1eb7t gia c\u00f4ng\u00a0<strong data-start=\"2462\" data-end=\"2474\">b\u00f3ng m\u1ecbn<\/strong><\/li>\n<li data-section-id=\"tcfnmy\" data-start=\"2477\" data-end=\"2522\">Nh\u1ef1a \u0111\u01b0\u1ee3c\u00a0<strong data-start=\"2489\" data-end=\"2520\">h\u00f3a d\u1ebbo \u1ed5n \u0111\u1ecbnh v\u00e0 \u0111\u1ed3ng \u0111\u1ec1u<\/strong><\/li>\n<\/ul>\n<p data-start=\"2524\" data-end=\"2557\">Kh\u1ea3 n\u0103ng s\u1ea3n xu\u1ea5t c\u1ee7a Tan Star:<\/p>\n<ul data-start=\"2559\" data-end=\"2672\">\n<li data-section-id=\"kat767\" data-start=\"2559\" data-end=\"2598\">\u0110\u01b0\u1eddng k\u00ednh xilanh t\u1ed1i \u0111a\u00a0<strong data-start=\"2586\" data-end=\"2596\">270 mm<\/strong><\/li>\n<li data-section-id=\"16q2q0z\" data-start=\"2599\" data-end=\"2632\">Chi\u1ec1u d\u00e0i t\u1ed1i \u0111a\u00a0<strong data-start=\"2618\" data-end=\"2630\">7.500 mm<\/strong><\/li>\n<li data-section-id=\"1hahn7y\" data-start=\"2633\" data-end=\"2672\">Nhi\u1ec7t \u0111\u1ed9 l\u00e0m vi\u1ec7c l\u00ean t\u1edbi\u00a0<strong data-start=\"2661\" data-end=\"2670\">500\u00b0C<\/strong><\/li>\n<\/ul>\n<p><a href=\"https:\/\/www.tan-star.com\/\">Website c\u00f4ng ty Tanstar<\/a><\/p>\n<p><a title=\"Xilanh tr\u1ee5c v\u00edt m\u00e1y \u00e9p nh\u1ef1a JSW\" href=\"https:\/\/ninhson-vn.com\/?product=xilanh-truc-vit-bo-dau-va-dau-phun-nhua-cho-may-ep-nhua-jsw\">Xilanh tr\u1ee5c v\u00edt m\u00e1y \u00e9p nh\u1ef1a JSW<\/a><\/p>\n","protected":false},"excerpt":{"rendered":"<ul>\n<li>K\u00edch th\u01b0\u1edbc \u0111\u01b0\u1eddng k\u00ednh: D12-D300mm<\/li>\n<li>K\u00edch th\u01b0\u1edbc chi\u1ec1u d\u00e0i: 0-7000mm<\/li>\n<li>S\u1eed d\u1ee5ng cho c\u00e1c lo\u1ea1i nh\u1ef1a: PP, ABS, PC, PET, POM, PA, PA6, PA66, PA4T, PA9T, LCP, PPS, PEEK,\u2026<\/li>\n<li>T\u1ec9 l\u1ec7 % Glass fiber: 0-70%<\/li>\n<li>C\u1ea5p \u0111\u1ed9 ch\u1ed1ng ch\u00e1y UL94: HB, V2, V1, V0, 5VA, 5VB<\/li>\n<li>Xu\u1ea5t x\u1ee9: Tanstar \u2013\u00a0 \u0110\u00e0i Loan, Hitachi Metal \u2013 Nh\u1eadt B\u1ea3n<\/li>\n<li><a href=\"https:\/\/drive.google.com\/file\/d\/1CcyrJDucwEoWwMuBwZ7Ds7SXTOx9P5Zd\/view?usp=drive_link\">Click \u0111\u1ec3 t\u1ea3i Catalog tham kh\u1ea3o<\/a><\/li>\n<\/ul>\n<p><a href=\"https:\/\/ninhson-vn.com\/wp-content\/uploads\/Kich-thuoc-duong-kinh-truc-vit-Sumitomo.jpg\"><img loading=\"lazy\" decoding=\"async\" class=\"alignnone size-full wp-image-645\" src=\"https:\/\/ninhson-vn.com\/wp-content\/uploads\/Kich-thuoc-duong-kinh-truc-vit-Sumitomo.jpg\" alt=\"\" width=\"1085\" height=\"505\" srcset=\"https:\/\/ninhson-vn.com\/wp-content\/uploads\/Kich-thuoc-duong-kinh-truc-vit-Sumitomo.jpg 1085w, https:\/\/ninhson-vn.com\/wp-content\/uploads\/Kich-thuoc-duong-kinh-truc-vit-Sumitomo-768x357.jpg 768w, https:\/\/ninhson-vn.com\/wp-content\/uploads\/Kich-thuoc-duong-kinh-truc-vit-Sumitomo-300x140.jpg 300w, https:\/\/ninhson-vn.com\/wp-content\/uploads\/Kich-thuoc-duong-kinh-truc-vit-Sumitomo-600x279.jpg 600w\" sizes=\"auto, (max-width: 1085px) 100vw, 1085px\" \/><\/a><\/p>\n","protected":false},"featured_media":618,"comment_status":"open","ping_status":"closed","template":"","meta":[],"product_brand":[],"product_cat":[15,39],"product_tag":[],"class_list":{"0":"post-788","1":"product","2":"type-product","3":"status-publish","4":"has-post-thumbnail","6":"product_cat-xi-lanh-truc-vit-may-ep-nhua","7":"product_cat-truc-vit","9":"first","10":"instock","11":"shipping-taxable","12":"product-type-simple"},"yoast_head":"<!-- This site is optimized with the Yoast SEO Premium plugin v23.2 (Yoast SEO v25.8) - https:\/\/yoast.com\/wordpress\/plugins\/seo\/ -->\n<title>Tr\u1ee5c v\u00edt cho m\u00e1y \u00e9p nh\u1ef1a Sumitomo - C\u00d4NG TY TNHH TH\u01af\u01a0NG M\u1ea0I D\u1ecaCH V\u1ee4 V\u00c0 S\u1ea2N PH\u1ea8M NINH S\u01a0N<\/title>\n<meta name=\"description\" content=\"Tan Star Material Co., Ltd. l\u00e0 nh\u00e0 s\u1ea3n xu\u1ea5t B\u1ed9 \u0111\u1ea7u tr\u1ee5c v\u00edt, xilanh v\u00e0 tr\u1ee5c v\u00edt, \u0111\u1ea7u phun m\u00e1y \u00e9p nh\u1ef1a uy t\u00edn \u0111\u1ebfn t\u1eeb \u0110\u00e0i Loan.\" \/>\n<meta name=\"robots\" content=\"noindex, follow, max-snippet:-1, max-image-preview:large, max-video-preview:-1\" \/>\n<meta property=\"og:locale\" content=\"vi_VN\" \/>\n<meta property=\"og:type\" content=\"article\" \/>\n<meta property=\"og:title\" content=\"Tr\u1ee5c v\u00edt cho m\u00e1y \u00e9p nh\u1ef1a Sumitomo\" \/>\n<meta property=\"og:description\" content=\"Tan Star Material Co., Ltd. l\u00e0 nh\u00e0 s\u1ea3n xu\u1ea5t B\u1ed9 \u0111\u1ea7u tr\u1ee5c v\u00edt, xilanh v\u00e0 tr\u1ee5c v\u00edt, \u0111\u1ea7u phun m\u00e1y \u00e9p nh\u1ef1a uy t\u00edn \u0111\u1ebfn t\u1eeb \u0110\u00e0i Loan.\" \/>\n<meta property=\"og:url\" content=\"https:\/\/ninhson-vn.com\/?product=truc-vit-cho-may-ep-nhua-sumitomo\" \/>\n<meta property=\"og:site_name\" content=\"C\u00d4NG TY TNHH TH\u01af\u01a0NG M\u1ea0I D\u1ecaCH V\u1ee4 V\u00c0 S\u1ea2N PH\u1ea8M NINH S\u01a0N\" \/>\n<meta property=\"article:modified_time\" content=\"2026-03-30T05:15:27+00:00\" \/>\n<meta property=\"og:image\" content=\"https:\/\/ninhson-vn.com\/wp-content\/uploads\/Sumitomo.jpg\" \/>\n\t<meta property=\"og:image:width\" content=\"506\" \/>\n\t<meta property=\"og:image:height\" content=\"338\" \/>\n\t<meta property=\"og:image:type\" content=\"image\/jpeg\" \/>\n<meta name=\"twitter:card\" content=\"summary_large_image\" \/>\n<meta name=\"twitter:label1\" content=\"\u01af\u1edbc t\u00ednh th\u1eddi gian \u0111\u1ecdc\" \/>\n\t<meta name=\"twitter:data1\" content=\"5 ph\u00fat\" \/>\n<script type=\"application\/ld+json\" class=\"yoast-schema-graph\">{\"@context\":\"https:\/\/schema.org\",\"@graph\":[{\"@type\":\"WebPage\",\"@id\":\"https:\/\/ninhson-vn.com\/?product=truc-vit-cho-may-ep-nhua-sumitomo\",\"url\":\"https:\/\/ninhson-vn.com\/?product=truc-vit-cho-may-ep-nhua-sumitomo\",\"name\":\"Tr\u1ee5c v\u00edt cho m\u00e1y \u00e9p nh\u1ef1a Sumitomo - C\u00d4NG TY TNHH TH\u01af\u01a0NG M\u1ea0I D\u1ecaCH V\u1ee4 V\u00c0 S\u1ea2N PH\u1ea8M NINH S\u01a0N\",\"isPartOf\":{\"@id\":\"https:\/\/ninhson-vn.com\/#website\"},\"primaryImageOfPage\":{\"@id\":\"https:\/\/ninhson-vn.com\/?product=truc-vit-cho-may-ep-nhua-sumitomo#primaryimage\"},\"image\":{\"@id\":\"https:\/\/ninhson-vn.com\/?product=truc-vit-cho-may-ep-nhua-sumitomo#primaryimage\"},\"thumbnailUrl\":\"https:\/\/ninhson-vn.com\/wp-content\/uploads\/Sumitomo.jpg\",\"datePublished\":\"2026-03-27T15:55:26+00:00\",\"dateModified\":\"2026-03-30T05:15:27+00:00\",\"description\":\"Tan Star Material Co., Ltd. l\u00e0 nh\u00e0 s\u1ea3n xu\u1ea5t B\u1ed9 \u0111\u1ea7u tr\u1ee5c v\u00edt, xilanh v\u00e0 tr\u1ee5c v\u00edt, \u0111\u1ea7u phun m\u00e1y \u00e9p nh\u1ef1a uy t\u00edn \u0111\u1ebfn t\u1eeb \u0110\u00e0i Loan.\",\"breadcrumb\":{\"@id\":\"https:\/\/ninhson-vn.com\/?product=truc-vit-cho-may-ep-nhua-sumitomo#breadcrumb\"},\"inLanguage\":\"vi\",\"potentialAction\":[{\"@type\":\"ReadAction\",\"target\":[\"https:\/\/ninhson-vn.com\/?product=truc-vit-cho-may-ep-nhua-sumitomo\"]}]},{\"@type\":\"ImageObject\",\"inLanguage\":\"vi\",\"@id\":\"https:\/\/ninhson-vn.com\/?product=truc-vit-cho-may-ep-nhua-sumitomo#primaryimage\",\"url\":\"https:\/\/ninhson-vn.com\/wp-content\/uploads\/Sumitomo.jpg\",\"contentUrl\":\"https:\/\/ninhson-vn.com\/wp-content\/uploads\/Sumitomo.jpg\",\"width\":506,\"height\":338},{\"@type\":\"BreadcrumbList\",\"@id\":\"https:\/\/ninhson-vn.com\/?product=truc-vit-cho-may-ep-nhua-sumitomo#breadcrumb\",\"itemListElement\":[{\"@type\":\"ListItem\",\"position\":1,\"name\":\"Trang ch\u1ee7\",\"item\":\"https:\/\/ninhson-vn.com\/\"},{\"@type\":\"ListItem\",\"position\":2,\"name\":\"C\u1eeda h\u00e0ng\",\"item\":\"https:\/\/ninhson-vn.com\/?page_id=12\"},{\"@type\":\"ListItem\",\"position\":3,\"name\":\"Tr\u1ee5c v\u00edt cho m\u00e1y \u00e9p nh\u1ef1a Sumitomo\"}]},{\"@type\":\"WebSite\",\"@id\":\"https:\/\/ninhson-vn.com\/#website\",\"url\":\"https:\/\/ninhson-vn.com\/\",\"name\":\"C\u00d4NG TY TNHH TH\u01af\u01a0NG M\u1ea0I D\u1ecaCH V\u1ee4 V\u00c0 S\u1ea2N PH\u1ea8M NINH S\u01a0N\",\"description\":\"\",\"potentialAction\":[{\"@type\":\"SearchAction\",\"target\":{\"@type\":\"EntryPoint\",\"urlTemplate\":\"https:\/\/ninhson-vn.com\/?s={search_term_string}\"},\"query-input\":{\"@type\":\"PropertyValueSpecification\",\"valueRequired\":true,\"valueName\":\"search_term_string\"}}],\"inLanguage\":\"vi\"}]}<\/script>\n<!-- \/ Yoast SEO Premium plugin. -->","yoast_head_json":{"title":"Tr\u1ee5c v\u00edt cho m\u00e1y \u00e9p nh\u1ef1a Sumitomo - C\u00d4NG TY TNHH TH\u01af\u01a0NG M\u1ea0I D\u1ecaCH V\u1ee4 V\u00c0 S\u1ea2N PH\u1ea8M NINH S\u01a0N","description":"Tan Star Material Co., Ltd. l\u00e0 nh\u00e0 s\u1ea3n xu\u1ea5t B\u1ed9 \u0111\u1ea7u tr\u1ee5c v\u00edt, xilanh v\u00e0 tr\u1ee5c v\u00edt, \u0111\u1ea7u phun m\u00e1y \u00e9p nh\u1ef1a uy t\u00edn \u0111\u1ebfn t\u1eeb \u0110\u00e0i Loan.","robots":{"index":"noindex","follow":"follow","max-snippet":"max-snippet:-1","max-image-preview":"max-image-preview:large","max-video-preview":"max-video-preview:-1"},"og_locale":"vi_VN","og_type":"article","og_title":"Tr\u1ee5c v\u00edt cho m\u00e1y \u00e9p nh\u1ef1a Sumitomo","og_description":"Tan Star Material Co., Ltd. l\u00e0 nh\u00e0 s\u1ea3n xu\u1ea5t B\u1ed9 \u0111\u1ea7u tr\u1ee5c v\u00edt, xilanh v\u00e0 tr\u1ee5c v\u00edt, \u0111\u1ea7u phun m\u00e1y \u00e9p nh\u1ef1a uy t\u00edn \u0111\u1ebfn t\u1eeb \u0110\u00e0i Loan.","og_url":"https:\/\/ninhson-vn.com\/?product=truc-vit-cho-may-ep-nhua-sumitomo","og_site_name":"C\u00d4NG TY TNHH TH\u01af\u01a0NG M\u1ea0I D\u1ecaCH V\u1ee4 V\u00c0 S\u1ea2N PH\u1ea8M NINH S\u01a0N","article_modified_time":"2026-03-30T05:15:27+00:00","og_image":[{"width":506,"height":338,"url":"https:\/\/ninhson-vn.com\/wp-content\/uploads\/Sumitomo.jpg","type":"image\/jpeg"}],"twitter_card":"summary_large_image","twitter_misc":{"\u01af\u1edbc t\u00ednh th\u1eddi gian \u0111\u1ecdc":"5 ph\u00fat"},"schema":{"@context":"https:\/\/schema.org","@graph":[{"@type":"WebPage","@id":"https:\/\/ninhson-vn.com\/?product=truc-vit-cho-may-ep-nhua-sumitomo","url":"https:\/\/ninhson-vn.com\/?product=truc-vit-cho-may-ep-nhua-sumitomo","name":"Tr\u1ee5c v\u00edt cho m\u00e1y \u00e9p nh\u1ef1a Sumitomo - C\u00d4NG TY TNHH TH\u01af\u01a0NG M\u1ea0I D\u1ecaCH V\u1ee4 V\u00c0 S\u1ea2N PH\u1ea8M NINH S\u01a0N","isPartOf":{"@id":"https:\/\/ninhson-vn.com\/#website"},"primaryImageOfPage":{"@id":"https:\/\/ninhson-vn.com\/?product=truc-vit-cho-may-ep-nhua-sumitomo#primaryimage"},"image":{"@id":"https:\/\/ninhson-vn.com\/?product=truc-vit-cho-may-ep-nhua-sumitomo#primaryimage"},"thumbnailUrl":"https:\/\/ninhson-vn.com\/wp-content\/uploads\/Sumitomo.jpg","datePublished":"2026-03-27T15:55:26+00:00","dateModified":"2026-03-30T05:15:27+00:00","description":"Tan Star Material Co., Ltd. l\u00e0 nh\u00e0 s\u1ea3n xu\u1ea5t B\u1ed9 \u0111\u1ea7u tr\u1ee5c v\u00edt, xilanh v\u00e0 tr\u1ee5c v\u00edt, \u0111\u1ea7u phun m\u00e1y \u00e9p nh\u1ef1a uy t\u00edn \u0111\u1ebfn t\u1eeb \u0110\u00e0i Loan.","breadcrumb":{"@id":"https:\/\/ninhson-vn.com\/?product=truc-vit-cho-may-ep-nhua-sumitomo#breadcrumb"},"inLanguage":"vi","potentialAction":[{"@type":"ReadAction","target":["https:\/\/ninhson-vn.com\/?product=truc-vit-cho-may-ep-nhua-sumitomo"]}]},{"@type":"ImageObject","inLanguage":"vi","@id":"https:\/\/ninhson-vn.com\/?product=truc-vit-cho-may-ep-nhua-sumitomo#primaryimage","url":"https:\/\/ninhson-vn.com\/wp-content\/uploads\/Sumitomo.jpg","contentUrl":"https:\/\/ninhson-vn.com\/wp-content\/uploads\/Sumitomo.jpg","width":506,"height":338},{"@type":"BreadcrumbList","@id":"https:\/\/ninhson-vn.com\/?product=truc-vit-cho-may-ep-nhua-sumitomo#breadcrumb","itemListElement":[{"@type":"ListItem","position":1,"name":"Trang ch\u1ee7","item":"https:\/\/ninhson-vn.com\/"},{"@type":"ListItem","position":2,"name":"C\u1eeda h\u00e0ng","item":"https:\/\/ninhson-vn.com\/?page_id=12"},{"@type":"ListItem","position":3,"name":"Tr\u1ee5c v\u00edt cho m\u00e1y \u00e9p nh\u1ef1a Sumitomo"}]},{"@type":"WebSite","@id":"https:\/\/ninhson-vn.com\/#website","url":"https:\/\/ninhson-vn.com\/","name":"C\u00d4NG TY TNHH TH\u01af\u01a0NG M\u1ea0I D\u1ecaCH V\u1ee4 V\u00c0 S\u1ea2N PH\u1ea8M NINH S\u01a0N","description":"","potentialAction":[{"@type":"SearchAction","target":{"@type":"EntryPoint","urlTemplate":"https:\/\/ninhson-vn.com\/?s={search_term_string}"},"query-input":{"@type":"PropertyValueSpecification","valueRequired":true,"valueName":"search_term_string"}}],"inLanguage":"vi"}]}},"_links":{"self":[{"href":"https:\/\/ninhson-vn.com\/index.php?rest_route=\/wp\/v2\/product\/788","targetHints":{"allow":["GET"]}}],"collection":[{"href":"https:\/\/ninhson-vn.com\/index.php?rest_route=\/wp\/v2\/product"}],"about":[{"href":"https:\/\/ninhson-vn.com\/index.php?rest_route=\/wp\/v2\/types\/product"}],"replies":[{"embeddable":true,"href":"https:\/\/ninhson-vn.com\/index.php?rest_route=%2Fwp%2Fv2%2Fcomments&post=788"}],"wp:featuredmedia":[{"embeddable":true,"href":"https:\/\/ninhson-vn.com\/index.php?rest_route=\/wp\/v2\/media\/618"}],"wp:attachment":[{"href":"https:\/\/ninhson-vn.com\/index.php?rest_route=%2Fwp%2Fv2%2Fmedia&parent=788"}],"wp:term":[{"taxonomy":"product_brand","embeddable":true,"href":"https:\/\/ninhson-vn.com\/index.php?rest_route=%2Fwp%2Fv2%2Fproduct_brand&post=788"},{"taxonomy":"product_cat","embeddable":true,"href":"https:\/\/ninhson-vn.com\/index.php?rest_route=%2Fwp%2Fv2%2Fproduct_cat&post=788"},{"taxonomy":"product_tag","embeddable":true,"href":"https:\/\/ninhson-vn.com\/index.php?rest_route=%2Fwp%2Fv2%2Fproduct_tag&post=788"}],"curies":[{"name":"wp","href":"https:\/\/api.w.org\/{rel}","templated":true}]}}