{"id":79,"date":"2025-08-29T09:18:11","date_gmt":"2025-08-29T09:18:11","guid":{"rendered":"https:\/\/ninhson.web.biz.vn\/?post_type=product&#038;p=79"},"modified":"2026-01-25T04:00:53","modified_gmt":"2026-01-25T04:00:53","slug":"may-gia-nhiet-khuon-bang-dau-hang-orste-omt","status":"publish","type":"product","link":"https:\/\/ninhson-vn.com\/?product=may-gia-nhiet-khuon-bang-dau-hang-orste-omt","title":{"rendered":"Thi\u1ebft b\u1ecb \u0111o l\u1ef1c k\u1eb9p khu\u00f4n Sensormate"},"content":{"rendered":"<h2 data-start=\"137\" data-end=\"179\">Gi\u1edbi thi\u1ec7u chung \u2013 Sensormate (Taiwan)<\/h2>\n<ul data-start=\"181\" data-end=\"685\">\n<li data-start=\"181\" data-end=\"439\">\n<p data-start=\"183\" data-end=\"439\"><strong data-start=\"183\" data-end=\"194\">C\u00f4ng ty<\/strong>: SENSORMATE Technology Inc tr\u1ee5 s\u1edf t\u1ea1i \u0110\u00e0i Loan, chuy\u00ean v\u1ec1 c\u00e1c gi\u1ea3i ph\u00e1p c\u1ea3m bi\u1ebfn \u0111o l\u1ef1c k\u1eb9p v\u00e0 \u00e1p su\u1ea5t cho m\u00e1y \u00e9p nh\u1ef1a, m\u00e1y \u0111\u00fac \u00e1p l\u1ef1c v\u00e0 \u1ee9ng d\u1ee5ng c\u00f4ng nghi\u1ec7p n\u00f3i chung\u00a0<\/p>\n<\/li>\n<li data-start=\"440\" data-end=\"685\">\n<p data-start=\"442\" data-end=\"685\"><strong data-start=\"442\" data-end=\"465\">\u0110\u1ecbnh h\u01b0\u1edbng s\u1ea3n ph\u1ea9m<\/strong>: Sensormate cung c\u1ea5p c\u00e1c h\u1ec7 th\u1ed1ng c\u1ea3m bi\u1ebfn c\u00f3 \u0111\u1ed9 ch\u00ednh x\u00e1c cao, hi\u1ec7u qu\u1ea3 v\u00e0 li\u00ean t\u1ee5c, \u0111\u01b0\u1ee3c nhi\u1ec1u nh\u00e0 s\u1ea3n xu\u1ea5t m\u00e1y tr\u00ean to\u00e0n c\u1ea7u tin d\u00f9ng \u0111\u1ec3 \u0111\u1ea3m b\u1ea3o hi\u1ec7u su\u1ea5t v\u00e0 ch\u1ea5t l\u01b0\u1ee3ng s\u1ea3n xu\u1ea5t.<\/p>\n<\/li>\n<\/ul>\n<hr data-start=\"687\" data-end=\"690\" \/>\n<h2 data-start=\"692\" data-end=\"719\"><strong>C\u00e1c d\u00f2ng s\u1ea3n ph\u1ea9m ch\u00ednh<\/strong><\/h2>\n<h3 data-start=\"721\" data-end=\"782\">1. <strong data-start=\"728\" data-end=\"782\">SML-ME \/ 8 \u2013 C\u1ea3m bi\u1ebfn l\u1ef1c k\u1eb9p g\u1eafn t\u1eeb t\u00ednh (c\u00f3 d\u00e2y)<\/strong><\/h3>\n<ul data-start=\"783\" data-end=\"1277\">\n<li data-start=\"783\" data-end=\"930\">\n<p data-start=\"785\" data-end=\"930\">G\u1eafn nhanh, d\u1ec5 d\u00e0ng b\u1eb1ng 2 nam ch\u00e2m m\u1ea1nh m\u1ebd, kh\u00f4ng c\u1ea7n khoan hay d\u00e1n \u2013 ph\u00f9 h\u1ee3p cho nhi\u1ec1u \u0111\u01b0\u1eddng k\u00ednh tie-bar\u00a0<\/p>\n<\/li>\n<li data-start=\"931\" data-end=\"1108\">\n<p data-start=\"933\" data-end=\"1108\">T\u00edch h\u1ee3p 8 c\u1ea3m bi\u1ebfn \u0111\u1ec3 b\u00f9 sai l\u1ec7ch do u\u1ed1n cong v\u00e0 \u0111o t\u1ed5ng l\u1ef1c k\u1eb9p nhanh ch\u00f3ng, v\u1edbi \u0111\u1ed9 ch\u00ednh x\u00e1c \u00b10.5% F.S, l\u1eb7p l\u1ea1i 0.1%, hysteresis 0.1%\u00a0<\/p>\n<\/li>\n<li data-start=\"1109\" data-end=\"1277\">\n<p data-start=\"1111\" data-end=\"1277\">K\u1ebft qu\u1ea3 \u0111\u1ecdc tr\u1ef1c ti\u1ebfp tr\u00ean m\u00e0n h\u00ecnh DM4DB theo \u0111\u01a1n v\u1ecb \u03bc\u03b5 (microstrain), kN ho\u1eb7c t\u1ea5n \u2013 ti\u1ec7n d\u1ee5ng v\u00e0 kh\u00f4ng c\u1ea7n t\u00ednh to\u00e1n ph\u1ee9c t\u1ea1p <a href=\"https:\/\/ninhson-vn.com\/wp-content\/uploads\/z6230310759890_df9c64ea83d22ae5732735a0a0f7d94d-e1756914946620.jpg\"><img loading=\"lazy\" decoding=\"async\" class=\"wp-image-374 size-full aligncenter\" src=\"https:\/\/ninhson-vn.com\/wp-content\/uploads\/z6230310759890_df9c64ea83d22ae5732735a0a0f7d94d-e1756914946620.jpg\" alt=\"\" width=\"600\" height=\"1065\" \/><\/a><\/p>\n<\/li>\n<\/ul>\n<h3 data-start=\"1279\" data-end=\"1342\">2. <strong data-start=\"1286\" data-end=\"1342\">SML-WME \/ 8 \u2013 C\u1ea3m bi\u1ebfn l\u1ef1c k\u1eb9p kh\u00f4ng d\u00e2y g\u1eafn t\u1eeb t\u00ednh<\/strong><\/h3>\n<ul data-start=\"1343\" data-end=\"1894\">\n<li data-start=\"1343\" data-end=\"1464\">\n<p data-start=\"1345\" data-end=\"1464\">M\u1edf r\u1ed9ng t\u00ednh n\u0103ng c\u1ee7a SML-ME v\u1edbi k\u1ebft n\u1ed1i <strong data-start=\"1386\" data-end=\"1399\">kh\u00f4ng d\u00e2y<\/strong>, lo\u1ea1i b\u1ecf nhu c\u1ea7u ch\u1ea1y c\u00e1p<\/p>\n<\/li>\n<li data-start=\"1465\" data-end=\"1601\">\n<p data-start=\"1467\" data-end=\"1601\">V\u1eabn s\u1eed d\u1ee5ng 2 nam ch\u00e2m \u0111\u1ec3 g\u1eafn nhanh, c\u00f3 kh\u1ea3 n\u0103ng b\u00f9 u\u1ed1n v\u00e0 ph\u00f9 h\u1ee3p v\u1edbi nhi\u1ec1u \u0111\u01b0\u1eddng k\u00ednh tie-bar\u00a0<\/p>\n<\/li>\n<li data-start=\"1602\" data-end=\"1755\">\n<p data-start=\"1604\" data-end=\"1755\">S\u1eed d\u1ee5ng tablet Android (m\u00e0n h\u00ecnh 8 inch) hi\u1ec3n th\u1ecb d\u1eef li\u1ec7u \u0111o, c\u00f3 th\u1ec3 l\u01b0u file Excel, xem bi\u1ec3u \u0111\u1ed3 v\u00e0 in tr\u1ef1c ti\u1ebfp\u00a0<\/p>\n<\/li>\n<li data-start=\"1756\" data-end=\"1894\">\n<p data-start=\"1758\" data-end=\"1894\">B\u1ed9 s\u1ea3n ph\u1ea9m \u0111i k\u00e8m h\u1ed9p h\u1ee3p kim nh\u00f4m (c\u00f3 pin s\u1ea1c, Bluetooth station, c\u00e1p&#8230;), d\u1ec5 di chuy\u1ec3n v\u00e0 b\u1ea3o v\u1ec7 thi\u1ebft b\u1ecb b\u00ean trong<a href=\"https:\/\/sensormate.com\/sml-wme\/\"><img loading=\"lazy\" decoding=\"async\" class=\"wp-image-375 size-full aligncenter\" src=\"https:\/\/ninhson-vn.com\/wp-content\/uploads\/z6473909401379_a84ea790611f451cc7523996a51f2bab.jpg\" alt=\"\" width=\"550\" height=\"616\" srcset=\"https:\/\/ninhson-vn.com\/wp-content\/uploads\/z6473909401379_a84ea790611f451cc7523996a51f2bab.jpg 550w, https:\/\/ninhson-vn.com\/wp-content\/uploads\/z6473909401379_a84ea790611f451cc7523996a51f2bab-300x336.jpg 300w\" sizes=\"auto, (max-width: 550px) 100vw, 550px\" \/><\/a><\/p>\n<\/li>\n<\/ul>\n<h3 data-start=\"1279\" data-end=\"1342\">3. <strong data-start=\"1286\" data-end=\"1342\">SML-WMEH \/ 8 \u2013 C\u1ea3m bi\u1ebfn l\u1ef1c k\u1eb9p kh\u00f4ng d\u00e2y g\u1eafn t\u1eeb t\u00ednh<\/strong><\/h3>\n<ul data-start=\"1343\" data-end=\"1894\">\n<li data-start=\"1343\" data-end=\"1464\">\n<p data-start=\"1345\" data-end=\"1464\">M\u1edf r\u1ed9ng t\u00ednh n\u0103ng c\u1ee7a SML-ME\/8 v\u00e0 SML-WME\/8 v\u1edbi k\u1ebft n\u1ed1i <strong data-start=\"1386\" data-end=\"1399\">kh\u00f4ng d\u00e2y<\/strong>, lo\u1ea1i b\u1ecf nhu c\u1ea7u ch\u1ea1y c\u00e1p c\u00f3 th\u00eam tay \u0111i\u1ec1u khi\u1ec3n chuy\u00ean d\u1ee5ng.<\/p>\n<\/li>\n<li data-start=\"1343\" data-end=\"1464\">\n<p data-start=\"1345\" data-end=\"1464\">V\u1eabn s\u1eed d\u1ee5ng 2 nam ch\u00e2m \u0111\u1ec3 g\u1eafn nhanh, c\u00f3 kh\u1ea3 n\u0103ng b\u00f9 u\u1ed1n v\u00e0 ph\u00f9 h\u1ee3p v\u1edbi nhi\u1ec1u \u0111\u01b0\u1eddng k\u00ednh tie-bar<\/p>\n<\/li>\n<li data-start=\"1602\" data-end=\"1755\">\n<p data-start=\"1604\" data-end=\"1755\">B\u1ed9 hi\u1ec3n th\u1ecb SML-WMEH, k\u1ef9 thu\u1eadt s\u1ed1, c\u00f3 m\u00e0n h\u00ecnh hi\u1ec3n th\u1ecb trung b\u00ecnh, bi\u1ebfn d\u1ea1ng vi m\u00f4, chuy\u1ec3n \u0111\u1ed5i kN &amp; t\u1ea5n, chuy\u1ec3n \u0111\u1ed5i \u0111\u01b0\u1eddng k\u00ednh thanh gi\u1eb1ng, ph\u1ea7n c\u00f2n l\u1ea1i, m\u00e0n h\u00ecnh LED, l\u01b0u d\u1eef li\u1ec7u \u0111o, c\u00f3 th\u1ec3 k\u1ebft n\u1ed1i v\u1edbi m\u00e1y t\u00ednh \u0111\u1ec3 l\u01b0u tr\u1eef v\u00e0 truy\u1ec1n d\u1eef li\u1ec7u \u0111o. kh\u00f4ng c\u1ea7n c\u1eafm s\u1ea1c khi h\u1ebft Pin thay v\u00e0o v\u00e0o \u0111\u00f3 s\u1eed d\u1ee5ng d\u1ee5ng pin 1.5V.<\/p>\n<\/li>\n<li data-start=\"1756\" data-end=\"1894\">\n<p data-start=\"1758\" data-end=\"1894\">B\u1ed9 s\u1ea3n ph\u1ea9m \u0111i k\u00e8m h\u1ed9p h\u1ee3p kim nh\u00f4m (c\u00f3 pin, c\u00e1p&#8230;), d\u1ec5 di chuy\u1ec3n v\u00e0 b\u1ea3o v\u1ec7 thi\u1ebft b\u1ecb \u0111o.<a href=\"https:\/\/sensormate.com\/sml-wme-2\/\"><img loading=\"lazy\" decoding=\"async\" class=\"wp-image-376 size-full aligncenter\" src=\"https:\/\/ninhson-vn.com\/wp-content\/uploads\/z6473909401380_ade448a62ba44ce02aca17001a9cceca.jpg\" alt=\"\" width=\"611\" height=\"647\" srcset=\"https:\/\/ninhson-vn.com\/wp-content\/uploads\/z6473909401380_ade448a62ba44ce02aca17001a9cceca.jpg 611w, https:\/\/ninhson-vn.com\/wp-content\/uploads\/z6473909401380_ade448a62ba44ce02aca17001a9cceca-300x318.jpg 300w, https:\/\/ninhson-vn.com\/wp-content\/uploads\/z6473909401380_ade448a62ba44ce02aca17001a9cceca-600x635.jpg 600w\" sizes=\"auto, (max-width: 611px) 100vw, 611px\" \/><\/a><\/p>\n<\/li>\n<\/ul>\n<hr data-start=\"1896\" data-end=\"1899\" \/>\n<h2 data-start=\"1901\" data-end=\"1929\">C\u00e1c s\u1ea3n ph\u1ea9m b\u1ed5 tr\u1ee3 kh\u00e1c<\/h2>\n<p data-start=\"1931\" data-end=\"1987\">Sensormate c\u00f2n cung c\u1ea5p nhi\u1ec1u gi\u1ea3i ph\u00e1p h\u1ed7 tr\u1ee3 kh\u00e1c nh\u01b0:<\/p>\n<ul data-start=\"1988\" data-end=\"2387\">\n<li data-start=\"1988\" data-end=\"2029\">\n<p data-start=\"1990\" data-end=\"2029\"><strong data-start=\"1990\" data-end=\"2000\">SML-SC<\/strong> \u2013 c\u1ea3m bi\u1ebfn l\u1ef1c k\u1eb9p gi\u00e1 th\u1ea5p.<\/p>\n<\/li>\n<li data-start=\"2030\" data-end=\"2059\">\n<p data-start=\"2032\" data-end=\"2059\"><strong data-start=\"2032\" data-end=\"2042\">SML-RS<\/strong> \u2013 v\u00f2ng \u0111o chu\u1ea9n.<\/p>\n<\/li>\n<li data-start=\"2060\" data-end=\"2117\">\n<p data-start=\"2062\" data-end=\"2117\"><strong data-start=\"2062\" data-end=\"2073\">SML-DSB<\/strong> \u2013 c\u1ea3m bi\u1ebfn d\u1ea1ng t\u1ea5m c\u1ed1 \u0111\u1ecbnh (strain block).<\/p>\n<\/li>\n<li data-start=\"2118\" data-end=\"2182\">\n<p data-start=\"2120\" data-end=\"2182\"><strong data-start=\"2120\" data-end=\"2137\">DM1DA \/ DM4DA<\/strong> \u2013 m\u00e0n h\u00ecnh hi\u1ec3n th\u1ecb l\u1ef1c k\u1eb9p (1 ho\u1eb7c 4 k\u00eanh).<\/p>\n<\/li>\n<li data-start=\"2183\" data-end=\"2247\">\n<p data-start=\"2185\" data-end=\"2247\"><strong data-start=\"2185\" data-end=\"2196\">SML-DLH<\/strong>, <strong data-start=\"2198\" data-end=\"2209\">SML-DLC<\/strong> \u2013 c\u00e1c lo\u1ea1i c\u1ea3m bi\u1ebfn t\u00edn hi\u1ec7u cao c\u1ea5p.<\/p>\n<\/li>\n<li data-start=\"2248\" data-end=\"2307\">\n<p data-start=\"2250\" data-end=\"2307\"><strong data-start=\"2250\" data-end=\"2265\">NOZZLE MATE<\/strong> \u2013 c\u1ea3m bi\u1ebfn l\u1ef1c ti\u1ebfp x\u00fac m\u1ecf phun (nozzle).<\/p>\n<\/li>\n<li data-start=\"2308\" data-end=\"2387\">\n<p data-start=\"2310\" data-end=\"2387\"><strong data-start=\"2310\" data-end=\"2323\">Amplifier<\/strong> \u2013 b\u1ed9 khu\u1ebfch \u0111\u1ea1i t\u00edn hi\u1ec7u<\/p>\n<\/li>\n<li data-start=\"2308\" data-end=\"2387\">https:\/\/sensormate.com\/<\/li>\n<\/ul>\n<div class=\"_tableContainer_1rjym_1\">\u00a0<\/div>\n<p data-start=\"3042\" data-end=\"3505\"><strong data-start=\"3042\" data-end=\"3067\">Sensormate (\u0110\u00e0i Loan)<\/strong> l\u00e0 th\u01b0\u01a1ng hi\u1ec7u d\u1eabn \u0111\u1ea7u trong l\u0129nh v\u1ef1c c\u1ea3m bi\u1ebfn \u0111o l\u1ef1c k\u1eb9p khu\u00f4n, n\u1ed5i b\u1eadt v\u1edbi c\u00e1c thi\u1ebft b\u1ecb g\u1eafn t\u1eeb t\u00ednh (c\u00f3 d\u00e2y v\u00e0 kh\u00f4ng d\u00e2y) c\u00f3 \u0111\u1ed9 ch\u00ednh x\u00e1c cao, d\u1ec5 s\u1eed d\u1ee5ng v\u00e0 t\u00edch h\u1ee3p. T\u1eeb d\u00f2ng c\u01a1 b\u1ea3n SML-ME \u0111\u1ebfn phi\u00ean b\u1ea3n hi\u1ec7n \u0111\u1ea1i kh\u00f4ng d\u00e2y SML-WME, c\u00e1c s\u1ea3n ph\u1ea9m n\u00e0y h\u1ed7 tr\u1ee3 hi\u1ec7u qu\u1ea3 trong vi\u1ec7c b\u1ea3o v\u1ec7 thi\u1ebft b\u1ecb, ki\u1ec3m so\u00e1t ch\u1ea5t l\u01b0\u1ee3ng v\u00e0 n\u00e2ng cao n\u0103ng su\u1ea5t s\u1ea3n xu\u1ea5t. Ngo\u00e0i ra, Sensormate c\u00f2n c\u00f3 nhi\u1ec1u ph\u1ee5 ki\u1ec7n h\u1ed7 tr\u1ee3 \u0111\u1ec3 ho\u00e0n thi\u1ec7n h\u1ec7 th\u1ed1ng \u0111o l\u1ef1c to\u00e0n di\u1ec7n.<\/p>\n","protected":false},"excerpt":{"rendered":"<p><b>Characteristics<\/b><b>\uff1a <\/b><\/p>\n<p>&#8211; Quick and easy mounting with 2 supper magnets.<\/p>\n<p>&#8211; Wireless sensor without connecting cable.<\/p>\n<p>&#8211; Handhold Monitor.<\/p>\n<p>&#8211; 2 sensors for bending compensated measurement.<\/p>\n<p>&#8211; Fit any tie bar diameter.<\/p>\n<p>&#8211; High resolution,1% accuracy.<\/p>\n<p>-Direct reading in <b>\u03bc\u03b5, kN, <\/b>or <b>ton <\/b>without calculation or conversion list.<\/p>\n<p><b>Technical Data: <\/b><\/p>\n<p>Strain gauge:\u00a0 350 \u03a9<\/p>\n<p>Measuring range:\u00a0 \u00b1 800 \u03bc\u03b5<\/p>\n<p>Sensitivity of sensor (1\/2 bridge compensated):\u00a0 1.0 mV\/V @ F.S.<\/p>\n<p>Linearity:\u00a0 &lt; \u00b1 0.5% F.S.<\/p>\n<p>Over all accuracy:\u00a0 \u00b1 0.5% F.S.<\/p>\n<p>Repeatability:\u00a0 0.1% F.S.<\/p>\n<p>Hysteresis:\u00a0 &lt; \u00b1 0.5% F.S.<\/p>\n<p>Operating temperature range:\u00a0 +0\u2026+60\u2103<\/p>\n<p>Sensor dimension:\u00a0 88 x 46.5 x 50 mm<\/p>\n<p>Power supply:\u00a0 2 AA NiMH rechargeable or Alkaline battery<\/p>\n","protected":false},"featured_media":376,"comment_status":"open","ping_status":"closed","template":"","meta":[],"product_brand":[],"product_cat":[42,47],"product_tag":[],"class_list":{"0":"post-79","1":"product","2":"type-product","3":"status-publish","4":"has-post-thumbnail","6":"product_cat-thiet-bi-do-luc-kep-khuon-sensormate","7":"product_cat-thiet-bi-do-luong-sensormate","9":"first","10":"instock","11":"shipping-taxable","12":"product-type-simple"},"yoast_head":"<!-- This site is optimized with the Yoast SEO Premium plugin v23.2 (Yoast SEO v25.8) - https:\/\/yoast.com\/wordpress\/plugins\/seo\/ -->\n<title>Thi\u1ebft b\u1ecb \u0111o l\u1ef1c k\u1eb9p khu\u00f4n Sensormate - C\u00d4NG TY TNHH TH\u01af\u01a0NG M\u1ea0I D\u1ecaCH V\u1ee4 V\u00c0 S\u1ea2N PH\u1ea8M NINH S\u01a0N<\/title>\n<meta name=\"description\" content=\"Sensormate \u0111\u1ebfn t\u1eeb \u0110\u00e0i Loan cung c\u1ea5p c\u00e1c h\u1ec7 th\u1ed1ng, c\u1ea3m bi\u1ebfn \u0111o l\u1ef1c k\u1eb9p khu\u00f4n m\u00e1y \u00e9p nh\u1ef1a, \u00e9p nh\u00f4m v\u1edbi \u0111\u1ed9 ch\u00ednh x\u00e1c cao dung sai 0.5-1%.\" \/>\n<meta name=\"robots\" content=\"noindex, follow, max-snippet:-1, max-image-preview:large, max-video-preview:-1\" \/>\n<meta property=\"og:locale\" content=\"vi_VN\" \/>\n<meta property=\"og:type\" content=\"article\" \/>\n<meta property=\"og:title\" content=\"Thi\u1ebft b\u1ecb \u0111o l\u1ef1c k\u1eb9p khu\u00f4n Sensormate\" \/>\n<meta property=\"og:description\" content=\"Sensormate \u0111\u1ebfn t\u1eeb \u0110\u00e0i Loan cung c\u1ea5p c\u00e1c h\u1ec7 th\u1ed1ng, c\u1ea3m bi\u1ebfn \u0111o l\u1ef1c k\u1eb9p khu\u00f4n m\u00e1y \u00e9p nh\u1ef1a, \u00e9p nh\u00f4m v\u1edbi \u0111\u1ed9 ch\u00ednh x\u00e1c cao dung sai 0.5-1%.\" \/>\n<meta property=\"og:url\" content=\"https:\/\/ninhson-vn.com\/?product=may-gia-nhiet-khuon-bang-dau-hang-orste-omt\" \/>\n<meta property=\"og:site_name\" content=\"C\u00d4NG TY TNHH TH\u01af\u01a0NG M\u1ea0I D\u1ecaCH V\u1ee4 V\u00c0 S\u1ea2N PH\u1ea8M NINH S\u01a0N\" \/>\n<meta property=\"article:modified_time\" content=\"2026-01-25T04:00:53+00:00\" \/>\n<meta property=\"og:image\" content=\"https:\/\/ninhson-vn.com\/wp-content\/uploads\/z6473909401380_ade448a62ba44ce02aca17001a9cceca.jpg\" \/>\n\t<meta property=\"og:image:width\" content=\"611\" \/>\n\t<meta property=\"og:image:height\" content=\"647\" \/>\n\t<meta property=\"og:image:type\" content=\"image\/jpeg\" \/>\n<meta name=\"twitter:card\" content=\"summary_large_image\" \/>\n<meta name=\"twitter:label1\" content=\"\u01af\u1edbc t\u00ednh th\u1eddi gian \u0111\u1ecdc\" \/>\n\t<meta name=\"twitter:data1\" content=\"5 ph\u00fat\" \/>\n<script type=\"application\/ld+json\" class=\"yoast-schema-graph\">{\"@context\":\"https:\/\/schema.org\",\"@graph\":[{\"@type\":\"WebPage\",\"@id\":\"https:\/\/ninhson-vn.com\/?product=may-gia-nhiet-khuon-bang-dau-hang-orste-omt\",\"url\":\"https:\/\/ninhson-vn.com\/?product=may-gia-nhiet-khuon-bang-dau-hang-orste-omt\",\"name\":\"Thi\u1ebft b\u1ecb \u0111o l\u1ef1c k\u1eb9p khu\u00f4n Sensormate - C\u00d4NG TY TNHH TH\u01af\u01a0NG M\u1ea0I D\u1ecaCH V\u1ee4 V\u00c0 S\u1ea2N PH\u1ea8M NINH S\u01a0N\",\"isPartOf\":{\"@id\":\"https:\/\/ninhson-vn.com\/#website\"},\"primaryImageOfPage\":{\"@id\":\"https:\/\/ninhson-vn.com\/?product=may-gia-nhiet-khuon-bang-dau-hang-orste-omt#primaryimage\"},\"image\":{\"@id\":\"https:\/\/ninhson-vn.com\/?product=may-gia-nhiet-khuon-bang-dau-hang-orste-omt#primaryimage\"},\"thumbnailUrl\":\"https:\/\/ninhson-vn.com\/wp-content\/uploads\/z6473909401380_ade448a62ba44ce02aca17001a9cceca.jpg\",\"datePublished\":\"2025-08-29T09:18:11+00:00\",\"dateModified\":\"2026-01-25T04:00:53+00:00\",\"description\":\"Sensormate \u0111\u1ebfn t\u1eeb \u0110\u00e0i Loan cung c\u1ea5p c\u00e1c h\u1ec7 th\u1ed1ng, c\u1ea3m bi\u1ebfn \u0111o l\u1ef1c k\u1eb9p khu\u00f4n m\u00e1y \u00e9p nh\u1ef1a, \u00e9p nh\u00f4m v\u1edbi \u0111\u1ed9 ch\u00ednh x\u00e1c cao dung sai 0.5-1%.\",\"breadcrumb\":{\"@id\":\"https:\/\/ninhson-vn.com\/?product=may-gia-nhiet-khuon-bang-dau-hang-orste-omt#breadcrumb\"},\"inLanguage\":\"vi\",\"potentialAction\":[{\"@type\":\"ReadAction\",\"target\":[\"https:\/\/ninhson-vn.com\/?product=may-gia-nhiet-khuon-bang-dau-hang-orste-omt\"]}]},{\"@type\":\"ImageObject\",\"inLanguage\":\"vi\",\"@id\":\"https:\/\/ninhson-vn.com\/?product=may-gia-nhiet-khuon-bang-dau-hang-orste-omt#primaryimage\",\"url\":\"https:\/\/ninhson-vn.com\/wp-content\/uploads\/z6473909401380_ade448a62ba44ce02aca17001a9cceca.jpg\",\"contentUrl\":\"https:\/\/ninhson-vn.com\/wp-content\/uploads\/z6473909401380_ade448a62ba44ce02aca17001a9cceca.jpg\",\"width\":611,\"height\":647},{\"@type\":\"BreadcrumbList\",\"@id\":\"https:\/\/ninhson-vn.com\/?product=may-gia-nhiet-khuon-bang-dau-hang-orste-omt#breadcrumb\",\"itemListElement\":[{\"@type\":\"ListItem\",\"position\":1,\"name\":\"Trang ch\u1ee7\",\"item\":\"https:\/\/ninhson-vn.com\/\"},{\"@type\":\"ListItem\",\"position\":2,\"name\":\"C\u1eeda h\u00e0ng\",\"item\":\"https:\/\/ninhson-vn.com\/?page_id=12\"},{\"@type\":\"ListItem\",\"position\":3,\"name\":\"Thi\u1ebft b\u1ecb \u0111o l\u1ef1c k\u1eb9p khu\u00f4n Sensormate\"}]},{\"@type\":\"WebSite\",\"@id\":\"https:\/\/ninhson-vn.com\/#website\",\"url\":\"https:\/\/ninhson-vn.com\/\",\"name\":\"C\u00d4NG TY TNHH TH\u01af\u01a0NG M\u1ea0I D\u1ecaCH V\u1ee4 V\u00c0 S\u1ea2N PH\u1ea8M NINH S\u01a0N\",\"description\":\"\",\"potentialAction\":[{\"@type\":\"SearchAction\",\"target\":{\"@type\":\"EntryPoint\",\"urlTemplate\":\"https:\/\/ninhson-vn.com\/?s={search_term_string}\"},\"query-input\":{\"@type\":\"PropertyValueSpecification\",\"valueRequired\":true,\"valueName\":\"search_term_string\"}}],\"inLanguage\":\"vi\"}]}<\/script>\n<!-- \/ Yoast SEO Premium plugin. -->","yoast_head_json":{"title":"Thi\u1ebft b\u1ecb \u0111o l\u1ef1c k\u1eb9p khu\u00f4n Sensormate - C\u00d4NG TY TNHH TH\u01af\u01a0NG M\u1ea0I D\u1ecaCH V\u1ee4 V\u00c0 S\u1ea2N PH\u1ea8M NINH S\u01a0N","description":"Sensormate \u0111\u1ebfn t\u1eeb \u0110\u00e0i Loan cung c\u1ea5p c\u00e1c h\u1ec7 th\u1ed1ng, c\u1ea3m bi\u1ebfn \u0111o l\u1ef1c k\u1eb9p khu\u00f4n m\u00e1y \u00e9p nh\u1ef1a, \u00e9p nh\u00f4m v\u1edbi \u0111\u1ed9 ch\u00ednh x\u00e1c cao dung sai 0.5-1%.","robots":{"index":"noindex","follow":"follow","max-snippet":"max-snippet:-1","max-image-preview":"max-image-preview:large","max-video-preview":"max-video-preview:-1"},"og_locale":"vi_VN","og_type":"article","og_title":"Thi\u1ebft b\u1ecb \u0111o l\u1ef1c k\u1eb9p khu\u00f4n Sensormate","og_description":"Sensormate \u0111\u1ebfn t\u1eeb \u0110\u00e0i Loan cung c\u1ea5p c\u00e1c h\u1ec7 th\u1ed1ng, c\u1ea3m bi\u1ebfn \u0111o l\u1ef1c k\u1eb9p khu\u00f4n m\u00e1y \u00e9p nh\u1ef1a, \u00e9p nh\u00f4m v\u1edbi \u0111\u1ed9 ch\u00ednh x\u00e1c cao dung sai 0.5-1%.","og_url":"https:\/\/ninhson-vn.com\/?product=may-gia-nhiet-khuon-bang-dau-hang-orste-omt","og_site_name":"C\u00d4NG TY TNHH TH\u01af\u01a0NG M\u1ea0I D\u1ecaCH V\u1ee4 V\u00c0 S\u1ea2N PH\u1ea8M NINH S\u01a0N","article_modified_time":"2026-01-25T04:00:53+00:00","og_image":[{"width":611,"height":647,"url":"https:\/\/ninhson-vn.com\/wp-content\/uploads\/z6473909401380_ade448a62ba44ce02aca17001a9cceca.jpg","type":"image\/jpeg"}],"twitter_card":"summary_large_image","twitter_misc":{"\u01af\u1edbc t\u00ednh th\u1eddi gian \u0111\u1ecdc":"5 ph\u00fat"},"schema":{"@context":"https:\/\/schema.org","@graph":[{"@type":"WebPage","@id":"https:\/\/ninhson-vn.com\/?product=may-gia-nhiet-khuon-bang-dau-hang-orste-omt","url":"https:\/\/ninhson-vn.com\/?product=may-gia-nhiet-khuon-bang-dau-hang-orste-omt","name":"Thi\u1ebft b\u1ecb \u0111o l\u1ef1c k\u1eb9p khu\u00f4n Sensormate - C\u00d4NG TY TNHH TH\u01af\u01a0NG M\u1ea0I D\u1ecaCH V\u1ee4 V\u00c0 S\u1ea2N PH\u1ea8M NINH S\u01a0N","isPartOf":{"@id":"https:\/\/ninhson-vn.com\/#website"},"primaryImageOfPage":{"@id":"https:\/\/ninhson-vn.com\/?product=may-gia-nhiet-khuon-bang-dau-hang-orste-omt#primaryimage"},"image":{"@id":"https:\/\/ninhson-vn.com\/?product=may-gia-nhiet-khuon-bang-dau-hang-orste-omt#primaryimage"},"thumbnailUrl":"https:\/\/ninhson-vn.com\/wp-content\/uploads\/z6473909401380_ade448a62ba44ce02aca17001a9cceca.jpg","datePublished":"2025-08-29T09:18:11+00:00","dateModified":"2026-01-25T04:00:53+00:00","description":"Sensormate \u0111\u1ebfn t\u1eeb \u0110\u00e0i Loan cung c\u1ea5p c\u00e1c h\u1ec7 th\u1ed1ng, c\u1ea3m bi\u1ebfn \u0111o l\u1ef1c k\u1eb9p khu\u00f4n m\u00e1y \u00e9p nh\u1ef1a, \u00e9p nh\u00f4m v\u1edbi \u0111\u1ed9 ch\u00ednh x\u00e1c cao dung sai 0.5-1%.","breadcrumb":{"@id":"https:\/\/ninhson-vn.com\/?product=may-gia-nhiet-khuon-bang-dau-hang-orste-omt#breadcrumb"},"inLanguage":"vi","potentialAction":[{"@type":"ReadAction","target":["https:\/\/ninhson-vn.com\/?product=may-gia-nhiet-khuon-bang-dau-hang-orste-omt"]}]},{"@type":"ImageObject","inLanguage":"vi","@id":"https:\/\/ninhson-vn.com\/?product=may-gia-nhiet-khuon-bang-dau-hang-orste-omt#primaryimage","url":"https:\/\/ninhson-vn.com\/wp-content\/uploads\/z6473909401380_ade448a62ba44ce02aca17001a9cceca.jpg","contentUrl":"https:\/\/ninhson-vn.com\/wp-content\/uploads\/z6473909401380_ade448a62ba44ce02aca17001a9cceca.jpg","width":611,"height":647},{"@type":"BreadcrumbList","@id":"https:\/\/ninhson-vn.com\/?product=may-gia-nhiet-khuon-bang-dau-hang-orste-omt#breadcrumb","itemListElement":[{"@type":"ListItem","position":1,"name":"Trang ch\u1ee7","item":"https:\/\/ninhson-vn.com\/"},{"@type":"ListItem","position":2,"name":"C\u1eeda h\u00e0ng","item":"https:\/\/ninhson-vn.com\/?page_id=12"},{"@type":"ListItem","position":3,"name":"Thi\u1ebft b\u1ecb \u0111o l\u1ef1c k\u1eb9p khu\u00f4n Sensormate"}]},{"@type":"WebSite","@id":"https:\/\/ninhson-vn.com\/#website","url":"https:\/\/ninhson-vn.com\/","name":"C\u00d4NG TY TNHH TH\u01af\u01a0NG M\u1ea0I D\u1ecaCH V\u1ee4 V\u00c0 S\u1ea2N PH\u1ea8M NINH S\u01a0N","description":"","potentialAction":[{"@type":"SearchAction","target":{"@type":"EntryPoint","urlTemplate":"https:\/\/ninhson-vn.com\/?s={search_term_string}"},"query-input":{"@type":"PropertyValueSpecification","valueRequired":true,"valueName":"search_term_string"}}],"inLanguage":"vi"}]}},"_links":{"self":[{"href":"https:\/\/ninhson-vn.com\/index.php?rest_route=\/wp\/v2\/product\/79","targetHints":{"allow":["GET"]}}],"collection":[{"href":"https:\/\/ninhson-vn.com\/index.php?rest_route=\/wp\/v2\/product"}],"about":[{"href":"https:\/\/ninhson-vn.com\/index.php?rest_route=\/wp\/v2\/types\/product"}],"replies":[{"embeddable":true,"href":"https:\/\/ninhson-vn.com\/index.php?rest_route=%2Fwp%2Fv2%2Fcomments&post=79"}],"wp:featuredmedia":[{"embeddable":true,"href":"https:\/\/ninhson-vn.com\/index.php?rest_route=\/wp\/v2\/media\/376"}],"wp:attachment":[{"href":"https:\/\/ninhson-vn.com\/index.php?rest_route=%2Fwp%2Fv2%2Fmedia&parent=79"}],"wp:term":[{"taxonomy":"product_brand","embeddable":true,"href":"https:\/\/ninhson-vn.com\/index.php?rest_route=%2Fwp%2Fv2%2Fproduct_brand&post=79"},{"taxonomy":"product_cat","embeddable":true,"href":"https:\/\/ninhson-vn.com\/index.php?rest_route=%2Fwp%2Fv2%2Fproduct_cat&post=79"},{"taxonomy":"product_tag","embeddable":true,"href":"https:\/\/ninhson-vn.com\/index.php?rest_route=%2Fwp%2Fv2%2Fproduct_tag&post=79"}],"curies":[{"name":"wp","href":"https:\/\/api.w.org\/{rel}","templated":true}]}}